{"id":99,"date":"2021-01-28T21:49:00","date_gmt":"2021-01-28T21:49:00","guid":{"rendered":"https:\/\/merk.hu\/?page_id=99"},"modified":"2025-03-10T11:55:49","modified_gmt":"2025-03-10T10:55:49","slug":"gazdasagi-helyzet","status":"publish","type":"page","link":"https:\/\/merk.hu\/en\/gazdasagi-helyzet\/","title":{"rendered":"Infrastructure development"},"content":{"rendered":"<div data-elementor-type=\"wp-page\" data-elementor-id=\"99\" class=\"elementor elementor-99\" data-elementor-post-type=\"page\">\n\t\t\t\t<div class=\"elementor-element elementor-element-328ddd09 e-flex e-con-boxed e-con e-parent\" data-id=\"328ddd09\" data-element_type=\"container\" data-e-type=\"container\">\n\t\t\t\t\t<div class=\"e-con-inner\">\n\t\t\t\t<div class=\"elementor-element elementor-element-7cf1d9 elementor-widget elementor-widget-text-editor\" data-id=\"7cf1d9\" data-element_type=\"widget\" data-e-type=\"widget\" data-widget_type=\"text-editor.default\">\n\t\t\t\t<div class=\"elementor-widget-container\">\n\t\t\t\t\t\t\t\t\t<p style=\"text-align: center;\"><strong>Infrastructure development:<\/strong><\/p><p>Electricity network 100%, drinking water network 89%, sewage network 100%, piped gas network 100%, piped telephone network 100%, cable TV 100%, paved road network within the municipality 85%.<\/p><p style=\"text-align: center;\"><img decoding=\"async\" class=\"alignnone size-full wp-image-102 lazyload\" data-src=\"https:\/\/merk.hu\/wp-content\/uploads\/2021\/01\/hunyadi-2-utca-small.jpg\" alt=\"\" width=\"250\" height=\"188\" data-srcset=\"https:\/\/merk.hu\/wp-content\/uploads\/2021\/01\/hunyadi-2-utca-small.jpg 250w, https:\/\/merk.hu\/wp-content\/uploads\/2021\/01\/hunyadi-2-utca-small-80x60.jpg 80w\" data-sizes=\"(max-width: 250px) 100vw, 250px\" src=\"data:image\/svg+xml;base64,PHN2ZyB3aWR0aD0iMSIgaGVpZ2h0PSIxIiB4bWxucz0iaHR0cDovL3d3dy53My5vcmcvMjAwMC9zdmciPjwvc3ZnPg==\" style=\"--smush-placeholder-width: 250px; --smush-placeholder-aspect-ratio: 250\/188;\" \/> <img decoding=\"async\" class=\"alignnone size-medium wp-image-103 lazyload\" data-src=\"https:\/\/merk.hu\/wp-content\/uploads\/2021\/01\/hunyadi-utca-small.jpg\" alt=\"\" width=\"250\" height=\"188\" data-srcset=\"https:\/\/merk.hu\/wp-content\/uploads\/2021\/01\/hunyadi-utca-small.jpg 250w, https:\/\/merk.hu\/wp-content\/uploads\/2021\/01\/hunyadi-utca-small-80x60.jpg 80w\" data-sizes=\"(max-width: 250px) 100vw, 250px\" src=\"data:image\/svg+xml;base64,PHN2ZyB3aWR0aD0iMSIgaGVpZ2h0PSIxIiB4bWxucz0iaHR0cDovL3d3dy53My5vcmcvMjAwMC9zdmciPjwvc3ZnPg==\" style=\"--smush-placeholder-width: 250px; --smush-placeholder-aspect-ratio: 250\/188;\" \/> <img decoding=\"async\" class=\"alignnone size-medium wp-image-104 lazyload\" data-src=\"https:\/\/merk.hu\/wp-content\/uploads\/2021\/01\/svab-utca-1-small.jpg\" alt=\"\" width=\"250\" height=\"188\" data-srcset=\"https:\/\/merk.hu\/wp-content\/uploads\/2021\/01\/svab-utca-1-small.jpg 250w, https:\/\/merk.hu\/wp-content\/uploads\/2021\/01\/svab-utca-1-small-80x60.jpg 80w\" data-sizes=\"(max-width: 250px) 100vw, 250px\" src=\"data:image\/svg+xml;base64,PHN2ZyB3aWR0aD0iMSIgaGVpZ2h0PSIxIiB4bWxucz0iaHR0cDovL3d3dy53My5vcmcvMjAwMC9zdmciPjwvc3ZnPg==\" style=\"--smush-placeholder-width: 250px; --smush-placeholder-aspect-ratio: 250\/188;\" \/> <img decoding=\"async\" class=\"alignnone size-medium wp-image-105 lazyload\" data-src=\"https:\/\/merk.hu\/wp-content\/uploads\/2021\/01\/svab-utca-2-small.jpg\" alt=\"\" width=\"250\" height=\"188\" data-srcset=\"https:\/\/merk.hu\/wp-content\/uploads\/2021\/01\/svab-utca-2-small.jpg 250w, https:\/\/merk.hu\/wp-content\/uploads\/2021\/01\/svab-utca-2-small-80x60.jpg 80w\" data-sizes=\"(max-width: 250px) 100vw, 250px\" src=\"data:image\/svg+xml;base64,PHN2ZyB3aWR0aD0iMSIgaGVpZ2h0PSIxIiB4bWxucz0iaHR0cDovL3d3dy53My5vcmcvMjAwMC9zdmciPjwvc3ZnPg==\" style=\"--smush-placeholder-width: 250px; --smush-placeholder-aspect-ratio: 250\/188;\" \/><\/p><p style=\"text-align: center;\"><strong>Downloadable documents:<\/strong><\/p><p style=\"text-align: center;\"><a href=\"https:\/\/merk.hu\/wp-content\/uploads\/2021\/01\/merk_utcak.xlsx\">Streets, parcel numbers and suburban data of M\u00e9rk Nagyk\u00f6zs\u00e9g<\/a><\/p><p style=\"text-align: center;\"><a href=\"https:\/\/merk.hu\/wp-content\/uploads\/2021\/01\/merk_kulteruleti_csatornak.xlsx\">Outlying canals owned by the Municipality of M\u00e9rk Nagyk\u00f6zs\u00e9g<\/a><\/p>\t\t\t\t\t\t\t\t<\/div>\n\t\t\t\t<\/div>\n\t\t\t\t\t<\/div>\n\t\t\t\t<\/div>\n\t\t\t\t<\/div>","protected":false},"excerpt":{"rendered":"<p>Infrastructure: electricity network 100%, drinking water network 89%, sewerage network 100%, fixed gas network 100%, fixed telephone network 100%, cable TV 100%, paved road network within the municipality 85%.Downloadable documents: streets, parcel numbers and suburban data of M\u00e9rk Nagyk\u00f6zs\u00e9g Municipality's suburban sewers<\/p>","protected":false},"author":4,"featured_media":0,"parent":0,"menu_order":0,"comment_status":"closed","ping_status":"closed","template":"","meta":{"footnotes":""},"class_list":["post-99","page","type-page","status-publish","hentry"],"yoast_head":"<!-- This site is optimized with the Yoast SEO plugin v27.3 - https:\/\/yoast.com\/product\/yoast-seo-wordpress\/ -->\n<title>Infrastruktur\u00e1lis ki\u00e9p\u00edtetts\u00e9g - M\u00e9rk Nagyk\u00f6zs\u00e9g \u00d6nkorm\u00e1nyzat<\/title>\n<meta name=\"robots\" content=\"index, follow, max-snippet:-1, max-image-preview:large, max-video-preview:-1\" \/>\n<link rel=\"canonical\" href=\"https:\/\/merk.hu\/en\/gazdasagi-helyzet\/\" \/>\n<meta property=\"og:locale\" content=\"en_US\" \/>\n<meta property=\"og:type\" content=\"article\" \/>\n<meta property=\"og:title\" content=\"Infrastruktur\u00e1lis ki\u00e9p\u00edtetts\u00e9g - M\u00e9rk Nagyk\u00f6zs\u00e9g \u00d6nkorm\u00e1nyzat\" \/>\n<meta property=\"og:description\" content=\"Infrastruktur\u00e1lis ki\u00e9p\u00edtetts\u00e9g: Elektromos h\u00e1l\u00f3zat 100%, iv\u00f3v\u00edzh\u00e1l\u00f3zat 89%, szennyv\u00edz h\u00e1l\u00f3zat 100%, vezet\u00e9kes g\u00e1zh\u00e1l\u00f3zat 100%, vezet\u00e9kes telefonh\u00e1l\u00f3zat 100%, k\u00e1beltv 100%, a telep\u00fcl\u00e9sen bel\u00fcl a burkolt \u00fath\u00e1l\u00f3zat 85%. Let\u00f6lthet\u0151 dokumentumok: M\u00e9rk Nagyk\u00f6zs\u00e9g utc\u00e1i, helyrajzi sz\u00e1mai \u00e9s k\u00fclter\u00fcleti adatai M\u00e9rk Nagyk\u00f6zs\u00e9g \u00d6nkorm\u00e1nyzat tulajdon\u00e1t k\u00e9pez\u0151 k\u00fclter\u00fcleti csatorn\u00e1k\" \/>\n<meta property=\"og:url\" content=\"https:\/\/merk.hu\/en\/gazdasagi-helyzet\/\" \/>\n<meta property=\"og:site_name\" content=\"M\u00e9rk Nagyk\u00f6zs\u00e9g \u00d6nkorm\u00e1nyzat\" \/>\n<meta property=\"article:modified_time\" content=\"2025-03-10T10:55:49+00:00\" \/>\n<meta property=\"og:image\" content=\"https:\/\/merk.hu\/wp-content\/uploads\/2021\/01\/hunyadi-2-utca-small.jpg\" \/>\n<meta name=\"twitter:card\" content=\"summary_large_image\" \/>\n<meta name=\"twitter:label1\" content=\"Est. reading time\" \/>\n\t<meta name=\"twitter:data1\" content=\"2 minutes\" \/>\n<script type=\"application\/ld+json\" class=\"yoast-schema-graph\">{\"@context\":\"https:\\\/\\\/schema.org\",\"@graph\":[{\"@type\":\"WebPage\",\"@id\":\"https:\\\/\\\/merk.hu\\\/gazdasagi-helyzet\\\/\",\"url\":\"https:\\\/\\\/merk.hu\\\/gazdasagi-helyzet\\\/\",\"name\":\"Infrastruktur\u00e1lis ki\u00e9p\u00edtetts\u00e9g - M\u00e9rk Nagyk\u00f6zs\u00e9g \u00d6nkorm\u00e1nyzat\",\"isPartOf\":{\"@id\":\"https:\\\/\\\/merk.hu\\\/#website\"},\"primaryImageOfPage\":{\"@id\":\"https:\\\/\\\/merk.hu\\\/gazdasagi-helyzet\\\/#primaryimage\"},\"image\":{\"@id\":\"https:\\\/\\\/merk.hu\\\/gazdasagi-helyzet\\\/#primaryimage\"},\"thumbnailUrl\":\"https:\\\/\\\/merk.hu\\\/wp-content\\\/uploads\\\/2021\\\/01\\\/hunyadi-2-utca-small.jpg\",\"datePublished\":\"2021-01-28T21:49:00+00:00\",\"dateModified\":\"2025-03-10T10:55:49+00:00\",\"breadcrumb\":{\"@id\":\"https:\\\/\\\/merk.hu\\\/gazdasagi-helyzet\\\/#breadcrumb\"},\"inLanguage\":\"en-US\",\"potentialAction\":[{\"@type\":\"ReadAction\",\"target\":[\"https:\\\/\\\/merk.hu\\\/gazdasagi-helyzet\\\/\"]}]},{\"@type\":\"ImageObject\",\"inLanguage\":\"en-US\",\"@id\":\"https:\\\/\\\/merk.hu\\\/gazdasagi-helyzet\\\/#primaryimage\",\"url\":\"https:\\\/\\\/merk.hu\\\/wp-content\\\/uploads\\\/2021\\\/01\\\/hunyadi-2-utca-small.jpg\",\"contentUrl\":\"https:\\\/\\\/merk.hu\\\/wp-content\\\/uploads\\\/2021\\\/01\\\/hunyadi-2-utca-small.jpg\"},{\"@type\":\"BreadcrumbList\",\"@id\":\"https:\\\/\\\/merk.hu\\\/gazdasagi-helyzet\\\/#breadcrumb\",\"itemListElement\":[{\"@type\":\"ListItem\",\"position\":1,\"name\":\"Kezd\u0151lap\",\"item\":\"https:\\\/\\\/merk.hu\\\/\"},{\"@type\":\"ListItem\",\"position\":2,\"name\":\"Infrastruktur\u00e1lis ki\u00e9p\u00edtetts\u00e9g\"}]},{\"@type\":\"WebSite\",\"@id\":\"https:\\\/\\\/merk.hu\\\/#website\",\"url\":\"https:\\\/\\\/merk.hu\\\/\",\"name\":\"M\u00e9rk Nagyk\u00f6zs\u00e9g \u00d6nkorm\u00e1nyzat\",\"description\":\"M\u00e9rk Nagyk\u00f6zs\u00e9g \u00d6nkorm\u00e1nyzat\",\"publisher\":{\"@id\":\"https:\\\/\\\/merk.hu\\\/#organization\"},\"potentialAction\":[{\"@type\":\"SearchAction\",\"target\":{\"@type\":\"EntryPoint\",\"urlTemplate\":\"https:\\\/\\\/merk.hu\\\/?s={search_term_string}\"},\"query-input\":{\"@type\":\"PropertyValueSpecification\",\"valueRequired\":true,\"valueName\":\"search_term_string\"}}],\"inLanguage\":\"en-US\"},{\"@type\":\"Organization\",\"@id\":\"https:\\\/\\\/merk.hu\\\/#organization\",\"name\":\"M\u00e9rk Nagyk\u00f6zs\u00e9g \u00d6nkorm\u00e1nyzat\",\"url\":\"https:\\\/\\\/merk.hu\\\/\",\"logo\":{\"@type\":\"ImageObject\",\"inLanguage\":\"en-US\",\"@id\":\"https:\\\/\\\/merk.hu\\\/#\\\/schema\\\/logo\\\/image\\\/\",\"url\":\"https:\\\/\\\/merk.hu\\\/wp-content\\\/uploads\\\/2021\\\/02\\\/cimer.jpg\",\"contentUrl\":\"https:\\\/\\\/merk.hu\\\/wp-content\\\/uploads\\\/2021\\\/02\\\/cimer.jpg\",\"width\":200,\"height\":208,\"caption\":\"M\u00e9rk Nagyk\u00f6zs\u00e9g \u00d6nkorm\u00e1nyzat\"},\"image\":{\"@id\":\"https:\\\/\\\/merk.hu\\\/#\\\/schema\\\/logo\\\/image\\\/\"}}]}<\/script>\n<!-- \/ Yoast SEO plugin. -->","yoast_head_json":{"title":"Infrastruktur\u00e1lis ki\u00e9p\u00edtetts\u00e9g - M\u00e9rk Nagyk\u00f6zs\u00e9g \u00d6nkorm\u00e1nyzat","robots":{"index":"index","follow":"follow","max-snippet":"max-snippet:-1","max-image-preview":"max-image-preview:large","max-video-preview":"max-video-preview:-1"},"canonical":"https:\/\/merk.hu\/en\/gazdasagi-helyzet\/","og_locale":"en_US","og_type":"article","og_title":"Infrastruktur\u00e1lis ki\u00e9p\u00edtetts\u00e9g - M\u00e9rk Nagyk\u00f6zs\u00e9g \u00d6nkorm\u00e1nyzat","og_description":"Infrastruktur\u00e1lis ki\u00e9p\u00edtetts\u00e9g: Elektromos h\u00e1l\u00f3zat 100%, iv\u00f3v\u00edzh\u00e1l\u00f3zat 89%, szennyv\u00edz h\u00e1l\u00f3zat 100%, vezet\u00e9kes g\u00e1zh\u00e1l\u00f3zat 100%, vezet\u00e9kes telefonh\u00e1l\u00f3zat 100%, k\u00e1beltv 100%, a telep\u00fcl\u00e9sen bel\u00fcl a burkolt \u00fath\u00e1l\u00f3zat 85%. Let\u00f6lthet\u0151 dokumentumok: M\u00e9rk Nagyk\u00f6zs\u00e9g utc\u00e1i, helyrajzi sz\u00e1mai \u00e9s k\u00fclter\u00fcleti adatai M\u00e9rk Nagyk\u00f6zs\u00e9g \u00d6nkorm\u00e1nyzat tulajdon\u00e1t k\u00e9pez\u0151 k\u00fclter\u00fcleti csatorn\u00e1k","og_url":"https:\/\/merk.hu\/en\/gazdasagi-helyzet\/","og_site_name":"M\u00e9rk Nagyk\u00f6zs\u00e9g \u00d6nkorm\u00e1nyzat","article_modified_time":"2025-03-10T10:55:49+00:00","og_image":[{"url":"https:\/\/merk.hu\/wp-content\/uploads\/2021\/01\/hunyadi-2-utca-small.jpg","type":"","width":"","height":""}],"twitter_card":"summary_large_image","twitter_misc":{"Est. reading time":"2 minutes"},"schema":{"@context":"https:\/\/schema.org","@graph":[{"@type":"WebPage","@id":"https:\/\/merk.hu\/gazdasagi-helyzet\/","url":"https:\/\/merk.hu\/gazdasagi-helyzet\/","name":"Infrastruktur\u00e1lis ki\u00e9p\u00edtetts\u00e9g - M\u00e9rk Nagyk\u00f6zs\u00e9g \u00d6nkorm\u00e1nyzat","isPartOf":{"@id":"https:\/\/merk.hu\/#website"},"primaryImageOfPage":{"@id":"https:\/\/merk.hu\/gazdasagi-helyzet\/#primaryimage"},"image":{"@id":"https:\/\/merk.hu\/gazdasagi-helyzet\/#primaryimage"},"thumbnailUrl":"https:\/\/merk.hu\/wp-content\/uploads\/2021\/01\/hunyadi-2-utca-small.jpg","datePublished":"2021-01-28T21:49:00+00:00","dateModified":"2025-03-10T10:55:49+00:00","breadcrumb":{"@id":"https:\/\/merk.hu\/gazdasagi-helyzet\/#breadcrumb"},"inLanguage":"en-US","potentialAction":[{"@type":"ReadAction","target":["https:\/\/merk.hu\/gazdasagi-helyzet\/"]}]},{"@type":"ImageObject","inLanguage":"en-US","@id":"https:\/\/merk.hu\/gazdasagi-helyzet\/#primaryimage","url":"https:\/\/merk.hu\/wp-content\/uploads\/2021\/01\/hunyadi-2-utca-small.jpg","contentUrl":"https:\/\/merk.hu\/wp-content\/uploads\/2021\/01\/hunyadi-2-utca-small.jpg"},{"@type":"BreadcrumbList","@id":"https:\/\/merk.hu\/gazdasagi-helyzet\/#breadcrumb","itemListElement":[{"@type":"ListItem","position":1,"name":"Kezd\u0151lap","item":"https:\/\/merk.hu\/"},{"@type":"ListItem","position":2,"name":"Infrastruktur\u00e1lis ki\u00e9p\u00edtetts\u00e9g"}]},{"@type":"WebSite","@id":"https:\/\/merk.hu\/#website","url":"https:\/\/merk.hu\/","name":"Municipality of M\u00e9rk Nagyk\u00f6zs\u00e9g","description":"Municipality of M\u00e9rk Nagyk\u00f6zs\u00e9g","publisher":{"@id":"https:\/\/merk.hu\/#organization"},"potentialAction":[{"@type":"SearchAction","target":{"@type":"EntryPoint","urlTemplate":"https:\/\/merk.hu\/?s={search_term_string}"},"query-input":{"@type":"PropertyValueSpecification","valueRequired":true,"valueName":"search_term_string"}}],"inLanguage":"en-US"},{"@type":"Organization","@id":"https:\/\/merk.hu\/#organization","name":"Municipality of M\u00e9rk Nagyk\u00f6zs\u00e9g","url":"https:\/\/merk.hu\/","logo":{"@type":"ImageObject","inLanguage":"en-US","@id":"https:\/\/merk.hu\/#\/schema\/logo\/image\/","url":"https:\/\/merk.hu\/wp-content\/uploads\/2021\/02\/cimer.jpg","contentUrl":"https:\/\/merk.hu\/wp-content\/uploads\/2021\/02\/cimer.jpg","width":200,"height":208,"caption":"M\u00e9rk Nagyk\u00f6zs\u00e9g \u00d6nkorm\u00e1nyzat"},"image":{"@id":"https:\/\/merk.hu\/#\/schema\/logo\/image\/"}}]}},"_links":{"self":[{"href":"https:\/\/merk.hu\/en\/wp-json\/wp\/v2\/pages\/99","targetHints":{"allow":["GET"]}}],"collection":[{"href":"https:\/\/merk.hu\/en\/wp-json\/wp\/v2\/pages"}],"about":[{"href":"https:\/\/merk.hu\/en\/wp-json\/wp\/v2\/types\/page"}],"author":[{"embeddable":true,"href":"https:\/\/merk.hu\/en\/wp-json\/wp\/v2\/users\/4"}],"replies":[{"embeddable":true,"href":"https:\/\/merk.hu\/en\/wp-json\/wp\/v2\/comments?post=99"}],"version-history":[{"count":0,"href":"https:\/\/merk.hu\/en\/wp-json\/wp\/v2\/pages\/99\/revisions"}],"wp:attachment":[{"href":"https:\/\/merk.hu\/en\/wp-json\/wp\/v2\/media?parent=99"}],"curies":[{"name":"wp","href":"https:\/\/api.w.org\/{rel}","templated":true}]}}