{"id":77,"date":"2021-01-28T21:43:08","date_gmt":"2021-01-28T21:43:08","guid":{"rendered":"https:\/\/merk.hu\/?page_id=77"},"modified":"2025-03-10T13:06:34","modified_gmt":"2025-03-10T12:06:34","slug":"civil-szervezetek","status":"publish","type":"page","link":"https:\/\/merk.hu\/en\/civil-szervezetek\/","title":{"rendered":"NGOs"},"content":{"rendered":"\t\t<div data-elementor-type=\"wp-page\" data-elementor-id=\"77\" class=\"elementor elementor-77\" data-elementor-post-type=\"page\">\n\t\t\t\t<div class=\"elementor-element elementor-element-493bd5bc e-flex e-con-boxed e-con e-parent\" data-id=\"493bd5bc\" data-element_type=\"container\" data-e-type=\"container\">\n\t\t\t\t\t<div class=\"e-con-inner\">\n\t\t\t\t<div class=\"elementor-element elementor-element-508c2e51 elementor-widget elementor-widget-text-editor\" data-id=\"508c2e51\" data-element_type=\"widget\" data-e-type=\"widget\" data-widget_type=\"text-editor.default\">\n\t\t\t\t<div class=\"elementor-widget-container\">\n\t\t\t\t\t\t\t\t\t<table class=\"it\"><tbody><tr><td colspan=\"2\"><strong>M\u00e9rk Kinizsi SE<\/strong><\/td><\/tr><tr><td width=\"180\">C\u00edm:<\/td><td>4352 M\u00e9rk, Hunyadi utca 44.<\/td><\/tr><tr><td>Eln\u00f6k:<\/td><td>Sz\u0171cs S\u00e1ndor<\/td><\/tr><tr><td>Edz\u0151:<\/td><td>Sz\u0171cs S\u00e1ndor<\/td><\/tr><\/tbody><\/table><p><a title=\"\" href=\"http:\/\/merk.hu\/statpages\/images\/kinizsi-2.jpg\" rel=\"lightbox[kinizsi]\"><img decoding=\"async\" class=\"imagedropshadow stamp-right alignright lazyload\" data-src=\"http:\/\/merk.hu\/statpages\/images\/kinizsi-2-small.jpg\" src=\"data:image\/svg+xml;base64,PHN2ZyB3aWR0aD0iMSIgaGVpZ2h0PSIxIiB4bWxucz0iaHR0cDovL3d3dy53My5vcmcvMjAwMC9zdmciPjwvc3ZnPg==\" \/><\/a><\/p><p>A M\u00e9rk Kinizsi Sportegyes\u00fclet 2004 m\u00e1rcius\u00e1ban alakult meg. Az egyes\u00fcleten bel\u00fcl m\u0171k\u00f6dik az Er\u0151emel\u0151 Szakoszt\u00e1ly.<\/p><p>M\u00e9rk k\u00f6zs\u00e9gben az er\u0151emel\u00e9s 1985-ben kezd\u0151d\u00f6tt. K\u00e9t fiatalember, Aradi Ferenc \u00e9s Sz\u0171cs S\u00e1ndor a sportp\u00e1lya \u00f6lt\u00f6z\u0151j\u00e9nek egy f\u0171tetlen helyis\u00e9g\u00e9ben kezdte el a s\u00falyok emelget\u00e9s\u00e9t. El\u0151sz\u00f6r furcs\u00e1n n\u00e9zt\u00e9k \u0151ket az emberek, hisz m\u00ednusz fokokban nem sok ember edz, f\u0151leg nem atl\u00e9t\u00e1ban, de lassan megszokt\u00e1k, mert l\u00e9tsz\u00e1muk n\u0151tt. 1988-ban a k\u00f6zs\u00e9g vezet\u00e9se \u00fagy d\u00f6nt\u00f6tt, hogy a kult\u00farh\u00e1z egyik term\u00e9t \u00e1talak\u00edtj\u00e1k edz\u0151teremm\u00e9. A teremben az addig haszn\u00e1lt eszk\u00f6z\u00f6k egy sarokban elf\u00e9rtek. Beindult az emberi fant\u00e1zia, \u00e9s elk\u00e9sz\u00fcltek a k\u00fcl\u00f6nb\u00f6z\u0151 kondicion\u00e1l\u00f3 g\u00e9pek, melyeknek nincs p\u00e1rja az orsz\u00e1gban. \u00c9rdekess\u00e9g az a l\u00e1bizom-fejleszt\u0151, melynek ellens\u00falya h\u00e1rom csatornafed\u00e9l. Az eszk\u00f6z\u00f6k folyamatosan b\u0151v\u00fcltek, napjainkra a felszerel\u00e9s kiel\u00e9g\u00edt\u0151. Az edz\u0151terem l\u00e1togatotts\u00e1ga folyamatosan n\u0151tt, kev\u00e9s fi\u00fa van a k\u00f6zs\u00e9gben aki nem pr\u00f3b\u00e1lta ki a s\u00falyz\u00f3kat. Kialakult egy csapat mely szerette volna \u00f6sszem\u00e9rni erej\u00e9t m\u00e1sokkal. Szerencs\u00e9re elterjedtek a falu- \u00e9s v\u00e1rosnapok, ahol az er\u0151s emberek versenye l\u00e1tv\u00e1nyos m\u0171sorsz\u00e1mk\u00e9nt szerepelt. Az itt el\u00e9rt sikerek hat\u00e1s\u00e1ra 2002-ben a csapat benevezett a Magyar Er\u0151emel\u0151 Sz\u00f6vets\u00e9g \u00e1ltal szervezett versenyekre. A hossz\u00fa, kitart\u00f3 munka meghozta az eredm\u00e9nyeket.<\/p><p>A M\u00e9rk Kinizsi SE csapata az orsz\u00e1gos ranglist\u00e1n \u00e9vek \u00f3ta folyamatosan haladt el\u0151re. 2011. \u00e9vben az er\u0151emel\u0151 csapat I. helyez\u00e9st \u00e9rt el.<\/p><p>Az Er\u0151emel\u0151 csapatbajnoks\u00e1gban 1. helyezett csapat tagjai: Orosi Tam\u00e1s, Orosi J\u00f3zsef, L\u00e1szl\u00f3 M\u00e1rk, B\u00f3di Andr\u00e1s, B\u00f3di Attila, R\u00e1cz D\u00e1vid, B\u00f6sz\u00f6rm\u00e9nyi Gerg\u0151, ifj. Sz\u0171cs S\u00e1ndor, Haga Tibor, G\u00f6r\u00f6g L\u00e1szl\u00f3, Sz\u0171cs S\u00e1ndor, Aradi Ferenc.<\/p><p>Sz\u0171cs S\u00e1ndort az er\u0151emel\u0151 edz\u0151k k\u00f6z\u00f6tt a II. legjobb edz\u0151nek v\u00e1lasztott\u00e1k.<\/p><p>A 2012 \u00e9vi versenysorozat\u00e1ban tavasszal 3 verseny ker\u00fclt lebonyol\u00edt\u00e1sra.<\/p><p>M\u00e1rcius 31-\u00e9n Tab v\u00e1rosa rendezte a RAW Er\u0151emel\u0151 Magyar Bajnoks\u00e1got.<\/p><p>A RAW versenyeken seg\u00e9deszk\u00f6z\u00f6ket (csukl\u00f3szor\u00edt\u00f3, \u00f6v, fekvenyom\u00f3 ruha) nem lehet haszn\u00e1lni. A RAW versenyek n\u00e9pszer\u0171s\u00e9ge n\u00f6vekszik, hisz itt nem domin\u00e1l a szerel\u00e9sek min\u0151s\u00e9ge. Nagyobb klubokn\u00e1l 4-5verseny ut\u00e1n \u00faj fekvenyom\u00f3 ruh\u00e1kat vesznek. N\u00e1lunk forr\u00f3 v\u00edzben \u00e1ztatjuk,igy \u00f6sszeh\u00faz\u00f3dik a ruha, s haszn\u00e1lhatjuk \u00fajra. A versenyt csapatunk nyerte, a gy\u0151ztes csapat tagjai: Orosi J\u00f3zsef, B\u00f3di Attila R\u00e1cz D\u00e1vid, L\u00e1szl\u00f3 M\u00e1rk,B\u00f3di Andr\u00e1s, ifj Sz\u0171cs S\u00e1ndor.<\/p><p>\u00c1prilis14-15-\u00e9n Orosh\u00e1z\u00e1n ker\u00fclt megrendez\u00e9sre az Er\u0151emel\u0151 Magyar Bajnoks\u00e1g, ahol csapatunk III helyez\u00e9st \u00e9rt el.<\/p><p>A csapat tagjai k\u00f6z\u00fcl ki kell emelni Orosi J\u00f3zsef teljes\u00edtm\u00e9ny\u00e9t, aki orsz\u00e1gos cs\u00faccsal nyerte a versenyt. \u00dcnnep\u00e9lyes keretek k\u00f6z\u00f6tt itt kaptuk meg a 2011-\u00e9vi teljes\u00edtm\u00e9nyek\u00e9rt a d\u00edjakat. Itt \u00edrt\u00e1k al\u00e1 a szerz\u0151d\u00e9st, mely szerint Orosh\u00e1za a 2014. \u00e9vben Ifjus\u00e1gi Fekvenyom\u00f3 Vb_t rendez. A d\u00edszvend\u00e9g Erdei Zsolt\/Mad\u00e1r\/ volt.<\/p><p>\u00c1prilis 28-29-\u00e9n J\u00e1noshalm\u00e1n rendezt\u00e9k az Ifj\u00fas\u00e1gi, Junior, Masters Magyar Bajnoks\u00e1got.<\/p><p><img decoding=\"async\" class=\"alignnone size-full wp-image-82 lazyload\" data-src=\"https:\/\/merk.hu\/wp-content\/uploads\/2021\/01\/kinizsi-1-small.jpg\" alt=\"\" width=\"150\" height=\"113\" data-srcset=\"https:\/\/merk.hu\/wp-content\/uploads\/2021\/01\/kinizsi-1-small.jpg 150w, https:\/\/merk.hu\/wp-content\/uploads\/2021\/01\/kinizsi-1-small-80x60.jpg 80w\" data-sizes=\"(max-width: 150px) 100vw, 150px\" src=\"data:image\/svg+xml;base64,PHN2ZyB3aWR0aD0iMSIgaGVpZ2h0PSIxIiB4bWxucz0iaHR0cDovL3d3dy53My5vcmcvMjAwMC9zdmciPjwvc3ZnPg==\" style=\"--smush-placeholder-width: 150px; --smush-placeholder-aspect-ratio: 150\/113;\" \/> <img decoding=\"async\" class=\"alignnone size-medium wp-image-83 lazyload\" data-src=\"https:\/\/merk.hu\/wp-content\/uploads\/2021\/01\/kinizsi-4-small.jpg\" alt=\"\" width=\"150\" height=\"113\" data-srcset=\"https:\/\/merk.hu\/wp-content\/uploads\/2021\/01\/kinizsi-4-small.jpg 150w, https:\/\/merk.hu\/wp-content\/uploads\/2021\/01\/kinizsi-4-small-80x60.jpg 80w\" data-sizes=\"(max-width: 150px) 100vw, 150px\" src=\"data:image\/svg+xml;base64,PHN2ZyB3aWR0aD0iMSIgaGVpZ2h0PSIxIiB4bWxucz0iaHR0cDovL3d3dy53My5vcmcvMjAwMC9zdmciPjwvc3ZnPg==\" style=\"--smush-placeholder-width: 150px; --smush-placeholder-aspect-ratio: 150\/113;\" \/> <img decoding=\"async\" class=\"alignnone size-medium wp-image-84 lazyload\" data-src=\"https:\/\/merk.hu\/wp-content\/uploads\/2021\/01\/kinizsi-5-small.jpg\" alt=\"\" width=\"150\" height=\"113\" data-srcset=\"https:\/\/merk.hu\/wp-content\/uploads\/2021\/01\/kinizsi-5-small.jpg 150w, https:\/\/merk.hu\/wp-content\/uploads\/2021\/01\/kinizsi-5-small-80x60.jpg 80w\" data-sizes=\"(max-width: 150px) 100vw, 150px\" src=\"data:image\/svg+xml;base64,PHN2ZyB3aWR0aD0iMSIgaGVpZ2h0PSIxIiB4bWxucz0iaHR0cDovL3d3dy53My5vcmcvMjAwMC9zdmciPjwvc3ZnPg==\" style=\"--smush-placeholder-width: 150px; --smush-placeholder-aspect-ratio: 150\/113;\" \/> <img decoding=\"async\" class=\"alignnone size-medium wp-image-85 lazyload\" data-src=\"https:\/\/merk.hu\/wp-content\/uploads\/2021\/01\/kinizsi-6-small.jpg\" alt=\"\" width=\"150\" height=\"113\" data-srcset=\"https:\/\/merk.hu\/wp-content\/uploads\/2021\/01\/kinizsi-6-small.jpg 150w, https:\/\/merk.hu\/wp-content\/uploads\/2021\/01\/kinizsi-6-small-80x60.jpg 80w\" data-sizes=\"(max-width: 150px) 100vw, 150px\" src=\"data:image\/svg+xml;base64,PHN2ZyB3aWR0aD0iMSIgaGVpZ2h0PSIxIiB4bWxucz0iaHR0cDovL3d3dy53My5vcmcvMjAwMC9zdmciPjwvc3ZnPg==\" style=\"--smush-placeholder-width: 150px; --smush-placeholder-aspect-ratio: 150\/113;\" \/><\/p><p><img decoding=\"async\" class=\"alignnone size-medium wp-image-86 lazyload\" data-src=\"https:\/\/merk.hu\/wp-content\/uploads\/2021\/01\/kinizsi-7-small.jpg\" alt=\"\" width=\"150\" height=\"113\" data-srcset=\"https:\/\/merk.hu\/wp-content\/uploads\/2021\/01\/kinizsi-7-small.jpg 150w, https:\/\/merk.hu\/wp-content\/uploads\/2021\/01\/kinizsi-7-small-80x60.jpg 80w\" data-sizes=\"(max-width: 150px) 100vw, 150px\" src=\"data:image\/svg+xml;base64,PHN2ZyB3aWR0aD0iMSIgaGVpZ2h0PSIxIiB4bWxucz0iaHR0cDovL3d3dy53My5vcmcvMjAwMC9zdmciPjwvc3ZnPg==\" style=\"--smush-placeholder-width: 150px; --smush-placeholder-aspect-ratio: 150\/113;\" \/> <img decoding=\"async\" class=\"alignnone size-medium wp-image-87 lazyload\" data-src=\"https:\/\/merk.hu\/wp-content\/uploads\/2021\/01\/kinizsi-8-small.jpg\" alt=\"\" width=\"150\" height=\"113\" data-srcset=\"https:\/\/merk.hu\/wp-content\/uploads\/2021\/01\/kinizsi-8-small.jpg 150w, https:\/\/merk.hu\/wp-content\/uploads\/2021\/01\/kinizsi-8-small-80x60.jpg 80w\" data-sizes=\"(max-width: 150px) 100vw, 150px\" src=\"data:image\/svg+xml;base64,PHN2ZyB3aWR0aD0iMSIgaGVpZ2h0PSIxIiB4bWxucz0iaHR0cDovL3d3dy53My5vcmcvMjAwMC9zdmciPjwvc3ZnPg==\" style=\"--smush-placeholder-width: 150px; --smush-placeholder-aspect-ratio: 150\/113;\" \/> <img decoding=\"async\" class=\"alignnone size-medium wp-image-88 lazyload\" data-src=\"https:\/\/merk.hu\/wp-content\/uploads\/2021\/01\/kinizsi-9-small.jpg\" alt=\"\" width=\"150\" height=\"113\" data-srcset=\"https:\/\/merk.hu\/wp-content\/uploads\/2021\/01\/kinizsi-9-small.jpg 150w, https:\/\/merk.hu\/wp-content\/uploads\/2021\/01\/kinizsi-9-small-80x60.jpg 80w\" data-sizes=\"(max-width: 150px) 100vw, 150px\" src=\"data:image\/svg+xml;base64,PHN2ZyB3aWR0aD0iMSIgaGVpZ2h0PSIxIiB4bWxucz0iaHR0cDovL3d3dy53My5vcmcvMjAwMC9zdmciPjwvc3ZnPg==\" style=\"--smush-placeholder-width: 150px; --smush-placeholder-aspect-ratio: 150\/113;\" \/> <img decoding=\"async\" class=\"alignnone size-medium wp-image-89 lazyload\" data-src=\"https:\/\/merk.hu\/wp-content\/uploads\/2021\/01\/kinizsi-10-small.jpg\" alt=\"\" width=\"150\" height=\"113\" data-srcset=\"https:\/\/merk.hu\/wp-content\/uploads\/2021\/01\/kinizsi-10-small.jpg 150w, https:\/\/merk.hu\/wp-content\/uploads\/2021\/01\/kinizsi-10-small-80x60.jpg 80w\" data-sizes=\"(max-width: 150px) 100vw, 150px\" src=\"data:image\/svg+xml;base64,PHN2ZyB3aWR0aD0iMSIgaGVpZ2h0PSIxIiB4bWxucz0iaHR0cDovL3d3dy53My5vcmcvMjAwMC9zdmciPjwvc3ZnPg==\" style=\"--smush-placeholder-width: 150px; --smush-placeholder-aspect-ratio: 150\/113;\" \/><\/p><p>Ezen a versenyen 11 f\u0151vel indultunk. Ifjus\u00e1gi csapatunk I. helyezett lett, Junior csapat II. helyezet Masters csapatunk III helyez\u00e9st \u00e9rt el. Ki kell emelni a Masters csapatot ahol a legid\u0151sebb versenyz\u0151nk 62 \u00e9ves \/nem l\u00e1tszik rajta\/ \u0150k p\u00e9ld\u00e1t mutatnak a fiataloknak a k\u00fczdeni tud\u00e1sb\u00f3l. A csapat tagjai G\u00f6r\u00f6g L\u00e1szl\u00f3, Oszl\u00e1nszki S\u00e1ndor, Haga Tibor, Sz\u0171cs S\u00e1ndor, Aradi Ferenc, Gesztm\u00e1jer L\u00e1szl\u00f3.<\/p><p>A tavaszi szezon ut\u00e1n folytat\u00f3dik a felk\u00e9sz\u00fcl\u00e9s az \u0151szi szezonra. A konditermben folytat\u00f3dik a mindennapi munka, egyre t\u00f6bben l\u00e1togatj\u00e1k az edz\u0151termet.<\/p><p><iframe title=\"M\u00e9rk_Kinizsi_2011.wmv\" width=\"800\" height=\"600\" data-src=\"https:\/\/www.youtube.com\/embed\/v7cQiq24Qdo?feature=oembed\" frameborder=\"0\" allow=\"accelerometer; autoplay; clipboard-write; encrypted-media; gyroscope; picture-in-picture; web-share\" referrerpolicy=\"strict-origin-when-cross-origin\" allowfullscreen src=\"data:image\/svg+xml;base64,PHN2ZyB3aWR0aD0iMSIgaGVpZ2h0PSIxIiB4bWxucz0iaHR0cDovL3d3dy53My5vcmcvMjAwMC9zdmciPjwvc3ZnPg==\" class=\"lazyload\" data-load-mode=\"1\"><\/iframe><\/p><table class=\"it\"><tbody><tr><td colspan=\"2\"><strong>Egy\u00fctt M\u00e9rk\u00e9rt Egyes\u00fclet<\/strong><\/td><\/tr><tr><td width=\"180\">C\u00edm:<\/td><td>4352 M\u00e9rk, Hunyadi utca 45.<\/td><\/tr><tr><td>Eln\u00f6k:<\/td><td>Aradi Stef\u00e1nia<\/td><\/tr><\/tbody><\/table><table class=\"it\"><tbody><tr><td colspan=\"2\"><strong>Lilaak\u00e1c Nyugd\u00edjas Klub<\/strong><\/td><\/tr><tr><td width=\"180\">C\u00edm:<\/td><td>4352 M\u00e9rk, B\u00e9ke utca 1.<\/td><\/tr><tr><td>Eln\u00f6k:<\/td><td>Aradi J\u00f3zsefn\u00e9<\/td><\/tr><\/tbody><\/table><table class=\"it\"><tbody><tr><td><strong>M\u00e9rk &#8211; V\u00e1llaj Nemzetis\u00e9gi Sport Egyes\u00fclet<\/strong><\/td><td>\u00a0<\/td><\/tr><tr><td width=\"180\">C\u00edm:<\/td><td>4352 M\u00e9rk, Hunyadi utca 99.<\/td><\/tr><tr><td>Eln\u00f6k:<\/td><td>Reszler P\u00e1l<\/td><\/tr><\/tbody><\/table>\t\t\t\t\t\t\t\t<\/div>\n\t\t\t\t<\/div>\n\t\t\t\t\t<\/div>\n\t\t\t\t<\/div>\n\t\t\t\t<\/div>\n\t\t","protected":false},"excerpt":{"rendered":"<p>M\u00e9rk Kinizsi SE C\u00edm: 4352 M\u00e9rk, Hunyadi utca 44. Eln\u00f6k: Sz\u0171cs S\u00e1ndor Edz\u0151: Sz\u0171cs S\u00e1ndor A M\u00e9rk Kinizsi Sportegyes\u00fclet 2004 m\u00e1rcius\u00e1ban alakult meg. Az egyes\u00fcleten bel\u00fcl m\u0171k\u00f6dik az Er\u0151emel\u0151 Szakoszt\u00e1ly. M\u00e9rk k\u00f6zs\u00e9gben az er\u0151emel\u00e9s 1985-ben kezd\u0151d\u00f6tt. K\u00e9t fiatalember, Aradi Ferenc \u00e9s Sz\u0171cs S\u00e1ndor a sportp\u00e1lya \u00f6lt\u00f6z\u0151j\u00e9nek egy f\u0171tetlen helyis\u00e9g\u00e9ben kezdte el a s\u00falyok emelget\u00e9s\u00e9t. El\u0151sz\u00f6r [&hellip;]<\/p>\n","protected":false},"author":4,"featured_media":0,"parent":0,"menu_order":0,"comment_status":"closed","ping_status":"closed","template":"","meta":{"footnotes":""},"class_list":["post-77","page","type-page","status-publish","hentry"],"yoast_head":"<!-- This site is optimized with the Yoast SEO plugin v27.4 - https:\/\/yoast.com\/product\/yoast-seo-wordpress\/ -->\n<title>Civil szervezetek - M\u00e9rk Nagyk\u00f6zs\u00e9g \u00d6nkorm\u00e1nyzat<\/title>\n<meta name=\"robots\" content=\"index, follow, max-snippet:-1, max-image-preview:large, max-video-preview:-1\" \/>\n<link rel=\"canonical\" href=\"https:\/\/merk.hu\/en\/civil-szervezetek\/\" \/>\n<meta property=\"og:locale\" content=\"en_US\" \/>\n<meta property=\"og:type\" content=\"article\" \/>\n<meta property=\"og:title\" content=\"Civil szervezetek - M\u00e9rk Nagyk\u00f6zs\u00e9g \u00d6nkorm\u00e1nyzat\" \/>\n<meta property=\"og:description\" content=\"M\u00e9rk Kinizsi SE C\u00edm: 4352 M\u00e9rk, Hunyadi utca 44. Eln\u00f6k: Sz\u0171cs S\u00e1ndor Edz\u0151: Sz\u0171cs S\u00e1ndor A M\u00e9rk Kinizsi Sportegyes\u00fclet 2004 m\u00e1rcius\u00e1ban alakult meg. Az egyes\u00fcleten bel\u00fcl m\u0171k\u00f6dik az Er\u0151emel\u0151 Szakoszt\u00e1ly. M\u00e9rk k\u00f6zs\u00e9gben az er\u0151emel\u00e9s 1985-ben kezd\u0151d\u00f6tt. K\u00e9t fiatalember, Aradi Ferenc \u00e9s Sz\u0171cs S\u00e1ndor a sportp\u00e1lya \u00f6lt\u00f6z\u0151j\u00e9nek egy f\u0171tetlen helyis\u00e9g\u00e9ben kezdte el a s\u00falyok emelget\u00e9s\u00e9t. El\u0151sz\u00f6r [&hellip;]\" \/>\n<meta property=\"og:url\" content=\"https:\/\/merk.hu\/en\/civil-szervezetek\/\" \/>\n<meta property=\"og:site_name\" content=\"M\u00e9rk Nagyk\u00f6zs\u00e9g \u00d6nkorm\u00e1nyzat\" \/>\n<meta property=\"article:modified_time\" content=\"2025-03-10T12:06:34+00:00\" \/>\n<meta property=\"og:image\" content=\"http:\/\/merk.hu\/statpages\/images\/kinizsi-2-small.jpg\" \/>\n<meta name=\"twitter:card\" content=\"summary_large_image\" \/>\n<meta name=\"twitter:label1\" content=\"Est. reading time\" \/>\n\t<meta name=\"twitter:data1\" content=\"5 minutes\" \/>\n<script type=\"application\/ld+json\" class=\"yoast-schema-graph\">{\"@context\":\"https:\\\/\\\/schema.org\",\"@graph\":[{\"@type\":\"WebPage\",\"@id\":\"https:\\\/\\\/merk.hu\\\/civil-szervezetek\\\/\",\"url\":\"https:\\\/\\\/merk.hu\\\/civil-szervezetek\\\/\",\"name\":\"Civil szervezetek - M\u00e9rk Nagyk\u00f6zs\u00e9g \u00d6nkorm\u00e1nyzat\",\"isPartOf\":{\"@id\":\"https:\\\/\\\/merk.hu\\\/#website\"},\"primaryImageOfPage\":{\"@id\":\"https:\\\/\\\/merk.hu\\\/civil-szervezetek\\\/#primaryimage\"},\"image\":{\"@id\":\"https:\\\/\\\/merk.hu\\\/civil-szervezetek\\\/#primaryimage\"},\"thumbnailUrl\":\"http:\\\/\\\/merk.hu\\\/statpages\\\/images\\\/kinizsi-2-small.jpg\",\"datePublished\":\"2021-01-28T21:43:08+00:00\",\"dateModified\":\"2025-03-10T12:06:34+00:00\",\"breadcrumb\":{\"@id\":\"https:\\\/\\\/merk.hu\\\/civil-szervezetek\\\/#breadcrumb\"},\"inLanguage\":\"en-US\",\"potentialAction\":[{\"@type\":\"ReadAction\",\"target\":[\"https:\\\/\\\/merk.hu\\\/civil-szervezetek\\\/\"]}]},{\"@type\":\"ImageObject\",\"inLanguage\":\"en-US\",\"@id\":\"https:\\\/\\\/merk.hu\\\/civil-szervezetek\\\/#primaryimage\",\"url\":\"http:\\\/\\\/merk.hu\\\/statpages\\\/images\\\/kinizsi-2-small.jpg\",\"contentUrl\":\"http:\\\/\\\/merk.hu\\\/statpages\\\/images\\\/kinizsi-2-small.jpg\"},{\"@type\":\"BreadcrumbList\",\"@id\":\"https:\\\/\\\/merk.hu\\\/civil-szervezetek\\\/#breadcrumb\",\"itemListElement\":[{\"@type\":\"ListItem\",\"position\":1,\"name\":\"Kezd\u0151lap\",\"item\":\"https:\\\/\\\/merk.hu\\\/\"},{\"@type\":\"ListItem\",\"position\":2,\"name\":\"Civil szervezetek\"}]},{\"@type\":\"WebSite\",\"@id\":\"https:\\\/\\\/merk.hu\\\/#website\",\"url\":\"https:\\\/\\\/merk.hu\\\/\",\"name\":\"M\u00e9rk Nagyk\u00f6zs\u00e9g \u00d6nkorm\u00e1nyzat\",\"description\":\"M\u00e9rk Nagyk\u00f6zs\u00e9g \u00d6nkorm\u00e1nyzat\",\"publisher\":{\"@id\":\"https:\\\/\\\/merk.hu\\\/#organization\"},\"potentialAction\":[{\"@type\":\"SearchAction\",\"target\":{\"@type\":\"EntryPoint\",\"urlTemplate\":\"https:\\\/\\\/merk.hu\\\/?s={search_term_string}\"},\"query-input\":{\"@type\":\"PropertyValueSpecification\",\"valueRequired\":true,\"valueName\":\"search_term_string\"}}],\"inLanguage\":\"en-US\"},{\"@type\":\"Organization\",\"@id\":\"https:\\\/\\\/merk.hu\\\/#organization\",\"name\":\"M\u00e9rk Nagyk\u00f6zs\u00e9g \u00d6nkorm\u00e1nyzat\",\"url\":\"https:\\\/\\\/merk.hu\\\/\",\"logo\":{\"@type\":\"ImageObject\",\"inLanguage\":\"en-US\",\"@id\":\"https:\\\/\\\/merk.hu\\\/#\\\/schema\\\/logo\\\/image\\\/\",\"url\":\"https:\\\/\\\/merk.hu\\\/wp-content\\\/uploads\\\/2021\\\/02\\\/cimer.jpg\",\"contentUrl\":\"https:\\\/\\\/merk.hu\\\/wp-content\\\/uploads\\\/2021\\\/02\\\/cimer.jpg\",\"width\":200,\"height\":208,\"caption\":\"M\u00e9rk Nagyk\u00f6zs\u00e9g \u00d6nkorm\u00e1nyzat\"},\"image\":{\"@id\":\"https:\\\/\\\/merk.hu\\\/#\\\/schema\\\/logo\\\/image\\\/\"}}]}<\/script>\n<!-- \/ Yoast SEO plugin. -->","yoast_head_json":{"title":"Civil szervezetek - M\u00e9rk Nagyk\u00f6zs\u00e9g \u00d6nkorm\u00e1nyzat","robots":{"index":"index","follow":"follow","max-snippet":"max-snippet:-1","max-image-preview":"max-image-preview:large","max-video-preview":"max-video-preview:-1"},"canonical":"https:\/\/merk.hu\/en\/civil-szervezetek\/","og_locale":"en_US","og_type":"article","og_title":"Civil szervezetek - M\u00e9rk Nagyk\u00f6zs\u00e9g \u00d6nkorm\u00e1nyzat","og_description":"M\u00e9rk Kinizsi SE C\u00edm: 4352 M\u00e9rk, Hunyadi utca 44. Eln\u00f6k: Sz\u0171cs S\u00e1ndor Edz\u0151: Sz\u0171cs S\u00e1ndor A M\u00e9rk Kinizsi Sportegyes\u00fclet 2004 m\u00e1rcius\u00e1ban alakult meg. Az egyes\u00fcleten bel\u00fcl m\u0171k\u00f6dik az Er\u0151emel\u0151 Szakoszt\u00e1ly. M\u00e9rk k\u00f6zs\u00e9gben az er\u0151emel\u00e9s 1985-ben kezd\u0151d\u00f6tt. K\u00e9t fiatalember, Aradi Ferenc \u00e9s Sz\u0171cs S\u00e1ndor a sportp\u00e1lya \u00f6lt\u00f6z\u0151j\u00e9nek egy f\u0171tetlen helyis\u00e9g\u00e9ben kezdte el a s\u00falyok emelget\u00e9s\u00e9t. El\u0151sz\u00f6r [&hellip;]","og_url":"https:\/\/merk.hu\/en\/civil-szervezetek\/","og_site_name":"M\u00e9rk Nagyk\u00f6zs\u00e9g \u00d6nkorm\u00e1nyzat","article_modified_time":"2025-03-10T12:06:34+00:00","og_image":[{"url":"http:\/\/merk.hu\/statpages\/images\/kinizsi-2-small.jpg","type":"","width":"","height":""}],"twitter_card":"summary_large_image","twitter_misc":{"Est. reading time":"5 minutes"},"schema":{"@context":"https:\/\/schema.org","@graph":[{"@type":"WebPage","@id":"https:\/\/merk.hu\/civil-szervezetek\/","url":"https:\/\/merk.hu\/civil-szervezetek\/","name":"Civil szervezetek - M\u00e9rk Nagyk\u00f6zs\u00e9g \u00d6nkorm\u00e1nyzat","isPartOf":{"@id":"https:\/\/merk.hu\/#website"},"primaryImageOfPage":{"@id":"https:\/\/merk.hu\/civil-szervezetek\/#primaryimage"},"image":{"@id":"https:\/\/merk.hu\/civil-szervezetek\/#primaryimage"},"thumbnailUrl":"http:\/\/merk.hu\/statpages\/images\/kinizsi-2-small.jpg","datePublished":"2021-01-28T21:43:08+00:00","dateModified":"2025-03-10T12:06:34+00:00","breadcrumb":{"@id":"https:\/\/merk.hu\/civil-szervezetek\/#breadcrumb"},"inLanguage":"en-US","potentialAction":[{"@type":"ReadAction","target":["https:\/\/merk.hu\/civil-szervezetek\/"]}]},{"@type":"ImageObject","inLanguage":"en-US","@id":"https:\/\/merk.hu\/civil-szervezetek\/#primaryimage","url":"http:\/\/merk.hu\/statpages\/images\/kinizsi-2-small.jpg","contentUrl":"http:\/\/merk.hu\/statpages\/images\/kinizsi-2-small.jpg"},{"@type":"BreadcrumbList","@id":"https:\/\/merk.hu\/civil-szervezetek\/#breadcrumb","itemListElement":[{"@type":"ListItem","position":1,"name":"Kezd\u0151lap","item":"https:\/\/merk.hu\/"},{"@type":"ListItem","position":2,"name":"Civil szervezetek"}]},{"@type":"WebSite","@id":"https:\/\/merk.hu\/#website","url":"https:\/\/merk.hu\/","name":"Municipality of M\u00e9rk Nagyk\u00f6zs\u00e9g","description":"Municipality of M\u00e9rk Nagyk\u00f6zs\u00e9g","publisher":{"@id":"https:\/\/merk.hu\/#organization"},"potentialAction":[{"@type":"SearchAction","target":{"@type":"EntryPoint","urlTemplate":"https:\/\/merk.hu\/?s={search_term_string}"},"query-input":{"@type":"PropertyValueSpecification","valueRequired":true,"valueName":"search_term_string"}}],"inLanguage":"en-US"},{"@type":"Organization","@id":"https:\/\/merk.hu\/#organization","name":"Municipality of M\u00e9rk Nagyk\u00f6zs\u00e9g","url":"https:\/\/merk.hu\/","logo":{"@type":"ImageObject","inLanguage":"en-US","@id":"https:\/\/merk.hu\/#\/schema\/logo\/image\/","url":"https:\/\/merk.hu\/wp-content\/uploads\/2021\/02\/cimer.jpg","contentUrl":"https:\/\/merk.hu\/wp-content\/uploads\/2021\/02\/cimer.jpg","width":200,"height":208,"caption":"M\u00e9rk Nagyk\u00f6zs\u00e9g \u00d6nkorm\u00e1nyzat"},"image":{"@id":"https:\/\/merk.hu\/#\/schema\/logo\/image\/"}}]}},"_links":{"self":[{"href":"https:\/\/merk.hu\/en\/wp-json\/wp\/v2\/pages\/77","targetHints":{"allow":["GET"]}}],"collection":[{"href":"https:\/\/merk.hu\/en\/wp-json\/wp\/v2\/pages"}],"about":[{"href":"https:\/\/merk.hu\/en\/wp-json\/wp\/v2\/types\/page"}],"author":[{"embeddable":true,"href":"https:\/\/merk.hu\/en\/wp-json\/wp\/v2\/users\/4"}],"replies":[{"embeddable":true,"href":"https:\/\/merk.hu\/en\/wp-json\/wp\/v2\/comments?post=77"}],"version-history":[{"count":0,"href":"https:\/\/merk.hu\/en\/wp-json\/wp\/v2\/pages\/77\/revisions"}],"wp:attachment":[{"href":"https:\/\/merk.hu\/en\/wp-json\/wp\/v2\/media?parent=77"}],"curies":[{"name":"wp","href":"https:\/\/api.w.org\/{rel}","templated":true}]}}