{"id":64,"date":"2021-01-28T21:22:51","date_gmt":"2021-01-28T21:22:51","guid":{"rendered":"https:\/\/merk.hu\/?page_id=64"},"modified":"2025-03-10T13:31:33","modified_gmt":"2025-03-10T12:31:33","slug":"kozintezmenyek","status":"publish","type":"page","link":"https:\/\/merk.hu\/en\/kozintezmenyek\/","title":{"rendered":"Public institutions"},"content":{"rendered":"<div data-elementor-type=\"wp-page\" data-elementor-id=\"64\" class=\"elementor elementor-64\" data-elementor-post-type=\"page\">\n\t\t\t\t<div class=\"elementor-element elementor-element-293b3511 e-flex e-con-boxed e-con e-parent\" data-id=\"293b3511\" data-element_type=\"container\" data-e-type=\"container\">\n\t\t\t\t\t<div class=\"e-con-inner\">\n\t\t\t\t<div class=\"elementor-element elementor-element-208abb3f elementor-widget elementor-widget-text-editor\" data-id=\"208abb3f\" data-element_type=\"widget\" data-e-type=\"widget\" data-widget_type=\"text-editor.default\">\n\t\t\t\t<div class=\"elementor-widget-container\">\n\t\t\t\t\t\t\t\t\t<table class=\"it\"><tbody><tr><td colspan=\"2\"><strong>M\u00e9rk-V\u00e1llaj German Nationality Primary School<\/strong><\/td><\/tr><tr><td width=\"150\">Title:<\/td><td>4352 M\u00e9rk, B\u00e9ke u. 19.<\/td><\/tr><tr><td>Telephone:<\/td><td>+3644 554-044<\/td><\/tr><tr><td>E-mail:<\/td><td>merkiskola@gmail.com<\/td><\/tr><tr><td>Web:<\/td><td><a href=\"https:\/\/altisk-merk.edu.hu\/\">https:\/\/altisk-merk.edu.hu\/<\/a><\/td><\/tr><tr><td>Director:<\/td><td>Mrs Andrea P\u00e1sztor Reszler<\/td><\/tr><tr><td>Description:<\/td><td><p>The school system was church-centred, with separate Greek Catholic, Roman Catholic and Reformed schools.<\/p><p>First written record: in 1779, it mentions a Swabian and a Hungarian school. The teachers from the early days: F\u00fcl\u00f6p (surname unknown), Antal Baumgartner, J\u00f3zsef Mantz, G\u00e1sp\u00e1r Mantz, J\u00f3zsef Boday, G\u00e1sp\u00e1r Mantz again, Fl\u00f3ri\u00e1n Banhoffer, Istv\u00e1n J\u00e9kli, Miksa Igl\u00f3dy (called Bukovinian because he came from there), Mikl\u00f3s Kuntz (1863).<\/p><p>Today, the school offers intensive German language teaching in a language laboratory.<\/p><p>Number of students enrolled: between 95-105.<\/p><p>Number of classrooms: 10 classrooms + 4 specialised classrooms + gym.<\/p><\/td><\/tr><\/tbody><\/table><p style=\"text-align: center;\"><img decoding=\"async\" class=\"alignnone size-full wp-image-65 lazyload\" data-src=\"https:\/\/merk.hu\/wp-content\/uploads\/2021\/01\/iskola.jpg\" alt=\"\" width=\"250\" height=\"157\" data-srcset=\"https:\/\/merk.hu\/wp-content\/uploads\/2021\/01\/iskola.jpg 250w, https:\/\/merk.hu\/wp-content\/uploads\/2021\/01\/iskola-96x60.jpg 96w\" data-sizes=\"(max-width: 250px) 100vw, 250px\" src=\"data:image\/svg+xml;base64,PHN2ZyB3aWR0aD0iMSIgaGVpZ2h0PSIxIiB4bWxucz0iaHR0cDovL3d3dy53My5vcmcvMjAwMC9zdmciPjwvc3ZnPg==\" style=\"--smush-placeholder-width: 250px; --smush-placeholder-aspect-ratio: 250\/157;\" \/><\/p><table class=\"it\"><tbody><tr><td colspan=\"2\"><strong>Harmony Integrated Social Institution Szabolcs-Szatm\u00e1r-Bereg County<\/strong><\/td><\/tr><tr><td width=\"120\">Title:<\/td><td>4352 M\u00e9rk, Hunyadi utca 183.<\/td><\/tr><tr><td>Telephone:<\/td><td>+3644 554-030<\/td><\/tr><tr><td>Head of institution:<\/td><td>Brigitta Laczko-D\u00e1vid<\/td><\/tr><tr><td>Our activities:<\/td><td>Caring for the elderly and the needy. The home can accommodate 220 people, with the possibility of boarding. The home is run by the Szabolcs-Szatm\u00e1r-Bereg County Municipality.<\/td><\/tr><\/tbody><\/table><p style=\"text-align: center;\"><img decoding=\"async\" class=\"alignnone size-full wp-image-68 lazyload\" data-src=\"https:\/\/merk.hu\/wp-content\/uploads\/2021\/01\/apolasiotthon.jpg\" alt=\"\" width=\"250\" height=\"165\" data-srcset=\"https:\/\/merk.hu\/wp-content\/uploads\/2021\/01\/apolasiotthon.jpg 250w, https:\/\/merk.hu\/wp-content\/uploads\/2021\/01\/apolasiotthon-91x60.jpg 91w\" data-sizes=\"(max-width: 250px) 100vw, 250px\" src=\"data:image\/svg+xml;base64,PHN2ZyB3aWR0aD0iMSIgaGVpZ2h0PSIxIiB4bWxucz0iaHR0cDovL3d3dy53My5vcmcvMjAwMC9zdmciPjwvc3ZnPg==\" style=\"--smush-placeholder-width: 250px; --smush-placeholder-aspect-ratio: 250\/165;\" \/> <img decoding=\"async\" class=\"alignnone size-medium wp-image-69 lazyload\" data-src=\"https:\/\/merk.hu\/wp-content\/uploads\/2021\/01\/kitagolasikp.jpg\" alt=\"\" width=\"250\" height=\"165\" data-srcset=\"https:\/\/merk.hu\/wp-content\/uploads\/2021\/01\/kitagolasikp.jpg 250w, https:\/\/merk.hu\/wp-content\/uploads\/2021\/01\/kitagolasikp-91x60.jpg 91w\" data-sizes=\"(max-width: 250px) 100vw, 250px\" src=\"data:image\/svg+xml;base64,PHN2ZyB3aWR0aD0iMSIgaGVpZ2h0PSIxIiB4bWxucz0iaHR0cDovL3d3dy53My5vcmcvMjAwMC9zdmciPjwvc3ZnPg==\" style=\"--smush-placeholder-width: 250px; --smush-placeholder-aspect-ratio: 250\/165;\" \/><\/p>\t\t\t\t\t\t\t\t<\/div>\n\t\t\t\t<\/div>\n\t\t\t\t\t<\/div>\n\t\t\t\t<\/div>\n\t\t\t\t<\/div>","protected":false},"excerpt":{"rendered":"<p>M\u00e9rk-V\u00e1llaj N\u00e9met Nemzetis\u00e9gi \u00c1ltal\u00e1nos Iskola C\u00edm: 4352 M\u00e9rk, B\u00e9ke u. 19. Telefon: +3644 554-044 E-mail: merkiskola@gmail.com Web: https:\/\/altisk-merk.edu.hu\/ Igazgat\u00f3: Reszlern\u00e9 P\u00e1sztor Andrea Le\u00edr\u00e1s: Az iskolarendszer egyh\u00e1zcentrikus volt, k\u00fcl\u00f6n g\u00f6r\u00f6g katolikus, r\u00f3mai katolikus \u00e9s reform\u00e1tus iskola m\u0171k\u00f6d\u00f6tt. Els\u00f5 \u00edr\u00e1sos adat: 1779-ben egy sv\u00e1b \u00e9s egy magyar iskol\u00e1t eml\u00edt. A tan\u00edt\u00f3k a kezdeti id\u0151kt\u0151l: F\u00fcl\u00f6p (csal\u00e1di nev\u00e9t [&hellip;]<\/p>\n","protected":false},"author":4,"featured_media":0,"parent":0,"menu_order":0,"comment_status":"closed","ping_status":"closed","template":"","meta":{"footnotes":""},"class_list":["post-64","page","type-page","status-publish","hentry"],"yoast_head":"<!-- This site is optimized with the Yoast SEO plugin v27.4 - https:\/\/yoast.com\/product\/yoast-seo-wordpress\/ -->\n<title>K\u00f6zint\u00e9zm\u00e9nyek - M\u00e9rk Nagyk\u00f6zs\u00e9g \u00d6nkorm\u00e1nyzat<\/title>\n<meta name=\"robots\" content=\"index, follow, max-snippet:-1, max-image-preview:large, max-video-preview:-1\" \/>\n<link rel=\"canonical\" href=\"https:\/\/merk.hu\/en\/kozintezmenyek\/\" \/>\n<meta property=\"og:locale\" content=\"en_US\" \/>\n<meta property=\"og:type\" content=\"article\" \/>\n<meta property=\"og:title\" content=\"K\u00f6zint\u00e9zm\u00e9nyek - M\u00e9rk Nagyk\u00f6zs\u00e9g \u00d6nkorm\u00e1nyzat\" \/>\n<meta property=\"og:description\" content=\"M\u00e9rk-V\u00e1llaj N\u00e9met Nemzetis\u00e9gi \u00c1ltal\u00e1nos Iskola C\u00edm: 4352 M\u00e9rk, B\u00e9ke u. 19. Telefon: +3644 554-044 E-mail: merkiskola@gmail.com Web: https:\/\/altisk-merk.edu.hu\/ Igazgat\u00f3: Reszlern\u00e9 P\u00e1sztor Andrea Le\u00edr\u00e1s: Az iskolarendszer egyh\u00e1zcentrikus volt, k\u00fcl\u00f6n g\u00f6r\u00f6g katolikus, r\u00f3mai katolikus \u00e9s reform\u00e1tus iskola m\u0171k\u00f6d\u00f6tt. Els\u00f5 \u00edr\u00e1sos adat: 1779-ben egy sv\u00e1b \u00e9s egy magyar iskol\u00e1t eml\u00edt. A tan\u00edt\u00f3k a kezdeti id\u0151kt\u0151l: F\u00fcl\u00f6p (csal\u00e1di nev\u00e9t [&hellip;]\" \/>\n<meta property=\"og:url\" content=\"https:\/\/merk.hu\/en\/kozintezmenyek\/\" \/>\n<meta property=\"og:site_name\" content=\"M\u00e9rk Nagyk\u00f6zs\u00e9g \u00d6nkorm\u00e1nyzat\" \/>\n<meta property=\"article:modified_time\" content=\"2025-03-10T12:31:33+00:00\" \/>\n<meta property=\"og:image\" content=\"https:\/\/merk.hu\/wp-content\/uploads\/2021\/01\/iskola.jpg\" \/>\n\t<meta property=\"og:image:width\" content=\"250\" \/>\n\t<meta property=\"og:image:height\" content=\"157\" \/>\n\t<meta property=\"og:image:type\" content=\"image\/jpeg\" \/>\n<meta name=\"twitter:card\" content=\"summary_large_image\" \/>\n<meta name=\"twitter:label1\" content=\"Est. reading time\" \/>\n\t<meta name=\"twitter:data1\" content=\"2 minutes\" \/>\n<script type=\"application\/ld+json\" class=\"yoast-schema-graph\">{\"@context\":\"https:\\\/\\\/schema.org\",\"@graph\":[{\"@type\":\"WebPage\",\"@id\":\"https:\\\/\\\/merk.hu\\\/kozintezmenyek\\\/\",\"url\":\"https:\\\/\\\/merk.hu\\\/kozintezmenyek\\\/\",\"name\":\"K\u00f6zint\u00e9zm\u00e9nyek - M\u00e9rk Nagyk\u00f6zs\u00e9g \u00d6nkorm\u00e1nyzat\",\"isPartOf\":{\"@id\":\"https:\\\/\\\/merk.hu\\\/#website\"},\"primaryImageOfPage\":{\"@id\":\"https:\\\/\\\/merk.hu\\\/kozintezmenyek\\\/#primaryimage\"},\"image\":{\"@id\":\"https:\\\/\\\/merk.hu\\\/kozintezmenyek\\\/#primaryimage\"},\"thumbnailUrl\":\"https:\\\/\\\/merk.hu\\\/wp-content\\\/uploads\\\/2021\\\/01\\\/iskola.jpg\",\"datePublished\":\"2021-01-28T21:22:51+00:00\",\"dateModified\":\"2025-03-10T12:31:33+00:00\",\"breadcrumb\":{\"@id\":\"https:\\\/\\\/merk.hu\\\/kozintezmenyek\\\/#breadcrumb\"},\"inLanguage\":\"en-US\",\"potentialAction\":[{\"@type\":\"ReadAction\",\"target\":[\"https:\\\/\\\/merk.hu\\\/kozintezmenyek\\\/\"]}]},{\"@type\":\"ImageObject\",\"inLanguage\":\"en-US\",\"@id\":\"https:\\\/\\\/merk.hu\\\/kozintezmenyek\\\/#primaryimage\",\"url\":\"https:\\\/\\\/merk.hu\\\/wp-content\\\/uploads\\\/2021\\\/01\\\/iskola.jpg\",\"contentUrl\":\"https:\\\/\\\/merk.hu\\\/wp-content\\\/uploads\\\/2021\\\/01\\\/iskola.jpg\"},{\"@type\":\"BreadcrumbList\",\"@id\":\"https:\\\/\\\/merk.hu\\\/kozintezmenyek\\\/#breadcrumb\",\"itemListElement\":[{\"@type\":\"ListItem\",\"position\":1,\"name\":\"Kezd\u0151lap\",\"item\":\"https:\\\/\\\/merk.hu\\\/\"},{\"@type\":\"ListItem\",\"position\":2,\"name\":\"K\u00f6zint\u00e9zm\u00e9nyek\"}]},{\"@type\":\"WebSite\",\"@id\":\"https:\\\/\\\/merk.hu\\\/#website\",\"url\":\"https:\\\/\\\/merk.hu\\\/\",\"name\":\"M\u00e9rk Nagyk\u00f6zs\u00e9g \u00d6nkorm\u00e1nyzat\",\"description\":\"M\u00e9rk Nagyk\u00f6zs\u00e9g \u00d6nkorm\u00e1nyzat\",\"publisher\":{\"@id\":\"https:\\\/\\\/merk.hu\\\/#organization\"},\"potentialAction\":[{\"@type\":\"SearchAction\",\"target\":{\"@type\":\"EntryPoint\",\"urlTemplate\":\"https:\\\/\\\/merk.hu\\\/?s={search_term_string}\"},\"query-input\":{\"@type\":\"PropertyValueSpecification\",\"valueRequired\":true,\"valueName\":\"search_term_string\"}}],\"inLanguage\":\"en-US\"},{\"@type\":\"Organization\",\"@id\":\"https:\\\/\\\/merk.hu\\\/#organization\",\"name\":\"M\u00e9rk Nagyk\u00f6zs\u00e9g \u00d6nkorm\u00e1nyzat\",\"url\":\"https:\\\/\\\/merk.hu\\\/\",\"logo\":{\"@type\":\"ImageObject\",\"inLanguage\":\"en-US\",\"@id\":\"https:\\\/\\\/merk.hu\\\/#\\\/schema\\\/logo\\\/image\\\/\",\"url\":\"https:\\\/\\\/merk.hu\\\/wp-content\\\/uploads\\\/2021\\\/02\\\/cimer.jpg\",\"contentUrl\":\"https:\\\/\\\/merk.hu\\\/wp-content\\\/uploads\\\/2021\\\/02\\\/cimer.jpg\",\"width\":200,\"height\":208,\"caption\":\"M\u00e9rk Nagyk\u00f6zs\u00e9g \u00d6nkorm\u00e1nyzat\"},\"image\":{\"@id\":\"https:\\\/\\\/merk.hu\\\/#\\\/schema\\\/logo\\\/image\\\/\"}}]}<\/script>\n<!-- \/ Yoast SEO plugin. -->","yoast_head_json":{"title":"K\u00f6zint\u00e9zm\u00e9nyek - M\u00e9rk Nagyk\u00f6zs\u00e9g \u00d6nkorm\u00e1nyzat","robots":{"index":"index","follow":"follow","max-snippet":"max-snippet:-1","max-image-preview":"max-image-preview:large","max-video-preview":"max-video-preview:-1"},"canonical":"https:\/\/merk.hu\/en\/kozintezmenyek\/","og_locale":"en_US","og_type":"article","og_title":"K\u00f6zint\u00e9zm\u00e9nyek - M\u00e9rk Nagyk\u00f6zs\u00e9g \u00d6nkorm\u00e1nyzat","og_description":"M\u00e9rk-V\u00e1llaj N\u00e9met Nemzetis\u00e9gi \u00c1ltal\u00e1nos Iskola C\u00edm: 4352 M\u00e9rk, B\u00e9ke u. 19. Telefon: +3644 554-044 E-mail: merkiskola@gmail.com Web: https:\/\/altisk-merk.edu.hu\/ Igazgat\u00f3: Reszlern\u00e9 P\u00e1sztor Andrea Le\u00edr\u00e1s: Az iskolarendszer egyh\u00e1zcentrikus volt, k\u00fcl\u00f6n g\u00f6r\u00f6g katolikus, r\u00f3mai katolikus \u00e9s reform\u00e1tus iskola m\u0171k\u00f6d\u00f6tt. Els\u00f5 \u00edr\u00e1sos adat: 1779-ben egy sv\u00e1b \u00e9s egy magyar iskol\u00e1t eml\u00edt. A tan\u00edt\u00f3k a kezdeti id\u0151kt\u0151l: F\u00fcl\u00f6p (csal\u00e1di nev\u00e9t [&hellip;]","og_url":"https:\/\/merk.hu\/en\/kozintezmenyek\/","og_site_name":"M\u00e9rk Nagyk\u00f6zs\u00e9g \u00d6nkorm\u00e1nyzat","article_modified_time":"2025-03-10T12:31:33+00:00","og_image":[{"width":250,"height":157,"url":"https:\/\/merk.hu\/wp-content\/uploads\/2021\/01\/iskola.jpg","type":"image\/jpeg"}],"twitter_card":"summary_large_image","twitter_misc":{"Est. reading time":"2 minutes"},"schema":{"@context":"https:\/\/schema.org","@graph":[{"@type":"WebPage","@id":"https:\/\/merk.hu\/kozintezmenyek\/","url":"https:\/\/merk.hu\/kozintezmenyek\/","name":"K\u00f6zint\u00e9zm\u00e9nyek - M\u00e9rk Nagyk\u00f6zs\u00e9g \u00d6nkorm\u00e1nyzat","isPartOf":{"@id":"https:\/\/merk.hu\/#website"},"primaryImageOfPage":{"@id":"https:\/\/merk.hu\/kozintezmenyek\/#primaryimage"},"image":{"@id":"https:\/\/merk.hu\/kozintezmenyek\/#primaryimage"},"thumbnailUrl":"https:\/\/merk.hu\/wp-content\/uploads\/2021\/01\/iskola.jpg","datePublished":"2021-01-28T21:22:51+00:00","dateModified":"2025-03-10T12:31:33+00:00","breadcrumb":{"@id":"https:\/\/merk.hu\/kozintezmenyek\/#breadcrumb"},"inLanguage":"en-US","potentialAction":[{"@type":"ReadAction","target":["https:\/\/merk.hu\/kozintezmenyek\/"]}]},{"@type":"ImageObject","inLanguage":"en-US","@id":"https:\/\/merk.hu\/kozintezmenyek\/#primaryimage","url":"https:\/\/merk.hu\/wp-content\/uploads\/2021\/01\/iskola.jpg","contentUrl":"https:\/\/merk.hu\/wp-content\/uploads\/2021\/01\/iskola.jpg"},{"@type":"BreadcrumbList","@id":"https:\/\/merk.hu\/kozintezmenyek\/#breadcrumb","itemListElement":[{"@type":"ListItem","position":1,"name":"Kezd\u0151lap","item":"https:\/\/merk.hu\/"},{"@type":"ListItem","position":2,"name":"K\u00f6zint\u00e9zm\u00e9nyek"}]},{"@type":"WebSite","@id":"https:\/\/merk.hu\/#website","url":"https:\/\/merk.hu\/","name":"Municipality of M\u00e9rk Nagyk\u00f6zs\u00e9g","description":"Municipality of M\u00e9rk Nagyk\u00f6zs\u00e9g","publisher":{"@id":"https:\/\/merk.hu\/#organization"},"potentialAction":[{"@type":"SearchAction","target":{"@type":"EntryPoint","urlTemplate":"https:\/\/merk.hu\/?s={search_term_string}"},"query-input":{"@type":"PropertyValueSpecification","valueRequired":true,"valueName":"search_term_string"}}],"inLanguage":"en-US"},{"@type":"Organization","@id":"https:\/\/merk.hu\/#organization","name":"Municipality of M\u00e9rk Nagyk\u00f6zs\u00e9g","url":"https:\/\/merk.hu\/","logo":{"@type":"ImageObject","inLanguage":"en-US","@id":"https:\/\/merk.hu\/#\/schema\/logo\/image\/","url":"https:\/\/merk.hu\/wp-content\/uploads\/2021\/02\/cimer.jpg","contentUrl":"https:\/\/merk.hu\/wp-content\/uploads\/2021\/02\/cimer.jpg","width":200,"height":208,"caption":"M\u00e9rk Nagyk\u00f6zs\u00e9g \u00d6nkorm\u00e1nyzat"},"image":{"@id":"https:\/\/merk.hu\/#\/schema\/logo\/image\/"}}]}},"_links":{"self":[{"href":"https:\/\/merk.hu\/en\/wp-json\/wp\/v2\/pages\/64","targetHints":{"allow":["GET"]}}],"collection":[{"href":"https:\/\/merk.hu\/en\/wp-json\/wp\/v2\/pages"}],"about":[{"href":"https:\/\/merk.hu\/en\/wp-json\/wp\/v2\/types\/page"}],"author":[{"embeddable":true,"href":"https:\/\/merk.hu\/en\/wp-json\/wp\/v2\/users\/4"}],"replies":[{"embeddable":true,"href":"https:\/\/merk.hu\/en\/wp-json\/wp\/v2\/comments?post=64"}],"version-history":[{"count":0,"href":"https:\/\/merk.hu\/en\/wp-json\/wp\/v2\/pages\/64\/revisions"}],"wp:attachment":[{"href":"https:\/\/merk.hu\/en\/wp-json\/wp\/v2\/media?parent=64"}],"curies":[{"name":"wp","href":"https:\/\/api.w.org\/{rel}","templated":true}]}}