{"id":60,"date":"2021-01-28T21:19:41","date_gmt":"2021-01-28T21:19:41","guid":{"rendered":"https:\/\/merk.hu\/?page_id=60"},"modified":"2025-03-10T13:26:35","modified_gmt":"2025-03-10T12:26:35","slug":"egyhazak","status":"publish","type":"page","link":"https:\/\/merk.hu\/en\/egyhazak\/","title":{"rendered":"Churches"},"content":{"rendered":"<div data-elementor-type=\"wp-page\" data-elementor-id=\"60\" class=\"elementor elementor-60\" data-elementor-post-type=\"page\">\n\t\t\t\t<div class=\"elementor-element elementor-element-30b8855a e-flex e-con-boxed e-con e-parent\" data-id=\"30b8855a\" data-element_type=\"container\" data-e-type=\"container\">\n\t\t\t\t\t<div class=\"e-con-inner\">\n\t\t\t\t<div class=\"elementor-element elementor-element-2bb6edfc elementor-widget elementor-widget-text-editor\" data-id=\"2bb6edfc\" data-element_type=\"widget\" data-e-type=\"widget\" data-widget_type=\"text-editor.default\">\n\t\t\t\t<div class=\"elementor-widget-container\">\n\t\t\t\t\t\t\t\t\t<table class=\"it\"><tbody><tr><td colspan=\"2\"><p><strong>Roman Catholic Parish<\/strong><\/p><\/td><\/tr><tr><td width=\"120\">Title:<\/td><td>4352 M\u00e9rk, Hunyadi utca 76.<\/td><\/tr><tr><td>Telephone:<\/td><td>+3644 355-238<\/td><\/tr><tr><td>Parish priest:<\/td><td>G\u00e1bor Csaba Kocsis<\/td><\/tr><tr><td>Miserend:<\/td><td>Every Sunday and feast day at 9:30 a.m.<\/td><\/tr><\/tbody><\/table><table class=\"it\"><tbody><tr><td colspan=\"2\"><p><strong>Reformed Pastoral Office<\/strong><\/p><\/td><\/tr><tr><td width=\"120\">Title:<\/td><td>4352 M\u00e9rk, Hunyadi utca 74.<\/td><\/tr><tr><td>Telephone:<\/td><td>+36204767856<\/td><\/tr><tr><td>E-mail:<\/td><td>merk@reformatus.hu<\/td><\/tr><tr><td>Pastor:<\/td><td>Istv\u00e1n Holl\u00f3si<\/td><\/tr><tr><td>Worship:<\/td><td>Every Sunday and public holiday at 10 am<\/td><\/tr><\/tbody><\/table><table class=\"it\"><tbody><tr><td colspan=\"2\"><p><strong>Parish of the Greek Catholic Church of Mirek<\/strong><\/p><\/td><\/tr><tr><td width=\"120\">Title:<\/td><td>4352 M\u00e9rk B\u00e9ke street 34.<\/td><\/tr><tr><td>Telephone:<\/td><td>+3644 345-385<\/td><\/tr><tr><td>E-mail:<\/td><td>kicsakgyorgy@gmail.com<\/td><\/tr><tr><td>Pastor:<\/td><td>Gy\u00f6rgy Kics\u00e1k<\/td><\/tr><tr><td>Holy Liturgy:<\/td><td>Every Sunday and public holiday at 7 am<\/td><\/tr><\/tbody><\/table>\t\t\t\t\t\t\t\t<\/div>\n\t\t\t\t<\/div>\n\t\t\t\t\t<\/div>\n\t\t\t\t<\/div>\n\t\t\t\t<\/div>","protected":false},"excerpt":{"rendered":"<p>R\u00f3mai Katolikus Pl\u00e9b\u00e1nia C\u00edm: 4352 M\u00e9rk, Hunyadi utca 76. Telefon: +3644 355-238 Pl\u00e9b\u00e1nos: Kocsis G\u00e1bor Csaba Miserend: Minden vas\u00e1rnap \u00e9s \u00fcnnepnap 9:30-kor \u00fcnnepi mise. Reform\u00e1tus Lelk\u00e9szi Hivatal C\u00edm: 4352 M\u00e9rk, Hunyadi utca 74. Telefon: +36204767856 E-mail: merk@reformatus.hu Lelk\u00e9sz: Holl\u00f3si Istv\u00e1n Istentisztelet: Minden vas\u00e1rnap \u00e9s \u00fcnnepnap 10 \u00f3rakor G\u00f6r\u00f6g Katolikus Egyh\u00e1zk\u00f6zs\u00e9g m\u00e9rki par\u00f3ki\u00e1ja C\u00edm: 4352 M\u00e9rk [&hellip;]<\/p>\n","protected":false},"author":4,"featured_media":0,"parent":0,"menu_order":0,"comment_status":"closed","ping_status":"closed","template":"","meta":{"footnotes":""},"class_list":["post-60","page","type-page","status-publish","hentry"],"yoast_head":"<!-- This site is optimized with the Yoast SEO plugin v27.3 - https:\/\/yoast.com\/product\/yoast-seo-wordpress\/ -->\n<title>Egyh\u00e1zak - M\u00e9rk Nagyk\u00f6zs\u00e9g \u00d6nkorm\u00e1nyzat<\/title>\n<meta name=\"robots\" content=\"index, follow, max-snippet:-1, max-image-preview:large, max-video-preview:-1\" \/>\n<link rel=\"canonical\" href=\"https:\/\/merk.hu\/en\/egyhazak\/\" \/>\n<meta property=\"og:locale\" content=\"en_US\" \/>\n<meta property=\"og:type\" content=\"article\" \/>\n<meta property=\"og:title\" content=\"Egyh\u00e1zak - M\u00e9rk Nagyk\u00f6zs\u00e9g \u00d6nkorm\u00e1nyzat\" \/>\n<meta property=\"og:description\" content=\"R\u00f3mai Katolikus Pl\u00e9b\u00e1nia C\u00edm: 4352 M\u00e9rk, Hunyadi utca 76. Telefon: +3644 355-238 Pl\u00e9b\u00e1nos: Kocsis G\u00e1bor Csaba Miserend: Minden vas\u00e1rnap \u00e9s \u00fcnnepnap 9:30-kor \u00fcnnepi mise. Reform\u00e1tus Lelk\u00e9szi Hivatal C\u00edm: 4352 M\u00e9rk, Hunyadi utca 74. Telefon: +36204767856 E-mail: merk@reformatus.hu Lelk\u00e9sz: Holl\u00f3si Istv\u00e1n Istentisztelet: Minden vas\u00e1rnap \u00e9s \u00fcnnepnap 10 \u00f3rakor G\u00f6r\u00f6g Katolikus Egyh\u00e1zk\u00f6zs\u00e9g m\u00e9rki par\u00f3ki\u00e1ja C\u00edm: 4352 M\u00e9rk [&hellip;]\" \/>\n<meta property=\"og:url\" content=\"https:\/\/merk.hu\/en\/egyhazak\/\" \/>\n<meta property=\"og:site_name\" content=\"M\u00e9rk Nagyk\u00f6zs\u00e9g \u00d6nkorm\u00e1nyzat\" \/>\n<meta property=\"article:modified_time\" content=\"2025-03-10T12:26:35+00:00\" \/>\n<meta name=\"twitter:card\" content=\"summary_large_image\" \/>\n<meta name=\"twitter:label1\" content=\"Est. reading time\" \/>\n\t<meta name=\"twitter:data1\" content=\"1 minute\" \/>\n<script type=\"application\/ld+json\" class=\"yoast-schema-graph\">{\"@context\":\"https:\\\/\\\/schema.org\",\"@graph\":[{\"@type\":\"WebPage\",\"@id\":\"https:\\\/\\\/merk.hu\\\/egyhazak\\\/\",\"url\":\"https:\\\/\\\/merk.hu\\\/egyhazak\\\/\",\"name\":\"Egyh\u00e1zak - M\u00e9rk Nagyk\u00f6zs\u00e9g \u00d6nkorm\u00e1nyzat\",\"isPartOf\":{\"@id\":\"https:\\\/\\\/merk.hu\\\/#website\"},\"datePublished\":\"2021-01-28T21:19:41+00:00\",\"dateModified\":\"2025-03-10T12:26:35+00:00\",\"breadcrumb\":{\"@id\":\"https:\\\/\\\/merk.hu\\\/egyhazak\\\/#breadcrumb\"},\"inLanguage\":\"en-US\",\"potentialAction\":[{\"@type\":\"ReadAction\",\"target\":[\"https:\\\/\\\/merk.hu\\\/egyhazak\\\/\"]}]},{\"@type\":\"BreadcrumbList\",\"@id\":\"https:\\\/\\\/merk.hu\\\/egyhazak\\\/#breadcrumb\",\"itemListElement\":[{\"@type\":\"ListItem\",\"position\":1,\"name\":\"Kezd\u0151lap\",\"item\":\"https:\\\/\\\/merk.hu\\\/\"},{\"@type\":\"ListItem\",\"position\":2,\"name\":\"Egyh\u00e1zak\"}]},{\"@type\":\"WebSite\",\"@id\":\"https:\\\/\\\/merk.hu\\\/#website\",\"url\":\"https:\\\/\\\/merk.hu\\\/\",\"name\":\"M\u00e9rk Nagyk\u00f6zs\u00e9g \u00d6nkorm\u00e1nyzat\",\"description\":\"M\u00e9rk Nagyk\u00f6zs\u00e9g \u00d6nkorm\u00e1nyzat\",\"publisher\":{\"@id\":\"https:\\\/\\\/merk.hu\\\/#organization\"},\"potentialAction\":[{\"@type\":\"SearchAction\",\"target\":{\"@type\":\"EntryPoint\",\"urlTemplate\":\"https:\\\/\\\/merk.hu\\\/?s={search_term_string}\"},\"query-input\":{\"@type\":\"PropertyValueSpecification\",\"valueRequired\":true,\"valueName\":\"search_term_string\"}}],\"inLanguage\":\"en-US\"},{\"@type\":\"Organization\",\"@id\":\"https:\\\/\\\/merk.hu\\\/#organization\",\"name\":\"M\u00e9rk Nagyk\u00f6zs\u00e9g \u00d6nkorm\u00e1nyzat\",\"url\":\"https:\\\/\\\/merk.hu\\\/\",\"logo\":{\"@type\":\"ImageObject\",\"inLanguage\":\"en-US\",\"@id\":\"https:\\\/\\\/merk.hu\\\/#\\\/schema\\\/logo\\\/image\\\/\",\"url\":\"https:\\\/\\\/merk.hu\\\/wp-content\\\/uploads\\\/2021\\\/02\\\/cimer.jpg\",\"contentUrl\":\"https:\\\/\\\/merk.hu\\\/wp-content\\\/uploads\\\/2021\\\/02\\\/cimer.jpg\",\"width\":200,\"height\":208,\"caption\":\"M\u00e9rk Nagyk\u00f6zs\u00e9g \u00d6nkorm\u00e1nyzat\"},\"image\":{\"@id\":\"https:\\\/\\\/merk.hu\\\/#\\\/schema\\\/logo\\\/image\\\/\"}}]}<\/script>\n<!-- \/ Yoast SEO plugin. -->","yoast_head_json":{"title":"Churches - M\u00e9rk Nagyk\u00f6zs\u00e9g Municipality","robots":{"index":"index","follow":"follow","max-snippet":"max-snippet:-1","max-image-preview":"max-image-preview:large","max-video-preview":"max-video-preview:-1"},"canonical":"https:\/\/merk.hu\/en\/egyhazak\/","og_locale":"en_US","og_type":"article","og_title":"Egyh\u00e1zak - M\u00e9rk Nagyk\u00f6zs\u00e9g \u00d6nkorm\u00e1nyzat","og_description":"R\u00f3mai Katolikus Pl\u00e9b\u00e1nia C\u00edm: 4352 M\u00e9rk, Hunyadi utca 76. Telefon: +3644 355-238 Pl\u00e9b\u00e1nos: Kocsis G\u00e1bor Csaba Miserend: Minden vas\u00e1rnap \u00e9s \u00fcnnepnap 9:30-kor \u00fcnnepi mise. Reform\u00e1tus Lelk\u00e9szi Hivatal C\u00edm: 4352 M\u00e9rk, Hunyadi utca 74. Telefon: +36204767856 E-mail: merk@reformatus.hu Lelk\u00e9sz: Holl\u00f3si Istv\u00e1n Istentisztelet: Minden vas\u00e1rnap \u00e9s \u00fcnnepnap 10 \u00f3rakor G\u00f6r\u00f6g Katolikus Egyh\u00e1zk\u00f6zs\u00e9g m\u00e9rki par\u00f3ki\u00e1ja C\u00edm: 4352 M\u00e9rk [&hellip;]","og_url":"https:\/\/merk.hu\/en\/egyhazak\/","og_site_name":"M\u00e9rk Nagyk\u00f6zs\u00e9g \u00d6nkorm\u00e1nyzat","article_modified_time":"2025-03-10T12:26:35+00:00","twitter_card":"summary_large_image","twitter_misc":{"Est. reading time":"1 minute"},"schema":{"@context":"https:\/\/schema.org","@graph":[{"@type":"WebPage","@id":"https:\/\/merk.hu\/egyhazak\/","url":"https:\/\/merk.hu\/egyhazak\/","name":"Churches - M\u00e9rk Nagyk\u00f6zs\u00e9g Municipality","isPartOf":{"@id":"https:\/\/merk.hu\/#website"},"datePublished":"2021-01-28T21:19:41+00:00","dateModified":"2025-03-10T12:26:35+00:00","breadcrumb":{"@id":"https:\/\/merk.hu\/egyhazak\/#breadcrumb"},"inLanguage":"en-US","potentialAction":[{"@type":"ReadAction","target":["https:\/\/merk.hu\/egyhazak\/"]}]},{"@type":"BreadcrumbList","@id":"https:\/\/merk.hu\/egyhazak\/#breadcrumb","itemListElement":[{"@type":"ListItem","position":1,"name":"Kezd\u0151lap","item":"https:\/\/merk.hu\/"},{"@type":"ListItem","position":2,"name":"Egyh\u00e1zak"}]},{"@type":"WebSite","@id":"https:\/\/merk.hu\/#website","url":"https:\/\/merk.hu\/","name":"Municipality of M\u00e9rk Nagyk\u00f6zs\u00e9g","description":"Municipality of M\u00e9rk Nagyk\u00f6zs\u00e9g","publisher":{"@id":"https:\/\/merk.hu\/#organization"},"potentialAction":[{"@type":"SearchAction","target":{"@type":"EntryPoint","urlTemplate":"https:\/\/merk.hu\/?s={search_term_string}"},"query-input":{"@type":"PropertyValueSpecification","valueRequired":true,"valueName":"search_term_string"}}],"inLanguage":"en-US"},{"@type":"Organization","@id":"https:\/\/merk.hu\/#organization","name":"Municipality of M\u00e9rk Nagyk\u00f6zs\u00e9g","url":"https:\/\/merk.hu\/","logo":{"@type":"ImageObject","inLanguage":"en-US","@id":"https:\/\/merk.hu\/#\/schema\/logo\/image\/","url":"https:\/\/merk.hu\/wp-content\/uploads\/2021\/02\/cimer.jpg","contentUrl":"https:\/\/merk.hu\/wp-content\/uploads\/2021\/02\/cimer.jpg","width":200,"height":208,"caption":"M\u00e9rk Nagyk\u00f6zs\u00e9g \u00d6nkorm\u00e1nyzat"},"image":{"@id":"https:\/\/merk.hu\/#\/schema\/logo\/image\/"}}]}},"_links":{"self":[{"href":"https:\/\/merk.hu\/en\/wp-json\/wp\/v2\/pages\/60","targetHints":{"allow":["GET"]}}],"collection":[{"href":"https:\/\/merk.hu\/en\/wp-json\/wp\/v2\/pages"}],"about":[{"href":"https:\/\/merk.hu\/en\/wp-json\/wp\/v2\/types\/page"}],"author":[{"embeddable":true,"href":"https:\/\/merk.hu\/en\/wp-json\/wp\/v2\/users\/4"}],"replies":[{"embeddable":true,"href":"https:\/\/merk.hu\/en\/wp-json\/wp\/v2\/comments?post=60"}],"version-history":[{"count":0,"href":"https:\/\/merk.hu\/en\/wp-json\/wp\/v2\/pages\/60\/revisions"}],"wp:attachment":[{"href":"https:\/\/merk.hu\/en\/wp-json\/wp\/v2\/media?parent=60"}],"curies":[{"name":"wp","href":"https:\/\/api.w.org\/{rel}","templated":true}]}}