{"id":5004,"date":"2025-10-13T10:42:53","date_gmt":"2025-10-13T09:42:53","guid":{"rendered":"https:\/\/merk.hu\/?page_id=5004"},"modified":"2025-10-31T08:59:12","modified_gmt":"2025-10-31T07:59:12","slug":"versenykepes-jarasok-program-kozbiztonsagi-program-a-mateszalkai-jarasban-ii-utem","status":"publish","type":"page","link":"https:\/\/merk.hu\/en\/versenykepes-jarasok-program-kozbiztonsagi-program-a-mateszalkai-jarasban-ii-utem\/","title":{"rendered":"\ud83d\udccc Competitive Districts Programme \u201ePublic safety programme in the district of M\u00e1t\u00e9szalka\u201d"},"content":{"rendered":"<p><img fetchpriority=\"high\" decoding=\"async\" class=\"size-medium wp-image-5005 alignright\" src=\"https:\/\/merk.hu\/wp-content\/uploads\/2025\/10\/VJP-logo-kek-700x536.png\" alt=\"\" width=\"700\" height=\"536\" srcset=\"https:\/\/merk.hu\/wp-content\/uploads\/2025\/10\/VJP-logo-kek-700x536.png 700w, https:\/\/merk.hu\/wp-content\/uploads\/2025\/10\/VJP-logo-kek-1024x784.png 1024w, https:\/\/merk.hu\/wp-content\/uploads\/2025\/10\/VJP-logo-kek-768x588.png 768w, https:\/\/merk.hu\/wp-content\/uploads\/2025\/10\/VJP-logo-kek-1536x1177.png 1536w, https:\/\/merk.hu\/wp-content\/uploads\/2025\/10\/VJP-logo-kek-16x12.png 16w, https:\/\/merk.hu\/wp-content\/uploads\/2025\/10\/VJP-logo-kek.png 2009w\" sizes=\"(max-width: 700px) 100vw, 700px\" \/><\/p>\n<p><strong>Municipality of M\u00e9rk Nagyk\u00f6zs\u00e9g<\/strong><\/p>\n<p><strong>Competitive Districts Programme<\/strong><br \/>\n<strong>Public safety programme in the district of Mat\u00e9szalka - Phase II<\/strong><\/p>\n<p><strong>Project ID: 4034867499<\/strong><br \/>\n<strong>Aid amount: HUF 8 339 280<\/strong><br \/>\n<strong>Intensity: 100%<\/strong><\/p>\n<p><strong>The \u201ePublic Safety Programme in M\u00e1t\u00e9szalkai district - Phase II\u201d is implemented Hungary<\/strong><br \/>\n<strong>8 339 280 forints granted by the Government of the Republic of Hungary under the Competitive Regions Programme<\/strong><br \/>\n<strong>with the support of.<\/strong><\/p>\n<p>Supporting the liveability and population retention of rural Hungary, towns and villages<br \/>\nbalanced development of the region, as well as regional cooperation between municipalities<br \/>\nto encourage.<br \/>\nThe aim of the development, as set out in the application for aid, is to be significant for the district of M\u00e1t\u00e9szalka,<br \/>\ndevelopment that improves the situation of several municipalities and affects as large a proportion as possible of the population of the district<br \/>\nto encourage regional and municipal cooperation, to create a dialogue between districts and municipalities<br \/>\nbetween municipalities in order to achieve their common goals as effectively as possible.<br \/>\nMain category: IV. Urban management Improving public safety<br \/>\nInstallation and development of surveillance cameras<\/p>\n<p>The improvement of the situation in all the municipalities of the district, affecting the whole population of the district, is,<br \/>\nthe deployment of an all-fibre-optic public security camera network under the programme<br \/>\nwhich, based on a system that encourages cooperation between regions and municipalities, creates the<br \/>\ndialogue between the municipalities of the district in order to achieve their common goal of improving public safety and<br \/>\nto effectively eradicate drug distribution through this system.<br \/>\nThe planned system will be implemented with technical solutions that meet the requirements of the BM and is suitable for<br \/>\nwork with the police IT system and provide additional software development opportunities for the<br \/>\nto eradicate drug distribution.<\/p>\n<p>The project is planned to be physically completed by 30.06.2027.<\/p>\n<p><a href=\"https:\/\/merk.hu\/wp-content\/uploads\/2025\/10\/Sajtokozlemeny.pdf\">Press release<\/a><\/p>","protected":false},"excerpt":{"rendered":"<p>M\u00e9rk Nagyk\u00f6zs\u00e9g \u00d6nkorm\u00e1nyzat Versenyk\u00e9pes J\u00e1r\u00e1sok Program K\u00f6zbiztons\u00e1gi program a M\u00e1t\u00e9szalkai j\u00e1r\u00e1sban &#8211; II. \u00fctem Projektazonos\u00edt\u00f3: 4034867499 T\u00e1mogat\u00e1s \u00f6sszege: 8 339\u00a0280 Ft T\u00e1mogat\u00e1s intenzit\u00e1sa: 100% A \u201eK\u00f6zbiztons\u00e1gi program a M\u00e1t\u00e9szalkai j\u00e1r\u00e1sban &#8211; II. \u00fctem\u201d megval\u00f3sul Magyarorsz\u00e1g Korm\u00e1ny\u00e1nak a Versenyk\u00e9pes J\u00e1r\u00e1sok Program keret\u00e9ben biztos\u00edtott 8 339\u00a0280 forint \u00f6sszeg\u0171 t\u00e1mogat\u00e1s\u00e1val. A vid\u00e9ki Magyarorsz\u00e1g \u00e9lhet\u0151s\u00e9g\u00e9nek \u00e9s n\u00e9pess\u00e9gmegtart\u00e1s\u00e1nak t\u00e1mogat\u00e1sa, a [&hellip;]<\/p>\n","protected":false},"author":4,"featured_media":0,"parent":0,"menu_order":0,"comment_status":"closed","ping_status":"closed","template":"","meta":{"footnotes":""},"class_list":["post-5004","page","type-page","status-publish","hentry"],"yoast_head":"<!-- This site is optimized with the Yoast SEO plugin v27.4 - https:\/\/yoast.com\/product\/yoast-seo-wordpress\/ -->\n<title>\ud83d\udccc Versenyk\u00e9pes J\u00e1r\u00e1sok Program \u201eK\u00f6zbiztons\u00e1gi program a M\u00e1t\u00e9szalkai j\u00e1r\u00e1sban\u201d - M\u00e9rk Nagyk\u00f6zs\u00e9g \u00d6nkorm\u00e1nyzat<\/title>\n<meta name=\"robots\" content=\"index, follow, max-snippet:-1, max-image-preview:large, max-video-preview:-1\" \/>\n<link rel=\"canonical\" href=\"https:\/\/merk.hu\/en\/versenykepes-jarasok-program-kozbiztonsagi-program-a-mateszalkai-jarasban-ii-utem\/\" \/>\n<meta property=\"og:locale\" content=\"en_US\" \/>\n<meta property=\"og:type\" content=\"article\" \/>\n<meta property=\"og:title\" content=\"\ud83d\udccc Versenyk\u00e9pes J\u00e1r\u00e1sok Program \u201eK\u00f6zbiztons\u00e1gi program a M\u00e1t\u00e9szalkai j\u00e1r\u00e1sban\u201d - M\u00e9rk Nagyk\u00f6zs\u00e9g \u00d6nkorm\u00e1nyzat\" \/>\n<meta property=\"og:description\" content=\"M\u00e9rk Nagyk\u00f6zs\u00e9g \u00d6nkorm\u00e1nyzat Versenyk\u00e9pes J\u00e1r\u00e1sok Program K\u00f6zbiztons\u00e1gi program a M\u00e1t\u00e9szalkai j\u00e1r\u00e1sban &#8211; II. \u00fctem Projektazonos\u00edt\u00f3: 4034867499 T\u00e1mogat\u00e1s \u00f6sszege: 8 339\u00a0280 Ft T\u00e1mogat\u00e1s intenzit\u00e1sa: 100% A \u201eK\u00f6zbiztons\u00e1gi program a M\u00e1t\u00e9szalkai j\u00e1r\u00e1sban &#8211; II. \u00fctem\u201d megval\u00f3sul Magyarorsz\u00e1g Korm\u00e1ny\u00e1nak a Versenyk\u00e9pes J\u00e1r\u00e1sok Program keret\u00e9ben biztos\u00edtott 8 339\u00a0280 forint \u00f6sszeg\u0171 t\u00e1mogat\u00e1s\u00e1val. A vid\u00e9ki Magyarorsz\u00e1g \u00e9lhet\u0151s\u00e9g\u00e9nek \u00e9s n\u00e9pess\u00e9gmegtart\u00e1s\u00e1nak t\u00e1mogat\u00e1sa, a [&hellip;]\" \/>\n<meta property=\"og:url\" content=\"https:\/\/merk.hu\/en\/versenykepes-jarasok-program-kozbiztonsagi-program-a-mateszalkai-jarasban-ii-utem\/\" \/>\n<meta property=\"og:site_name\" content=\"M\u00e9rk Nagyk\u00f6zs\u00e9g \u00d6nkorm\u00e1nyzat\" \/>\n<meta property=\"article:modified_time\" content=\"2025-10-31T07:59:12+00:00\" \/>\n<meta property=\"og:image\" content=\"https:\/\/merk.hu\/wp-content\/uploads\/2025\/10\/VJP-logo-kek.png\" \/>\n\t<meta property=\"og:image:width\" content=\"2009\" \/>\n\t<meta property=\"og:image:height\" content=\"1539\" \/>\n\t<meta property=\"og:image:type\" content=\"image\/png\" \/>\n<meta name=\"twitter:card\" content=\"summary_large_image\" \/>\n<meta name=\"twitter:label1\" content=\"Est. reading time\" \/>\n\t<meta name=\"twitter:data1\" content=\"2 minutes\" \/>\n<script type=\"application\/ld+json\" class=\"yoast-schema-graph\">{\"@context\":\"https:\\\/\\\/schema.org\",\"@graph\":[{\"@type\":\"WebPage\",\"@id\":\"https:\\\/\\\/merk.hu\\\/versenykepes-jarasok-program-kozbiztonsagi-program-a-mateszalkai-jarasban-ii-utem\\\/\",\"url\":\"https:\\\/\\\/merk.hu\\\/versenykepes-jarasok-program-kozbiztonsagi-program-a-mateszalkai-jarasban-ii-utem\\\/\",\"name\":\"\ud83d\udccc Versenyk\u00e9pes J\u00e1r\u00e1sok Program \u201eK\u00f6zbiztons\u00e1gi program a M\u00e1t\u00e9szalkai j\u00e1r\u00e1sban\u201d - M\u00e9rk Nagyk\u00f6zs\u00e9g \u00d6nkorm\u00e1nyzat\",\"isPartOf\":{\"@id\":\"https:\\\/\\\/merk.hu\\\/#website\"},\"primaryImageOfPage\":{\"@id\":\"https:\\\/\\\/merk.hu\\\/versenykepes-jarasok-program-kozbiztonsagi-program-a-mateszalkai-jarasban-ii-utem\\\/#primaryimage\"},\"image\":{\"@id\":\"https:\\\/\\\/merk.hu\\\/versenykepes-jarasok-program-kozbiztonsagi-program-a-mateszalkai-jarasban-ii-utem\\\/#primaryimage\"},\"thumbnailUrl\":\"https:\\\/\\\/merk.hu\\\/wp-content\\\/uploads\\\/2025\\\/10\\\/VJP-logo-kek-700x536.png\",\"datePublished\":\"2025-10-13T09:42:53+00:00\",\"dateModified\":\"2025-10-31T07:59:12+00:00\",\"breadcrumb\":{\"@id\":\"https:\\\/\\\/merk.hu\\\/versenykepes-jarasok-program-kozbiztonsagi-program-a-mateszalkai-jarasban-ii-utem\\\/#breadcrumb\"},\"inLanguage\":\"en-US\",\"potentialAction\":[{\"@type\":\"ReadAction\",\"target\":[\"https:\\\/\\\/merk.hu\\\/versenykepes-jarasok-program-kozbiztonsagi-program-a-mateszalkai-jarasban-ii-utem\\\/\"]}]},{\"@type\":\"ImageObject\",\"inLanguage\":\"en-US\",\"@id\":\"https:\\\/\\\/merk.hu\\\/versenykepes-jarasok-program-kozbiztonsagi-program-a-mateszalkai-jarasban-ii-utem\\\/#primaryimage\",\"url\":\"https:\\\/\\\/merk.hu\\\/wp-content\\\/uploads\\\/2025\\\/10\\\/VJP-logo-kek-700x536.png\",\"contentUrl\":\"https:\\\/\\\/merk.hu\\\/wp-content\\\/uploads\\\/2025\\\/10\\\/VJP-logo-kek-700x536.png\"},{\"@type\":\"BreadcrumbList\",\"@id\":\"https:\\\/\\\/merk.hu\\\/versenykepes-jarasok-program-kozbiztonsagi-program-a-mateszalkai-jarasban-ii-utem\\\/#breadcrumb\",\"itemListElement\":[{\"@type\":\"ListItem\",\"position\":1,\"name\":\"Kezd\u0151lap\",\"item\":\"https:\\\/\\\/merk.hu\\\/\"},{\"@type\":\"ListItem\",\"position\":2,\"name\":\"\ud83d\udccc Versenyk\u00e9pes J\u00e1r\u00e1sok Program \u201eK\u00f6zbiztons\u00e1gi program a M\u00e1t\u00e9szalkai j\u00e1r\u00e1sban\u201d\"}]},{\"@type\":\"WebSite\",\"@id\":\"https:\\\/\\\/merk.hu\\\/#website\",\"url\":\"https:\\\/\\\/merk.hu\\\/\",\"name\":\"M\u00e9rk Nagyk\u00f6zs\u00e9g \u00d6nkorm\u00e1nyzat\",\"description\":\"M\u00e9rk Nagyk\u00f6zs\u00e9g \u00d6nkorm\u00e1nyzat\",\"publisher\":{\"@id\":\"https:\\\/\\\/merk.hu\\\/#organization\"},\"potentialAction\":[{\"@type\":\"SearchAction\",\"target\":{\"@type\":\"EntryPoint\",\"urlTemplate\":\"https:\\\/\\\/merk.hu\\\/?s={search_term_string}\"},\"query-input\":{\"@type\":\"PropertyValueSpecification\",\"valueRequired\":true,\"valueName\":\"search_term_string\"}}],\"inLanguage\":\"en-US\"},{\"@type\":\"Organization\",\"@id\":\"https:\\\/\\\/merk.hu\\\/#organization\",\"name\":\"M\u00e9rk Nagyk\u00f6zs\u00e9g \u00d6nkorm\u00e1nyzat\",\"url\":\"https:\\\/\\\/merk.hu\\\/\",\"logo\":{\"@type\":\"ImageObject\",\"inLanguage\":\"en-US\",\"@id\":\"https:\\\/\\\/merk.hu\\\/#\\\/schema\\\/logo\\\/image\\\/\",\"url\":\"https:\\\/\\\/merk.hu\\\/wp-content\\\/uploads\\\/2021\\\/02\\\/cimer.jpg\",\"contentUrl\":\"https:\\\/\\\/merk.hu\\\/wp-content\\\/uploads\\\/2021\\\/02\\\/cimer.jpg\",\"width\":200,\"height\":208,\"caption\":\"M\u00e9rk Nagyk\u00f6zs\u00e9g \u00d6nkorm\u00e1nyzat\"},\"image\":{\"@id\":\"https:\\\/\\\/merk.hu\\\/#\\\/schema\\\/logo\\\/image\\\/\"}}]}<\/script>\n<!-- \/ Yoast SEO plugin. -->","yoast_head_json":{"title":"\ud83d\udccc Versenyk\u00e9pes J\u00e1r\u00e1sok Program \u201eK\u00f6zbiztons\u00e1gi program a M\u00e1t\u00e9szalkai j\u00e1r\u00e1sban\u201d - M\u00e9rk Nagyk\u00f6zs\u00e9g \u00d6nkorm\u00e1nyzat","robots":{"index":"index","follow":"follow","max-snippet":"max-snippet:-1","max-image-preview":"max-image-preview:large","max-video-preview":"max-video-preview:-1"},"canonical":"https:\/\/merk.hu\/en\/versenykepes-jarasok-program-kozbiztonsagi-program-a-mateszalkai-jarasban-ii-utem\/","og_locale":"en_US","og_type":"article","og_title":"\ud83d\udccc Versenyk\u00e9pes J\u00e1r\u00e1sok Program \u201eK\u00f6zbiztons\u00e1gi program a M\u00e1t\u00e9szalkai j\u00e1r\u00e1sban\u201d - M\u00e9rk Nagyk\u00f6zs\u00e9g \u00d6nkorm\u00e1nyzat","og_description":"M\u00e9rk Nagyk\u00f6zs\u00e9g \u00d6nkorm\u00e1nyzat Versenyk\u00e9pes J\u00e1r\u00e1sok Program K\u00f6zbiztons\u00e1gi program a M\u00e1t\u00e9szalkai j\u00e1r\u00e1sban &#8211; II. \u00fctem Projektazonos\u00edt\u00f3: 4034867499 T\u00e1mogat\u00e1s \u00f6sszege: 8 339\u00a0280 Ft T\u00e1mogat\u00e1s intenzit\u00e1sa: 100% A \u201eK\u00f6zbiztons\u00e1gi program a M\u00e1t\u00e9szalkai j\u00e1r\u00e1sban &#8211; II. \u00fctem\u201d megval\u00f3sul Magyarorsz\u00e1g Korm\u00e1ny\u00e1nak a Versenyk\u00e9pes J\u00e1r\u00e1sok Program keret\u00e9ben biztos\u00edtott 8 339\u00a0280 forint \u00f6sszeg\u0171 t\u00e1mogat\u00e1s\u00e1val. A vid\u00e9ki Magyarorsz\u00e1g \u00e9lhet\u0151s\u00e9g\u00e9nek \u00e9s n\u00e9pess\u00e9gmegtart\u00e1s\u00e1nak t\u00e1mogat\u00e1sa, a [&hellip;]","og_url":"https:\/\/merk.hu\/en\/versenykepes-jarasok-program-kozbiztonsagi-program-a-mateszalkai-jarasban-ii-utem\/","og_site_name":"M\u00e9rk Nagyk\u00f6zs\u00e9g \u00d6nkorm\u00e1nyzat","article_modified_time":"2025-10-31T07:59:12+00:00","og_image":[{"width":2009,"height":1539,"url":"https:\/\/merk.hu\/wp-content\/uploads\/2025\/10\/VJP-logo-kek.png","type":"image\/png"}],"twitter_card":"summary_large_image","twitter_misc":{"Est. reading time":"2 minutes"},"schema":{"@context":"https:\/\/schema.org","@graph":[{"@type":"WebPage","@id":"https:\/\/merk.hu\/versenykepes-jarasok-program-kozbiztonsagi-program-a-mateszalkai-jarasban-ii-utem\/","url":"https:\/\/merk.hu\/versenykepes-jarasok-program-kozbiztonsagi-program-a-mateszalkai-jarasban-ii-utem\/","name":"\ud83d\udccc Versenyk\u00e9pes J\u00e1r\u00e1sok Program \u201eK\u00f6zbiztons\u00e1gi program a M\u00e1t\u00e9szalkai j\u00e1r\u00e1sban\u201d - M\u00e9rk Nagyk\u00f6zs\u00e9g \u00d6nkorm\u00e1nyzat","isPartOf":{"@id":"https:\/\/merk.hu\/#website"},"primaryImageOfPage":{"@id":"https:\/\/merk.hu\/versenykepes-jarasok-program-kozbiztonsagi-program-a-mateszalkai-jarasban-ii-utem\/#primaryimage"},"image":{"@id":"https:\/\/merk.hu\/versenykepes-jarasok-program-kozbiztonsagi-program-a-mateszalkai-jarasban-ii-utem\/#primaryimage"},"thumbnailUrl":"https:\/\/merk.hu\/wp-content\/uploads\/2025\/10\/VJP-logo-kek-700x536.png","datePublished":"2025-10-13T09:42:53+00:00","dateModified":"2025-10-31T07:59:12+00:00","breadcrumb":{"@id":"https:\/\/merk.hu\/versenykepes-jarasok-program-kozbiztonsagi-program-a-mateszalkai-jarasban-ii-utem\/#breadcrumb"},"inLanguage":"en-US","potentialAction":[{"@type":"ReadAction","target":["https:\/\/merk.hu\/versenykepes-jarasok-program-kozbiztonsagi-program-a-mateszalkai-jarasban-ii-utem\/"]}]},{"@type":"ImageObject","inLanguage":"en-US","@id":"https:\/\/merk.hu\/versenykepes-jarasok-program-kozbiztonsagi-program-a-mateszalkai-jarasban-ii-utem\/#primaryimage","url":"https:\/\/merk.hu\/wp-content\/uploads\/2025\/10\/VJP-logo-kek-700x536.png","contentUrl":"https:\/\/merk.hu\/wp-content\/uploads\/2025\/10\/VJP-logo-kek-700x536.png"},{"@type":"BreadcrumbList","@id":"https:\/\/merk.hu\/versenykepes-jarasok-program-kozbiztonsagi-program-a-mateszalkai-jarasban-ii-utem\/#breadcrumb","itemListElement":[{"@type":"ListItem","position":1,"name":"Kezd\u0151lap","item":"https:\/\/merk.hu\/"},{"@type":"ListItem","position":2,"name":"\ud83d\udccc Versenyk\u00e9pes J\u00e1r\u00e1sok Program \u201eK\u00f6zbiztons\u00e1gi program a M\u00e1t\u00e9szalkai j\u00e1r\u00e1sban\u201d"}]},{"@type":"WebSite","@id":"https:\/\/merk.hu\/#website","url":"https:\/\/merk.hu\/","name":"Municipality of M\u00e9rk Nagyk\u00f6zs\u00e9g","description":"Municipality of M\u00e9rk Nagyk\u00f6zs\u00e9g","publisher":{"@id":"https:\/\/merk.hu\/#organization"},"potentialAction":[{"@type":"SearchAction","target":{"@type":"EntryPoint","urlTemplate":"https:\/\/merk.hu\/?s={search_term_string}"},"query-input":{"@type":"PropertyValueSpecification","valueRequired":true,"valueName":"search_term_string"}}],"inLanguage":"en-US"},{"@type":"Organization","@id":"https:\/\/merk.hu\/#organization","name":"Municipality of M\u00e9rk Nagyk\u00f6zs\u00e9g","url":"https:\/\/merk.hu\/","logo":{"@type":"ImageObject","inLanguage":"en-US","@id":"https:\/\/merk.hu\/#\/schema\/logo\/image\/","url":"https:\/\/merk.hu\/wp-content\/uploads\/2021\/02\/cimer.jpg","contentUrl":"https:\/\/merk.hu\/wp-content\/uploads\/2021\/02\/cimer.jpg","width":200,"height":208,"caption":"M\u00e9rk Nagyk\u00f6zs\u00e9g \u00d6nkorm\u00e1nyzat"},"image":{"@id":"https:\/\/merk.hu\/#\/schema\/logo\/image\/"}}]}},"_links":{"self":[{"href":"https:\/\/merk.hu\/en\/wp-json\/wp\/v2\/pages\/5004","targetHints":{"allow":["GET"]}}],"collection":[{"href":"https:\/\/merk.hu\/en\/wp-json\/wp\/v2\/pages"}],"about":[{"href":"https:\/\/merk.hu\/en\/wp-json\/wp\/v2\/types\/page"}],"author":[{"embeddable":true,"href":"https:\/\/merk.hu\/en\/wp-json\/wp\/v2\/users\/4"}],"replies":[{"embeddable":true,"href":"https:\/\/merk.hu\/en\/wp-json\/wp\/v2\/comments?post=5004"}],"version-history":[{"count":0,"href":"https:\/\/merk.hu\/en\/wp-json\/wp\/v2\/pages\/5004\/revisions"}],"wp:attachment":[{"href":"https:\/\/merk.hu\/en\/wp-json\/wp\/v2\/media?parent=5004"}],"curies":[{"name":"wp","href":"https:\/\/api.w.org\/{rel}","templated":true}]}}