{"id":4747,"date":"2025-05-13T20:59:59","date_gmt":"2025-05-13T19:59:59","guid":{"rendered":"https:\/\/merk.hu\/?page_id=4747"},"modified":"2026-04-28T11:33:01","modified_gmt":"2026-04-28T09:33:01","slug":"%f0%9f%93%8c-top_plusz-1-2-3-21-sb1-belteruleti-utak-fejlesztese","status":"publish","type":"page","link":"https:\/\/merk.hu\/en\/%f0%9f%93%8c-top_plusz-1-2-3-21-sb1-belteruleti-utak-fejlesztese\/","title":{"rendered":"\ud83d\udccc TOP_PLUSZ-1.2.3-21-SB1- Improvement of urban roads"},"content":{"rendered":"<div data-elementor-type=\"wp-page\" data-elementor-id=\"4747\" class=\"elementor elementor-4747\" data-elementor-post-type=\"page\">\n\t\t\t\t<div class=\"elementor-element elementor-element-2e00ad9 e-flex e-con-boxed e-con e-parent\" data-id=\"2e00ad9\" data-element_type=\"container\" data-e-type=\"container\">\n\t\t\t\t\t<div class=\"e-con-inner\">\n\t\t\t\t<div class=\"elementor-element elementor-element-6781019 elementor-widget elementor-widget-spacer\" data-id=\"6781019\" data-element_type=\"widget\" data-e-type=\"widget\" data-widget_type=\"spacer.default\">\n\t\t\t\t<div class=\"elementor-widget-container\">\n\t\t\t\t\t\t\t<div class=\"elementor-spacer\">\n\t\t\t<div class=\"elementor-spacer-inner\"><\/div>\n\t\t<\/div>\n\t\t\t\t\t\t<\/div>\n\t\t\t\t<\/div>\n\t\t\t\t<div class=\"elementor-element elementor-element-4653ebd elementor-widget elementor-widget-image\" data-id=\"4653ebd\" data-element_type=\"widget\" data-e-type=\"widget\" data-widget_type=\"image.default\">\n\t\t\t\t<div class=\"elementor-widget-container\">\n\t\t\t\t\t\t\t\t\t\t\t\t\t\t\t<img fetchpriority=\"high\" decoding=\"async\" width=\"800\" height=\"239\" src=\"https:\/\/merk.hu\/wp-content\/uploads\/2025\/05\/MFF-kedvezmenyezetti-infoblokk-keretes-1-1024x306.jpg\" class=\"attachment-large size-large wp-image-4745\" alt=\"\" srcset=\"https:\/\/merk.hu\/wp-content\/uploads\/2025\/05\/MFF-kedvezmenyezetti-infoblokk-keretes-1-1024x306.jpg 1024w, https:\/\/merk.hu\/wp-content\/uploads\/2025\/05\/MFF-kedvezmenyezetti-infoblokk-keretes-1-700x209.jpg 700w, https:\/\/merk.hu\/wp-content\/uploads\/2025\/05\/MFF-kedvezmenyezetti-infoblokk-keretes-1-768x230.jpg 768w, https:\/\/merk.hu\/wp-content\/uploads\/2025\/05\/MFF-kedvezmenyezetti-infoblokk-keretes-1-18x5.jpg 18w, https:\/\/merk.hu\/wp-content\/uploads\/2025\/05\/MFF-kedvezmenyezetti-infoblokk-keretes-1.jpg 1504w\" sizes=\"(max-width: 800px) 100vw, 800px\" \/>\t\t\t\t\t\t\t\t\t\t\t\t\t\t\t<\/div>\n\t\t\t\t<\/div>\n\t\t\t\t<div class=\"elementor-element elementor-element-853fe17 elementor-widget elementor-widget-text-editor\" data-id=\"853fe17\" data-element_type=\"widget\" data-e-type=\"widget\" data-widget_type=\"text-editor.default\">\n\t\t\t\t<div class=\"elementor-widget-container\">\n\t\t\t\t\t\t\t\t\t<p><strong>Municipality of M\u00e9rk Nagyk\u00f6zs\u00e9g<\/strong><\/p>\n<p>TOP_PLUSZ-1.2.3-21-SB1- Improvement of internal roads<\/p>\n<p><strong>&nbsp;<\/strong><\/p>\n<p><strong>Project ID: &nbsp;&nbsp;&nbsp;&nbsp;&nbsp;&nbsp;&nbsp;&nbsp;&nbsp;&nbsp; <\/strong>TOP_PLUSZ-1.2.3-21-SB1-2022-00033<\/p>\n<p><strong>Amount of support: &nbsp;&nbsp;&nbsp;&nbsp;&nbsp;&nbsp;&nbsp; <\/strong>59 251&nbsp;600 Ft<\/p>\n<p><strong>Aid intensity: &nbsp; <\/strong>100%<\/p>\n<p><strong>Project title:&nbsp;&nbsp;&nbsp;&nbsp;&nbsp;&nbsp;&nbsp;&nbsp;&nbsp;&nbsp;&nbsp;&nbsp;&nbsp;&nbsp;&nbsp;&nbsp;&nbsp;&nbsp;&nbsp; <\/strong>Rehabilitation of internal roads in the municipality of M\u00e9rk<\/p>\n<p><strong><u>Presentation of the project:<\/u><\/strong><\/p>\n<p><\/p>\n<p>M\u00e9rk Nagyk\u00f6zs\u00e9g \u00d6nkorm\u00e1nyzat sikeresen p\u00e1ly\u00e1zott a Ter\u00fclet- \u00e9s Telep\u00fcl\u00e9sfejleszt\u00e9si Operat\u00edv Program Plusz keret\u00e9ben a telep\u00fcl\u00e9s fejleszt\u00e9s\u00e9re. A Magyar \u00c1llam \u00e9s az Eur\u00f3pai Uni\u00f3 t\u00e1mogat\u00e1s\u00e1val 59.251.600, &#8211; Ft forint \u00e1ll rendelkez\u00e9sre a t\u00e1mogat\u00e1si k\u00e9relemben megfogalmazott c\u00e9lok megval\u00f3s\u00edt\u00e1s\u00e1ra.<\/p>\n<p>Az 59,25 milli\u00f3 forint vissza nem t\u00e9r\u00edtend\u0151 eur\u00f3pai uni\u00f3s t\u00e1mogat\u00e1s seg\u00edts\u00e9g\u00e9vel M\u00e9rk telep\u00fcl\u00e9sen fel\u00faj\u00edt\u00e1sra ker\u00fclt a belter\u00fcleti utak k\u00f6z\u00fcl k\u00e9t utca, az al\u00e1bbiak szerint:<\/p>\n<p>&#8211; R\u00e1k\u00f3czi utca (HRSZ 207) 0+000-0+398 kilom\u00e9terszelv\u00e9ny k\u00f6z\u00f6tti szakasza,<\/p>\n<p>&#8211; T\u00e1ncsics utca (HRSZ 771 \u00e9s HRSZ 854) 0+000-0+299 kilom\u00e9terszelv\u00e9ny k\u00f6z\u00f6tti szakasza.<\/p>\n<p>A fel\u00faj\u00edt\u00e1st az utak \u00e1llapota indokolta. A tervezett beavatkoz\u00e1s c\u00e9lja, mindk\u00e9t utca eset\u00e9ben, a megl\u00e9v\u0151 burkolatok fel\u00faj\u00edt\u00e1sa \u00e9s meger\u0151s\u00edt\u00e9se volt. A fejleszt\u00e9s eredm\u00e9nyek\u00e9nt valamennyi k\u00f6zleked\u0151 sz\u00e1m\u00e1ra biztons\u00e1gosabb\u00e1 v\u00e1lik a fejleszt\u00e9ssel \u00e9rintett ter\u00fcleten a k\u00f6zleked\u00e9s. Az \u00e9rintett utc\u00e1k \u00f6nkorm\u00e1nyzati tulajdonban vannak, \u00e9s azok kezel\u00e9s\u00e9t is az \u00f6nkorm\u00e1nyzat l\u00e1tja el.<\/p>\n<p>The overall aim of the planned investment is to develop the local economy and boost local tourism, while respecting road safety rules and regulations.<\/p>\n<p><u>A projekt keret\u00e9ben \u00f6sszesen fel\u00faj\u00edtott \u00fatszakasz hossza: 697 m\u00e9ter<\/u><\/p>\n<p><u>Project implementation period starting date: 01 October 2022.<\/u><\/p>\n<p><u>A projekt fizikai befejez\u00e9s\u00e9nek napja: 2025. december 22<\/u>.<\/p>\n<p><\/p>\n<p>A projekt az Eur\u00f3pai Uni\u00f3 t\u00e1mogat\u00e1s\u00e1val, a magyar \u00e1llam t\u00e1rsfinansz\u00edroz\u00e1s\u00e1val val\u00f3sult meg.<\/p>\n<p><\/p>\n<p>Tov\u00e1bbi inform\u00e1ci\u00f3:<\/p>\n<p><a href=\"https:\/\/merk.hu\/en\/\">https:\/\/merk.hu\/<\/a><\/p>\n<p><a href=\"https:\/\/merk.hu\/wp-content\/uploads\/2025\/05\/2025-41-13_9-38-29_a3_fekvo_nyomda.pdf\">Project board<\/a><\/p>\n<p><a href=\"https:\/\/merk.hu\/wp-content\/uploads\/2026\/04\/FOTO_felujitas-utan_TANCSICS.pdf\">FOT\u00d3_fel\u00faj\u00edt\u00e1s ut\u00e1n_T\u00c1NCSICS<\/a>&nbsp;<\/p><p><a href=\"https:\/\/merk.hu\/wp-content\/uploads\/2026\/04\/FOTO_felujitas-utan_RAKOCZI.pdf\">FOT\u00d3_fel\u00faj\u00edt\u00e1s ut\u00e1n_R\u00c1K\u00d3CZI<\/a><\/p>\t\t\t\t\t\t\t\t<\/div>\n\t\t\t\t<\/div>\n\t\t\t\t\t<\/div>\n\t\t\t\t<\/div>\n\t\t\t\t<\/div>","protected":false},"excerpt":{"rendered":"<p>M\u00e9rk Nagyk\u00f6zs\u00e9g \u00d6nkorm\u00e1nyzat TOP_PLUSZ-1.2.3-21-SB1\u2013 Belter\u00fcleti utak fejleszt\u00e9se &nbsp; Projektazonos\u00edt\u00f3: &nbsp;&nbsp;&nbsp;&nbsp;&nbsp;&nbsp;&nbsp;&nbsp;&nbsp;&nbsp; TOP_PLUSZ-1.2.3-21-SB1-2022-00033 T\u00e1mogat\u00e1s \u00f6sszege: &nbsp;&nbsp;&nbsp;&nbsp;&nbsp;&nbsp;&nbsp; 59 251&nbsp;600 Ft T\u00e1mogat\u00e1s intenzit\u00e1sa: &nbsp; 100% Projekt c\u00edme:&nbsp;&nbsp;&nbsp;&nbsp;&nbsp;&nbsp;&nbsp;&nbsp;&nbsp;&nbsp;&nbsp;&nbsp;&nbsp;&nbsp;&nbsp;&nbsp;&nbsp;&nbsp;&nbsp; Belter\u00fcleti utak fel\u00faj\u00edt\u00e1sa M\u00e9rk telep\u00fcl\u00e9sen A projekt bemutat\u00e1sa: M\u00e9rk Nagyk\u00f6zs\u00e9g \u00d6nkorm\u00e1nyzat sikeresen p\u00e1ly\u00e1zott a Ter\u00fclet- \u00e9s Telep\u00fcl\u00e9sfejleszt\u00e9si Operat\u00edv Program Plusz keret\u00e9ben a telep\u00fcl\u00e9s fejleszt\u00e9s\u00e9re. A Magyar \u00c1llam \u00e9s az Eur\u00f3pai Uni\u00f3 t\u00e1mogat\u00e1s\u00e1val [&hellip;]<\/p>\n","protected":false},"author":4,"featured_media":0,"parent":0,"menu_order":0,"comment_status":"closed","ping_status":"closed","template":"","meta":{"footnotes":""},"class_list":["post-4747","page","type-page","status-publish","hentry"],"yoast_head":"<!-- This site is optimized with the Yoast SEO plugin v27.5 - https:\/\/yoast.com\/product\/yoast-seo-wordpress\/ -->\n<title>\ud83d\udccc TOP_PLUSZ-1.2.3-21-SB1\u2013 Belter\u00fcleti utak fejleszt\u00e9se - M\u00e9rk Nagyk\u00f6zs\u00e9g \u00d6nkorm\u00e1nyzat<\/title>\n<meta name=\"robots\" content=\"index, follow, max-snippet:-1, max-image-preview:large, max-video-preview:-1\" \/>\n<link rel=\"canonical\" href=\"https:\/\/merk.hu\/en\/\ud83d\udccc-top_plusz-1-2-3-21-sb1-belteruleti-utak-fejlesztese\/\" \/>\n<meta property=\"og:locale\" content=\"en_US\" \/>\n<meta property=\"og:type\" content=\"article\" \/>\n<meta property=\"og:title\" content=\"\ud83d\udccc TOP_PLUSZ-1.2.3-21-SB1\u2013 Belter\u00fcleti utak fejleszt\u00e9se - M\u00e9rk Nagyk\u00f6zs\u00e9g \u00d6nkorm\u00e1nyzat\" \/>\n<meta property=\"og:description\" content=\"M\u00e9rk Nagyk\u00f6zs\u00e9g \u00d6nkorm\u00e1nyzat TOP_PLUSZ-1.2.3-21-SB1\u2013 Belter\u00fcleti utak fejleszt\u00e9se &nbsp; Projektazonos\u00edt\u00f3: &nbsp;&nbsp;&nbsp;&nbsp;&nbsp;&nbsp;&nbsp;&nbsp;&nbsp;&nbsp; TOP_PLUSZ-1.2.3-21-SB1-2022-00033 T\u00e1mogat\u00e1s \u00f6sszege: &nbsp;&nbsp;&nbsp;&nbsp;&nbsp;&nbsp;&nbsp; 59 251&nbsp;600 Ft T\u00e1mogat\u00e1s intenzit\u00e1sa: &nbsp; 100% Projekt c\u00edme:&nbsp;&nbsp;&nbsp;&nbsp;&nbsp;&nbsp;&nbsp;&nbsp;&nbsp;&nbsp;&nbsp;&nbsp;&nbsp;&nbsp;&nbsp;&nbsp;&nbsp;&nbsp;&nbsp; Belter\u00fcleti utak fel\u00faj\u00edt\u00e1sa M\u00e9rk telep\u00fcl\u00e9sen A projekt bemutat\u00e1sa: M\u00e9rk Nagyk\u00f6zs\u00e9g \u00d6nkorm\u00e1nyzat sikeresen p\u00e1ly\u00e1zott a Ter\u00fclet- \u00e9s Telep\u00fcl\u00e9sfejleszt\u00e9si Operat\u00edv Program Plusz keret\u00e9ben a telep\u00fcl\u00e9s fejleszt\u00e9s\u00e9re. A Magyar \u00c1llam \u00e9s az Eur\u00f3pai Uni\u00f3 t\u00e1mogat\u00e1s\u00e1val [&hellip;]\" \/>\n<meta property=\"og:url\" content=\"https:\/\/merk.hu\/en\/\ud83d\udccc-top_plusz-1-2-3-21-sb1-belteruleti-utak-fejlesztese\/\" \/>\n<meta property=\"og:site_name\" content=\"M\u00e9rk Nagyk\u00f6zs\u00e9g \u00d6nkorm\u00e1nyzat\" \/>\n<meta property=\"article:modified_time\" content=\"2026-04-28T09:33:01+00:00\" \/>\n<meta property=\"og:image\" content=\"https:\/\/merk.hu\/wp-content\/uploads\/2025\/05\/MFF-kedvezmenyezetti-infoblokk-keretes-1.jpg\" \/>\n\t<meta property=\"og:image:width\" content=\"1504\" \/>\n\t<meta property=\"og:image:height\" content=\"450\" \/>\n\t<meta property=\"og:image:type\" content=\"image\/jpeg\" \/>\n<meta name=\"twitter:card\" content=\"summary_large_image\" \/>\n<meta name=\"twitter:label1\" content=\"Est. reading time\" \/>\n\t<meta name=\"twitter:data1\" content=\"2 minutes\" \/>\n<script type=\"application\/ld+json\" class=\"yoast-schema-graph\">{\"@context\":\"https:\\\/\\\/schema.org\",\"@graph\":[{\"@type\":\"WebPage\",\"@id\":\"https:\\\/\\\/merk.hu\\\/%f0%9f%93%8c-top_plusz-1-2-3-21-sb1-belteruleti-utak-fejlesztese\\\/\",\"url\":\"https:\\\/\\\/merk.hu\\\/%f0%9f%93%8c-top_plusz-1-2-3-21-sb1-belteruleti-utak-fejlesztese\\\/\",\"name\":\"\ud83d\udccc TOP_PLUSZ-1.2.3-21-SB1\u2013 Belter\u00fcleti utak fejleszt\u00e9se - M\u00e9rk Nagyk\u00f6zs\u00e9g \u00d6nkorm\u00e1nyzat\",\"isPartOf\":{\"@id\":\"https:\\\/\\\/merk.hu\\\/#website\"},\"primaryImageOfPage\":{\"@id\":\"https:\\\/\\\/merk.hu\\\/%f0%9f%93%8c-top_plusz-1-2-3-21-sb1-belteruleti-utak-fejlesztese\\\/#primaryimage\"},\"image\":{\"@id\":\"https:\\\/\\\/merk.hu\\\/%f0%9f%93%8c-top_plusz-1-2-3-21-sb1-belteruleti-utak-fejlesztese\\\/#primaryimage\"},\"thumbnailUrl\":\"https:\\\/\\\/merk.hu\\\/wp-content\\\/uploads\\\/2025\\\/05\\\/MFF-kedvezmenyezetti-infoblokk-keretes-1-1024x306.jpg\",\"datePublished\":\"2025-05-13T19:59:59+00:00\",\"dateModified\":\"2026-04-28T09:33:01+00:00\",\"breadcrumb\":{\"@id\":\"https:\\\/\\\/merk.hu\\\/%f0%9f%93%8c-top_plusz-1-2-3-21-sb1-belteruleti-utak-fejlesztese\\\/#breadcrumb\"},\"inLanguage\":\"en-US\",\"potentialAction\":[{\"@type\":\"ReadAction\",\"target\":[\"https:\\\/\\\/merk.hu\\\/%f0%9f%93%8c-top_plusz-1-2-3-21-sb1-belteruleti-utak-fejlesztese\\\/\"]}]},{\"@type\":\"ImageObject\",\"inLanguage\":\"en-US\",\"@id\":\"https:\\\/\\\/merk.hu\\\/%f0%9f%93%8c-top_plusz-1-2-3-21-sb1-belteruleti-utak-fejlesztese\\\/#primaryimage\",\"url\":\"https:\\\/\\\/merk.hu\\\/wp-content\\\/uploads\\\/2025\\\/05\\\/MFF-kedvezmenyezetti-infoblokk-keretes-1-1024x306.jpg\",\"contentUrl\":\"https:\\\/\\\/merk.hu\\\/wp-content\\\/uploads\\\/2025\\\/05\\\/MFF-kedvezmenyezetti-infoblokk-keretes-1-1024x306.jpg\"},{\"@type\":\"BreadcrumbList\",\"@id\":\"https:\\\/\\\/merk.hu\\\/%f0%9f%93%8c-top_plusz-1-2-3-21-sb1-belteruleti-utak-fejlesztese\\\/#breadcrumb\",\"itemListElement\":[{\"@type\":\"ListItem\",\"position\":1,\"name\":\"Kezd\u0151lap\",\"item\":\"https:\\\/\\\/merk.hu\\\/\"},{\"@type\":\"ListItem\",\"position\":2,\"name\":\"\ud83d\udccc TOP_PLUSZ-1.2.3-21-SB1\u2013 Belter\u00fcleti utak fejleszt\u00e9se\"}]},{\"@type\":\"WebSite\",\"@id\":\"https:\\\/\\\/merk.hu\\\/#website\",\"url\":\"https:\\\/\\\/merk.hu\\\/\",\"name\":\"M\u00e9rk Nagyk\u00f6zs\u00e9g \u00d6nkorm\u00e1nyzat\",\"description\":\"M\u00e9rk Nagyk\u00f6zs\u00e9g \u00d6nkorm\u00e1nyzat\",\"publisher\":{\"@id\":\"https:\\\/\\\/merk.hu\\\/#organization\"},\"potentialAction\":[{\"@type\":\"SearchAction\",\"target\":{\"@type\":\"EntryPoint\",\"urlTemplate\":\"https:\\\/\\\/merk.hu\\\/?s={search_term_string}\"},\"query-input\":{\"@type\":\"PropertyValueSpecification\",\"valueRequired\":true,\"valueName\":\"search_term_string\"}}],\"inLanguage\":\"en-US\"},{\"@type\":\"Organization\",\"@id\":\"https:\\\/\\\/merk.hu\\\/#organization\",\"name\":\"M\u00e9rk Nagyk\u00f6zs\u00e9g \u00d6nkorm\u00e1nyzat\",\"url\":\"https:\\\/\\\/merk.hu\\\/\",\"logo\":{\"@type\":\"ImageObject\",\"inLanguage\":\"en-US\",\"@id\":\"https:\\\/\\\/merk.hu\\\/#\\\/schema\\\/logo\\\/image\\\/\",\"url\":\"https:\\\/\\\/merk.hu\\\/wp-content\\\/uploads\\\/2021\\\/02\\\/cimer.jpg\",\"contentUrl\":\"https:\\\/\\\/merk.hu\\\/wp-content\\\/uploads\\\/2021\\\/02\\\/cimer.jpg\",\"width\":200,\"height\":208,\"caption\":\"M\u00e9rk Nagyk\u00f6zs\u00e9g \u00d6nkorm\u00e1nyzat\"},\"image\":{\"@id\":\"https:\\\/\\\/merk.hu\\\/#\\\/schema\\\/logo\\\/image\\\/\"}}]}<\/script>\n<!-- \/ Yoast SEO plugin. -->","yoast_head_json":{"title":"\ud83d\udccc TOP_PLUSZ-1.2.3-21-SB1\u2013 Belter\u00fcleti utak fejleszt\u00e9se - M\u00e9rk Nagyk\u00f6zs\u00e9g \u00d6nkorm\u00e1nyzat","robots":{"index":"index","follow":"follow","max-snippet":"max-snippet:-1","max-image-preview":"max-image-preview:large","max-video-preview":"max-video-preview:-1"},"canonical":"https:\/\/merk.hu\/en\/\ud83d\udccc-top_plusz-1-2-3-21-sb1-belteruleti-utak-fejlesztese\/","og_locale":"en_US","og_type":"article","og_title":"\ud83d\udccc TOP_PLUSZ-1.2.3-21-SB1\u2013 Belter\u00fcleti utak fejleszt\u00e9se - M\u00e9rk Nagyk\u00f6zs\u00e9g \u00d6nkorm\u00e1nyzat","og_description":"M\u00e9rk Nagyk\u00f6zs\u00e9g \u00d6nkorm\u00e1nyzat TOP_PLUSZ-1.2.3-21-SB1\u2013 Belter\u00fcleti utak fejleszt\u00e9se &nbsp; Projektazonos\u00edt\u00f3: &nbsp;&nbsp;&nbsp;&nbsp;&nbsp;&nbsp;&nbsp;&nbsp;&nbsp;&nbsp; TOP_PLUSZ-1.2.3-21-SB1-2022-00033 T\u00e1mogat\u00e1s \u00f6sszege: &nbsp;&nbsp;&nbsp;&nbsp;&nbsp;&nbsp;&nbsp; 59 251&nbsp;600 Ft T\u00e1mogat\u00e1s intenzit\u00e1sa: &nbsp; 100% Projekt c\u00edme:&nbsp;&nbsp;&nbsp;&nbsp;&nbsp;&nbsp;&nbsp;&nbsp;&nbsp;&nbsp;&nbsp;&nbsp;&nbsp;&nbsp;&nbsp;&nbsp;&nbsp;&nbsp;&nbsp; Belter\u00fcleti utak fel\u00faj\u00edt\u00e1sa M\u00e9rk telep\u00fcl\u00e9sen A projekt bemutat\u00e1sa: M\u00e9rk Nagyk\u00f6zs\u00e9g \u00d6nkorm\u00e1nyzat sikeresen p\u00e1ly\u00e1zott a Ter\u00fclet- \u00e9s Telep\u00fcl\u00e9sfejleszt\u00e9si Operat\u00edv Program Plusz keret\u00e9ben a telep\u00fcl\u00e9s fejleszt\u00e9s\u00e9re. A Magyar \u00c1llam \u00e9s az Eur\u00f3pai Uni\u00f3 t\u00e1mogat\u00e1s\u00e1val [&hellip;]","og_url":"https:\/\/merk.hu\/en\/\ud83d\udccc-top_plusz-1-2-3-21-sb1-belteruleti-utak-fejlesztese\/","og_site_name":"M\u00e9rk Nagyk\u00f6zs\u00e9g \u00d6nkorm\u00e1nyzat","article_modified_time":"2026-04-28T09:33:01+00:00","og_image":[{"width":1504,"height":450,"url":"https:\/\/merk.hu\/wp-content\/uploads\/2025\/05\/MFF-kedvezmenyezetti-infoblokk-keretes-1.jpg","type":"image\/jpeg"}],"twitter_card":"summary_large_image","twitter_misc":{"Est. reading time":"2 minutes"},"schema":{"@context":"https:\/\/schema.org","@graph":[{"@type":"WebPage","@id":"https:\/\/merk.hu\/%f0%9f%93%8c-top_plusz-1-2-3-21-sb1-belteruleti-utak-fejlesztese\/","url":"https:\/\/merk.hu\/%f0%9f%93%8c-top_plusz-1-2-3-21-sb1-belteruleti-utak-fejlesztese\/","name":"\ud83d\udccc TOP_PLUSZ-1.2.3-21-SB1\u2013 Belter\u00fcleti utak fejleszt\u00e9se - M\u00e9rk Nagyk\u00f6zs\u00e9g \u00d6nkorm\u00e1nyzat","isPartOf":{"@id":"https:\/\/merk.hu\/#website"},"primaryImageOfPage":{"@id":"https:\/\/merk.hu\/%f0%9f%93%8c-top_plusz-1-2-3-21-sb1-belteruleti-utak-fejlesztese\/#primaryimage"},"image":{"@id":"https:\/\/merk.hu\/%f0%9f%93%8c-top_plusz-1-2-3-21-sb1-belteruleti-utak-fejlesztese\/#primaryimage"},"thumbnailUrl":"https:\/\/merk.hu\/wp-content\/uploads\/2025\/05\/MFF-kedvezmenyezetti-infoblokk-keretes-1-1024x306.jpg","datePublished":"2025-05-13T19:59:59+00:00","dateModified":"2026-04-28T09:33:01+00:00","breadcrumb":{"@id":"https:\/\/merk.hu\/%f0%9f%93%8c-top_plusz-1-2-3-21-sb1-belteruleti-utak-fejlesztese\/#breadcrumb"},"inLanguage":"en-US","potentialAction":[{"@type":"ReadAction","target":["https:\/\/merk.hu\/%f0%9f%93%8c-top_plusz-1-2-3-21-sb1-belteruleti-utak-fejlesztese\/"]}]},{"@type":"ImageObject","inLanguage":"en-US","@id":"https:\/\/merk.hu\/%f0%9f%93%8c-top_plusz-1-2-3-21-sb1-belteruleti-utak-fejlesztese\/#primaryimage","url":"https:\/\/merk.hu\/wp-content\/uploads\/2025\/05\/MFF-kedvezmenyezetti-infoblokk-keretes-1-1024x306.jpg","contentUrl":"https:\/\/merk.hu\/wp-content\/uploads\/2025\/05\/MFF-kedvezmenyezetti-infoblokk-keretes-1-1024x306.jpg"},{"@type":"BreadcrumbList","@id":"https:\/\/merk.hu\/%f0%9f%93%8c-top_plusz-1-2-3-21-sb1-belteruleti-utak-fejlesztese\/#breadcrumb","itemListElement":[{"@type":"ListItem","position":1,"name":"Kezd\u0151lap","item":"https:\/\/merk.hu\/"},{"@type":"ListItem","position":2,"name":"\ud83d\udccc TOP_PLUSZ-1.2.3-21-SB1\u2013 Belter\u00fcleti utak fejleszt\u00e9se"}]},{"@type":"WebSite","@id":"https:\/\/merk.hu\/#website","url":"https:\/\/merk.hu\/","name":"Municipality of M\u00e9rk Nagyk\u00f6zs\u00e9g","description":"Municipality of M\u00e9rk Nagyk\u00f6zs\u00e9g","publisher":{"@id":"https:\/\/merk.hu\/#organization"},"potentialAction":[{"@type":"SearchAction","target":{"@type":"EntryPoint","urlTemplate":"https:\/\/merk.hu\/?s={search_term_string}"},"query-input":{"@type":"PropertyValueSpecification","valueRequired":true,"valueName":"search_term_string"}}],"inLanguage":"en-US"},{"@type":"Organization","@id":"https:\/\/merk.hu\/#organization","name":"Municipality of M\u00e9rk Nagyk\u00f6zs\u00e9g","url":"https:\/\/merk.hu\/","logo":{"@type":"ImageObject","inLanguage":"en-US","@id":"https:\/\/merk.hu\/#\/schema\/logo\/image\/","url":"https:\/\/merk.hu\/wp-content\/uploads\/2021\/02\/cimer.jpg","contentUrl":"https:\/\/merk.hu\/wp-content\/uploads\/2021\/02\/cimer.jpg","width":200,"height":208,"caption":"M\u00e9rk Nagyk\u00f6zs\u00e9g \u00d6nkorm\u00e1nyzat"},"image":{"@id":"https:\/\/merk.hu\/#\/schema\/logo\/image\/"}}]}},"_links":{"self":[{"href":"https:\/\/merk.hu\/en\/wp-json\/wp\/v2\/pages\/4747","targetHints":{"allow":["GET"]}}],"collection":[{"href":"https:\/\/merk.hu\/en\/wp-json\/wp\/v2\/pages"}],"about":[{"href":"https:\/\/merk.hu\/en\/wp-json\/wp\/v2\/types\/page"}],"author":[{"embeddable":true,"href":"https:\/\/merk.hu\/en\/wp-json\/wp\/v2\/users\/4"}],"replies":[{"embeddable":true,"href":"https:\/\/merk.hu\/en\/wp-json\/wp\/v2\/comments?post=4747"}],"version-history":[{"count":3,"href":"https:\/\/merk.hu\/en\/wp-json\/wp\/v2\/pages\/4747\/revisions"}],"predecessor-version":[{"id":5230,"href":"https:\/\/merk.hu\/en\/wp-json\/wp\/v2\/pages\/4747\/revisions\/5230"}],"wp:attachment":[{"href":"https:\/\/merk.hu\/en\/wp-json\/wp\/v2\/media?parent=4747"}],"curies":[{"name":"wp","href":"https:\/\/api.w.org\/{rel}","templated":true}]}}