{"id":44,"date":"2021-01-28T21:15:52","date_gmt":"2021-01-28T21:15:52","guid":{"rendered":"https:\/\/merk.hu\/?page_id=44"},"modified":"2025-03-10T13:21:57","modified_gmt":"2025-03-10T12:21:57","slug":"muemlekek-latnivalok","status":"publish","type":"page","link":"https:\/\/merk.hu\/en\/muemlekek-latnivalok\/","title":{"rendered":"Monuments, attractions"},"content":{"rendered":"<div data-elementor-type=\"wp-page\" data-elementor-id=\"44\" class=\"elementor elementor-44\" data-elementor-post-type=\"page\">\n\t\t\t\t<div class=\"elementor-element elementor-element-32e234d e-flex e-con-boxed e-con e-parent\" data-id=\"32e234d\" data-element_type=\"container\" data-e-type=\"container\">\n\t\t\t\t\t<div class=\"e-con-inner\">\n\t\t\t\t<div class=\"elementor-element elementor-element-ff6d825 elementor-widget elementor-widget-text-editor\" data-id=\"ff6d825\" data-element_type=\"widget\" data-e-type=\"widget\" data-widget_type=\"text-editor.default\">\n\t\t\t\t<div class=\"elementor-widget-container\">\n\t\t\t\t\t\t\t\t\t<p style=\"text-align: center;\"><strong>Monuments<\/strong><\/p><p style=\"text-align: left;\"><strong>1.Roman catholic church<\/strong><\/p><p>The Roman Catholic church with a single nave and a tower above the fa\u00e7ade was built between 1882 and 1884 in honour of Saints Peter and Paul. The previous church in the village was burnt down in the fire of 1839 and rebuilt between 1882-84, but in 1887 a great storm broke the steeple. Not only the church building, but also the furnishings are eclectic in style.\u00a0<\/p><p><img fetchpriority=\"high\" decoding=\"async\" class=\"aligncenter wp-image-2941 size-medium\" src=\"https:\/\/merk.hu\/wp-content\/uploads\/2025\/02\/20250228_101841_121631-323x700.jpg\" alt=\"\" width=\"323\" height=\"700\" srcset=\"https:\/\/merk.hu\/wp-content\/uploads\/2025\/02\/20250228_101841_121631-323x700.jpg 323w, https:\/\/merk.hu\/wp-content\/uploads\/2025\/02\/20250228_101841_121631-473x1024.jpg 473w, https:\/\/merk.hu\/wp-content\/uploads\/2025\/02\/20250228_101841_121631-768x1662.jpg 768w, https:\/\/merk.hu\/wp-content\/uploads\/2025\/02\/20250228_101841_121631-710x1536.jpg 710w, https:\/\/merk.hu\/wp-content\/uploads\/2025\/02\/20250228_101841_121631-946x2048.jpg 946w, https:\/\/merk.hu\/wp-content\/uploads\/2025\/02\/20250228_101841_121631-scaled.jpg 1183w\" sizes=\"(max-width: 323px) 100vw, 323px\" \/><\/p><p>The altarpiece, painted by K\u00e1roly Lotz, was completed in 1890, while the ceiling of the sanctuary also dates from the end of the 19th century.<\/p><p style=\"text-align: center;\"><img decoding=\"async\" class=\"alignnone size-medium wp-image-45 lazyload\" data-src=\"https:\/\/merk.hu\/wp-content\/uploads\/2021\/01\/rktemplom-300x202.jpg\" alt=\"\" width=\"300\" height=\"202\" data-srcset=\"https:\/\/merk.hu\/wp-content\/uploads\/2021\/01\/rktemplom-300x202.jpg 300w, https:\/\/merk.hu\/wp-content\/uploads\/2021\/01\/rktemplom-89x60.jpg 89w, https:\/\/merk.hu\/wp-content\/uploads\/2021\/01\/rktemplom.jpg 400w\" data-sizes=\"(max-width: 300px) 100vw, 300px\" src=\"data:image\/svg+xml;base64,PHN2ZyB3aWR0aD0iMSIgaGVpZ2h0PSIxIiB4bWxucz0iaHR0cDovL3d3dy53My5vcmcvMjAwMC9zdmciPjwvc3ZnPg==\" style=\"--smush-placeholder-width: 300px; --smush-placeholder-aspect-ratio: 300\/202;\" \/><\/p><p style=\"text-align: center;\"><img decoding=\"async\" class=\"alignnone size-medium wp-image-46 lazyload\" data-src=\"https:\/\/merk.hu\/wp-content\/uploads\/2021\/01\/lotz-oltarkep-236x300.jpg\" alt=\"\" width=\"236\" height=\"300\" data-srcset=\"https:\/\/merk.hu\/wp-content\/uploads\/2021\/01\/lotz-oltarkep-236x300.jpg 236w, https:\/\/merk.hu\/wp-content\/uploads\/2021\/01\/lotz-oltarkep-47x60.jpg 47w, https:\/\/merk.hu\/wp-content\/uploads\/2021\/01\/lotz-oltarkep.jpg 275w\" data-sizes=\"(max-width: 236px) 100vw, 236px\" src=\"data:image\/svg+xml;base64,PHN2ZyB3aWR0aD0iMSIgaGVpZ2h0PSIxIiB4bWxucz0iaHR0cDovL3d3dy53My5vcmcvMjAwMC9zdmciPjwvc3ZnPg==\" style=\"--smush-placeholder-width: 236px; --smush-placeholder-aspect-ratio: 236\/300;\" \/><\/p><p><strong>2.Reformed church<\/strong><\/p><p>The Reformed church was built next to the Roman Catholic church between 1899 and 1914, probably on the site where the village church and its old wooden bell tower with its bell were destroyed in the fire of 1839.<\/p><p>The Reformed Church is an eclectic building with a single nave and a straight end.<\/p><p style=\"text-align: center;\"><img decoding=\"async\" class=\"alignnone size-medium wp-image-47 lazyload\" data-src=\"https:\/\/merk.hu\/wp-content\/uploads\/2021\/01\/reftemplom-300x201.jpg\" alt=\"\" width=\"300\" height=\"201\" data-srcset=\"https:\/\/merk.hu\/wp-content\/uploads\/2021\/01\/reftemplom-300x201.jpg 300w, https:\/\/merk.hu\/wp-content\/uploads\/2021\/01\/reftemplom-89x60.jpg 89w, https:\/\/merk.hu\/wp-content\/uploads\/2021\/01\/reftemplom.jpg 350w\" data-sizes=\"(max-width: 300px) 100vw, 300px\" src=\"data:image\/svg+xml;base64,PHN2ZyB3aWR0aD0iMSIgaGVpZ2h0PSIxIiB4bWxucz0iaHR0cDovL3d3dy53My5vcmcvMjAwMC9zdmciPjwvc3ZnPg==\" style=\"--smush-placeholder-width: 300px; --smush-placeholder-aspect-ratio: 300\/201;\" \/><\/p><p><strong>3.Greek Catholic Church<\/strong><\/p><p>The Greek Catholic church of our village was built in 2023. In this modern building, the faithful of the Greek Catholic Church of Mecklenburg-Western Pomerania can practice their religion in dignified conditions.<\/p><p><img decoding=\"async\" class=\"alignnone size-medium wp-image-4441 aligncenter lazyload\" data-src=\"https:\/\/merk.hu\/wp-content\/uploads\/2025\/03\/2025-03-10_fagyalkatalin@gmail.com__20250310_123054-700x323.jpg\" alt=\"\" width=\"700\" height=\"323\" data-srcset=\"https:\/\/merk.hu\/wp-content\/uploads\/2025\/03\/2025-03-10_fagyalkatalin@gmail.com__20250310_123054-700x323.jpg 700w, https:\/\/merk.hu\/wp-content\/uploads\/2025\/03\/2025-03-10_fagyalkatalin@gmail.com__20250310_123054-1024x473.jpg 1024w, https:\/\/merk.hu\/wp-content\/uploads\/2025\/03\/2025-03-10_fagyalkatalin@gmail.com__20250310_123054-768x355.jpg 768w, https:\/\/merk.hu\/wp-content\/uploads\/2025\/03\/2025-03-10_fagyalkatalin@gmail.com__20250310_123054-1536x710.jpg 1536w, https:\/\/merk.hu\/wp-content\/uploads\/2025\/03\/2025-03-10_fagyalkatalin@gmail.com__20250310_123054-2048x946.jpg 2048w, https:\/\/merk.hu\/wp-content\/uploads\/2025\/03\/2025-03-10_fagyalkatalin@gmail.com__20250310_123054-18x8.jpg 18w\" data-sizes=\"(max-width: 700px) 100vw, 700px\" src=\"data:image\/svg+xml;base64,PHN2ZyB3aWR0aD0iMSIgaGVpZ2h0PSIxIiB4bWxucz0iaHR0cDovL3d3dy53My5vcmcvMjAwMC9zdmciPjwvc3ZnPg==\" style=\"--smush-placeholder-width: 700px; --smush-placeholder-aspect-ratio: 700\/323;\" \/><\/p><p style=\"text-align: center;\"><strong>Places to visit<\/strong><\/p><p style=\"text-align: center;\"><img decoding=\"async\" class=\"alignnone size-medium wp-image-53 lazyload\" data-src=\"https:\/\/merk.hu\/wp-content\/uploads\/2021\/01\/svab-diszkut-300x225.jpg\" alt=\"\" width=\"300\" height=\"225\" data-srcset=\"https:\/\/merk.hu\/wp-content\/uploads\/2021\/01\/svab-diszkut-300x225.jpg 300w, https:\/\/merk.hu\/wp-content\/uploads\/2021\/01\/svab-diszkut-80x60.jpg 80w, https:\/\/merk.hu\/wp-content\/uploads\/2021\/01\/svab-diszkut.jpg 350w\" data-sizes=\"(max-width: 300px) 100vw, 300px\" src=\"data:image\/svg+xml;base64,PHN2ZyB3aWR0aD0iMSIgaGVpZ2h0PSIxIiB4bWxucz0iaHR0cDovL3d3dy53My5vcmcvMjAwMC9zdmciPjwvc3ZnPg==\" style=\"--smush-placeholder-width: 300px; --smush-placeholder-aspect-ratio: 300\/225;\" \/><\/p><p style=\"text-align: center;\">Swabian ornamental fountain<\/p>\t\t\t\t\t\t\t\t<\/div>\n\t\t\t\t<\/div>\n\t\t\t\t\t<\/div>\n\t\t\t\t<\/div>\n\t\t\t\t<\/div>","protected":false},"excerpt":{"rendered":"<p>M\u0171eml\u00e9kek 1.R\u00f3mai katolikus templom Szent P\u00e9ter \u00e9s P\u00e1l tisztelet\u00e9re emelt\u00e9k 1882 \u00e9s 1884 k\u00f6z\u00f6tt az egyhaj\u00f3s, homlokzat feletti tornyos r\u00f3mai katolikus templomot. A falu el\u0151z\u0151 temploma az 1839. \u00e9vi t\u0171zv\u00e9szben el\u00e9gett, 1882-84 k\u00f6z\u00f6tt \u00fajj\u00e1\u00e9p\u00edtett\u00e9k, azonban 1887-ben egy nagy vihar der\u00e9kba t\u00f6rte a torny\u00e1t. Nemcsak a templom \u00e9p\u00fclete, de berendez\u00e9se is eklektikus st\u00edlusban k\u00e9sz\u00fclt.\u00a0 A Lotz [&hellip;]<\/p>\n","protected":false},"author":4,"featured_media":0,"parent":0,"menu_order":0,"comment_status":"closed","ping_status":"closed","template":"","meta":{"footnotes":""},"class_list":["post-44","page","type-page","status-publish","hentry"],"yoast_head":"<!-- This site is optimized with the Yoast SEO plugin v27.3 - https:\/\/yoast.com\/product\/yoast-seo-wordpress\/ -->\n<title>M\u0171eml\u00e9kek, l\u00e1tnival\u00f3k - M\u00e9rk Nagyk\u00f6zs\u00e9g \u00d6nkorm\u00e1nyzat<\/title>\n<meta name=\"robots\" content=\"index, follow, max-snippet:-1, max-image-preview:large, max-video-preview:-1\" \/>\n<link rel=\"canonical\" href=\"https:\/\/merk.hu\/en\/muemlekek-latnivalok\/\" \/>\n<meta property=\"og:locale\" content=\"en_US\" \/>\n<meta property=\"og:type\" content=\"article\" \/>\n<meta property=\"og:title\" content=\"M\u0171eml\u00e9kek, l\u00e1tnival\u00f3k - M\u00e9rk Nagyk\u00f6zs\u00e9g \u00d6nkorm\u00e1nyzat\" \/>\n<meta property=\"og:description\" content=\"M\u0171eml\u00e9kek 1.R\u00f3mai katolikus templom Szent P\u00e9ter \u00e9s P\u00e1l tisztelet\u00e9re emelt\u00e9k 1882 \u00e9s 1884 k\u00f6z\u00f6tt az egyhaj\u00f3s, homlokzat feletti tornyos r\u00f3mai katolikus templomot. A falu el\u0151z\u0151 temploma az 1839. \u00e9vi t\u0171zv\u00e9szben el\u00e9gett, 1882-84 k\u00f6z\u00f6tt \u00fajj\u00e1\u00e9p\u00edtett\u00e9k, azonban 1887-ben egy nagy vihar der\u00e9kba t\u00f6rte a torny\u00e1t. Nemcsak a templom \u00e9p\u00fclete, de berendez\u00e9se is eklektikus st\u00edlusban k\u00e9sz\u00fclt.\u00a0 A Lotz [&hellip;]\" \/>\n<meta property=\"og:url\" content=\"https:\/\/merk.hu\/en\/muemlekek-latnivalok\/\" \/>\n<meta property=\"og:site_name\" content=\"M\u00e9rk Nagyk\u00f6zs\u00e9g \u00d6nkorm\u00e1nyzat\" \/>\n<meta property=\"article:modified_time\" content=\"2025-03-10T12:21:57+00:00\" \/>\n<meta property=\"og:image\" content=\"https:\/\/merk.hu\/wp-content\/uploads\/2025\/02\/20250228_101841_121631-scaled.jpg\" \/>\n\t<meta property=\"og:image:width\" content=\"1183\" \/>\n\t<meta property=\"og:image:height\" content=\"2560\" \/>\n\t<meta property=\"og:image:type\" content=\"image\/jpeg\" \/>\n<meta name=\"twitter:card\" content=\"summary_large_image\" \/>\n<meta name=\"twitter:label1\" content=\"Est. reading time\" \/>\n\t<meta name=\"twitter:data1\" content=\"2 minutes\" \/>\n<script type=\"application\/ld+json\" class=\"yoast-schema-graph\">{\"@context\":\"https:\\\/\\\/schema.org\",\"@graph\":[{\"@type\":\"WebPage\",\"@id\":\"https:\\\/\\\/merk.hu\\\/muemlekek-latnivalok\\\/\",\"url\":\"https:\\\/\\\/merk.hu\\\/muemlekek-latnivalok\\\/\",\"name\":\"M\u0171eml\u00e9kek, l\u00e1tnival\u00f3k - M\u00e9rk Nagyk\u00f6zs\u00e9g \u00d6nkorm\u00e1nyzat\",\"isPartOf\":{\"@id\":\"https:\\\/\\\/merk.hu\\\/#website\"},\"primaryImageOfPage\":{\"@id\":\"https:\\\/\\\/merk.hu\\\/muemlekek-latnivalok\\\/#primaryimage\"},\"image\":{\"@id\":\"https:\\\/\\\/merk.hu\\\/muemlekek-latnivalok\\\/#primaryimage\"},\"thumbnailUrl\":\"https:\\\/\\\/merk.hu\\\/wp-content\\\/uploads\\\/2025\\\/02\\\/20250228_101841_121631-323x700.jpg\",\"datePublished\":\"2021-01-28T21:15:52+00:00\",\"dateModified\":\"2025-03-10T12:21:57+00:00\",\"breadcrumb\":{\"@id\":\"https:\\\/\\\/merk.hu\\\/muemlekek-latnivalok\\\/#breadcrumb\"},\"inLanguage\":\"en-US\",\"potentialAction\":[{\"@type\":\"ReadAction\",\"target\":[\"https:\\\/\\\/merk.hu\\\/muemlekek-latnivalok\\\/\"]}]},{\"@type\":\"ImageObject\",\"inLanguage\":\"en-US\",\"@id\":\"https:\\\/\\\/merk.hu\\\/muemlekek-latnivalok\\\/#primaryimage\",\"url\":\"https:\\\/\\\/merk.hu\\\/wp-content\\\/uploads\\\/2025\\\/02\\\/20250228_101841_121631-323x700.jpg\",\"contentUrl\":\"https:\\\/\\\/merk.hu\\\/wp-content\\\/uploads\\\/2025\\\/02\\\/20250228_101841_121631-323x700.jpg\"},{\"@type\":\"BreadcrumbList\",\"@id\":\"https:\\\/\\\/merk.hu\\\/muemlekek-latnivalok\\\/#breadcrumb\",\"itemListElement\":[{\"@type\":\"ListItem\",\"position\":1,\"name\":\"Kezd\u0151lap\",\"item\":\"https:\\\/\\\/merk.hu\\\/\"},{\"@type\":\"ListItem\",\"position\":2,\"name\":\"M\u0171eml\u00e9kek, l\u00e1tnival\u00f3k\"}]},{\"@type\":\"WebSite\",\"@id\":\"https:\\\/\\\/merk.hu\\\/#website\",\"url\":\"https:\\\/\\\/merk.hu\\\/\",\"name\":\"M\u00e9rk Nagyk\u00f6zs\u00e9g \u00d6nkorm\u00e1nyzat\",\"description\":\"M\u00e9rk Nagyk\u00f6zs\u00e9g \u00d6nkorm\u00e1nyzat\",\"publisher\":{\"@id\":\"https:\\\/\\\/merk.hu\\\/#organization\"},\"potentialAction\":[{\"@type\":\"SearchAction\",\"target\":{\"@type\":\"EntryPoint\",\"urlTemplate\":\"https:\\\/\\\/merk.hu\\\/?s={search_term_string}\"},\"query-input\":{\"@type\":\"PropertyValueSpecification\",\"valueRequired\":true,\"valueName\":\"search_term_string\"}}],\"inLanguage\":\"en-US\"},{\"@type\":\"Organization\",\"@id\":\"https:\\\/\\\/merk.hu\\\/#organization\",\"name\":\"M\u00e9rk Nagyk\u00f6zs\u00e9g \u00d6nkorm\u00e1nyzat\",\"url\":\"https:\\\/\\\/merk.hu\\\/\",\"logo\":{\"@type\":\"ImageObject\",\"inLanguage\":\"en-US\",\"@id\":\"https:\\\/\\\/merk.hu\\\/#\\\/schema\\\/logo\\\/image\\\/\",\"url\":\"https:\\\/\\\/merk.hu\\\/wp-content\\\/uploads\\\/2021\\\/02\\\/cimer.jpg\",\"contentUrl\":\"https:\\\/\\\/merk.hu\\\/wp-content\\\/uploads\\\/2021\\\/02\\\/cimer.jpg\",\"width\":200,\"height\":208,\"caption\":\"M\u00e9rk Nagyk\u00f6zs\u00e9g \u00d6nkorm\u00e1nyzat\"},\"image\":{\"@id\":\"https:\\\/\\\/merk.hu\\\/#\\\/schema\\\/logo\\\/image\\\/\"}}]}<\/script>\n<!-- \/ Yoast SEO plugin. -->","yoast_head_json":{"title":"M\u0171eml\u00e9kek, l\u00e1tnival\u00f3k - M\u00e9rk Nagyk\u00f6zs\u00e9g \u00d6nkorm\u00e1nyzat","robots":{"index":"index","follow":"follow","max-snippet":"max-snippet:-1","max-image-preview":"max-image-preview:large","max-video-preview":"max-video-preview:-1"},"canonical":"https:\/\/merk.hu\/en\/muemlekek-latnivalok\/","og_locale":"en_US","og_type":"article","og_title":"M\u0171eml\u00e9kek, l\u00e1tnival\u00f3k - M\u00e9rk Nagyk\u00f6zs\u00e9g \u00d6nkorm\u00e1nyzat","og_description":"M\u0171eml\u00e9kek 1.R\u00f3mai katolikus templom Szent P\u00e9ter \u00e9s P\u00e1l tisztelet\u00e9re emelt\u00e9k 1882 \u00e9s 1884 k\u00f6z\u00f6tt az egyhaj\u00f3s, homlokzat feletti tornyos r\u00f3mai katolikus templomot. A falu el\u0151z\u0151 temploma az 1839. \u00e9vi t\u0171zv\u00e9szben el\u00e9gett, 1882-84 k\u00f6z\u00f6tt \u00fajj\u00e1\u00e9p\u00edtett\u00e9k, azonban 1887-ben egy nagy vihar der\u00e9kba t\u00f6rte a torny\u00e1t. Nemcsak a templom \u00e9p\u00fclete, de berendez\u00e9se is eklektikus st\u00edlusban k\u00e9sz\u00fclt.\u00a0 A Lotz [&hellip;]","og_url":"https:\/\/merk.hu\/en\/muemlekek-latnivalok\/","og_site_name":"M\u00e9rk Nagyk\u00f6zs\u00e9g \u00d6nkorm\u00e1nyzat","article_modified_time":"2025-03-10T12:21:57+00:00","og_image":[{"width":1183,"height":2560,"url":"https:\/\/merk.hu\/wp-content\/uploads\/2025\/02\/20250228_101841_121631-scaled.jpg","type":"image\/jpeg"}],"twitter_card":"summary_large_image","twitter_misc":{"Est. reading time":"2 minutes"},"schema":{"@context":"https:\/\/schema.org","@graph":[{"@type":"WebPage","@id":"https:\/\/merk.hu\/muemlekek-latnivalok\/","url":"https:\/\/merk.hu\/muemlekek-latnivalok\/","name":"M\u0171eml\u00e9kek, l\u00e1tnival\u00f3k - M\u00e9rk Nagyk\u00f6zs\u00e9g \u00d6nkorm\u00e1nyzat","isPartOf":{"@id":"https:\/\/merk.hu\/#website"},"primaryImageOfPage":{"@id":"https:\/\/merk.hu\/muemlekek-latnivalok\/#primaryimage"},"image":{"@id":"https:\/\/merk.hu\/muemlekek-latnivalok\/#primaryimage"},"thumbnailUrl":"https:\/\/merk.hu\/wp-content\/uploads\/2025\/02\/20250228_101841_121631-323x700.jpg","datePublished":"2021-01-28T21:15:52+00:00","dateModified":"2025-03-10T12:21:57+00:00","breadcrumb":{"@id":"https:\/\/merk.hu\/muemlekek-latnivalok\/#breadcrumb"},"inLanguage":"en-US","potentialAction":[{"@type":"ReadAction","target":["https:\/\/merk.hu\/muemlekek-latnivalok\/"]}]},{"@type":"ImageObject","inLanguage":"en-US","@id":"https:\/\/merk.hu\/muemlekek-latnivalok\/#primaryimage","url":"https:\/\/merk.hu\/wp-content\/uploads\/2025\/02\/20250228_101841_121631-323x700.jpg","contentUrl":"https:\/\/merk.hu\/wp-content\/uploads\/2025\/02\/20250228_101841_121631-323x700.jpg"},{"@type":"BreadcrumbList","@id":"https:\/\/merk.hu\/muemlekek-latnivalok\/#breadcrumb","itemListElement":[{"@type":"ListItem","position":1,"name":"Kezd\u0151lap","item":"https:\/\/merk.hu\/"},{"@type":"ListItem","position":2,"name":"M\u0171eml\u00e9kek, l\u00e1tnival\u00f3k"}]},{"@type":"WebSite","@id":"https:\/\/merk.hu\/#website","url":"https:\/\/merk.hu\/","name":"Municipality of M\u00e9rk Nagyk\u00f6zs\u00e9g","description":"Municipality of M\u00e9rk Nagyk\u00f6zs\u00e9g","publisher":{"@id":"https:\/\/merk.hu\/#organization"},"potentialAction":[{"@type":"SearchAction","target":{"@type":"EntryPoint","urlTemplate":"https:\/\/merk.hu\/?s={search_term_string}"},"query-input":{"@type":"PropertyValueSpecification","valueRequired":true,"valueName":"search_term_string"}}],"inLanguage":"en-US"},{"@type":"Organization","@id":"https:\/\/merk.hu\/#organization","name":"Municipality of M\u00e9rk Nagyk\u00f6zs\u00e9g","url":"https:\/\/merk.hu\/","logo":{"@type":"ImageObject","inLanguage":"en-US","@id":"https:\/\/merk.hu\/#\/schema\/logo\/image\/","url":"https:\/\/merk.hu\/wp-content\/uploads\/2021\/02\/cimer.jpg","contentUrl":"https:\/\/merk.hu\/wp-content\/uploads\/2021\/02\/cimer.jpg","width":200,"height":208,"caption":"M\u00e9rk Nagyk\u00f6zs\u00e9g \u00d6nkorm\u00e1nyzat"},"image":{"@id":"https:\/\/merk.hu\/#\/schema\/logo\/image\/"}}]}},"_links":{"self":[{"href":"https:\/\/merk.hu\/en\/wp-json\/wp\/v2\/pages\/44","targetHints":{"allow":["GET"]}}],"collection":[{"href":"https:\/\/merk.hu\/en\/wp-json\/wp\/v2\/pages"}],"about":[{"href":"https:\/\/merk.hu\/en\/wp-json\/wp\/v2\/types\/page"}],"author":[{"embeddable":true,"href":"https:\/\/merk.hu\/en\/wp-json\/wp\/v2\/users\/4"}],"replies":[{"embeddable":true,"href":"https:\/\/merk.hu\/en\/wp-json\/wp\/v2\/comments?post=44"}],"version-history":[{"count":0,"href":"https:\/\/merk.hu\/en\/wp-json\/wp\/v2\/pages\/44\/revisions"}],"wp:attachment":[{"href":"https:\/\/merk.hu\/en\/wp-json\/wp\/v2\/media?parent=44"}],"curies":[{"name":"wp","href":"https:\/\/api.w.org\/{rel}","templated":true}]}}