{"id":2281,"date":"2025-02-23T21:31:43","date_gmt":"2025-02-23T20:31:43","guid":{"rendered":"https:\/\/merk.hu\/?page_id=2281"},"modified":"2025-03-10T15:46:02","modified_gmt":"2025-03-10T14:46:02","slug":"kozos-hivatal","status":"publish","type":"page","link":"https:\/\/merk.hu\/en\/kozos-hivatal\/","title":{"rendered":"Joint Office"},"content":{"rendered":"<div data-elementor-type=\"wp-page\" data-elementor-id=\"2281\" class=\"elementor elementor-2281\" data-elementor-post-type=\"page\">\n\t\t\t\t<div class=\"elementor-element elementor-element-c1d6a5c e-flex e-con-boxed e-con e-parent\" data-id=\"c1d6a5c\" data-element_type=\"container\" data-e-type=\"container\">\n\t\t\t\t\t<div class=\"e-con-inner\">\n\t\t\t\t<div class=\"elementor-element elementor-element-66403fc elementor-widget elementor-widget-image\" data-id=\"66403fc\" data-element_type=\"widget\" data-e-type=\"widget\" data-widget_type=\"image.default\">\n\t\t\t\t<div class=\"elementor-widget-container\">\n\t\t\t\t\t\t\t\t\t\t\t\t\t\t\t<img decoding=\"async\" width=\"150\" height=\"150\" data-src=\"https:\/\/merk.hu\/wp-content\/uploads\/2025\/02\/Merk-1-150x150.jpg\" class=\"attachment-thumbnail size-thumbnail wp-image-2286 lazyload\" alt=\"\" src=\"data:image\/svg+xml;base64,PHN2ZyB3aWR0aD0iMSIgaGVpZ2h0PSIxIiB4bWxucz0iaHR0cDovL3d3dy53My5vcmcvMjAwMC9zdmciPjwvc3ZnPg==\" style=\"--smush-placeholder-width: 150px; --smush-placeholder-aspect-ratio: 150\/150;\" \/>\t\t\t\t\t\t\t\t\t\t\t\t\t\t\t<\/div>\n\t\t\t\t<\/div>\n\t\t\t\t<div class=\"elementor-element elementor-element-a94c041 elementor-widget elementor-widget-text-editor\" data-id=\"a94c041\" data-element_type=\"widget\" data-e-type=\"widget\" data-widget_type=\"text-editor.default\">\n\t\t\t\t<div class=\"elementor-widget-container\">\n\t\t\t\t\t\t\t\t\t<p><strong>Mikkeli Joint Municipality Office<\/strong><br \/><br \/>4352. M\u00e9rk Hunyadi utca 45.<br \/>Tel: 44\/554-054<br \/>Email: jegyzo@merk.hu<br \/><br \/><br \/><strong>Mikkeli Joint Municipality Office <\/strong><br \/><strong>Tiborsz\u00e1ll\u00e1s Branch<\/strong><br \/><br \/>4353. Tiborsz\u00e1ll\u00e1s D\u00f3zsa \u00fat 17.<br \/>Tel:44\/554-025<br \/>Email: jegyzo@tiborszallas.hu<\/p>\t\t\t\t\t\t\t\t<\/div>\n\t\t\t\t<\/div>\n\t\t\t\t<div class=\"elementor-element elementor-element-8a0e2a8 elementor-widget elementor-widget-image\" data-id=\"8a0e2a8\" data-element_type=\"widget\" data-e-type=\"widget\" data-widget_type=\"image.default\">\n\t\t\t\t<div class=\"elementor-widget-container\">\n\t\t\t\t\t\t\t\t\t\t\t\t\t\t\t<img decoding=\"async\" width=\"150\" height=\"150\" data-src=\"https:\/\/merk.hu\/wp-content\/uploads\/2025\/02\/cimer2-150x150.png\" class=\"attachment-thumbnail size-thumbnail wp-image-2287 lazyload\" alt=\"\" src=\"data:image\/svg+xml;base64,PHN2ZyB3aWR0aD0iMSIgaGVpZ2h0PSIxIiB4bWxucz0iaHR0cDovL3d3dy53My5vcmcvMjAwMC9zdmciPjwvc3ZnPg==\" style=\"--smush-placeholder-width: 150px; --smush-placeholder-aspect-ratio: 150\/150;\" \/>\t\t\t\t\t\t\t\t\t\t\t\t\t\t\t<\/div>\n\t\t\t\t<\/div>\n\t\t\t\t\t<\/div>\n\t\t\t\t<\/div>\n\t\t<div class=\"elementor-element elementor-element-35256b4 e-flex e-con-boxed e-con e-parent\" data-id=\"35256b4\" data-element_type=\"container\" data-e-type=\"container\">\n\t\t\t\t\t<div class=\"e-con-inner\">\n\t\t\t\t<div class=\"elementor-element elementor-element-123c5c7 elementor-widget elementor-widget-text-editor\" data-id=\"123c5c7\" data-element_type=\"widget\" data-e-type=\"widget\" data-widget_type=\"text-editor.default\">\n\t\t\t\t<div class=\"elementor-widget-container\">\n\t\t\t\t\t\t\t\t\t<p><strong>Mikkeli Joint Municipality Office<\/strong><\/p>\n<p><!-- \/wp:heading --><!-- wp:table --><\/p>\n<figure class=\"wp-block-table\">\n<table>\n<tbody>\n<tr>\n<td>Title:<\/td>\n<td>4352 M\u00e9rk, Hunyadi utca 45<\/td>\n<\/tr>\n<tr>\n<td>Tel:<\/td>\n<td>+3644 554-054<\/td>\n<\/tr>\n<tr>\n<td>Registrar:<\/td>\n<td>T\u00f3thn\u00e9 Dr. Nagy Anita notary<\/td>\n<\/tr>\n<tr>\n<td>Email:<\/td>\n<td>jegyzo@merk.hu<\/td>\n<\/tr>\n<tr>\n<td>Supervisory body:<\/td>\n<td>Szabolcs-Szatm\u00e1r-Bereg County Government Office,<br \/>4400 Ny\u00edregyh\u00e1za, H\u0151s\u00f6k tere 5.<\/td>\n<\/tr>\n<\/tbody>\n<\/table>\n<\/figure>\n<p><!-- \/wp:table --><!-- wp:paragraph --><\/p>\n<p>The M\u00e9rk Joint Municipality Office covers the municipalities of M\u00e9rk and Tiborsz\u00e1ll\u00e1s.<\/p>\n<p><!-- \/wp:heading --><!-- wp:table --><\/p>\n<figure class=\"wp-block-table\"><\/figure>\n<p><strong>Opening hours of the Joint Office<\/strong><\/p>\n<p><!-- \/wp:heading --><!-- wp:table --><\/p>\n<figure class=\"wp-block-table\">\n<table>\n<tbody>\n<tr>\n<td>Monday:<\/td>\n<td>8:00-12:00<\/td>\n<\/tr>\n<tr>\n<td>Tuesday:<\/td>\n<td>8:00-12:00 and 13:00-16:00<\/td>\n<\/tr>\n<tr>\n<td>Wednesday:<\/td>\n<td>8:00-12:00 <\/td>\n<\/tr>\n<tr>\n<td>Thursday:<\/td>\n<td>8:00-12:00 and 13:00-16:00<\/td>\n<\/tr>\n<tr>\n<td>Friday:<\/td>\n<td>No customer reception<\/td>\n<\/tr>\n<\/tbody>\n<\/table>\n<\/figure>\n<p><!-- \/wp:paragraph --><!-- wp:heading --><!-- \/wp:heading --><!-- wp:table --><\/p>\n<figure class=\"wp-block-table\"><\/figure>\n<p><!-- \/wp:table --><!-- wp:heading --><\/p>\n<p><strong>Opening hours of the Tiborsz\u00e1ll Branch of the Joint Office<\/strong><\/p>\n<table width=\"550\">\n<tbody>\n<tr>\n<td>Tuesday:<\/td>\n<td>between 8:00 and 11:00<\/td>\n<\/tr>\n<\/tbody>\n<\/table>\n<p><strong>Opening hours of the notary<\/strong><\/p>\n<p><!-- \/wp:heading --><!-- wp:table --><\/p>\n<figure class=\"wp-block-table\">\n<table>\n<tbody>\n<tr>\n<td>On Thursday of every week: 9:00-11:00<\/td>\n<\/tr>\n<tr>\n<td>In Tiborsz\u00e1ll\u00e1s every Tuesday of the week: 8:00-11:00<\/td>\n<\/tr>\n<\/tbody>\n<\/table>\n<\/figure>\n<figure class=\"wp-block-table\">\n<p><a href=\"https:\/\/merk.hu\/wp-content\/uploads\/2025\/03\/Adatkezelesi-tajekoztato.pdf\">Privacy notice<\/a><\/p>\n<\/figure>\t\t\t\t\t\t\t\t<\/div>\n\t\t\t\t<\/div>\n\t\t\t\t\t<\/div>\n\t\t\t\t<\/div>\n\t\t\t\t<\/div>","protected":false},"excerpt":{"rendered":"<p>M\u00e9rki K\u00f6z\u00f6s \u00d6nkorm\u00e1nyzati Hivatal 4352. M\u00e9rk Hunyadi utca 45.Tel.: 44\/554-054Email: jegyzo@merk.hu M\u00e9rki K\u00f6z\u00f6s \u00d6nkorm\u00e1nyzati Hivatal Tiborsz\u00e1ll\u00e1si Kirendelts\u00e9g 4353. Tiborsz\u00e1ll\u00e1s D\u00f3zsa \u00fat 17.Tel:44\/554-025Email: jegyzo@tiborszallas.hu M\u00e9rki K\u00f6z\u00f6s \u00d6nkorm\u00e1nyzati Hivatal C\u00edm: 4352 M\u00e9rk, Hunyadi utca 45 Tel: +3644 554-054 Hivatalvezet\u0151: T\u00f3thn\u00e9 Dr. Nagy Anita jegyz\u0151 Email: jegyzo@merk.hu Fel\u00fcgyeleti szerv: Szabolcs-Szatm\u00e1r-Bereg Megyei Korm\u00e1nyhivatal,4400 Ny\u00edregyh\u00e1za, H\u0151s\u00f6k tere 5. A M\u00e9rki [&hellip;]<\/p>\n","protected":false},"author":4,"featured_media":0,"parent":0,"menu_order":0,"comment_status":"closed","ping_status":"closed","template":"","meta":{"footnotes":""},"class_list":["post-2281","page","type-page","status-publish","hentry"],"yoast_head":"<!-- This site is optimized with the Yoast SEO plugin v27.4 - https:\/\/yoast.com\/product\/yoast-seo-wordpress\/ -->\n<title>K\u00f6z\u00f6s Hivatal - M\u00e9rk Nagyk\u00f6zs\u00e9g \u00d6nkorm\u00e1nyzat<\/title>\n<meta name=\"robots\" content=\"index, follow, max-snippet:-1, max-image-preview:large, max-video-preview:-1\" \/>\n<link rel=\"canonical\" href=\"https:\/\/merk.hu\/en\/kozos-hivatal\/\" \/>\n<meta property=\"og:locale\" content=\"en_US\" \/>\n<meta property=\"og:type\" content=\"article\" \/>\n<meta property=\"og:title\" content=\"K\u00f6z\u00f6s Hivatal - M\u00e9rk Nagyk\u00f6zs\u00e9g \u00d6nkorm\u00e1nyzat\" \/>\n<meta property=\"og:description\" content=\"M\u00e9rki K\u00f6z\u00f6s \u00d6nkorm\u00e1nyzati Hivatal 4352. M\u00e9rk Hunyadi utca 45.Tel.: 44\/554-054Email: jegyzo@merk.hu M\u00e9rki K\u00f6z\u00f6s \u00d6nkorm\u00e1nyzati Hivatal Tiborsz\u00e1ll\u00e1si Kirendelts\u00e9g 4353. Tiborsz\u00e1ll\u00e1s D\u00f3zsa \u00fat 17.Tel:44\/554-025Email: jegyzo@tiborszallas.hu M\u00e9rki K\u00f6z\u00f6s \u00d6nkorm\u00e1nyzati Hivatal C\u00edm: 4352 M\u00e9rk, Hunyadi utca 45 Tel: +3644 554-054 Hivatalvezet\u0151: T\u00f3thn\u00e9 Dr. Nagy Anita jegyz\u0151 Email: jegyzo@merk.hu Fel\u00fcgyeleti szerv: Szabolcs-Szatm\u00e1r-Bereg Megyei Korm\u00e1nyhivatal,4400 Ny\u00edregyh\u00e1za, H\u0151s\u00f6k tere 5. A M\u00e9rki [&hellip;]\" \/>\n<meta property=\"og:url\" content=\"https:\/\/merk.hu\/en\/kozos-hivatal\/\" \/>\n<meta property=\"og:site_name\" content=\"M\u00e9rk Nagyk\u00f6zs\u00e9g \u00d6nkorm\u00e1nyzat\" \/>\n<meta property=\"article:modified_time\" content=\"2025-03-10T14:46:02+00:00\" \/>\n<meta property=\"og:image\" content=\"https:\/\/merk.hu\/wp-content\/uploads\/2025\/02\/Merk-1.jpg\" \/>\n\t<meta property=\"og:image:width\" content=\"2000\" \/>\n\t<meta property=\"og:image:height\" content=\"2079\" \/>\n\t<meta property=\"og:image:type\" content=\"image\/jpeg\" \/>\n<meta name=\"twitter:card\" content=\"summary_large_image\" \/>\n<meta name=\"twitter:label1\" content=\"Est. reading time\" \/>\n\t<meta name=\"twitter:data1\" content=\"2 minutes\" \/>\n<script type=\"application\/ld+json\" class=\"yoast-schema-graph\">{\"@context\":\"https:\\\/\\\/schema.org\",\"@graph\":[{\"@type\":\"WebPage\",\"@id\":\"https:\\\/\\\/merk.hu\\\/kozos-hivatal\\\/\",\"url\":\"https:\\\/\\\/merk.hu\\\/kozos-hivatal\\\/\",\"name\":\"K\u00f6z\u00f6s Hivatal - M\u00e9rk Nagyk\u00f6zs\u00e9g \u00d6nkorm\u00e1nyzat\",\"isPartOf\":{\"@id\":\"https:\\\/\\\/merk.hu\\\/#website\"},\"primaryImageOfPage\":{\"@id\":\"https:\\\/\\\/merk.hu\\\/kozos-hivatal\\\/#primaryimage\"},\"image\":{\"@id\":\"https:\\\/\\\/merk.hu\\\/kozos-hivatal\\\/#primaryimage\"},\"thumbnailUrl\":\"https:\\\/\\\/merk.hu\\\/wp-content\\\/uploads\\\/2025\\\/02\\\/Merk-1-150x150.jpg\",\"datePublished\":\"2025-02-23T20:31:43+00:00\",\"dateModified\":\"2025-03-10T14:46:02+00:00\",\"breadcrumb\":{\"@id\":\"https:\\\/\\\/merk.hu\\\/kozos-hivatal\\\/#breadcrumb\"},\"inLanguage\":\"en-US\",\"potentialAction\":[{\"@type\":\"ReadAction\",\"target\":[\"https:\\\/\\\/merk.hu\\\/kozos-hivatal\\\/\"]}]},{\"@type\":\"ImageObject\",\"inLanguage\":\"en-US\",\"@id\":\"https:\\\/\\\/merk.hu\\\/kozos-hivatal\\\/#primaryimage\",\"url\":\"https:\\\/\\\/merk.hu\\\/wp-content\\\/uploads\\\/2025\\\/02\\\/Merk-1-150x150.jpg\",\"contentUrl\":\"https:\\\/\\\/merk.hu\\\/wp-content\\\/uploads\\\/2025\\\/02\\\/Merk-1-150x150.jpg\"},{\"@type\":\"BreadcrumbList\",\"@id\":\"https:\\\/\\\/merk.hu\\\/kozos-hivatal\\\/#breadcrumb\",\"itemListElement\":[{\"@type\":\"ListItem\",\"position\":1,\"name\":\"Kezd\u0151lap\",\"item\":\"https:\\\/\\\/merk.hu\\\/\"},{\"@type\":\"ListItem\",\"position\":2,\"name\":\"K\u00f6z\u00f6s Hivatal\"}]},{\"@type\":\"WebSite\",\"@id\":\"https:\\\/\\\/merk.hu\\\/#website\",\"url\":\"https:\\\/\\\/merk.hu\\\/\",\"name\":\"M\u00e9rk Nagyk\u00f6zs\u00e9g \u00d6nkorm\u00e1nyzat\",\"description\":\"M\u00e9rk Nagyk\u00f6zs\u00e9g \u00d6nkorm\u00e1nyzat\",\"publisher\":{\"@id\":\"https:\\\/\\\/merk.hu\\\/#organization\"},\"potentialAction\":[{\"@type\":\"SearchAction\",\"target\":{\"@type\":\"EntryPoint\",\"urlTemplate\":\"https:\\\/\\\/merk.hu\\\/?s={search_term_string}\"},\"query-input\":{\"@type\":\"PropertyValueSpecification\",\"valueRequired\":true,\"valueName\":\"search_term_string\"}}],\"inLanguage\":\"en-US\"},{\"@type\":\"Organization\",\"@id\":\"https:\\\/\\\/merk.hu\\\/#organization\",\"name\":\"M\u00e9rk Nagyk\u00f6zs\u00e9g \u00d6nkorm\u00e1nyzat\",\"url\":\"https:\\\/\\\/merk.hu\\\/\",\"logo\":{\"@type\":\"ImageObject\",\"inLanguage\":\"en-US\",\"@id\":\"https:\\\/\\\/merk.hu\\\/#\\\/schema\\\/logo\\\/image\\\/\",\"url\":\"https:\\\/\\\/merk.hu\\\/wp-content\\\/uploads\\\/2021\\\/02\\\/cimer.jpg\",\"contentUrl\":\"https:\\\/\\\/merk.hu\\\/wp-content\\\/uploads\\\/2021\\\/02\\\/cimer.jpg\",\"width\":200,\"height\":208,\"caption\":\"M\u00e9rk Nagyk\u00f6zs\u00e9g \u00d6nkorm\u00e1nyzat\"},\"image\":{\"@id\":\"https:\\\/\\\/merk.hu\\\/#\\\/schema\\\/logo\\\/image\\\/\"}}]}<\/script>\n<!-- \/ Yoast SEO plugin. -->","yoast_head_json":{"title":"K\u00f6z\u00f6s Hivatal - M\u00e9rk Nagyk\u00f6zs\u00e9g \u00d6nkorm\u00e1nyzat","robots":{"index":"index","follow":"follow","max-snippet":"max-snippet:-1","max-image-preview":"max-image-preview:large","max-video-preview":"max-video-preview:-1"},"canonical":"https:\/\/merk.hu\/en\/kozos-hivatal\/","og_locale":"en_US","og_type":"article","og_title":"K\u00f6z\u00f6s Hivatal - M\u00e9rk Nagyk\u00f6zs\u00e9g \u00d6nkorm\u00e1nyzat","og_description":"M\u00e9rki K\u00f6z\u00f6s \u00d6nkorm\u00e1nyzati Hivatal 4352. M\u00e9rk Hunyadi utca 45.Tel.: 44\/554-054Email: jegyzo@merk.hu M\u00e9rki K\u00f6z\u00f6s \u00d6nkorm\u00e1nyzati Hivatal Tiborsz\u00e1ll\u00e1si Kirendelts\u00e9g 4353. Tiborsz\u00e1ll\u00e1s D\u00f3zsa \u00fat 17.Tel:44\/554-025Email: jegyzo@tiborszallas.hu M\u00e9rki K\u00f6z\u00f6s \u00d6nkorm\u00e1nyzati Hivatal C\u00edm: 4352 M\u00e9rk, Hunyadi utca 45 Tel: +3644 554-054 Hivatalvezet\u0151: T\u00f3thn\u00e9 Dr. Nagy Anita jegyz\u0151 Email: jegyzo@merk.hu Fel\u00fcgyeleti szerv: Szabolcs-Szatm\u00e1r-Bereg Megyei Korm\u00e1nyhivatal,4400 Ny\u00edregyh\u00e1za, H\u0151s\u00f6k tere 5. A M\u00e9rki [&hellip;]","og_url":"https:\/\/merk.hu\/en\/kozos-hivatal\/","og_site_name":"M\u00e9rk Nagyk\u00f6zs\u00e9g \u00d6nkorm\u00e1nyzat","article_modified_time":"2025-03-10T14:46:02+00:00","og_image":[{"width":2000,"height":2079,"url":"https:\/\/merk.hu\/wp-content\/uploads\/2025\/02\/Merk-1.jpg","type":"image\/jpeg"}],"twitter_card":"summary_large_image","twitter_misc":{"Est. reading time":"2 minutes"},"schema":{"@context":"https:\/\/schema.org","@graph":[{"@type":"WebPage","@id":"https:\/\/merk.hu\/kozos-hivatal\/","url":"https:\/\/merk.hu\/kozos-hivatal\/","name":"K\u00f6z\u00f6s Hivatal - M\u00e9rk Nagyk\u00f6zs\u00e9g \u00d6nkorm\u00e1nyzat","isPartOf":{"@id":"https:\/\/merk.hu\/#website"},"primaryImageOfPage":{"@id":"https:\/\/merk.hu\/kozos-hivatal\/#primaryimage"},"image":{"@id":"https:\/\/merk.hu\/kozos-hivatal\/#primaryimage"},"thumbnailUrl":"https:\/\/merk.hu\/wp-content\/uploads\/2025\/02\/Merk-1-150x150.jpg","datePublished":"2025-02-23T20:31:43+00:00","dateModified":"2025-03-10T14:46:02+00:00","breadcrumb":{"@id":"https:\/\/merk.hu\/kozos-hivatal\/#breadcrumb"},"inLanguage":"en-US","potentialAction":[{"@type":"ReadAction","target":["https:\/\/merk.hu\/kozos-hivatal\/"]}]},{"@type":"ImageObject","inLanguage":"en-US","@id":"https:\/\/merk.hu\/kozos-hivatal\/#primaryimage","url":"https:\/\/merk.hu\/wp-content\/uploads\/2025\/02\/Merk-1-150x150.jpg","contentUrl":"https:\/\/merk.hu\/wp-content\/uploads\/2025\/02\/Merk-1-150x150.jpg"},{"@type":"BreadcrumbList","@id":"https:\/\/merk.hu\/kozos-hivatal\/#breadcrumb","itemListElement":[{"@type":"ListItem","position":1,"name":"Kezd\u0151lap","item":"https:\/\/merk.hu\/"},{"@type":"ListItem","position":2,"name":"K\u00f6z\u00f6s Hivatal"}]},{"@type":"WebSite","@id":"https:\/\/merk.hu\/#website","url":"https:\/\/merk.hu\/","name":"Municipality of M\u00e9rk Nagyk\u00f6zs\u00e9g","description":"Municipality of M\u00e9rk Nagyk\u00f6zs\u00e9g","publisher":{"@id":"https:\/\/merk.hu\/#organization"},"potentialAction":[{"@type":"SearchAction","target":{"@type":"EntryPoint","urlTemplate":"https:\/\/merk.hu\/?s={search_term_string}"},"query-input":{"@type":"PropertyValueSpecification","valueRequired":true,"valueName":"search_term_string"}}],"inLanguage":"en-US"},{"@type":"Organization","@id":"https:\/\/merk.hu\/#organization","name":"Municipality of M\u00e9rk Nagyk\u00f6zs\u00e9g","url":"https:\/\/merk.hu\/","logo":{"@type":"ImageObject","inLanguage":"en-US","@id":"https:\/\/merk.hu\/#\/schema\/logo\/image\/","url":"https:\/\/merk.hu\/wp-content\/uploads\/2021\/02\/cimer.jpg","contentUrl":"https:\/\/merk.hu\/wp-content\/uploads\/2021\/02\/cimer.jpg","width":200,"height":208,"caption":"M\u00e9rk Nagyk\u00f6zs\u00e9g \u00d6nkorm\u00e1nyzat"},"image":{"@id":"https:\/\/merk.hu\/#\/schema\/logo\/image\/"}}]}},"_links":{"self":[{"href":"https:\/\/merk.hu\/en\/wp-json\/wp\/v2\/pages\/2281","targetHints":{"allow":["GET"]}}],"collection":[{"href":"https:\/\/merk.hu\/en\/wp-json\/wp\/v2\/pages"}],"about":[{"href":"https:\/\/merk.hu\/en\/wp-json\/wp\/v2\/types\/page"}],"author":[{"embeddable":true,"href":"https:\/\/merk.hu\/en\/wp-json\/wp\/v2\/users\/4"}],"replies":[{"embeddable":true,"href":"https:\/\/merk.hu\/en\/wp-json\/wp\/v2\/comments?post=2281"}],"version-history":[{"count":0,"href":"https:\/\/merk.hu\/en\/wp-json\/wp\/v2\/pages\/2281\/revisions"}],"wp:attachment":[{"href":"https:\/\/merk.hu\/en\/wp-json\/wp\/v2\/media?parent=2281"}],"curies":[{"name":"wp","href":"https:\/\/api.w.org\/{rel}","templated":true}]}}