{"id":2277,"date":"2025-02-23T21:31:07","date_gmt":"2025-02-23T20:31:07","guid":{"rendered":"https:\/\/merk.hu\/?page_id=2277"},"modified":"2025-02-24T10:35:48","modified_gmt":"2025-02-24T09:35:48","slug":"palyazatok","status":"publish","type":"page","link":"https:\/\/merk.hu\/en\/palyazatok\/","title":{"rendered":"Applications"},"content":{"rendered":"<div data-elementor-type=\"wp-page\" data-elementor-id=\"2277\" class=\"elementor elementor-2277\" data-elementor-post-type=\"page\">\n\t\t\t\t<div class=\"elementor-element elementor-element-fe9391a e-flex e-con-boxed e-con e-parent\" data-id=\"fe9391a\" data-element_type=\"container\" data-e-type=\"container\">\n\t\t\t\t\t<div class=\"e-con-inner\">\n\t\t\t\t<div class=\"elementor-element elementor-element-3f551d1 elementor-widget elementor-widget-text-editor\" data-id=\"3f551d1\" data-element_type=\"widget\" data-e-type=\"widget\" data-widget_type=\"text-editor.default\">\n\t\t\t\t<div class=\"elementor-widget-container\">\n\t\t\t\t\t\t\t\t\t<p><blockquote class=\"wp-embedded-content\" data-secret=\"AcXs8v0Wpl\"><a href=\"https:\/\/merk.hu\/en\/%f0%9f%93%8c-felelos-allattartas-palyazat\/\">\ud83d\udccc Responsible pet ownership competition<\/a><\/blockquote><iframe class=\"wp-embedded-content lazyload\" sandbox=\"allow-scripts\" security=\"restricted\" style=\"position: absolute; visibility: hidden;\" title=\"&quot;\ud83d\udccc Responsible animal husbandry tender&quot; - M\u00e9rk Nagyk\u00f6zs\u00e9g Municipality\" data-src=\"https:\/\/merk.hu\/%f0%9f%93%8c-felelos-allattartas-palyazat\/embed\/#?secret=tCxU1jHoYE#?secret=AcXs8v0Wpl\" data-secret=\"AcXs8v0Wpl\" width=\"600\" height=\"338\" frameborder=\"0\" marginwidth=\"0\" marginheight=\"0\" scrolling=\"no\" src=\"data:image\/svg+xml;base64,PHN2ZyB3aWR0aD0iMSIgaGVpZ2h0PSIxIiB4bWxucz0iaHR0cDovL3d3dy53My5vcmcvMjAwMC9zdmciPjwvc3ZnPg==\" data-load-mode=\"1\"><\/iframe><\/p><p><blockquote class=\"wp-embedded-content\" data-secret=\"wOVyKxHpEy\"><a href=\"https:\/\/merk.hu\/en\/%f0%9f%93%8c-keop-2009-2-1-2\/\">\ud83d\udccc KEOP-2009-2.1.2<\/a><\/blockquote><iframe class=\"wp-embedded-content lazyload\" sandbox=\"allow-scripts\" security=\"restricted\" style=\"position: absolute; visibility: hidden;\" title=\"&quot;\ud83d\udccc KEOP-2009-2.1.2&quot; - M\u00e9rk Nagyk\u00f6zs\u00e9g Municipality\" data-src=\"https:\/\/merk.hu\/%f0%9f%93%8c-keop-2009-2-1-2\/embed\/#?secret=Ca4JBK8ona#?secret=wOVyKxHpEy\" data-secret=\"wOVyKxHpEy\" width=\"600\" height=\"338\" frameborder=\"0\" marginwidth=\"0\" marginheight=\"0\" scrolling=\"no\" src=\"data:image\/svg+xml;base64,PHN2ZyB3aWR0aD0iMSIgaGVpZ2h0PSIxIiB4bWxucz0iaHR0cDovL3d3dy53My5vcmcvMjAwMC9zdmciPjwvc3ZnPg==\" data-load-mode=\"1\"><\/iframe><\/p><p><blockquote class=\"wp-embedded-content\" data-secret=\"7E1nTi7kNr\"><a href=\"https:\/\/merk.hu\/en\/%f0%9f%93%8c-keop-4-10-0-n-14-2014-0332\/\">\ud83d\udccc KEOP-4.10.0\/N\/14-2014-0332<\/a><\/blockquote><iframe class=\"wp-embedded-content lazyload\" sandbox=\"allow-scripts\" security=\"restricted\" style=\"position: absolute; visibility: hidden;\" title=\"&quot;\ud83d\udccc KEOP-4.10.0\/N\/14-2014-0332&quot; - M\u00e9rk Nagyk\u00f6zs\u00e9g Municipality\" data-src=\"https:\/\/merk.hu\/%f0%9f%93%8c-keop-4-10-0-n-14-2014-0332\/embed\/#?secret=H8fisLpBmH#?secret=7E1nTi7kNr\" data-secret=\"7E1nTi7kNr\" width=\"600\" height=\"338\" frameborder=\"0\" marginwidth=\"0\" marginheight=\"0\" scrolling=\"no\" src=\"data:image\/svg+xml;base64,PHN2ZyB3aWR0aD0iMSIgaGVpZ2h0PSIxIiB4bWxucz0iaHR0cDovL3d3dy53My5vcmcvMjAwMC9zdmciPjwvc3ZnPg==\" data-load-mode=\"1\"><\/iframe><\/p><p><blockquote class=\"wp-embedded-content\" data-secret=\"Fc1LvCJJbd\"><a href=\"https:\/\/merk.hu\/en\/%f0%9f%93%8c-kofop-1-2-1-vekop-16-2017-00878\/\">\ud83d\udccc K\u00d6FOP-1.2.1-VEKOP-16-2017-00878<\/a><\/blockquote><iframe class=\"wp-embedded-content lazyload\" sandbox=\"allow-scripts\" security=\"restricted\" style=\"position: absolute; visibility: hidden;\" title=\"&quot;\ud83d\udccc K\u00d6FOP-1.2.1-VEKOP-16-2017-00878&quot; - M\u00e9rk Nagyk\u00f6zs\u00e9g Municipality\" data-src=\"https:\/\/merk.hu\/%f0%9f%93%8c-kofop-1-2-1-vekop-16-2017-00878\/embed\/#?secret=xDCjKPwXmZ#?secret=Fc1LvCJJbd\" data-secret=\"Fc1LvCJJbd\" width=\"600\" height=\"338\" frameborder=\"0\" marginwidth=\"0\" marginheight=\"0\" scrolling=\"no\" src=\"data:image\/svg+xml;base64,PHN2ZyB3aWR0aD0iMSIgaGVpZ2h0PSIxIiB4bWxucz0iaHR0cDovL3d3dy53My5vcmcvMjAwMC9zdmciPjwvc3ZnPg==\" data-load-mode=\"1\"><\/iframe><\/p><p><blockquote class=\"wp-embedded-content\" data-secret=\"G0uPcyf2n5\"><a href=\"https:\/\/merk.hu\/en\/%f0%9f%93%8c-mfp-fft-2019\/\">\ud83d\udccc MFP-FFT\/2019<\/a><\/blockquote><iframe class=\"wp-embedded-content lazyload\" sandbox=\"allow-scripts\" security=\"restricted\" style=\"position: absolute; visibility: hidden;\" title=\"&quot;\ud83d\udccc MFP-FFT\/2019&quot; - M\u00e9rk Nagyk\u00f6zs\u00e9g Municipality\" data-src=\"https:\/\/merk.hu\/%f0%9f%93%8c-mfp-fft-2019\/embed\/#?secret=1EiDEAWd3o#?secret=G0uPcyf2n5\" data-secret=\"G0uPcyf2n5\" width=\"600\" height=\"338\" frameborder=\"0\" marginwidth=\"0\" marginheight=\"0\" scrolling=\"no\" src=\"data:image\/svg+xml;base64,PHN2ZyB3aWR0aD0iMSIgaGVpZ2h0PSIxIiB4bWxucz0iaHR0cDovL3d3dy53My5vcmcvMjAwMC9zdmciPjwvc3ZnPg==\" data-load-mode=\"1\"><\/iframe><\/p><p><blockquote class=\"wp-embedded-content\" data-secret=\"wM0SZfviSC\"><a href=\"https:\/\/merk.hu\/en\/%f0%9f%93%8c-mfp-ojf-2020-ovodai-jatszoudvar-es-kozteruleti-jatszoter-fejlesztese\/\">\ud83d\udccc MFP-OJF\/2020 Development of a kindergarten playground and public playground<\/a><\/blockquote><iframe class=\"wp-embedded-content lazyload\" sandbox=\"allow-scripts\" security=\"restricted\" style=\"position: absolute; visibility: hidden;\" title=\"&quot;\ud83d\udccc MFP-OJF\/2020 Development of a kindergarten playground and public playground&quot; - M\u00e9rk Nagyk\u00f6zs\u00e9g Municipality\" data-src=\"https:\/\/merk.hu\/%f0%9f%93%8c-mfp-ojf-2020-ovodai-jatszoudvar-es-kozteruleti-jatszoter-fejlesztese\/embed\/#?secret=NAaHL1mbYB#?secret=wM0SZfviSC\" data-secret=\"wM0SZfviSC\" width=\"600\" height=\"338\" frameborder=\"0\" marginwidth=\"0\" marginheight=\"0\" scrolling=\"no\" src=\"data:image\/svg+xml;base64,PHN2ZyB3aWR0aD0iMSIgaGVpZ2h0PSIxIiB4bWxucz0iaHR0cDovL3d3dy53My5vcmcvMjAwMC9zdmciPjwvc3ZnPg==\" data-load-mode=\"1\"><\/iframe><\/p><p><blockquote class=\"wp-embedded-content\" data-secret=\"hPYP4EMy7q\"><a href=\"https:\/\/merk.hu\/en\/%f0%9f%93%8c-mfp-otik-2021-onkormanyzati-tulajdonban-levo-ingatlanok-fejlesztese\/\">\ud83d\udccc MFP-\u00d6TIK\/2021 Development of municipally-owned properties<\/a><\/blockquote><iframe class=\"wp-embedded-content lazyload\" sandbox=\"allow-scripts\" security=\"restricted\" style=\"position: absolute; visibility: hidden;\" title=\"&quot;\ud83d\udccc MFP-\u00d6TIK\/2021 Development of Municipal Property&quot; - M\u00e9rk Nagyk\u00f6zs\u00e9g Municipality\" data-src=\"https:\/\/merk.hu\/%f0%9f%93%8c-mfp-otik-2021-onkormanyzati-tulajdonban-levo-ingatlanok-fejlesztese\/embed\/#?secret=ZCXnmaKdjH#?secret=hPYP4EMy7q\" data-secret=\"hPYP4EMy7q\" width=\"600\" height=\"338\" frameborder=\"0\" marginwidth=\"0\" marginheight=\"0\" scrolling=\"no\" src=\"data:image\/svg+xml;base64,PHN2ZyB3aWR0aD0iMSIgaGVpZ2h0PSIxIiB4bWxucz0iaHR0cDovL3d3dy53My5vcmcvMjAwMC9zdmciPjwvc3ZnPg==\" data-load-mode=\"1\"><\/iframe><\/p><p><blockquote class=\"wp-embedded-content\" data-secret=\"FRIfxUgSH0\"><a href=\"https:\/\/merk.hu\/en\/mfp-otu-2020\/\">\ud83d\udccc MFP-\u00d6TU\/2020<\/a><\/blockquote><iframe class=\"wp-embedded-content lazyload\" sandbox=\"allow-scripts\" security=\"restricted\" style=\"position: absolute; visibility: hidden;\" title=\"&quot;\ud83d\udccc MFP-\u00d6TU\/2020&quot; - M\u00e9rk Nagyk\u00f6zs\u00e9g Municipality\" data-src=\"https:\/\/merk.hu\/mfp-otu-2020\/embed\/#?secret=KumdToDpBO#?secret=FRIfxUgSH0\" data-secret=\"FRIfxUgSH0\" width=\"600\" height=\"338\" frameborder=\"0\" marginwidth=\"0\" marginheight=\"0\" scrolling=\"no\" src=\"data:image\/svg+xml;base64,PHN2ZyB3aWR0aD0iMSIgaGVpZ2h0PSIxIiB4bWxucz0iaHR0cDovL3d3dy53My5vcmcvMjAwMC9zdmciPjwvc3ZnPg==\" data-load-mode=\"1\"><\/iframe><\/p><p><blockquote class=\"wp-embedded-content\" data-secret=\"QDApHhhvma\"><a href=\"https:\/\/merk.hu\/en\/%f0%9f%93%8c-tiop-1-1-1-07-1-2008-0163\/\">\ud83d\udccc TIOP-1.1.1-07\/1-2008-0163<\/a><\/blockquote><iframe class=\"wp-embedded-content lazyload\" sandbox=\"allow-scripts\" security=\"restricted\" style=\"position: absolute; visibility: hidden;\" title=\"&quot;\ud83d\udccc TIOP-1.1.1-07\/1-2008-0163&quot; - M\u00e9rk Nagyk\u00f6zs\u00e9g Municipality\" data-src=\"https:\/\/merk.hu\/%f0%9f%93%8c-tiop-1-1-1-07-1-2008-0163\/embed\/#?secret=8F0Yfx5tNy#?secret=QDApHhhvma\" data-secret=\"QDApHhhvma\" width=\"600\" height=\"338\" frameborder=\"0\" marginwidth=\"0\" marginheight=\"0\" scrolling=\"no\" src=\"data:image\/svg+xml;base64,PHN2ZyB3aWR0aD0iMSIgaGVpZ2h0PSIxIiB4bWxucz0iaHR0cDovL3d3dy53My5vcmcvMjAwMC9zdmciPjwvc3ZnPg==\" data-load-mode=\"1\"><\/iframe><\/p><p><blockquote class=\"wp-embedded-content\" data-secret=\"rS16Jgngk1\"><a href=\"https:\/\/merk.hu\/en\/%f0%9f%93%8c-top-1-1-3-15-sb1-2016-00014\/\">\ud83d\udccc TOP-1.1.3-15-SB1-2016-00014<\/a><\/blockquote><iframe class=\"wp-embedded-content lazyload\" sandbox=\"allow-scripts\" security=\"restricted\" style=\"position: absolute; visibility: hidden;\" title=\"&quot;\ud83d\udccc TOP-1.1.3-15-SB1-2016-00014&quot; - M\u00e9rk Nagyk\u00f6zs\u00e9g Municipality\" data-src=\"https:\/\/merk.hu\/%f0%9f%93%8c-top-1-1-3-15-sb1-2016-00014\/embed\/#?secret=pTEKVJEUTb#?secret=rS16Jgngk1\" data-secret=\"rS16Jgngk1\" width=\"600\" height=\"338\" frameborder=\"0\" marginwidth=\"0\" marginheight=\"0\" scrolling=\"no\" src=\"data:image\/svg+xml;base64,PHN2ZyB3aWR0aD0iMSIgaGVpZ2h0PSIxIiB4bWxucz0iaHR0cDovL3d3dy53My5vcmcvMjAwMC9zdmciPjwvc3ZnPg==\" data-load-mode=\"1\"><\/iframe><\/p><p><blockquote class=\"wp-embedded-content\" data-secret=\"eUlj3ZBM8k\"><a href=\"https:\/\/merk.hu\/en\/%f0%9f%93%8c-top-2-1-3-15-sb1-2016-00022\/\">\ud83d\udccc TOP-2.1.3-15-SB1-2016-00022<\/a><\/blockquote><iframe class=\"wp-embedded-content lazyload\" sandbox=\"allow-scripts\" security=\"restricted\" style=\"position: absolute; visibility: hidden;\" title=\"&quot;\ud83d\udccc TOP-2.1.3-15-SB1-2016-00022&quot; - M\u00e9rk Nagyk\u00f6zs\u00e9g Municipality\" data-src=\"https:\/\/merk.hu\/%f0%9f%93%8c-top-2-1-3-15-sb1-2016-00022\/embed\/#?secret=nQBykN1VRD#?secret=eUlj3ZBM8k\" data-secret=\"eUlj3ZBM8k\" width=\"600\" height=\"338\" frameborder=\"0\" marginwidth=\"0\" marginheight=\"0\" scrolling=\"no\" src=\"data:image\/svg+xml;base64,PHN2ZyB3aWR0aD0iMSIgaGVpZ2h0PSIxIiB4bWxucz0iaHR0cDovL3d3dy53My5vcmcvMjAwMC9zdmciPjwvc3ZnPg==\" data-load-mode=\"1\"><\/iframe><\/p><p><blockquote class=\"wp-embedded-content\" data-secret=\"Y0jdYUInpv\"><a href=\"https:\/\/merk.hu\/en\/%f0%9f%93%8c-top-4-1-1-15-sb1-2016-00068\/\">\ud83d\udccc TOP-4.1.1-15-SB1-2016-00068<\/a><\/blockquote><iframe class=\"wp-embedded-content lazyload\" sandbox=\"allow-scripts\" security=\"restricted\" style=\"position: absolute; visibility: hidden;\" title=\"&quot;\ud83d\udccc TOP-4.1.1-15-SB1-2016-00068&quot; - M\u00e9rk Nagyk\u00f6zs\u00e9g Municipality\" data-src=\"https:\/\/merk.hu\/%f0%9f%93%8c-top-4-1-1-15-sb1-2016-00068\/embed\/#?secret=icmKFc8EYZ#?secret=Y0jdYUInpv\" data-secret=\"Y0jdYUInpv\" width=\"600\" height=\"338\" frameborder=\"0\" marginwidth=\"0\" marginheight=\"0\" scrolling=\"no\" src=\"data:image\/svg+xml;base64,PHN2ZyB3aWR0aD0iMSIgaGVpZ2h0PSIxIiB4bWxucz0iaHR0cDovL3d3dy53My5vcmcvMjAwMC9zdmciPjwvc3ZnPg==\" data-load-mode=\"1\"><\/iframe><\/p>\t\t\t\t\t\t\t\t<\/div>\n\t\t\t\t<\/div>\n\t\t\t\t\t<\/div>\n\t\t\t\t<\/div>\n\t\t\t\t<\/div>","protected":false},"excerpt":{"rendered":"<p>\ud83d\udccc Responsible animal husbandry tender \ud83d\udccc KEOP-2009-2.1.2 \ud83d\udccc KEOP-4.10.0\/N\/14-2014-0332 \ud83d\udccc K\u00d6FOP-1.2.1-VEKOP-16-2017-00878 \ud83d\udccc MFP-FFT\/2019 \ud83d\udccc MFP-OJF\/2020 Development of a kindergarten playground and public playground \ud83d\udccc MFP-\u00d6TIK\/2021 Development of municipally owned real estate \ud83d\udccc MFP-\u00d6TU\/2020 \ud83d\udccc TIOP-1.1.1-07\/1-2008-0163 \ud83d\udccc TOP-1.1.3-15-SB1-2016-00014 \ud83d\udccc TOP-2.1.3-15-SB1-2016-00022 \ud83d\udccc TOP-4.1.1-15-SB1-2016-00068<\/p>","protected":false},"author":4,"featured_media":0,"parent":0,"menu_order":0,"comment_status":"closed","ping_status":"closed","template":"","meta":{"footnotes":""},"class_list":["post-2277","page","type-page","status-publish","hentry"],"yoast_head":"<!-- This site is optimized with the Yoast SEO plugin v27.4 - https:\/\/yoast.com\/product\/yoast-seo-wordpress\/ -->\n<title>P\u00e1ly\u00e1zatok - M\u00e9rk Nagyk\u00f6zs\u00e9g \u00d6nkorm\u00e1nyzat<\/title>\n<meta name=\"robots\" content=\"index, follow, max-snippet:-1, max-image-preview:large, max-video-preview:-1\" \/>\n<link rel=\"canonical\" href=\"https:\/\/merk.hu\/en\/palyazatok\/\" \/>\n<meta property=\"og:locale\" content=\"en_US\" \/>\n<meta property=\"og:type\" content=\"article\" \/>\n<meta property=\"og:title\" content=\"P\u00e1ly\u00e1zatok - M\u00e9rk Nagyk\u00f6zs\u00e9g \u00d6nkorm\u00e1nyzat\" \/>\n<meta property=\"og:description\" content=\"\ud83d\udccc Felel\u0151s \u00e1llattart\u00e1s p\u00e1ly\u00e1zat \ud83d\udccc KEOP-2009-2.1.2 \ud83d\udccc KEOP-4.10.0\/N\/14-2014-0332 \ud83d\udccc K\u00d6FOP-1.2.1-VEKOP-16-2017-00878 \ud83d\udccc MFP-FFT\/2019 \ud83d\udccc MFP-OJF\/2020 \u00d3vodai j\u00e1tsz\u00f3udvar \u00e9s k\u00f6zter\u00fcleti j\u00e1tsz\u00f3t\u00e9r fejleszt\u00e9se \ud83d\udccc MFP-\u00d6TIK\/2021 \u00d6nkorm\u00e1nyzati tulajdonban l\u00e9v\u0151 ingatlanok fejleszt\u00e9se \ud83d\udccc MFP-\u00d6TU\/2020 \ud83d\udccc TIOP-1.1.1-07\/1-2008-0163 \ud83d\udccc TOP-1.1.3-15-SB1-2016-00014 \ud83d\udccc TOP-2.1.3-15-SB1-2016-00022 \ud83d\udccc TOP-4.1.1-15-SB1-2016-00068\" \/>\n<meta property=\"og:url\" content=\"https:\/\/merk.hu\/en\/palyazatok\/\" \/>\n<meta property=\"og:site_name\" content=\"M\u00e9rk Nagyk\u00f6zs\u00e9g \u00d6nkorm\u00e1nyzat\" \/>\n<meta property=\"article:modified_time\" content=\"2025-02-24T09:35:48+00:00\" \/>\n<meta name=\"twitter:card\" content=\"summary_large_image\" \/>\n<meta name=\"twitter:label1\" content=\"Est. reading time\" \/>\n\t<meta name=\"twitter:data1\" content=\"1 minute\" \/>\n<script type=\"application\/ld+json\" class=\"yoast-schema-graph\">{\"@context\":\"https:\\\/\\\/schema.org\",\"@graph\":[{\"@type\":\"WebPage\",\"@id\":\"https:\\\/\\\/merk.hu\\\/palyazatok\\\/\",\"url\":\"https:\\\/\\\/merk.hu\\\/palyazatok\\\/\",\"name\":\"P\u00e1ly\u00e1zatok - M\u00e9rk Nagyk\u00f6zs\u00e9g \u00d6nkorm\u00e1nyzat\",\"isPartOf\":{\"@id\":\"https:\\\/\\\/merk.hu\\\/#website\"},\"datePublished\":\"2025-02-23T20:31:07+00:00\",\"dateModified\":\"2025-02-24T09:35:48+00:00\",\"breadcrumb\":{\"@id\":\"https:\\\/\\\/merk.hu\\\/palyazatok\\\/#breadcrumb\"},\"inLanguage\":\"en-US\",\"potentialAction\":[{\"@type\":\"ReadAction\",\"target\":[\"https:\\\/\\\/merk.hu\\\/palyazatok\\\/\"]}]},{\"@type\":\"BreadcrumbList\",\"@id\":\"https:\\\/\\\/merk.hu\\\/palyazatok\\\/#breadcrumb\",\"itemListElement\":[{\"@type\":\"ListItem\",\"position\":1,\"name\":\"Kezd\u0151lap\",\"item\":\"https:\\\/\\\/merk.hu\\\/\"},{\"@type\":\"ListItem\",\"position\":2,\"name\":\"P\u00e1ly\u00e1zatok\"}]},{\"@type\":\"WebSite\",\"@id\":\"https:\\\/\\\/merk.hu\\\/#website\",\"url\":\"https:\\\/\\\/merk.hu\\\/\",\"name\":\"M\u00e9rk Nagyk\u00f6zs\u00e9g \u00d6nkorm\u00e1nyzat\",\"description\":\"M\u00e9rk Nagyk\u00f6zs\u00e9g \u00d6nkorm\u00e1nyzat\",\"publisher\":{\"@id\":\"https:\\\/\\\/merk.hu\\\/#organization\"},\"potentialAction\":[{\"@type\":\"SearchAction\",\"target\":{\"@type\":\"EntryPoint\",\"urlTemplate\":\"https:\\\/\\\/merk.hu\\\/?s={search_term_string}\"},\"query-input\":{\"@type\":\"PropertyValueSpecification\",\"valueRequired\":true,\"valueName\":\"search_term_string\"}}],\"inLanguage\":\"en-US\"},{\"@type\":\"Organization\",\"@id\":\"https:\\\/\\\/merk.hu\\\/#organization\",\"name\":\"M\u00e9rk Nagyk\u00f6zs\u00e9g \u00d6nkorm\u00e1nyzat\",\"url\":\"https:\\\/\\\/merk.hu\\\/\",\"logo\":{\"@type\":\"ImageObject\",\"inLanguage\":\"en-US\",\"@id\":\"https:\\\/\\\/merk.hu\\\/#\\\/schema\\\/logo\\\/image\\\/\",\"url\":\"https:\\\/\\\/merk.hu\\\/wp-content\\\/uploads\\\/2021\\\/02\\\/cimer.jpg\",\"contentUrl\":\"https:\\\/\\\/merk.hu\\\/wp-content\\\/uploads\\\/2021\\\/02\\\/cimer.jpg\",\"width\":200,\"height\":208,\"caption\":\"M\u00e9rk Nagyk\u00f6zs\u00e9g \u00d6nkorm\u00e1nyzat\"},\"image\":{\"@id\":\"https:\\\/\\\/merk.hu\\\/#\\\/schema\\\/logo\\\/image\\\/\"}}]}<\/script>\n<!-- \/ Yoast SEO plugin. -->","yoast_head_json":{"title":"P\u00e1ly\u00e1zatok - M\u00e9rk Nagyk\u00f6zs\u00e9g \u00d6nkorm\u00e1nyzat","robots":{"index":"index","follow":"follow","max-snippet":"max-snippet:-1","max-image-preview":"max-image-preview:large","max-video-preview":"max-video-preview:-1"},"canonical":"https:\/\/merk.hu\/en\/palyazatok\/","og_locale":"en_US","og_type":"article","og_title":"P\u00e1ly\u00e1zatok - M\u00e9rk Nagyk\u00f6zs\u00e9g \u00d6nkorm\u00e1nyzat","og_description":"\ud83d\udccc Felel\u0151s \u00e1llattart\u00e1s p\u00e1ly\u00e1zat \ud83d\udccc KEOP-2009-2.1.2 \ud83d\udccc KEOP-4.10.0\/N\/14-2014-0332 \ud83d\udccc K\u00d6FOP-1.2.1-VEKOP-16-2017-00878 \ud83d\udccc MFP-FFT\/2019 \ud83d\udccc MFP-OJF\/2020 \u00d3vodai j\u00e1tsz\u00f3udvar \u00e9s k\u00f6zter\u00fcleti j\u00e1tsz\u00f3t\u00e9r fejleszt\u00e9se \ud83d\udccc MFP-\u00d6TIK\/2021 \u00d6nkorm\u00e1nyzati tulajdonban l\u00e9v\u0151 ingatlanok fejleszt\u00e9se \ud83d\udccc MFP-\u00d6TU\/2020 \ud83d\udccc TIOP-1.1.1-07\/1-2008-0163 \ud83d\udccc TOP-1.1.3-15-SB1-2016-00014 \ud83d\udccc TOP-2.1.3-15-SB1-2016-00022 \ud83d\udccc TOP-4.1.1-15-SB1-2016-00068","og_url":"https:\/\/merk.hu\/en\/palyazatok\/","og_site_name":"M\u00e9rk Nagyk\u00f6zs\u00e9g \u00d6nkorm\u00e1nyzat","article_modified_time":"2025-02-24T09:35:48+00:00","twitter_card":"summary_large_image","twitter_misc":{"Est. reading time":"1 minute"},"schema":{"@context":"https:\/\/schema.org","@graph":[{"@type":"WebPage","@id":"https:\/\/merk.hu\/palyazatok\/","url":"https:\/\/merk.hu\/palyazatok\/","name":"P\u00e1ly\u00e1zatok - M\u00e9rk Nagyk\u00f6zs\u00e9g \u00d6nkorm\u00e1nyzat","isPartOf":{"@id":"https:\/\/merk.hu\/#website"},"datePublished":"2025-02-23T20:31:07+00:00","dateModified":"2025-02-24T09:35:48+00:00","breadcrumb":{"@id":"https:\/\/merk.hu\/palyazatok\/#breadcrumb"},"inLanguage":"en-US","potentialAction":[{"@type":"ReadAction","target":["https:\/\/merk.hu\/palyazatok\/"]}]},{"@type":"BreadcrumbList","@id":"https:\/\/merk.hu\/palyazatok\/#breadcrumb","itemListElement":[{"@type":"ListItem","position":1,"name":"Kezd\u0151lap","item":"https:\/\/merk.hu\/"},{"@type":"ListItem","position":2,"name":"P\u00e1ly\u00e1zatok"}]},{"@type":"WebSite","@id":"https:\/\/merk.hu\/#website","url":"https:\/\/merk.hu\/","name":"Municipality of M\u00e9rk Nagyk\u00f6zs\u00e9g","description":"Municipality of M\u00e9rk Nagyk\u00f6zs\u00e9g","publisher":{"@id":"https:\/\/merk.hu\/#organization"},"potentialAction":[{"@type":"SearchAction","target":{"@type":"EntryPoint","urlTemplate":"https:\/\/merk.hu\/?s={search_term_string}"},"query-input":{"@type":"PropertyValueSpecification","valueRequired":true,"valueName":"search_term_string"}}],"inLanguage":"en-US"},{"@type":"Organization","@id":"https:\/\/merk.hu\/#organization","name":"Municipality of M\u00e9rk Nagyk\u00f6zs\u00e9g","url":"https:\/\/merk.hu\/","logo":{"@type":"ImageObject","inLanguage":"en-US","@id":"https:\/\/merk.hu\/#\/schema\/logo\/image\/","url":"https:\/\/merk.hu\/wp-content\/uploads\/2021\/02\/cimer.jpg","contentUrl":"https:\/\/merk.hu\/wp-content\/uploads\/2021\/02\/cimer.jpg","width":200,"height":208,"caption":"M\u00e9rk Nagyk\u00f6zs\u00e9g \u00d6nkorm\u00e1nyzat"},"image":{"@id":"https:\/\/merk.hu\/#\/schema\/logo\/image\/"}}]}},"_links":{"self":[{"href":"https:\/\/merk.hu\/en\/wp-json\/wp\/v2\/pages\/2277","targetHints":{"allow":["GET"]}}],"collection":[{"href":"https:\/\/merk.hu\/en\/wp-json\/wp\/v2\/pages"}],"about":[{"href":"https:\/\/merk.hu\/en\/wp-json\/wp\/v2\/types\/page"}],"author":[{"embeddable":true,"href":"https:\/\/merk.hu\/en\/wp-json\/wp\/v2\/users\/4"}],"replies":[{"embeddable":true,"href":"https:\/\/merk.hu\/en\/wp-json\/wp\/v2\/comments?post=2277"}],"version-history":[{"count":0,"href":"https:\/\/merk.hu\/en\/wp-json\/wp\/v2\/pages\/2277\/revisions"}],"wp:attachment":[{"href":"https:\/\/merk.hu\/en\/wp-json\/wp\/v2\/media?parent=2277"}],"curies":[{"name":"wp","href":"https:\/\/api.w.org\/{rel}","templated":true}]}}