{"id":2208,"date":"2025-02-22T21:47:02","date_gmt":"2025-02-22T20:47:02","guid":{"rendered":"https:\/\/merk.hu\/?page_id=2208"},"modified":"2025-02-23T21:47:52","modified_gmt":"2025-02-23T20:47:52","slug":"onkormanyzat","status":"publish","type":"page","link":"https:\/\/merk.hu\/en\/onkormanyzat\/","title":{"rendered":"Local government"},"content":{"rendered":"<div data-elementor-type=\"wp-page\" data-elementor-id=\"2208\" class=\"elementor elementor-2208\" data-elementor-post-type=\"page\">\n\t\t\t\t<div class=\"elementor-element elementor-element-8df583d e-flex e-con-boxed e-con e-parent\" data-id=\"8df583d\" data-element_type=\"container\" data-e-type=\"container\">\n\t\t\t\t\t<div class=\"e-con-inner\">\n\t\t\t\t\t<\/div>\n\t\t\t\t<\/div>\n\t\t<div class=\"elementor-element elementor-element-974d402 e-flex e-con-boxed e-con e-parent\" data-id=\"974d402\" data-element_type=\"container\" data-e-type=\"container\">\n\t\t\t\t\t<div class=\"e-con-inner\">\n\t\t\t\t<div class=\"elementor-element elementor-element-cda40ea elementor-widget elementor-widget-text-editor\" data-id=\"cda40ea\" data-element_type=\"widget\" data-e-type=\"widget\" data-widget_type=\"text-editor.default\">\n\t\t\t\t<div class=\"elementor-widget-container\">\n\t\t\t\t\t\t\t\t\t<p><strong>Members of the Council:<\/strong><\/p>\n<p><!-- \/wp:paragraph --><!-- wp:paragraph --><\/p>\n<p>Guszt\u00e1v Filep Mayor<!-- \/wp:paragraph --><!-- wp:paragraph --><\/p>\n<p>Magyarics Anita Deputy Mayor<!-- \/wp:paragraph --><!-- wp:paragraph --><\/p>\n<p>Alfr\u00e9d Haga MEP<\/p>\n<p>Ferenc J\u00f3n\u00e1s MEP<\/p>\n<p>Tibor K\u00e9pir\u00f3 MEP<\/p>\n<p>Szak\u00e1cs Erika MEP<\/p>\n<p>Tibor T\u00f3th MEP<\/p>\n<p>\u00a0<\/p>\n<p><strong>Reception days:<\/strong><\/p>\n<p>Mayor: M\u00e9rk, Hunyadi utca 45. Monday, Wednesday: 09:00-11:30<\/p>\n<p>Deputy Mayor: M\u00e9rk Hunyadi utca 45. Last Wednesday of every month: 13:00-15:00<\/p>\n<p>Registrar: M\u00e9rk, Hunyadi utca 45. Thursday: 09:00-11:00<\/p>\n<p>\u00a0<\/p>\n<p><!-- \/wp:paragraph --><!-- wp:paragraph --><!-- \/wp:paragraph --><!-- wp:paragraph --><\/p>\n<p><!-- \/wp:paragraph --><!-- wp:paragraph --><\/p>\n<p><strong>Finance Committee:<\/strong><\/p>\n<p>Erika Szak\u00e1cs Committee Chair<\/p>\n<p>Tibor K\u00e9pir\u00f3 Committee member<\/p>\n<p>Tibor T\u00f3th Committee member<\/p>\n<p>\u00a0<\/p>\n<p><strong>Committee on Conflicts of Interest, Asset Disclosure and Control:<\/strong><\/p>\n<p><!-- \/wp:paragraph --><!-- wp:paragraph --><\/p>\n<p>Tibor T\u00f3th Committee Chairman<\/p>\n<p>Alfr\u00e9d Haga Committee member<!-- \/wp:paragraph --><!-- wp:paragraph --><\/p>\n<p>Ferenc J\u00f3n\u00e1s Committee member<\/p>\n<p>\u00a0<\/p>\n<p><strong>German Nationality Municipality:<\/strong><\/p>\n<p>Le\u00f3 Csaba Galambos President<\/p>\n<p>Adrienn Schupler Vice-President<\/p>\n<p>Galabos D\u00f3ra member<\/p>\n<p>\u00a0<\/p>\n<p><strong>Gypsy Nationality Municipality:<\/strong><\/p>\n<p>Mrs Oszk\u00e1r Ruha President<\/p>\n<p>Valentin Ruha Vice-President<\/p>\n<p>Gabriella Konc\u00e1nyi MEP<\/p>\n<p>Nat\u00e1lia Konc\u00e1nyi MEP<\/p>\n<p>Murzsa Zita MEP<\/p>\n<p><strong>A body responsible for overseeing the application of the law:<\/strong><\/p>\n<p>Szabolcs-Szatm\u00e1r-Bereg County Government Office<\/p>\n<p>Ny\u00edregyh\u00e1za H\u0151s\u00f6k tere 5.<\/p>\n<p>+36 44 599 300<\/p>\n<p><!-- \/wp:paragraph --><!-- wp:paragraph --><!-- \/wp:paragraph --><\/p>\t\t\t\t\t\t\t\t<\/div>\n\t\t\t\t<\/div>\n\t\t\t\t\t<\/div>\n\t\t\t\t<\/div>\n\t\t\t\t<\/div>","protected":false},"excerpt":{"rendered":"<p>K\u00e9pvisel\u0151-test\u00fclet tagjai: Filep Guszt\u00e1v polg\u00e1rmester Magyarics Anita alpolg\u00e1rmester Haga Alfr\u00e9d k\u00e9pvisel\u0151 J\u00f3n\u00e1s Ferenc k\u00e9pvisel\u0151 K\u00e9pir\u00f3 Tibor k\u00e9pvisel\u0151 Szak\u00e1cs Erika k\u00e9pvisel\u0151 T\u00f3th Tibor k\u00e9pvisel\u0151 \u00a0 Fogad\u00f3napok: Polg\u00e1rmester: M\u00e9rk, Hunyadi utca 45. Hetf\u0151, szerda: 09:00-11:30 Alpolg\u00e1rmester: M\u00e9rk Hunyadi utca 45. Minden h\u00f3nap utols\u00f3 szerd\u00e1j\u00e1n: 13:00-15:00 Jegyz\u0151: M\u00e9rk, Hunyadi utca 45. Cs\u00fct\u00f6rt\u00f6k: 09:00-11:00 \u00a0 P\u00e9nz\u00fcgyi Bizotts\u00e1g: Szak\u00e1cs Erika [&hellip;]<\/p>\n","protected":false},"author":4,"featured_media":0,"parent":0,"menu_order":0,"comment_status":"closed","ping_status":"closed","template":"","meta":{"footnotes":""},"class_list":["post-2208","page","type-page","status-publish","hentry"],"yoast_head":"<!-- This site is optimized with the Yoast SEO plugin v27.4 - https:\/\/yoast.com\/product\/yoast-seo-wordpress\/ -->\n<title>\u00d6nkorm\u00e1nyzat - M\u00e9rk Nagyk\u00f6zs\u00e9g \u00d6nkorm\u00e1nyzat<\/title>\n<meta name=\"robots\" content=\"index, follow, max-snippet:-1, max-image-preview:large, max-video-preview:-1\" \/>\n<link rel=\"canonical\" href=\"https:\/\/merk.hu\/en\/onkormanyzat\/\" \/>\n<meta property=\"og:locale\" content=\"en_US\" \/>\n<meta property=\"og:type\" content=\"article\" \/>\n<meta property=\"og:title\" content=\"\u00d6nkorm\u00e1nyzat - M\u00e9rk Nagyk\u00f6zs\u00e9g \u00d6nkorm\u00e1nyzat\" \/>\n<meta property=\"og:description\" content=\"K\u00e9pvisel\u0151-test\u00fclet tagjai: Filep Guszt\u00e1v polg\u00e1rmester Magyarics Anita alpolg\u00e1rmester Haga Alfr\u00e9d k\u00e9pvisel\u0151 J\u00f3n\u00e1s Ferenc k\u00e9pvisel\u0151 K\u00e9pir\u00f3 Tibor k\u00e9pvisel\u0151 Szak\u00e1cs Erika k\u00e9pvisel\u0151 T\u00f3th Tibor k\u00e9pvisel\u0151 \u00a0 Fogad\u00f3napok: Polg\u00e1rmester: M\u00e9rk, Hunyadi utca 45. Hetf\u0151, szerda: 09:00-11:30 Alpolg\u00e1rmester: M\u00e9rk Hunyadi utca 45. Minden h\u00f3nap utols\u00f3 szerd\u00e1j\u00e1n: 13:00-15:00 Jegyz\u0151: M\u00e9rk, Hunyadi utca 45. Cs\u00fct\u00f6rt\u00f6k: 09:00-11:00 \u00a0 P\u00e9nz\u00fcgyi Bizotts\u00e1g: Szak\u00e1cs Erika [&hellip;]\" \/>\n<meta property=\"og:url\" content=\"https:\/\/merk.hu\/en\/onkormanyzat\/\" \/>\n<meta property=\"og:site_name\" content=\"M\u00e9rk Nagyk\u00f6zs\u00e9g \u00d6nkorm\u00e1nyzat\" \/>\n<meta property=\"article:modified_time\" content=\"2025-02-23T20:47:52+00:00\" \/>\n<meta name=\"twitter:card\" content=\"summary_large_image\" \/>\n<meta name=\"twitter:label1\" content=\"Est. reading time\" \/>\n\t<meta name=\"twitter:data1\" content=\"1 minute\" \/>\n<script type=\"application\/ld+json\" class=\"yoast-schema-graph\">{\"@context\":\"https:\\\/\\\/schema.org\",\"@graph\":[{\"@type\":\"WebPage\",\"@id\":\"https:\\\/\\\/merk.hu\\\/onkormanyzat\\\/\",\"url\":\"https:\\\/\\\/merk.hu\\\/onkormanyzat\\\/\",\"name\":\"\u00d6nkorm\u00e1nyzat - M\u00e9rk Nagyk\u00f6zs\u00e9g \u00d6nkorm\u00e1nyzat\",\"isPartOf\":{\"@id\":\"https:\\\/\\\/merk.hu\\\/#website\"},\"datePublished\":\"2025-02-22T20:47:02+00:00\",\"dateModified\":\"2025-02-23T20:47:52+00:00\",\"breadcrumb\":{\"@id\":\"https:\\\/\\\/merk.hu\\\/onkormanyzat\\\/#breadcrumb\"},\"inLanguage\":\"en-US\",\"potentialAction\":[{\"@type\":\"ReadAction\",\"target\":[\"https:\\\/\\\/merk.hu\\\/onkormanyzat\\\/\"]}]},{\"@type\":\"BreadcrumbList\",\"@id\":\"https:\\\/\\\/merk.hu\\\/onkormanyzat\\\/#breadcrumb\",\"itemListElement\":[{\"@type\":\"ListItem\",\"position\":1,\"name\":\"Kezd\u0151lap\",\"item\":\"https:\\\/\\\/merk.hu\\\/\"},{\"@type\":\"ListItem\",\"position\":2,\"name\":\"\u00d6nkorm\u00e1nyzat\"}]},{\"@type\":\"WebSite\",\"@id\":\"https:\\\/\\\/merk.hu\\\/#website\",\"url\":\"https:\\\/\\\/merk.hu\\\/\",\"name\":\"M\u00e9rk Nagyk\u00f6zs\u00e9g \u00d6nkorm\u00e1nyzat\",\"description\":\"M\u00e9rk Nagyk\u00f6zs\u00e9g \u00d6nkorm\u00e1nyzat\",\"publisher\":{\"@id\":\"https:\\\/\\\/merk.hu\\\/#organization\"},\"potentialAction\":[{\"@type\":\"SearchAction\",\"target\":{\"@type\":\"EntryPoint\",\"urlTemplate\":\"https:\\\/\\\/merk.hu\\\/?s={search_term_string}\"},\"query-input\":{\"@type\":\"PropertyValueSpecification\",\"valueRequired\":true,\"valueName\":\"search_term_string\"}}],\"inLanguage\":\"en-US\"},{\"@type\":\"Organization\",\"@id\":\"https:\\\/\\\/merk.hu\\\/#organization\",\"name\":\"M\u00e9rk Nagyk\u00f6zs\u00e9g \u00d6nkorm\u00e1nyzat\",\"url\":\"https:\\\/\\\/merk.hu\\\/\",\"logo\":{\"@type\":\"ImageObject\",\"inLanguage\":\"en-US\",\"@id\":\"https:\\\/\\\/merk.hu\\\/#\\\/schema\\\/logo\\\/image\\\/\",\"url\":\"https:\\\/\\\/merk.hu\\\/wp-content\\\/uploads\\\/2021\\\/02\\\/cimer.jpg\",\"contentUrl\":\"https:\\\/\\\/merk.hu\\\/wp-content\\\/uploads\\\/2021\\\/02\\\/cimer.jpg\",\"width\":200,\"height\":208,\"caption\":\"M\u00e9rk Nagyk\u00f6zs\u00e9g \u00d6nkorm\u00e1nyzat\"},\"image\":{\"@id\":\"https:\\\/\\\/merk.hu\\\/#\\\/schema\\\/logo\\\/image\\\/\"}}]}<\/script>\n<!-- \/ Yoast SEO plugin. -->","yoast_head_json":{"title":"\u00d6nkorm\u00e1nyzat - M\u00e9rk Nagyk\u00f6zs\u00e9g \u00d6nkorm\u00e1nyzat","robots":{"index":"index","follow":"follow","max-snippet":"max-snippet:-1","max-image-preview":"max-image-preview:large","max-video-preview":"max-video-preview:-1"},"canonical":"https:\/\/merk.hu\/en\/onkormanyzat\/","og_locale":"en_US","og_type":"article","og_title":"\u00d6nkorm\u00e1nyzat - M\u00e9rk Nagyk\u00f6zs\u00e9g \u00d6nkorm\u00e1nyzat","og_description":"K\u00e9pvisel\u0151-test\u00fclet tagjai: Filep Guszt\u00e1v polg\u00e1rmester Magyarics Anita alpolg\u00e1rmester Haga Alfr\u00e9d k\u00e9pvisel\u0151 J\u00f3n\u00e1s Ferenc k\u00e9pvisel\u0151 K\u00e9pir\u00f3 Tibor k\u00e9pvisel\u0151 Szak\u00e1cs Erika k\u00e9pvisel\u0151 T\u00f3th Tibor k\u00e9pvisel\u0151 \u00a0 Fogad\u00f3napok: Polg\u00e1rmester: M\u00e9rk, Hunyadi utca 45. Hetf\u0151, szerda: 09:00-11:30 Alpolg\u00e1rmester: M\u00e9rk Hunyadi utca 45. Minden h\u00f3nap utols\u00f3 szerd\u00e1j\u00e1n: 13:00-15:00 Jegyz\u0151: M\u00e9rk, Hunyadi utca 45. Cs\u00fct\u00f6rt\u00f6k: 09:00-11:00 \u00a0 P\u00e9nz\u00fcgyi Bizotts\u00e1g: Szak\u00e1cs Erika [&hellip;]","og_url":"https:\/\/merk.hu\/en\/onkormanyzat\/","og_site_name":"M\u00e9rk Nagyk\u00f6zs\u00e9g \u00d6nkorm\u00e1nyzat","article_modified_time":"2025-02-23T20:47:52+00:00","twitter_card":"summary_large_image","twitter_misc":{"Est. reading time":"1 minute"},"schema":{"@context":"https:\/\/schema.org","@graph":[{"@type":"WebPage","@id":"https:\/\/merk.hu\/onkormanyzat\/","url":"https:\/\/merk.hu\/onkormanyzat\/","name":"\u00d6nkorm\u00e1nyzat - M\u00e9rk Nagyk\u00f6zs\u00e9g \u00d6nkorm\u00e1nyzat","isPartOf":{"@id":"https:\/\/merk.hu\/#website"},"datePublished":"2025-02-22T20:47:02+00:00","dateModified":"2025-02-23T20:47:52+00:00","breadcrumb":{"@id":"https:\/\/merk.hu\/onkormanyzat\/#breadcrumb"},"inLanguage":"en-US","potentialAction":[{"@type":"ReadAction","target":["https:\/\/merk.hu\/onkormanyzat\/"]}]},{"@type":"BreadcrumbList","@id":"https:\/\/merk.hu\/onkormanyzat\/#breadcrumb","itemListElement":[{"@type":"ListItem","position":1,"name":"Kezd\u0151lap","item":"https:\/\/merk.hu\/"},{"@type":"ListItem","position":2,"name":"\u00d6nkorm\u00e1nyzat"}]},{"@type":"WebSite","@id":"https:\/\/merk.hu\/#website","url":"https:\/\/merk.hu\/","name":"Municipality of M\u00e9rk Nagyk\u00f6zs\u00e9g","description":"Municipality of M\u00e9rk Nagyk\u00f6zs\u00e9g","publisher":{"@id":"https:\/\/merk.hu\/#organization"},"potentialAction":[{"@type":"SearchAction","target":{"@type":"EntryPoint","urlTemplate":"https:\/\/merk.hu\/?s={search_term_string}"},"query-input":{"@type":"PropertyValueSpecification","valueRequired":true,"valueName":"search_term_string"}}],"inLanguage":"en-US"},{"@type":"Organization","@id":"https:\/\/merk.hu\/#organization","name":"Municipality of M\u00e9rk Nagyk\u00f6zs\u00e9g","url":"https:\/\/merk.hu\/","logo":{"@type":"ImageObject","inLanguage":"en-US","@id":"https:\/\/merk.hu\/#\/schema\/logo\/image\/","url":"https:\/\/merk.hu\/wp-content\/uploads\/2021\/02\/cimer.jpg","contentUrl":"https:\/\/merk.hu\/wp-content\/uploads\/2021\/02\/cimer.jpg","width":200,"height":208,"caption":"M\u00e9rk Nagyk\u00f6zs\u00e9g \u00d6nkorm\u00e1nyzat"},"image":{"@id":"https:\/\/merk.hu\/#\/schema\/logo\/image\/"}}]}},"_links":{"self":[{"href":"https:\/\/merk.hu\/en\/wp-json\/wp\/v2\/pages\/2208","targetHints":{"allow":["GET"]}}],"collection":[{"href":"https:\/\/merk.hu\/en\/wp-json\/wp\/v2\/pages"}],"about":[{"href":"https:\/\/merk.hu\/en\/wp-json\/wp\/v2\/types\/page"}],"author":[{"embeddable":true,"href":"https:\/\/merk.hu\/en\/wp-json\/wp\/v2\/users\/4"}],"replies":[{"embeddable":true,"href":"https:\/\/merk.hu\/en\/wp-json\/wp\/v2\/comments?post=2208"}],"version-history":[{"count":0,"href":"https:\/\/merk.hu\/en\/wp-json\/wp\/v2\/pages\/2208\/revisions"}],"wp:attachment":[{"href":"https:\/\/merk.hu\/en\/wp-json\/wp\/v2\/media?parent=2208"}],"curies":[{"name":"wp","href":"https:\/\/api.w.org\/{rel}","templated":true}]}}