{"id":160,"date":"2021-02-01T19:44:04","date_gmt":"2021-02-01T19:44:04","guid":{"rendered":"https:\/\/merk.hu\/?page_id=160"},"modified":"2025-03-10T12:18:22","modified_gmt":"2025-03-10T11:18:22","slug":"%f0%9f%93%8c-intezmenyek","status":"publish","type":"page","link":"https:\/\/merk.hu\/en\/%f0%9f%93%8c-intezmenyek\/","title":{"rendered":"Institutions"},"content":{"rendered":"<div data-elementor-type=\"wp-page\" data-elementor-id=\"160\" class=\"elementor elementor-160\" data-elementor-post-type=\"page\">\n\t\t\t\t<div class=\"elementor-element elementor-element-4e6cd85f e-flex e-con-boxed e-con e-parent\" data-id=\"4e6cd85f\" data-element_type=\"container\" data-e-type=\"container\">\n\t\t\t\t\t<div class=\"e-con-inner\">\n\t\t\t\t<div class=\"elementor-element elementor-element-4efc916b elementor-widget elementor-widget-text-editor\" data-id=\"4efc916b\" data-element_type=\"widget\" data-e-type=\"widget\" data-widget_type=\"text-editor.default\">\n\t\t\t\t<div class=\"elementor-widget-container\">\n\t\t\t\t\t\t\t\t\t<table class=\"it\"><tbody><tr><td colspan=\"2\"><strong>Merki Rainbow Nursery School and House of Culture<\/strong><\/td><\/tr><tr><td width=\"150\">Title:<\/td><td>4352 M\u00e9rk, B\u00e9ke u. 17.<\/td><\/tr><tr><td>Telephone:<\/td><td>+36301304840<\/td><\/tr><tr><td>Web:<\/td><td><a href=\"http:\/\/www.merkiszivarvanyovoda.hu\/\" target=\"_blank\" rel=\"nofollow noopener\">www.merkiszivarvanyovoda.hu<\/a><\/td><\/tr><tr><td>Head of Institution:<\/td><td>Nagyn\u00e9 Szak\u00e1cs Anita Director<\/td><\/tr><tr><td>Description:<\/td><td><p>Capacity: 75 people.<\/p><p>Number of groups: 3.<\/p><p>Group names: Sunshine, Pooh Bear, Honeybee<\/p><p>Locations:<\/p><p>Merki House of Culture: 4352 M\u00e9rk, Hunyadi utca 94.<\/p><\/td><\/tr><\/tbody><\/table><center>\u00a0 <img decoding=\"async\" class=\"alignnone size-full wp-image-163 lazyload\" data-src=\"https:\/\/merk.hu\/wp-content\/uploads\/2021\/02\/ovoda-1-small.jpg\" alt=\"\" width=\"250\" height=\"188\" data-srcset=\"https:\/\/merk.hu\/wp-content\/uploads\/2021\/02\/ovoda-1-small.jpg 250w, https:\/\/merk.hu\/wp-content\/uploads\/2021\/02\/ovoda-1-small-80x60.jpg 80w\" data-sizes=\"(max-width: 250px) 100vw, 250px\" src=\"data:image\/svg+xml;base64,PHN2ZyB3aWR0aD0iMSIgaGVpZ2h0PSIxIiB4bWxucz0iaHR0cDovL3d3dy53My5vcmcvMjAwMC9zdmciPjwvc3ZnPg==\" style=\"--smush-placeholder-width: 250px; --smush-placeholder-aspect-ratio: 250\/188;\" \/> <img decoding=\"async\" class=\"alignnone size-medium wp-image-164 lazyload\" data-src=\"https:\/\/merk.hu\/wp-content\/uploads\/2021\/02\/ovoda-2-small.jpg\" alt=\"\" width=\"250\" height=\"188\" data-srcset=\"https:\/\/merk.hu\/wp-content\/uploads\/2021\/02\/ovoda-2-small.jpg 250w, https:\/\/merk.hu\/wp-content\/uploads\/2021\/02\/ovoda-2-small-80x60.jpg 80w\" data-sizes=\"(max-width: 250px) 100vw, 250px\" src=\"data:image\/svg+xml;base64,PHN2ZyB3aWR0aD0iMSIgaGVpZ2h0PSIxIiB4bWxucz0iaHR0cDovL3d3dy53My5vcmcvMjAwMC9zdmciPjwvc3ZnPg==\" style=\"--smush-placeholder-width: 250px; --smush-placeholder-aspect-ratio: 250\/188;\" \/> <img decoding=\"async\" class=\"alignnone size-medium wp-image-165 lazyload\" data-src=\"https:\/\/merk.hu\/wp-content\/uploads\/2021\/02\/ovoda-3-small.jpg\" alt=\"\" width=\"250\" height=\"188\" data-srcset=\"https:\/\/merk.hu\/wp-content\/uploads\/2021\/02\/ovoda-3-small.jpg 250w, https:\/\/merk.hu\/wp-content\/uploads\/2021\/02\/ovoda-3-small-80x60.jpg 80w\" data-sizes=\"(max-width: 250px) 100vw, 250px\" src=\"data:image\/svg+xml;base64,PHN2ZyB3aWR0aD0iMSIgaGVpZ2h0PSIxIiB4bWxucz0iaHR0cDovL3d3dy53My5vcmcvMjAwMC9zdmciPjwvc3ZnPg==\" style=\"--smush-placeholder-width: 250px; --smush-placeholder-aspect-ratio: 250\/188;\" \/><\/center><table class=\"it\"><tbody><tr><td colspan=\"2\"><strong>Medical Practice<\/strong><\/td><\/tr><tr><td width=\"150\">Title:<\/td><td>4352 M\u00e9rk, Hunyadi utca 78.<\/td><\/tr><tr><td>Telephone:<\/td><td>+36 30 2579237<\/td><\/tr><tr><td>Family doctor:<\/td><td>Dr. T\u00edmea Szab\u00f3<\/td><\/tr><tr><td>Ordering time:<\/td><td>Monday, Wednesday, Friday 13:00-14:30<\/td><\/tr><tr><td>Other information:<\/td><td><p><strong>The single emergency telephone number:<\/strong> <strong>1830 <\/strong><\/p><p><strong><em>General practitioner on call<\/em><\/strong><strong>: <\/strong>care organised for urgent medical activities that cannot be postponed until the next appointment.<\/p><p><strong>GP on-call service is available: <\/strong><\/p><p><strong>Weekdays: 16:00-22:00 <\/strong>between,<\/p><p><strong>Saturday-Sunday and public holidays 08:00-14:00 <\/strong>between<\/p><p><strong>Location: the hospital of Mat\u00e9szalka (Hospital Road 2-4) (the emergency building)<\/strong><\/p><p><strong><em>Emergency on-call or ambulance care: <\/em><\/strong>provides a highly professional and safe solution to sudden or serious health problems during on-call hours.<\/p><p><strong>Emergency on-call or ambulance care is available: <\/strong><\/p><p><strong>Weekdays: 22:00-08:00 <\/strong>between<\/p><p><strong>Saturday-Sunday and public holidays: 14:00-08:00 <\/strong>between<\/p><p>The patient is <strong>1830s <\/strong>get professional advice by calling a central telephone number, and if necessary, send an emergency ambulance or an ambulance immediately in case of danger to life - no matter where in the county you are.<\/p><p><strong>Single emergency number: 1830<\/strong><\/p><p><strong>The entire on-call period:<\/strong><\/p><p><strong>Weekdays: 16:00-08:00 <\/strong>between<\/p><p><strong>Saturday-Sunday and public holidays: available all day.<\/strong><\/p><p><strong>The central emergency telephone number<em> for children also in 1830<\/em>. <\/strong><\/p><\/td><\/tr><\/tbody><\/table><center><img decoding=\"async\" class=\"alignnone size-medium wp-image-167 lazyload\" data-src=\"https:\/\/merk.hu\/wp-content\/uploads\/2021\/02\/orvosi-rendelo-300x204.jpg\" alt=\"\" width=\"300\" height=\"204\" data-srcset=\"https:\/\/merk.hu\/wp-content\/uploads\/2021\/02\/orvosi-rendelo-300x204.jpg 300w, https:\/\/merk.hu\/wp-content\/uploads\/2021\/02\/orvosi-rendelo-88x60.jpg 88w, https:\/\/merk.hu\/wp-content\/uploads\/2021\/02\/orvosi-rendelo.jpg 350w\" data-sizes=\"(max-width: 300px) 100vw, 300px\" src=\"data:image\/svg+xml;base64,PHN2ZyB3aWR0aD0iMSIgaGVpZ2h0PSIxIiB4bWxucz0iaHR0cDovL3d3dy53My5vcmcvMjAwMC9zdmciPjwvc3ZnPg==\" style=\"--smush-placeholder-width: 300px; --smush-placeholder-aspect-ratio: 300\/204;\" \/><\/center><table class=\"it\"><tbody><tr><td colspan=\"2\"><strong>Maternity Service<\/strong><\/td><\/tr><tr><td width=\"150\">Title:<\/td><td>4652 M\u00e9rk, Hunyadi utca 80.<\/td><\/tr><tr><td>Telephone:<\/td><td>+36301304837<\/td><\/tr><tr><td>Protect:<\/td><td>Ms Andrea Kiss Ecsedin<\/td><\/tr><\/tbody><\/table>\t\t\t\t\t\t\t\t<\/div>\n\t\t\t\t<\/div>\n\t\t\t\t\t<\/div>\n\t\t\t\t<\/div>\n\t\t\t\t<\/div>","protected":false},"excerpt":{"rendered":"<p>M\u00e9rki Sziv\u00e1rv\u00e1ny \u00d3voda, \u00e9s M\u0171vel\u0151d\u00e9si H\u00e1z C\u00edm: 4352 M\u00e9rk, B\u00e9ke u. 17. Telefon: +36301304840 Web: www.merkiszivarvanyovoda.hu Int\u00e9zm\u00e9ny vezet\u0151je: Nagyn\u00e9 Szak\u00e1cs Anita igazgat\u00f3 Le\u00edr\u00e1s: F\u00e9r\u0151hely: 75 f\u0151. Csoportok sz\u00e1ma: 3. Csoportok nevei: Napsug\u00e1r, Micimack\u00f3, M\u00e9hecske Telephelyei: M\u00e9rki M\u0171vel\u0151d\u00e9si H\u00e1z: 4352 M\u00e9rk, Hunyadi utca 94. \u00a0 Orvosi Rendel\u0151 C\u00edm: 4352 M\u00e9rk, Hunyadi utca 78. Telefon: +36 30 [&hellip;]<\/p>\n","protected":false},"author":4,"featured_media":0,"parent":0,"menu_order":0,"comment_status":"closed","ping_status":"closed","template":"","meta":{"footnotes":""},"class_list":["post-160","page","type-page","status-publish","hentry"],"yoast_head":"<!-- This site is optimized with the Yoast SEO plugin v27.4 - https:\/\/yoast.com\/product\/yoast-seo-wordpress\/ -->\n<title>Int\u00e9zm\u00e9nyek - M\u00e9rk Nagyk\u00f6zs\u00e9g \u00d6nkorm\u00e1nyzat<\/title>\n<meta name=\"robots\" content=\"index, follow, max-snippet:-1, max-image-preview:large, max-video-preview:-1\" \/>\n<link rel=\"canonical\" href=\"https:\/\/merk.hu\/en\/\ud83d\udccc-intezmenyek\/\" \/>\n<meta property=\"og:locale\" content=\"en_US\" \/>\n<meta property=\"og:type\" content=\"article\" \/>\n<meta property=\"og:title\" content=\"Int\u00e9zm\u00e9nyek - M\u00e9rk Nagyk\u00f6zs\u00e9g \u00d6nkorm\u00e1nyzat\" \/>\n<meta property=\"og:description\" content=\"M\u00e9rki Sziv\u00e1rv\u00e1ny \u00d3voda, \u00e9s M\u0171vel\u0151d\u00e9si H\u00e1z C\u00edm: 4352 M\u00e9rk, B\u00e9ke u. 17. Telefon: +36301304840 Web: www.merkiszivarvanyovoda.hu Int\u00e9zm\u00e9ny vezet\u0151je: Nagyn\u00e9 Szak\u00e1cs Anita igazgat\u00f3 Le\u00edr\u00e1s: F\u00e9r\u0151hely: 75 f\u0151. Csoportok sz\u00e1ma: 3. Csoportok nevei: Napsug\u00e1r, Micimack\u00f3, M\u00e9hecske Telephelyei: M\u00e9rki M\u0171vel\u0151d\u00e9si H\u00e1z: 4352 M\u00e9rk, Hunyadi utca 94. \u00a0 Orvosi Rendel\u0151 C\u00edm: 4352 M\u00e9rk, Hunyadi utca 78. Telefon: +36 30 [&hellip;]\" \/>\n<meta property=\"og:url\" content=\"https:\/\/merk.hu\/en\/\ud83d\udccc-intezmenyek\/\" \/>\n<meta property=\"og:site_name\" content=\"M\u00e9rk Nagyk\u00f6zs\u00e9g \u00d6nkorm\u00e1nyzat\" \/>\n<meta property=\"article:modified_time\" content=\"2025-03-10T11:18:22+00:00\" \/>\n<meta property=\"og:image\" content=\"https:\/\/merk.hu\/wp-content\/uploads\/2021\/02\/ovoda-1-small.jpg\" \/>\n\t<meta property=\"og:image:width\" content=\"250\" \/>\n\t<meta property=\"og:image:height\" content=\"188\" \/>\n\t<meta property=\"og:image:type\" content=\"image\/jpeg\" \/>\n<meta name=\"twitter:card\" content=\"summary_large_image\" \/>\n<meta name=\"twitter:label1\" content=\"Est. reading time\" \/>\n\t<meta name=\"twitter:data1\" content=\"3 minutes\" \/>\n<script type=\"application\/ld+json\" class=\"yoast-schema-graph\">{\"@context\":\"https:\\\/\\\/schema.org\",\"@graph\":[{\"@type\":\"WebPage\",\"@id\":\"https:\\\/\\\/merk.hu\\\/%f0%9f%93%8c-intezmenyek\\\/\",\"url\":\"https:\\\/\\\/merk.hu\\\/%f0%9f%93%8c-intezmenyek\\\/\",\"name\":\"Int\u00e9zm\u00e9nyek - M\u00e9rk Nagyk\u00f6zs\u00e9g \u00d6nkorm\u00e1nyzat\",\"isPartOf\":{\"@id\":\"https:\\\/\\\/merk.hu\\\/#website\"},\"primaryImageOfPage\":{\"@id\":\"https:\\\/\\\/merk.hu\\\/%f0%9f%93%8c-intezmenyek\\\/#primaryimage\"},\"image\":{\"@id\":\"https:\\\/\\\/merk.hu\\\/%f0%9f%93%8c-intezmenyek\\\/#primaryimage\"},\"thumbnailUrl\":\"https:\\\/\\\/merk.hu\\\/wp-content\\\/uploads\\\/2021\\\/02\\\/ovoda-1-small.jpg\",\"datePublished\":\"2021-02-01T19:44:04+00:00\",\"dateModified\":\"2025-03-10T11:18:22+00:00\",\"breadcrumb\":{\"@id\":\"https:\\\/\\\/merk.hu\\\/%f0%9f%93%8c-intezmenyek\\\/#breadcrumb\"},\"inLanguage\":\"en-US\",\"potentialAction\":[{\"@type\":\"ReadAction\",\"target\":[\"https:\\\/\\\/merk.hu\\\/%f0%9f%93%8c-intezmenyek\\\/\"]}]},{\"@type\":\"ImageObject\",\"inLanguage\":\"en-US\",\"@id\":\"https:\\\/\\\/merk.hu\\\/%f0%9f%93%8c-intezmenyek\\\/#primaryimage\",\"url\":\"https:\\\/\\\/merk.hu\\\/wp-content\\\/uploads\\\/2021\\\/02\\\/ovoda-1-small.jpg\",\"contentUrl\":\"https:\\\/\\\/merk.hu\\\/wp-content\\\/uploads\\\/2021\\\/02\\\/ovoda-1-small.jpg\"},{\"@type\":\"BreadcrumbList\",\"@id\":\"https:\\\/\\\/merk.hu\\\/%f0%9f%93%8c-intezmenyek\\\/#breadcrumb\",\"itemListElement\":[{\"@type\":\"ListItem\",\"position\":1,\"name\":\"Kezd\u0151lap\",\"item\":\"https:\\\/\\\/merk.hu\\\/\"},{\"@type\":\"ListItem\",\"position\":2,\"name\":\"Int\u00e9zm\u00e9nyek\"}]},{\"@type\":\"WebSite\",\"@id\":\"https:\\\/\\\/merk.hu\\\/#website\",\"url\":\"https:\\\/\\\/merk.hu\\\/\",\"name\":\"M\u00e9rk Nagyk\u00f6zs\u00e9g \u00d6nkorm\u00e1nyzat\",\"description\":\"M\u00e9rk Nagyk\u00f6zs\u00e9g \u00d6nkorm\u00e1nyzat\",\"publisher\":{\"@id\":\"https:\\\/\\\/merk.hu\\\/#organization\"},\"potentialAction\":[{\"@type\":\"SearchAction\",\"target\":{\"@type\":\"EntryPoint\",\"urlTemplate\":\"https:\\\/\\\/merk.hu\\\/?s={search_term_string}\"},\"query-input\":{\"@type\":\"PropertyValueSpecification\",\"valueRequired\":true,\"valueName\":\"search_term_string\"}}],\"inLanguage\":\"en-US\"},{\"@type\":\"Organization\",\"@id\":\"https:\\\/\\\/merk.hu\\\/#organization\",\"name\":\"M\u00e9rk Nagyk\u00f6zs\u00e9g \u00d6nkorm\u00e1nyzat\",\"url\":\"https:\\\/\\\/merk.hu\\\/\",\"logo\":{\"@type\":\"ImageObject\",\"inLanguage\":\"en-US\",\"@id\":\"https:\\\/\\\/merk.hu\\\/#\\\/schema\\\/logo\\\/image\\\/\",\"url\":\"https:\\\/\\\/merk.hu\\\/wp-content\\\/uploads\\\/2021\\\/02\\\/cimer.jpg\",\"contentUrl\":\"https:\\\/\\\/merk.hu\\\/wp-content\\\/uploads\\\/2021\\\/02\\\/cimer.jpg\",\"width\":200,\"height\":208,\"caption\":\"M\u00e9rk Nagyk\u00f6zs\u00e9g \u00d6nkorm\u00e1nyzat\"},\"image\":{\"@id\":\"https:\\\/\\\/merk.hu\\\/#\\\/schema\\\/logo\\\/image\\\/\"}}]}<\/script>\n<!-- \/ Yoast SEO plugin. -->","yoast_head_json":{"title":"Int\u00e9zm\u00e9nyek - M\u00e9rk Nagyk\u00f6zs\u00e9g \u00d6nkorm\u00e1nyzat","robots":{"index":"index","follow":"follow","max-snippet":"max-snippet:-1","max-image-preview":"max-image-preview:large","max-video-preview":"max-video-preview:-1"},"canonical":"https:\/\/merk.hu\/en\/\ud83d\udccc-intezmenyek\/","og_locale":"en_US","og_type":"article","og_title":"Int\u00e9zm\u00e9nyek - M\u00e9rk Nagyk\u00f6zs\u00e9g \u00d6nkorm\u00e1nyzat","og_description":"M\u00e9rki Sziv\u00e1rv\u00e1ny \u00d3voda, \u00e9s M\u0171vel\u0151d\u00e9si H\u00e1z C\u00edm: 4352 M\u00e9rk, B\u00e9ke u. 17. Telefon: +36301304840 Web: www.merkiszivarvanyovoda.hu Int\u00e9zm\u00e9ny vezet\u0151je: Nagyn\u00e9 Szak\u00e1cs Anita igazgat\u00f3 Le\u00edr\u00e1s: F\u00e9r\u0151hely: 75 f\u0151. Csoportok sz\u00e1ma: 3. Csoportok nevei: Napsug\u00e1r, Micimack\u00f3, M\u00e9hecske Telephelyei: M\u00e9rki M\u0171vel\u0151d\u00e9si H\u00e1z: 4352 M\u00e9rk, Hunyadi utca 94. \u00a0 Orvosi Rendel\u0151 C\u00edm: 4352 M\u00e9rk, Hunyadi utca 78. Telefon: +36 30 [&hellip;]","og_url":"https:\/\/merk.hu\/en\/\ud83d\udccc-intezmenyek\/","og_site_name":"M\u00e9rk Nagyk\u00f6zs\u00e9g \u00d6nkorm\u00e1nyzat","article_modified_time":"2025-03-10T11:18:22+00:00","og_image":[{"width":250,"height":188,"url":"https:\/\/merk.hu\/wp-content\/uploads\/2021\/02\/ovoda-1-small.jpg","type":"image\/jpeg"}],"twitter_card":"summary_large_image","twitter_misc":{"Est. reading time":"3 minutes"},"schema":{"@context":"https:\/\/schema.org","@graph":[{"@type":"WebPage","@id":"https:\/\/merk.hu\/%f0%9f%93%8c-intezmenyek\/","url":"https:\/\/merk.hu\/%f0%9f%93%8c-intezmenyek\/","name":"Int\u00e9zm\u00e9nyek - M\u00e9rk Nagyk\u00f6zs\u00e9g \u00d6nkorm\u00e1nyzat","isPartOf":{"@id":"https:\/\/merk.hu\/#website"},"primaryImageOfPage":{"@id":"https:\/\/merk.hu\/%f0%9f%93%8c-intezmenyek\/#primaryimage"},"image":{"@id":"https:\/\/merk.hu\/%f0%9f%93%8c-intezmenyek\/#primaryimage"},"thumbnailUrl":"https:\/\/merk.hu\/wp-content\/uploads\/2021\/02\/ovoda-1-small.jpg","datePublished":"2021-02-01T19:44:04+00:00","dateModified":"2025-03-10T11:18:22+00:00","breadcrumb":{"@id":"https:\/\/merk.hu\/%f0%9f%93%8c-intezmenyek\/#breadcrumb"},"inLanguage":"en-US","potentialAction":[{"@type":"ReadAction","target":["https:\/\/merk.hu\/%f0%9f%93%8c-intezmenyek\/"]}]},{"@type":"ImageObject","inLanguage":"en-US","@id":"https:\/\/merk.hu\/%f0%9f%93%8c-intezmenyek\/#primaryimage","url":"https:\/\/merk.hu\/wp-content\/uploads\/2021\/02\/ovoda-1-small.jpg","contentUrl":"https:\/\/merk.hu\/wp-content\/uploads\/2021\/02\/ovoda-1-small.jpg"},{"@type":"BreadcrumbList","@id":"https:\/\/merk.hu\/%f0%9f%93%8c-intezmenyek\/#breadcrumb","itemListElement":[{"@type":"ListItem","position":1,"name":"Kezd\u0151lap","item":"https:\/\/merk.hu\/"},{"@type":"ListItem","position":2,"name":"Int\u00e9zm\u00e9nyek"}]},{"@type":"WebSite","@id":"https:\/\/merk.hu\/#website","url":"https:\/\/merk.hu\/","name":"Municipality of M\u00e9rk Nagyk\u00f6zs\u00e9g","description":"Municipality of M\u00e9rk Nagyk\u00f6zs\u00e9g","publisher":{"@id":"https:\/\/merk.hu\/#organization"},"potentialAction":[{"@type":"SearchAction","target":{"@type":"EntryPoint","urlTemplate":"https:\/\/merk.hu\/?s={search_term_string}"},"query-input":{"@type":"PropertyValueSpecification","valueRequired":true,"valueName":"search_term_string"}}],"inLanguage":"en-US"},{"@type":"Organization","@id":"https:\/\/merk.hu\/#organization","name":"Municipality of M\u00e9rk Nagyk\u00f6zs\u00e9g","url":"https:\/\/merk.hu\/","logo":{"@type":"ImageObject","inLanguage":"en-US","@id":"https:\/\/merk.hu\/#\/schema\/logo\/image\/","url":"https:\/\/merk.hu\/wp-content\/uploads\/2021\/02\/cimer.jpg","contentUrl":"https:\/\/merk.hu\/wp-content\/uploads\/2021\/02\/cimer.jpg","width":200,"height":208,"caption":"M\u00e9rk Nagyk\u00f6zs\u00e9g \u00d6nkorm\u00e1nyzat"},"image":{"@id":"https:\/\/merk.hu\/#\/schema\/logo\/image\/"}}]}},"_links":{"self":[{"href":"https:\/\/merk.hu\/en\/wp-json\/wp\/v2\/pages\/160","targetHints":{"allow":["GET"]}}],"collection":[{"href":"https:\/\/merk.hu\/en\/wp-json\/wp\/v2\/pages"}],"about":[{"href":"https:\/\/merk.hu\/en\/wp-json\/wp\/v2\/types\/page"}],"author":[{"embeddable":true,"href":"https:\/\/merk.hu\/en\/wp-json\/wp\/v2\/users\/4"}],"replies":[{"embeddable":true,"href":"https:\/\/merk.hu\/en\/wp-json\/wp\/v2\/comments?post=160"}],"version-history":[{"count":0,"href":"https:\/\/merk.hu\/en\/wp-json\/wp\/v2\/pages\/160\/revisions"}],"wp:attachment":[{"href":"https:\/\/merk.hu\/en\/wp-json\/wp\/v2\/media?parent=160"}],"curies":[{"name":"wp","href":"https:\/\/api.w.org\/{rel}","templated":true}]}}