{"id":148,"date":"2021-02-01T19:37:25","date_gmt":"2021-02-01T19:37:25","guid":{"rendered":"https:\/\/merk.hu\/?page_id=148"},"modified":"2024-01-18T08:52:18","modified_gmt":"2024-01-18T08:52:18","slug":"%f0%9f%93%8c-keop-4-10-0-n-14-2014-0332","status":"publish","type":"page","link":"https:\/\/merk.hu\/en\/%f0%9f%93%8c-keop-4-10-0-n-14-2014-0332\/","title":{"rendered":"\ud83d\udccc KEOP-4.10.0\/N\/14-2014-0332"},"content":{"rendered":"<p><img fetchpriority=\"high\" decoding=\"async\" class=\"alignnone  wp-image-177 aligncenter\" src=\"https:\/\/merk.hu\/wp-content\/uploads\/2021\/02\/KEOP-4.10.0_N_14-2014-0332-300x216.png\" alt=\"\" width=\"488\" height=\"351\" srcset=\"https:\/\/merk.hu\/wp-content\/uploads\/2021\/02\/KEOP-4.10.0_N_14-2014-0332-300x216.png 300w, https:\/\/merk.hu\/wp-content\/uploads\/2021\/02\/KEOP-4.10.0_N_14-2014-0332-84x60.png 84w, https:\/\/merk.hu\/wp-content\/uploads\/2021\/02\/KEOP-4.10.0_N_14-2014-0332.png 600w\" sizes=\"(max-width: 488px) 100vw, 488px\" \/><\/p>","protected":false},"excerpt":{"rendered":"","protected":false},"author":4,"featured_media":0,"parent":0,"menu_order":0,"comment_status":"closed","ping_status":"closed","template":"","meta":{"footnotes":""},"class_list":["post-148","page","type-page","status-publish","hentry"],"yoast_head":"<!-- This site is optimized with the Yoast SEO plugin v27.4 - https:\/\/yoast.com\/product\/yoast-seo-wordpress\/ -->\n<title>\ud83d\udccc KEOP-4.10.0\/N\/14-2014-0332 - M\u00e9rk Nagyk\u00f6zs\u00e9g \u00d6nkorm\u00e1nyzat<\/title>\n<meta name=\"robots\" content=\"index, follow, max-snippet:-1, max-image-preview:large, max-video-preview:-1\" \/>\n<link rel=\"canonical\" href=\"https:\/\/merk.hu\/en\/\ud83d\udccc-keop-4-10-0-n-14-2014-0332\/\" \/>\n<meta property=\"og:locale\" content=\"en_US\" \/>\n<meta property=\"og:type\" content=\"article\" \/>\n<meta property=\"og:title\" content=\"\ud83d\udccc KEOP-4.10.0\/N\/14-2014-0332 - M\u00e9rk Nagyk\u00f6zs\u00e9g \u00d6nkorm\u00e1nyzat\" \/>\n<meta property=\"og:url\" content=\"https:\/\/merk.hu\/en\/\ud83d\udccc-keop-4-10-0-n-14-2014-0332\/\" \/>\n<meta property=\"og:site_name\" content=\"M\u00e9rk Nagyk\u00f6zs\u00e9g \u00d6nkorm\u00e1nyzat\" \/>\n<meta property=\"article:modified_time\" content=\"2024-01-18T08:52:18+00:00\" \/>\n<meta property=\"og:image\" content=\"https:\/\/merk.hu\/wp-content\/uploads\/2021\/02\/KEOP-4.10.0_N_14-2014-0332.png\" \/>\n\t<meta property=\"og:image:width\" content=\"600\" \/>\n\t<meta property=\"og:image:height\" content=\"431\" \/>\n\t<meta property=\"og:image:type\" content=\"image\/png\" \/>\n<meta name=\"twitter:card\" content=\"summary_large_image\" \/>\n<script type=\"application\/ld+json\" class=\"yoast-schema-graph\">{\"@context\":\"https:\\\/\\\/schema.org\",\"@graph\":[{\"@type\":\"WebPage\",\"@id\":\"https:\\\/\\\/merk.hu\\\/%f0%9f%93%8c-keop-4-10-0-n-14-2014-0332\\\/\",\"url\":\"https:\\\/\\\/merk.hu\\\/%f0%9f%93%8c-keop-4-10-0-n-14-2014-0332\\\/\",\"name\":\"\ud83d\udccc KEOP-4.10.0\\\/N\\\/14-2014-0332 - M\u00e9rk Nagyk\u00f6zs\u00e9g \u00d6nkorm\u00e1nyzat\",\"isPartOf\":{\"@id\":\"https:\\\/\\\/merk.hu\\\/#website\"},\"primaryImageOfPage\":{\"@id\":\"https:\\\/\\\/merk.hu\\\/%f0%9f%93%8c-keop-4-10-0-n-14-2014-0332\\\/#primaryimage\"},\"image\":{\"@id\":\"https:\\\/\\\/merk.hu\\\/%f0%9f%93%8c-keop-4-10-0-n-14-2014-0332\\\/#primaryimage\"},\"thumbnailUrl\":\"https:\\\/\\\/merk.hu\\\/wp-content\\\/uploads\\\/2021\\\/02\\\/KEOP-4.10.0_N_14-2014-0332-300x216.png\",\"datePublished\":\"2021-02-01T19:37:25+00:00\",\"dateModified\":\"2024-01-18T08:52:18+00:00\",\"breadcrumb\":{\"@id\":\"https:\\\/\\\/merk.hu\\\/%f0%9f%93%8c-keop-4-10-0-n-14-2014-0332\\\/#breadcrumb\"},\"inLanguage\":\"en-US\",\"potentialAction\":[{\"@type\":\"ReadAction\",\"target\":[\"https:\\\/\\\/merk.hu\\\/%f0%9f%93%8c-keop-4-10-0-n-14-2014-0332\\\/\"]}]},{\"@type\":\"ImageObject\",\"inLanguage\":\"en-US\",\"@id\":\"https:\\\/\\\/merk.hu\\\/%f0%9f%93%8c-keop-4-10-0-n-14-2014-0332\\\/#primaryimage\",\"url\":\"https:\\\/\\\/merk.hu\\\/wp-content\\\/uploads\\\/2021\\\/02\\\/KEOP-4.10.0_N_14-2014-0332-300x216.png\",\"contentUrl\":\"https:\\\/\\\/merk.hu\\\/wp-content\\\/uploads\\\/2021\\\/02\\\/KEOP-4.10.0_N_14-2014-0332-300x216.png\"},{\"@type\":\"BreadcrumbList\",\"@id\":\"https:\\\/\\\/merk.hu\\\/%f0%9f%93%8c-keop-4-10-0-n-14-2014-0332\\\/#breadcrumb\",\"itemListElement\":[{\"@type\":\"ListItem\",\"position\":1,\"name\":\"Kezd\u0151lap\",\"item\":\"https:\\\/\\\/merk.hu\\\/\"},{\"@type\":\"ListItem\",\"position\":2,\"name\":\"\ud83d\udccc KEOP-4.10.0\\\/N\\\/14-2014-0332\"}]},{\"@type\":\"WebSite\",\"@id\":\"https:\\\/\\\/merk.hu\\\/#website\",\"url\":\"https:\\\/\\\/merk.hu\\\/\",\"name\":\"M\u00e9rk Nagyk\u00f6zs\u00e9g \u00d6nkorm\u00e1nyzat\",\"description\":\"M\u00e9rk Nagyk\u00f6zs\u00e9g \u00d6nkorm\u00e1nyzat\",\"publisher\":{\"@id\":\"https:\\\/\\\/merk.hu\\\/#organization\"},\"potentialAction\":[{\"@type\":\"SearchAction\",\"target\":{\"@type\":\"EntryPoint\",\"urlTemplate\":\"https:\\\/\\\/merk.hu\\\/?s={search_term_string}\"},\"query-input\":{\"@type\":\"PropertyValueSpecification\",\"valueRequired\":true,\"valueName\":\"search_term_string\"}}],\"inLanguage\":\"en-US\"},{\"@type\":\"Organization\",\"@id\":\"https:\\\/\\\/merk.hu\\\/#organization\",\"name\":\"M\u00e9rk Nagyk\u00f6zs\u00e9g \u00d6nkorm\u00e1nyzat\",\"url\":\"https:\\\/\\\/merk.hu\\\/\",\"logo\":{\"@type\":\"ImageObject\",\"inLanguage\":\"en-US\",\"@id\":\"https:\\\/\\\/merk.hu\\\/#\\\/schema\\\/logo\\\/image\\\/\",\"url\":\"https:\\\/\\\/merk.hu\\\/wp-content\\\/uploads\\\/2021\\\/02\\\/cimer.jpg\",\"contentUrl\":\"https:\\\/\\\/merk.hu\\\/wp-content\\\/uploads\\\/2021\\\/02\\\/cimer.jpg\",\"width\":200,\"height\":208,\"caption\":\"M\u00e9rk Nagyk\u00f6zs\u00e9g \u00d6nkorm\u00e1nyzat\"},\"image\":{\"@id\":\"https:\\\/\\\/merk.hu\\\/#\\\/schema\\\/logo\\\/image\\\/\"}}]}<\/script>\n<!-- \/ Yoast SEO plugin. -->","yoast_head_json":{"title":"\ud83d\udccc KEOP-4.10.0\/N\/14-2014-0332 - M\u00e9rk Nagyk\u00f6zs\u00e9g Municipality","robots":{"index":"index","follow":"follow","max-snippet":"max-snippet:-1","max-image-preview":"max-image-preview:large","max-video-preview":"max-video-preview:-1"},"canonical":"https:\/\/merk.hu\/en\/\ud83d\udccc-keop-4-10-0-n-14-2014-0332\/","og_locale":"en_US","og_type":"article","og_title":"\ud83d\udccc KEOP-4.10.0\/N\/14-2014-0332 - M\u00e9rk Nagyk\u00f6zs\u00e9g \u00d6nkorm\u00e1nyzat","og_url":"https:\/\/merk.hu\/en\/\ud83d\udccc-keop-4-10-0-n-14-2014-0332\/","og_site_name":"M\u00e9rk Nagyk\u00f6zs\u00e9g \u00d6nkorm\u00e1nyzat","article_modified_time":"2024-01-18T08:52:18+00:00","og_image":[{"width":600,"height":431,"url":"https:\/\/merk.hu\/wp-content\/uploads\/2021\/02\/KEOP-4.10.0_N_14-2014-0332.png","type":"image\/png"}],"twitter_card":"summary_large_image","schema":{"@context":"https:\/\/schema.org","@graph":[{"@type":"WebPage","@id":"https:\/\/merk.hu\/%f0%9f%93%8c-keop-4-10-0-n-14-2014-0332\/","url":"https:\/\/merk.hu\/%f0%9f%93%8c-keop-4-10-0-n-14-2014-0332\/","name":"\ud83d\udccc KEOP-4.10.0\/N\/14-2014-0332 - M\u00e9rk Nagyk\u00f6zs\u00e9g Municipality","isPartOf":{"@id":"https:\/\/merk.hu\/#website"},"primaryImageOfPage":{"@id":"https:\/\/merk.hu\/%f0%9f%93%8c-keop-4-10-0-n-14-2014-0332\/#primaryimage"},"image":{"@id":"https:\/\/merk.hu\/%f0%9f%93%8c-keop-4-10-0-n-14-2014-0332\/#primaryimage"},"thumbnailUrl":"https:\/\/merk.hu\/wp-content\/uploads\/2021\/02\/KEOP-4.10.0_N_14-2014-0332-300x216.png","datePublished":"2021-02-01T19:37:25+00:00","dateModified":"2024-01-18T08:52:18+00:00","breadcrumb":{"@id":"https:\/\/merk.hu\/%f0%9f%93%8c-keop-4-10-0-n-14-2014-0332\/#breadcrumb"},"inLanguage":"en-US","potentialAction":[{"@type":"ReadAction","target":["https:\/\/merk.hu\/%f0%9f%93%8c-keop-4-10-0-n-14-2014-0332\/"]}]},{"@type":"ImageObject","inLanguage":"en-US","@id":"https:\/\/merk.hu\/%f0%9f%93%8c-keop-4-10-0-n-14-2014-0332\/#primaryimage","url":"https:\/\/merk.hu\/wp-content\/uploads\/2021\/02\/KEOP-4.10.0_N_14-2014-0332-300x216.png","contentUrl":"https:\/\/merk.hu\/wp-content\/uploads\/2021\/02\/KEOP-4.10.0_N_14-2014-0332-300x216.png"},{"@type":"BreadcrumbList","@id":"https:\/\/merk.hu\/%f0%9f%93%8c-keop-4-10-0-n-14-2014-0332\/#breadcrumb","itemListElement":[{"@type":"ListItem","position":1,"name":"Kezd\u0151lap","item":"https:\/\/merk.hu\/"},{"@type":"ListItem","position":2,"name":"\ud83d\udccc KEOP-4.10.0\/N\/14-2014-0332"}]},{"@type":"WebSite","@id":"https:\/\/merk.hu\/#website","url":"https:\/\/merk.hu\/","name":"Municipality of M\u00e9rk Nagyk\u00f6zs\u00e9g","description":"Municipality of M\u00e9rk Nagyk\u00f6zs\u00e9g","publisher":{"@id":"https:\/\/merk.hu\/#organization"},"potentialAction":[{"@type":"SearchAction","target":{"@type":"EntryPoint","urlTemplate":"https:\/\/merk.hu\/?s={search_term_string}"},"query-input":{"@type":"PropertyValueSpecification","valueRequired":true,"valueName":"search_term_string"}}],"inLanguage":"en-US"},{"@type":"Organization","@id":"https:\/\/merk.hu\/#organization","name":"Municipality of M\u00e9rk Nagyk\u00f6zs\u00e9g","url":"https:\/\/merk.hu\/","logo":{"@type":"ImageObject","inLanguage":"en-US","@id":"https:\/\/merk.hu\/#\/schema\/logo\/image\/","url":"https:\/\/merk.hu\/wp-content\/uploads\/2021\/02\/cimer.jpg","contentUrl":"https:\/\/merk.hu\/wp-content\/uploads\/2021\/02\/cimer.jpg","width":200,"height":208,"caption":"M\u00e9rk Nagyk\u00f6zs\u00e9g \u00d6nkorm\u00e1nyzat"},"image":{"@id":"https:\/\/merk.hu\/#\/schema\/logo\/image\/"}}]}},"_links":{"self":[{"href":"https:\/\/merk.hu\/en\/wp-json\/wp\/v2\/pages\/148","targetHints":{"allow":["GET"]}}],"collection":[{"href":"https:\/\/merk.hu\/en\/wp-json\/wp\/v2\/pages"}],"about":[{"href":"https:\/\/merk.hu\/en\/wp-json\/wp\/v2\/types\/page"}],"author":[{"embeddable":true,"href":"https:\/\/merk.hu\/en\/wp-json\/wp\/v2\/users\/4"}],"replies":[{"embeddable":true,"href":"https:\/\/merk.hu\/en\/wp-json\/wp\/v2\/comments?post=148"}],"version-history":[{"count":0,"href":"https:\/\/merk.hu\/en\/wp-json\/wp\/v2\/pages\/148\/revisions"}],"wp:attachment":[{"href":"https:\/\/merk.hu\/en\/wp-json\/wp\/v2\/media?parent=148"}],"curies":[{"name":"wp","href":"https:\/\/api.w.org\/{rel}","templated":true}]}}