{"id":140,"date":"2021-02-01T19:33:41","date_gmt":"2021-02-01T19:33:41","guid":{"rendered":"https:\/\/merk.hu\/?page_id=140"},"modified":"2024-01-18T08:52:18","modified_gmt":"2024-01-18T08:52:18","slug":"%f0%9f%93%8c-tiop-1-1-1-07-1-2008-0163","status":"publish","type":"page","link":"https:\/\/merk.hu\/en\/%f0%9f%93%8c-tiop-1-1-1-07-1-2008-0163\/","title":{"rendered":"\ud83d\udccc TIOP-1.1.1-07\/1-2008-0163"},"content":{"rendered":"<h1>Grants for applications<\/h1>\n<p><img decoding=\"async\" class=\"size-full wp-image-183 alignleft lazyload\" data-src=\"https:\/\/merk.hu\/wp-content\/uploads\/2021\/02\/megujul-small.jpg\" alt=\"\" width=\"184\" height=\"34\" src=\"data:image\/svg+xml;base64,PHN2ZyB3aWR0aD0iMSIgaGVpZ2h0PSIxIiB4bWxucz0iaHR0cDovL3d3dy53My5vcmcvMjAwMC9zdmciPjwvc3ZnPg==\" style=\"--smush-placeholder-width: 184px; --smush-placeholder-aspect-ratio: 184\/34;\" \/>The Municipality of M\u00e9rk Nagyk\u00f6zs\u00e9g has won HUF 18.4 million in the \"Smart School\" for the new generation TIOP-1.1.1-07\/1-2008-0163 grant. The grant includes 27 PCs, 10 classroom packages (interactive whiteboards, notebooks, projectors and other equipment), which will improve the learning conditions for children in two places of activity, the host school in M\u00e9rk and the member school in v\u00e1llaj.<\/p>\n<p>The project is scheduled to be implemented on 30 June 2011.<\/p>\n<p>&nbsp;<\/p>\n<p><center><img decoding=\"async\" class=\"alignnone size-full wp-image-184 lazyload\" data-src=\"https:\/\/merk.hu\/wp-content\/uploads\/2021\/02\/eu.jpg\" alt=\"\" width=\"250\" height=\"50\" src=\"data:image\/svg+xml;base64,PHN2ZyB3aWR0aD0iMSIgaGVpZ2h0PSIxIiB4bWxucz0iaHR0cDovL3d3dy53My5vcmcvMjAwMC9zdmciPjwvc3ZnPg==\" style=\"--smush-placeholder-width: 250px; --smush-placeholder-aspect-ratio: 250\/50;\" \/> <img decoding=\"async\" class=\"alignnone size-medium wp-image-185 lazyload\" data-src=\"https:\/\/merk.hu\/wp-content\/uploads\/2021\/02\/szechenyi-terv.jpg\" alt=\"\" width=\"175\" height=\"60\" src=\"data:image\/svg+xml;base64,PHN2ZyB3aWR0aD0iMSIgaGVpZ2h0PSIxIiB4bWxucz0iaHR0cDovL3d3dy53My5vcmcvMjAwMC9zdmciPjwvc3ZnPg==\" style=\"--smush-placeholder-width: 175px; --smush-placeholder-aspect-ratio: 175\/60;\" \/><\/center><center><\/center><center><a href=\"https:\/\/merk.hu\/wp-content\/uploads\/2021\/02\/TAMOP3.1.4-vegrehajtasa-a-Vallaji-Nemet-Nemzetisegi-Altalanos-Iskolaban.pdf\">\ud83d\udcbeImplementation of the T\u00c1MOP3.1.4 in the German Nationality Primary School in V\u00e1llaji<\/a><\/center><center><a href=\"https:\/\/merk.hu\/wp-content\/uploads\/2021\/02\/Projektzaro.pdf\">\ud83d\udcbeT\u00c1MOP 3.1.4\/08\/02-2009-0127 Project final<\/a><\/center><center><a href=\"https:\/\/merk.hu\/wp-content\/uploads\/2021\/02\/Merk-af-1.pdf\">\ud83d\udcbeIntroduction of competence-based education in the educational institutions of Merk-V\u00e1llalj \u00c1MK<\/a><\/center><center><a href=\"https:\/\/merk.hu\/wp-content\/uploads\/2021\/02\/TAMOP.pdf\">\ud83d\udcbeParticipation in the T\u00c1MOP 3.1.4.\/08\/2-2009-0127 tender and our tasks related to it<\/a><\/center><\/p>","protected":false},"excerpt":{"rendered":"<p>P\u00e1ly\u00e1zati t\u00e1mogat\u00e1s M\u00e9rk Nagyk\u00f6zs\u00e9g \u00d6nkorm\u00e1nyzata az &#8222;Intelligens iskol\u00e1val&#8221; az \u00faj gener\u00e1ci\u00f3\u00e9rt TIOP-1.1.1-07\/1-2008-0163 azonos\u00edt\u00f3 sz\u00e1m\u00fa p\u00e1ly\u00e1zattal 18,4 milli\u00f3 Ft-ot nyert. A p\u00e1ly\u00e1zat 27 db PC-t, 10 db tantermi csomagot tartalmaz. (interakt\u00edv t\u00e1bl\u00e1t,notebookot, projektort \u00e9s egy\u00e9b felszerel\u00e9seket) Ez\u00e1ltal k\u00e9t feladat ell\u00e1t\u00e1si helyen, a m\u00e9rki gesztor, \u00e9s a v\u00e1llaji tagiskol\u00e1ban jobb tanul\u00e1si felt\u00e9teleket teremtettek a gyermekeknek. A projekt [&hellip;]<\/p>\n","protected":false},"author":4,"featured_media":0,"parent":0,"menu_order":0,"comment_status":"closed","ping_status":"closed","template":"","meta":{"footnotes":""},"class_list":["post-140","page","type-page","status-publish","hentry"],"yoast_head":"<!-- This site is optimized with the Yoast SEO plugin v27.4 - https:\/\/yoast.com\/product\/yoast-seo-wordpress\/ -->\n<title>\ud83d\udccc TIOP-1.1.1-07\/1-2008-0163 - M\u00e9rk Nagyk\u00f6zs\u00e9g \u00d6nkorm\u00e1nyzat<\/title>\n<meta name=\"robots\" content=\"index, follow, max-snippet:-1, max-image-preview:large, max-video-preview:-1\" \/>\n<link rel=\"canonical\" href=\"https:\/\/merk.hu\/en\/\ud83d\udccc-tiop-1-1-1-07-1-2008-0163\/\" \/>\n<meta property=\"og:locale\" content=\"en_US\" \/>\n<meta property=\"og:type\" content=\"article\" \/>\n<meta property=\"og:title\" content=\"\ud83d\udccc TIOP-1.1.1-07\/1-2008-0163 - M\u00e9rk Nagyk\u00f6zs\u00e9g \u00d6nkorm\u00e1nyzat\" \/>\n<meta property=\"og:description\" content=\"P\u00e1ly\u00e1zati t\u00e1mogat\u00e1s M\u00e9rk Nagyk\u00f6zs\u00e9g \u00d6nkorm\u00e1nyzata az &#8222;Intelligens iskol\u00e1val&#8221; az \u00faj gener\u00e1ci\u00f3\u00e9rt TIOP-1.1.1-07\/1-2008-0163 azonos\u00edt\u00f3 sz\u00e1m\u00fa p\u00e1ly\u00e1zattal 18,4 milli\u00f3 Ft-ot nyert. A p\u00e1ly\u00e1zat 27 db PC-t, 10 db tantermi csomagot tartalmaz. (interakt\u00edv t\u00e1bl\u00e1t,notebookot, projektort \u00e9s egy\u00e9b felszerel\u00e9seket) Ez\u00e1ltal k\u00e9t feladat ell\u00e1t\u00e1si helyen, a m\u00e9rki gesztor, \u00e9s a v\u00e1llaji tagiskol\u00e1ban jobb tanul\u00e1si felt\u00e9teleket teremtettek a gyermekeknek. A projekt [&hellip;]\" \/>\n<meta property=\"og:url\" content=\"https:\/\/merk.hu\/en\/\ud83d\udccc-tiop-1-1-1-07-1-2008-0163\/\" \/>\n<meta property=\"og:site_name\" content=\"M\u00e9rk Nagyk\u00f6zs\u00e9g \u00d6nkorm\u00e1nyzat\" \/>\n<meta property=\"article:modified_time\" content=\"2024-01-18T08:52:18+00:00\" \/>\n<meta property=\"og:image\" content=\"https:\/\/merk.hu\/wp-content\/uploads\/2021\/02\/megujul-small.jpg\" \/>\n\t<meta property=\"og:image:width\" content=\"184\" \/>\n\t<meta property=\"og:image:height\" content=\"34\" \/>\n\t<meta property=\"og:image:type\" content=\"image\/jpeg\" \/>\n<meta name=\"twitter:card\" content=\"summary_large_image\" \/>\n<meta name=\"twitter:label1\" content=\"Est. reading time\" \/>\n\t<meta name=\"twitter:data1\" content=\"1 minute\" \/>\n<script type=\"application\/ld+json\" class=\"yoast-schema-graph\">{\"@context\":\"https:\\\/\\\/schema.org\",\"@graph\":[{\"@type\":\"WebPage\",\"@id\":\"https:\\\/\\\/merk.hu\\\/%f0%9f%93%8c-tiop-1-1-1-07-1-2008-0163\\\/\",\"url\":\"https:\\\/\\\/merk.hu\\\/%f0%9f%93%8c-tiop-1-1-1-07-1-2008-0163\\\/\",\"name\":\"\ud83d\udccc TIOP-1.1.1-07\\\/1-2008-0163 - M\u00e9rk Nagyk\u00f6zs\u00e9g \u00d6nkorm\u00e1nyzat\",\"isPartOf\":{\"@id\":\"https:\\\/\\\/merk.hu\\\/#website\"},\"primaryImageOfPage\":{\"@id\":\"https:\\\/\\\/merk.hu\\\/%f0%9f%93%8c-tiop-1-1-1-07-1-2008-0163\\\/#primaryimage\"},\"image\":{\"@id\":\"https:\\\/\\\/merk.hu\\\/%f0%9f%93%8c-tiop-1-1-1-07-1-2008-0163\\\/#primaryimage\"},\"thumbnailUrl\":\"https:\\\/\\\/merk.hu\\\/wp-content\\\/uploads\\\/2021\\\/02\\\/megujul-small.jpg\",\"datePublished\":\"2021-02-01T19:33:41+00:00\",\"dateModified\":\"2024-01-18T08:52:18+00:00\",\"breadcrumb\":{\"@id\":\"https:\\\/\\\/merk.hu\\\/%f0%9f%93%8c-tiop-1-1-1-07-1-2008-0163\\\/#breadcrumb\"},\"inLanguage\":\"en-US\",\"potentialAction\":[{\"@type\":\"ReadAction\",\"target\":[\"https:\\\/\\\/merk.hu\\\/%f0%9f%93%8c-tiop-1-1-1-07-1-2008-0163\\\/\"]}]},{\"@type\":\"ImageObject\",\"inLanguage\":\"en-US\",\"@id\":\"https:\\\/\\\/merk.hu\\\/%f0%9f%93%8c-tiop-1-1-1-07-1-2008-0163\\\/#primaryimage\",\"url\":\"https:\\\/\\\/merk.hu\\\/wp-content\\\/uploads\\\/2021\\\/02\\\/megujul-small.jpg\",\"contentUrl\":\"https:\\\/\\\/merk.hu\\\/wp-content\\\/uploads\\\/2021\\\/02\\\/megujul-small.jpg\"},{\"@type\":\"BreadcrumbList\",\"@id\":\"https:\\\/\\\/merk.hu\\\/%f0%9f%93%8c-tiop-1-1-1-07-1-2008-0163\\\/#breadcrumb\",\"itemListElement\":[{\"@type\":\"ListItem\",\"position\":1,\"name\":\"Kezd\u0151lap\",\"item\":\"https:\\\/\\\/merk.hu\\\/\"},{\"@type\":\"ListItem\",\"position\":2,\"name\":\"\ud83d\udccc TIOP-1.1.1-07\\\/1-2008-0163\"}]},{\"@type\":\"WebSite\",\"@id\":\"https:\\\/\\\/merk.hu\\\/#website\",\"url\":\"https:\\\/\\\/merk.hu\\\/\",\"name\":\"M\u00e9rk Nagyk\u00f6zs\u00e9g \u00d6nkorm\u00e1nyzat\",\"description\":\"M\u00e9rk Nagyk\u00f6zs\u00e9g \u00d6nkorm\u00e1nyzat\",\"publisher\":{\"@id\":\"https:\\\/\\\/merk.hu\\\/#organization\"},\"potentialAction\":[{\"@type\":\"SearchAction\",\"target\":{\"@type\":\"EntryPoint\",\"urlTemplate\":\"https:\\\/\\\/merk.hu\\\/?s={search_term_string}\"},\"query-input\":{\"@type\":\"PropertyValueSpecification\",\"valueRequired\":true,\"valueName\":\"search_term_string\"}}],\"inLanguage\":\"en-US\"},{\"@type\":\"Organization\",\"@id\":\"https:\\\/\\\/merk.hu\\\/#organization\",\"name\":\"M\u00e9rk Nagyk\u00f6zs\u00e9g \u00d6nkorm\u00e1nyzat\",\"url\":\"https:\\\/\\\/merk.hu\\\/\",\"logo\":{\"@type\":\"ImageObject\",\"inLanguage\":\"en-US\",\"@id\":\"https:\\\/\\\/merk.hu\\\/#\\\/schema\\\/logo\\\/image\\\/\",\"url\":\"https:\\\/\\\/merk.hu\\\/wp-content\\\/uploads\\\/2021\\\/02\\\/cimer.jpg\",\"contentUrl\":\"https:\\\/\\\/merk.hu\\\/wp-content\\\/uploads\\\/2021\\\/02\\\/cimer.jpg\",\"width\":200,\"height\":208,\"caption\":\"M\u00e9rk Nagyk\u00f6zs\u00e9g \u00d6nkorm\u00e1nyzat\"},\"image\":{\"@id\":\"https:\\\/\\\/merk.hu\\\/#\\\/schema\\\/logo\\\/image\\\/\"}}]}<\/script>\n<!-- \/ Yoast SEO plugin. -->","yoast_head_json":{"title":"\ud83d\udccc TIOP-1.1.1-07\/1-2008-0163 - M\u00e9rk Nagyk\u00f6zs\u00e9g \u00d6nkorm\u00e1nyzat","robots":{"index":"index","follow":"follow","max-snippet":"max-snippet:-1","max-image-preview":"max-image-preview:large","max-video-preview":"max-video-preview:-1"},"canonical":"https:\/\/merk.hu\/en\/\ud83d\udccc-tiop-1-1-1-07-1-2008-0163\/","og_locale":"en_US","og_type":"article","og_title":"\ud83d\udccc TIOP-1.1.1-07\/1-2008-0163 - M\u00e9rk Nagyk\u00f6zs\u00e9g \u00d6nkorm\u00e1nyzat","og_description":"P\u00e1ly\u00e1zati t\u00e1mogat\u00e1s M\u00e9rk Nagyk\u00f6zs\u00e9g \u00d6nkorm\u00e1nyzata az &#8222;Intelligens iskol\u00e1val&#8221; az \u00faj gener\u00e1ci\u00f3\u00e9rt TIOP-1.1.1-07\/1-2008-0163 azonos\u00edt\u00f3 sz\u00e1m\u00fa p\u00e1ly\u00e1zattal 18,4 milli\u00f3 Ft-ot nyert. A p\u00e1ly\u00e1zat 27 db PC-t, 10 db tantermi csomagot tartalmaz. (interakt\u00edv t\u00e1bl\u00e1t,notebookot, projektort \u00e9s egy\u00e9b felszerel\u00e9seket) Ez\u00e1ltal k\u00e9t feladat ell\u00e1t\u00e1si helyen, a m\u00e9rki gesztor, \u00e9s a v\u00e1llaji tagiskol\u00e1ban jobb tanul\u00e1si felt\u00e9teleket teremtettek a gyermekeknek. A projekt [&hellip;]","og_url":"https:\/\/merk.hu\/en\/\ud83d\udccc-tiop-1-1-1-07-1-2008-0163\/","og_site_name":"M\u00e9rk Nagyk\u00f6zs\u00e9g \u00d6nkorm\u00e1nyzat","article_modified_time":"2024-01-18T08:52:18+00:00","og_image":[{"width":184,"height":34,"url":"https:\/\/merk.hu\/wp-content\/uploads\/2021\/02\/megujul-small.jpg","type":"image\/jpeg"}],"twitter_card":"summary_large_image","twitter_misc":{"Est. reading time":"1 minute"},"schema":{"@context":"https:\/\/schema.org","@graph":[{"@type":"WebPage","@id":"https:\/\/merk.hu\/%f0%9f%93%8c-tiop-1-1-1-07-1-2008-0163\/","url":"https:\/\/merk.hu\/%f0%9f%93%8c-tiop-1-1-1-07-1-2008-0163\/","name":"\ud83d\udccc TIOP-1.1.1-07\/1-2008-0163 - M\u00e9rk Nagyk\u00f6zs\u00e9g \u00d6nkorm\u00e1nyzat","isPartOf":{"@id":"https:\/\/merk.hu\/#website"},"primaryImageOfPage":{"@id":"https:\/\/merk.hu\/%f0%9f%93%8c-tiop-1-1-1-07-1-2008-0163\/#primaryimage"},"image":{"@id":"https:\/\/merk.hu\/%f0%9f%93%8c-tiop-1-1-1-07-1-2008-0163\/#primaryimage"},"thumbnailUrl":"https:\/\/merk.hu\/wp-content\/uploads\/2021\/02\/megujul-small.jpg","datePublished":"2021-02-01T19:33:41+00:00","dateModified":"2024-01-18T08:52:18+00:00","breadcrumb":{"@id":"https:\/\/merk.hu\/%f0%9f%93%8c-tiop-1-1-1-07-1-2008-0163\/#breadcrumb"},"inLanguage":"en-US","potentialAction":[{"@type":"ReadAction","target":["https:\/\/merk.hu\/%f0%9f%93%8c-tiop-1-1-1-07-1-2008-0163\/"]}]},{"@type":"ImageObject","inLanguage":"en-US","@id":"https:\/\/merk.hu\/%f0%9f%93%8c-tiop-1-1-1-07-1-2008-0163\/#primaryimage","url":"https:\/\/merk.hu\/wp-content\/uploads\/2021\/02\/megujul-small.jpg","contentUrl":"https:\/\/merk.hu\/wp-content\/uploads\/2021\/02\/megujul-small.jpg"},{"@type":"BreadcrumbList","@id":"https:\/\/merk.hu\/%f0%9f%93%8c-tiop-1-1-1-07-1-2008-0163\/#breadcrumb","itemListElement":[{"@type":"ListItem","position":1,"name":"Kezd\u0151lap","item":"https:\/\/merk.hu\/"},{"@type":"ListItem","position":2,"name":"\ud83d\udccc TIOP-1.1.1-07\/1-2008-0163"}]},{"@type":"WebSite","@id":"https:\/\/merk.hu\/#website","url":"https:\/\/merk.hu\/","name":"Municipality of M\u00e9rk Nagyk\u00f6zs\u00e9g","description":"Municipality of M\u00e9rk Nagyk\u00f6zs\u00e9g","publisher":{"@id":"https:\/\/merk.hu\/#organization"},"potentialAction":[{"@type":"SearchAction","target":{"@type":"EntryPoint","urlTemplate":"https:\/\/merk.hu\/?s={search_term_string}"},"query-input":{"@type":"PropertyValueSpecification","valueRequired":true,"valueName":"search_term_string"}}],"inLanguage":"en-US"},{"@type":"Organization","@id":"https:\/\/merk.hu\/#organization","name":"Municipality of M\u00e9rk Nagyk\u00f6zs\u00e9g","url":"https:\/\/merk.hu\/","logo":{"@type":"ImageObject","inLanguage":"en-US","@id":"https:\/\/merk.hu\/#\/schema\/logo\/image\/","url":"https:\/\/merk.hu\/wp-content\/uploads\/2021\/02\/cimer.jpg","contentUrl":"https:\/\/merk.hu\/wp-content\/uploads\/2021\/02\/cimer.jpg","width":200,"height":208,"caption":"M\u00e9rk Nagyk\u00f6zs\u00e9g \u00d6nkorm\u00e1nyzat"},"image":{"@id":"https:\/\/merk.hu\/#\/schema\/logo\/image\/"}}]}},"_links":{"self":[{"href":"https:\/\/merk.hu\/en\/wp-json\/wp\/v2\/pages\/140","targetHints":{"allow":["GET"]}}],"collection":[{"href":"https:\/\/merk.hu\/en\/wp-json\/wp\/v2\/pages"}],"about":[{"href":"https:\/\/merk.hu\/en\/wp-json\/wp\/v2\/types\/page"}],"author":[{"embeddable":true,"href":"https:\/\/merk.hu\/en\/wp-json\/wp\/v2\/users\/4"}],"replies":[{"embeddable":true,"href":"https:\/\/merk.hu\/en\/wp-json\/wp\/v2\/comments?post=140"}],"version-history":[{"count":0,"href":"https:\/\/merk.hu\/en\/wp-json\/wp\/v2\/pages\/140\/revisions"}],"wp:attachment":[{"href":"https:\/\/merk.hu\/en\/wp-json\/wp\/v2\/media?parent=140"}],"curies":[{"name":"wp","href":"https:\/\/api.w.org\/{rel}","templated":true}]}}