{"id":138,"date":"2021-02-01T19:33:01","date_gmt":"2021-02-01T19:33:01","guid":{"rendered":"https:\/\/merk.hu\/?page_id=138"},"modified":"2024-01-18T08:52:18","modified_gmt":"2024-01-18T08:52:18","slug":"%f0%9f%93%8c-keop-2009-2-1-2","status":"publish","type":"page","link":"https:\/\/merk.hu\/en\/%f0%9f%93%8c-keop-2009-2-1-2\/","title":{"rendered":"\ud83d\udccc KEOP-2009-2.1.2"},"content":{"rendered":"<h1>Grants for applications<\/h1>\n<table class=\"it\">\n<tbody>\n<tr>\n<td width=\"180\">Beneficiary:<\/td>\n<td>The Municipality of M\u00e9rk Nagyk\u00f6zs\u00e9g.<\/td>\n<\/tr>\n<tr>\n<td>Call for proposals code number:<\/td>\n<td>KEOP-2009-2.1.2<\/td>\n<\/tr>\n<tr>\n<td>Application number:<\/td>\n<td>KEOP-2.1.2\/2F\/09-2010-0003<\/td>\n<\/tr>\n<tr>\n<td>Project title:<\/td>\n<td>M\u00e9rk Nagyk\u00f6zs\u00e9g Complex development of the municipal charging system<\/td>\n<\/tr>\n<tr>\n<td>Amount of support:<\/td>\n<td>590.016.653 Ft<\/td>\n<\/tr>\n<tr>\n<td>Description:<\/td>\n<td>The project is co-financed by the Cohesion Fund with the support of the European Union.<\/td>\n<\/tr>\n<\/tbody>\n<\/table>","protected":false},"excerpt":{"rendered":"<p>Grant Beneficiary: the Municipality of M\u00e9rk Nagyk\u00f6zs\u00e9g. Tender No.: KEOP-2009-2.1.2 Tender No.: KEOP-2.1.2\/2F\/09-2010-0003 Project Title.<\/p>","protected":false},"author":4,"featured_media":0,"parent":0,"menu_order":0,"comment_status":"closed","ping_status":"closed","template":"","meta":{"footnotes":""},"class_list":["post-138","page","type-page","status-publish","hentry"],"yoast_head":"<!-- This site is optimized with the Yoast SEO plugin v27.4 - https:\/\/yoast.com\/product\/yoast-seo-wordpress\/ -->\n<title>\ud83d\udccc KEOP-2009-2.1.2 - M\u00e9rk Nagyk\u00f6zs\u00e9g \u00d6nkorm\u00e1nyzat<\/title>\n<meta name=\"robots\" content=\"index, follow, max-snippet:-1, max-image-preview:large, max-video-preview:-1\" \/>\n<link rel=\"canonical\" href=\"https:\/\/merk.hu\/en\/\ud83d\udccc-keop-2009-2-1-2\/\" \/>\n<meta property=\"og:locale\" content=\"en_US\" \/>\n<meta property=\"og:type\" content=\"article\" \/>\n<meta property=\"og:title\" content=\"\ud83d\udccc KEOP-2009-2.1.2 - M\u00e9rk Nagyk\u00f6zs\u00e9g \u00d6nkorm\u00e1nyzat\" \/>\n<meta property=\"og:description\" content=\"P\u00e1ly\u00e1zati t\u00e1mogat\u00e1s Kedvezm\u00e9nyezett: M\u00e9rk Nagyk\u00f6zs\u00e9g \u00d6nkorm\u00e1nyzata. P\u00e1ly\u00e1zati ki\u00edr\u00e1s k\u00f3dsz\u00e1ma: KEOP-2009-2.1.2 P\u00e1ly\u00e1zat azonos\u00edt\u00f3 sz\u00e1ma: KEOP-2.1.2\/2F\/09-2010-0003 Projekt c\u00edme: M\u00e9rk Nagyk\u00f6zs\u00e9g \u00d6nkorm\u00e1nyzati k\u00f6rt\u00f6lt\u00e9s komplex fejleszt\u00e9se T\u00e1mogat\u00e1s \u00f6sszege: 590.016.653 Ft Le\u00edr\u00e1s: A projekt az Eur\u00f3pai Uni\u00f3 t\u00e1mogat\u00e1s\u00e1val, a Koh\u00e9zi\u00f3s Alap t\u00e1rsfinansz\u00edroz\u00e1s\u00e1val val\u00f3sul meg.\" \/>\n<meta property=\"og:url\" content=\"https:\/\/merk.hu\/en\/\ud83d\udccc-keop-2009-2-1-2\/\" \/>\n<meta property=\"og:site_name\" content=\"M\u00e9rk Nagyk\u00f6zs\u00e9g \u00d6nkorm\u00e1nyzat\" \/>\n<meta property=\"article:modified_time\" content=\"2024-01-18T08:52:18+00:00\" \/>\n<meta name=\"twitter:card\" content=\"summary_large_image\" \/>\n<script type=\"application\/ld+json\" class=\"yoast-schema-graph\">{\"@context\":\"https:\\\/\\\/schema.org\",\"@graph\":[{\"@type\":\"WebPage\",\"@id\":\"https:\\\/\\\/merk.hu\\\/%f0%9f%93%8c-keop-2009-2-1-2\\\/\",\"url\":\"https:\\\/\\\/merk.hu\\\/%f0%9f%93%8c-keop-2009-2-1-2\\\/\",\"name\":\"\ud83d\udccc KEOP-2009-2.1.2 - M\u00e9rk Nagyk\u00f6zs\u00e9g \u00d6nkorm\u00e1nyzat\",\"isPartOf\":{\"@id\":\"https:\\\/\\\/merk.hu\\\/#website\"},\"datePublished\":\"2021-02-01T19:33:01+00:00\",\"dateModified\":\"2024-01-18T08:52:18+00:00\",\"breadcrumb\":{\"@id\":\"https:\\\/\\\/merk.hu\\\/%f0%9f%93%8c-keop-2009-2-1-2\\\/#breadcrumb\"},\"inLanguage\":\"en-US\",\"potentialAction\":[{\"@type\":\"ReadAction\",\"target\":[\"https:\\\/\\\/merk.hu\\\/%f0%9f%93%8c-keop-2009-2-1-2\\\/\"]}]},{\"@type\":\"BreadcrumbList\",\"@id\":\"https:\\\/\\\/merk.hu\\\/%f0%9f%93%8c-keop-2009-2-1-2\\\/#breadcrumb\",\"itemListElement\":[{\"@type\":\"ListItem\",\"position\":1,\"name\":\"Kezd\u0151lap\",\"item\":\"https:\\\/\\\/merk.hu\\\/\"},{\"@type\":\"ListItem\",\"position\":2,\"name\":\"\ud83d\udccc KEOP-2009-2.1.2\"}]},{\"@type\":\"WebSite\",\"@id\":\"https:\\\/\\\/merk.hu\\\/#website\",\"url\":\"https:\\\/\\\/merk.hu\\\/\",\"name\":\"M\u00e9rk Nagyk\u00f6zs\u00e9g \u00d6nkorm\u00e1nyzat\",\"description\":\"M\u00e9rk Nagyk\u00f6zs\u00e9g \u00d6nkorm\u00e1nyzat\",\"publisher\":{\"@id\":\"https:\\\/\\\/merk.hu\\\/#organization\"},\"potentialAction\":[{\"@type\":\"SearchAction\",\"target\":{\"@type\":\"EntryPoint\",\"urlTemplate\":\"https:\\\/\\\/merk.hu\\\/?s={search_term_string}\"},\"query-input\":{\"@type\":\"PropertyValueSpecification\",\"valueRequired\":true,\"valueName\":\"search_term_string\"}}],\"inLanguage\":\"en-US\"},{\"@type\":\"Organization\",\"@id\":\"https:\\\/\\\/merk.hu\\\/#organization\",\"name\":\"M\u00e9rk Nagyk\u00f6zs\u00e9g \u00d6nkorm\u00e1nyzat\",\"url\":\"https:\\\/\\\/merk.hu\\\/\",\"logo\":{\"@type\":\"ImageObject\",\"inLanguage\":\"en-US\",\"@id\":\"https:\\\/\\\/merk.hu\\\/#\\\/schema\\\/logo\\\/image\\\/\",\"url\":\"https:\\\/\\\/merk.hu\\\/wp-content\\\/uploads\\\/2021\\\/02\\\/cimer.jpg\",\"contentUrl\":\"https:\\\/\\\/merk.hu\\\/wp-content\\\/uploads\\\/2021\\\/02\\\/cimer.jpg\",\"width\":200,\"height\":208,\"caption\":\"M\u00e9rk Nagyk\u00f6zs\u00e9g \u00d6nkorm\u00e1nyzat\"},\"image\":{\"@id\":\"https:\\\/\\\/merk.hu\\\/#\\\/schema\\\/logo\\\/image\\\/\"}}]}<\/script>\n<!-- \/ Yoast SEO plugin. -->","yoast_head_json":{"title":"\ud83d\udccc KEOP-2009-2.1.2 - M\u00e9rk Nagyk\u00f6zs\u00e9g Municipality","robots":{"index":"index","follow":"follow","max-snippet":"max-snippet:-1","max-image-preview":"max-image-preview:large","max-video-preview":"max-video-preview:-1"},"canonical":"https:\/\/merk.hu\/en\/\ud83d\udccc-keop-2009-2-1-2\/","og_locale":"en_US","og_type":"article","og_title":"\ud83d\udccc KEOP-2009-2.1.2 - M\u00e9rk Nagyk\u00f6zs\u00e9g \u00d6nkorm\u00e1nyzat","og_description":"P\u00e1ly\u00e1zati t\u00e1mogat\u00e1s Kedvezm\u00e9nyezett: M\u00e9rk Nagyk\u00f6zs\u00e9g \u00d6nkorm\u00e1nyzata. P\u00e1ly\u00e1zati ki\u00edr\u00e1s k\u00f3dsz\u00e1ma: KEOP-2009-2.1.2 P\u00e1ly\u00e1zat azonos\u00edt\u00f3 sz\u00e1ma: KEOP-2.1.2\/2F\/09-2010-0003 Projekt c\u00edme: M\u00e9rk Nagyk\u00f6zs\u00e9g \u00d6nkorm\u00e1nyzati k\u00f6rt\u00f6lt\u00e9s komplex fejleszt\u00e9se T\u00e1mogat\u00e1s \u00f6sszege: 590.016.653 Ft Le\u00edr\u00e1s: A projekt az Eur\u00f3pai Uni\u00f3 t\u00e1mogat\u00e1s\u00e1val, a Koh\u00e9zi\u00f3s Alap t\u00e1rsfinansz\u00edroz\u00e1s\u00e1val val\u00f3sul meg.","og_url":"https:\/\/merk.hu\/en\/\ud83d\udccc-keop-2009-2-1-2\/","og_site_name":"M\u00e9rk Nagyk\u00f6zs\u00e9g \u00d6nkorm\u00e1nyzat","article_modified_time":"2024-01-18T08:52:18+00:00","twitter_card":"summary_large_image","schema":{"@context":"https:\/\/schema.org","@graph":[{"@type":"WebPage","@id":"https:\/\/merk.hu\/%f0%9f%93%8c-keop-2009-2-1-2\/","url":"https:\/\/merk.hu\/%f0%9f%93%8c-keop-2009-2-1-2\/","name":"\ud83d\udccc KEOP-2009-2.1.2 - M\u00e9rk Nagyk\u00f6zs\u00e9g Municipality","isPartOf":{"@id":"https:\/\/merk.hu\/#website"},"datePublished":"2021-02-01T19:33:01+00:00","dateModified":"2024-01-18T08:52:18+00:00","breadcrumb":{"@id":"https:\/\/merk.hu\/%f0%9f%93%8c-keop-2009-2-1-2\/#breadcrumb"},"inLanguage":"en-US","potentialAction":[{"@type":"ReadAction","target":["https:\/\/merk.hu\/%f0%9f%93%8c-keop-2009-2-1-2\/"]}]},{"@type":"BreadcrumbList","@id":"https:\/\/merk.hu\/%f0%9f%93%8c-keop-2009-2-1-2\/#breadcrumb","itemListElement":[{"@type":"ListItem","position":1,"name":"Kezd\u0151lap","item":"https:\/\/merk.hu\/"},{"@type":"ListItem","position":2,"name":"\ud83d\udccc KEOP-2009-2.1.2"}]},{"@type":"WebSite","@id":"https:\/\/merk.hu\/#website","url":"https:\/\/merk.hu\/","name":"Municipality of M\u00e9rk Nagyk\u00f6zs\u00e9g","description":"Municipality of M\u00e9rk Nagyk\u00f6zs\u00e9g","publisher":{"@id":"https:\/\/merk.hu\/#organization"},"potentialAction":[{"@type":"SearchAction","target":{"@type":"EntryPoint","urlTemplate":"https:\/\/merk.hu\/?s={search_term_string}"},"query-input":{"@type":"PropertyValueSpecification","valueRequired":true,"valueName":"search_term_string"}}],"inLanguage":"en-US"},{"@type":"Organization","@id":"https:\/\/merk.hu\/#organization","name":"Municipality of M\u00e9rk Nagyk\u00f6zs\u00e9g","url":"https:\/\/merk.hu\/","logo":{"@type":"ImageObject","inLanguage":"en-US","@id":"https:\/\/merk.hu\/#\/schema\/logo\/image\/","url":"https:\/\/merk.hu\/wp-content\/uploads\/2021\/02\/cimer.jpg","contentUrl":"https:\/\/merk.hu\/wp-content\/uploads\/2021\/02\/cimer.jpg","width":200,"height":208,"caption":"M\u00e9rk Nagyk\u00f6zs\u00e9g \u00d6nkorm\u00e1nyzat"},"image":{"@id":"https:\/\/merk.hu\/#\/schema\/logo\/image\/"}}]}},"_links":{"self":[{"href":"https:\/\/merk.hu\/en\/wp-json\/wp\/v2\/pages\/138","targetHints":{"allow":["GET"]}}],"collection":[{"href":"https:\/\/merk.hu\/en\/wp-json\/wp\/v2\/pages"}],"about":[{"href":"https:\/\/merk.hu\/en\/wp-json\/wp\/v2\/types\/page"}],"author":[{"embeddable":true,"href":"https:\/\/merk.hu\/en\/wp-json\/wp\/v2\/users\/4"}],"replies":[{"embeddable":true,"href":"https:\/\/merk.hu\/en\/wp-json\/wp\/v2\/comments?post=138"}],"version-history":[{"count":0,"href":"https:\/\/merk.hu\/en\/wp-json\/wp\/v2\/pages\/138\/revisions"}],"wp:attachment":[{"href":"https:\/\/merk.hu\/en\/wp-json\/wp\/v2\/media?parent=138"}],"curies":[{"name":"wp","href":"https:\/\/api.w.org\/{rel}","templated":true}]}}