{"id":1373,"date":"2023-10-26T06:00:37","date_gmt":"2023-10-26T06:00:37","guid":{"rendered":"https:\/\/merk.hu\/?page_id=1373"},"modified":"2024-06-19T07:42:43","modified_gmt":"2024-06-19T07:42:43","slug":"valasztasi-szervek","status":"publish","type":"page","link":"https:\/\/merk.hu\/en\/valasztasi-szervek\/","title":{"rendered":"Electoral bodies"},"content":{"rendered":"<ul>\n<li>the electoral office\n<ul>\n<li>name of the head: T\u00f3thn\u00e9 Dr. Nagy Anita<\/li>\n<li>office address: 4352 M\u00e9rk Hunyadi utca 45., telephone number: 44\/554-054, e-mail address: jegyzo@merk.hu<\/li>\n<li>address of its election information service: 4352 M\u00e9rk Hunyadi street 45, telephone number: 44\/554-054, e-mail address: jegyzo@merk.hu<\/li>\n<li>the head of the election office\n<ul>\n<li><a href=\"https:\/\/merk.hu\/wp-content\/uploads\/2023\/10\/2024.-evi-onkormanyzati-valasztas-mandatumok-megallapitasa.pdf\">decision on the number of mandates<\/a><\/li>\n<\/ul>\n<\/li>\n<\/ul>\n<\/li>\n<li>the electoral commission\n<ul>\n<li>the names and contact details of its members and alternates:\n<ul>\n<li>L\u00e1szl\u00f3n\u00e9 Ol\u00e1h IDC President 44\/554-054<\/li>\n<li>Mrs Anita Nagyn\u00e9 Szak\u00e1cs Vice President of the HVB 44\/554-054<\/li>\n<li>Attil\u00e1n\u00e9 Farkas HVB member 44\/544-054<\/li>\n<li>Mrs J\u00e1nos Kaluha Alternate member of the HVB 44\/554-054<\/li>\n<li>Mrs Istv\u00e1n V\u00e1ri Alternate HVB member 44\/554-054<\/li>\n<\/ul>\n<\/li>\n<li>expected date and detailed agenda of its meeting<\/li>\n<li>minutes of the meeting\n<ul>\n<li><a href=\"https:\/\/merk.hu\/wp-content\/uploads\/2024\/04\/HVB-Merk-2023.11.23.pdf\">23 November 2023.<\/a><\/li>\n<li><a href=\"https:\/\/merk.hu\/wp-content\/uploads\/2024\/04\/HVB-Merk-2024.04.24.pdf\">24 April 2024.<\/a><\/li>\n<li><a href=\"https:\/\/merk.hu\/wp-content\/uploads\/2024\/04\/HVB-Merk-2024.04.26.pdf\">26 April 2024.<\/a><\/li>\n<li><a href=\"https:\/\/merk.hu\/wp-content\/uploads\/2024\/05\/HVB-jkv-20240502.pdf\">2 May 2024.<\/a><\/li>\n<li><a href=\"https:\/\/merk.hu\/wp-content\/uploads\/2024\/05\/HVB-Merk-20240506.pdf\">6 May 2024.<\/a><\/li>\n<li><a href=\"https:\/\/merk.hu\/wp-content\/uploads\/2024\/05\/HVB-jkv-Merk-20240514.pdf\">14 May 2024.<\/a><\/li>\n<li><a href=\"https:\/\/merk.hu\/wp-content\/uploads\/2024\/06\/Merk-HVB-20240609-jkv.pdf\">9 June 2024.<\/a><\/li>\n<li><a href=\"https:\/\/merk.hu\/wp-content\/uploads\/2024\/06\/Merk-HVB-20240614-jkv.pdf\">14 June 2024.<\/a><\/li>\n<li><a href=\"https:\/\/merk.hu\/wp-content\/uploads\/2024\/06\/Merk-HVB-20240619-jkv.pdf\">19 June 2024.<\/a><\/li>\n<\/ul>\n<\/li>\n<li>decisions (except personal data which are not in the public interest)\n<ul>\n<li><a href=\"https:\/\/merk.hu\/wp-content\/uploads\/2024\/04\/1-3-per-2023-XI.23.-HVB-hatarozatok.pdf\">1-3 per 2023 (XI.23.) IGC decisions<\/a><\/li>\n<li><a href=\"https:\/\/merk.hu\/wp-content\/uploads\/2024\/06\/Merk-polgarmester-eredmeny-jegyzokonyv.pdf\">Mayor's result minutes<\/a><\/li>\n<li><a href=\"https:\/\/merk.hu\/wp-content\/uploads\/2024\/06\/Merk-kepviselo-testulet-eredmeny-jkv.pdf\">Assembly minutes of the results<\/a><\/li>\n<li><a href=\"https:\/\/merk.hu\/wp-content\/uploads\/2024\/06\/Merk-nemet-nemzetiseg-eredmeny-jkv.pdf\">German nationality result protocols<\/a><\/li>\n<li><a href=\"https:\/\/merk.hu\/wp-content\/uploads\/2024\/06\/Merk-nemet-nemzetiseg-eredmeny-jkv.pdf\">Roma nationality result protocols<\/a><\/li>\n<\/ul>\n<\/li>\n<\/ul>\n<\/li>\n<\/ul>","protected":false},"excerpt":{"rendered":"<p>a v\u00e1laszt\u00e1si iroda vezet\u0151j\u00e9nek neve: T\u00f3thn\u00e9 Dr. Nagy Anita hivatali helys\u00e9g\u00e9nek c\u00edme: 4352 M\u00e9rk Hunyadi utca 45., telefonsz\u00e1ma: 44\/554-054, elektronikus lev\u00e9lc\u00edme: jegyzo@merk.hu v\u00e1laszt\u00e1si inform\u00e1ci\u00f3s szolg\u00e1lat\u00e1nak c\u00edme: 4352 M\u00e9rk Hunyadi utca 45., telefonsz\u00e1ma: 44\/554-054, elektronikus lev\u00e9lc\u00edme: jegyzo@merk.hu a v\u00e1laszt\u00e1si iroda vezet\u0151j\u00e9nek a mand\u00e1tumok sz\u00e1m\u00e1nak meg\u00e1llap\u00edt\u00e1s\u00e1r\u00f3l sz\u00f3l\u00f3 hat\u00e1rozata a v\u00e1laszt\u00e1si bizotts\u00e1g tagjainak \u00e9s p\u00f3ttagjainak neve, el\u00e9rhet\u0151s\u00e9ge: Ol\u00e1h [&hellip;]<\/p>\n","protected":false},"author":4,"featured_media":0,"parent":0,"menu_order":0,"comment_status":"closed","ping_status":"closed","template":"","meta":{"footnotes":""},"class_list":["post-1373","page","type-page","status-publish","hentry"],"yoast_head":"<!-- This site is optimized with the Yoast SEO plugin v27.4 - https:\/\/yoast.com\/product\/yoast-seo-wordpress\/ -->\n<title>V\u00e1laszt\u00e1si szervek - M\u00e9rk Nagyk\u00f6zs\u00e9g \u00d6nkorm\u00e1nyzat<\/title>\n<meta name=\"robots\" content=\"index, follow, max-snippet:-1, max-image-preview:large, max-video-preview:-1\" \/>\n<link rel=\"canonical\" href=\"https:\/\/merk.hu\/en\/valasztasi-szervek\/\" \/>\n<meta property=\"og:locale\" content=\"en_US\" \/>\n<meta property=\"og:type\" content=\"article\" \/>\n<meta property=\"og:title\" content=\"V\u00e1laszt\u00e1si szervek - M\u00e9rk Nagyk\u00f6zs\u00e9g \u00d6nkorm\u00e1nyzat\" \/>\n<meta property=\"og:description\" content=\"a v\u00e1laszt\u00e1si iroda vezet\u0151j\u00e9nek neve: T\u00f3thn\u00e9 Dr. Nagy Anita hivatali helys\u00e9g\u00e9nek c\u00edme: 4352 M\u00e9rk Hunyadi utca 45., telefonsz\u00e1ma: 44\/554-054, elektronikus lev\u00e9lc\u00edme: jegyzo@merk.hu v\u00e1laszt\u00e1si inform\u00e1ci\u00f3s szolg\u00e1lat\u00e1nak c\u00edme: 4352 M\u00e9rk Hunyadi utca 45., telefonsz\u00e1ma: 44\/554-054, elektronikus lev\u00e9lc\u00edme: jegyzo@merk.hu a v\u00e1laszt\u00e1si iroda vezet\u0151j\u00e9nek a mand\u00e1tumok sz\u00e1m\u00e1nak meg\u00e1llap\u00edt\u00e1s\u00e1r\u00f3l sz\u00f3l\u00f3 hat\u00e1rozata a v\u00e1laszt\u00e1si bizotts\u00e1g tagjainak \u00e9s p\u00f3ttagjainak neve, el\u00e9rhet\u0151s\u00e9ge: Ol\u00e1h [&hellip;]\" \/>\n<meta property=\"og:url\" content=\"https:\/\/merk.hu\/en\/valasztasi-szervek\/\" \/>\n<meta property=\"og:site_name\" content=\"M\u00e9rk Nagyk\u00f6zs\u00e9g \u00d6nkorm\u00e1nyzat\" \/>\n<meta property=\"article:modified_time\" content=\"2024-06-19T07:42:43+00:00\" \/>\n<meta name=\"twitter:card\" content=\"summary_large_image\" \/>\n<meta name=\"twitter:label1\" content=\"Est. reading time\" \/>\n\t<meta name=\"twitter:data1\" content=\"1 minute\" \/>\n<script type=\"application\/ld+json\" class=\"yoast-schema-graph\">{\"@context\":\"https:\\\/\\\/schema.org\",\"@graph\":[{\"@type\":\"WebPage\",\"@id\":\"https:\\\/\\\/merk.hu\\\/valasztasi-szervek\\\/\",\"url\":\"https:\\\/\\\/merk.hu\\\/valasztasi-szervek\\\/\",\"name\":\"V\u00e1laszt\u00e1si szervek - M\u00e9rk Nagyk\u00f6zs\u00e9g \u00d6nkorm\u00e1nyzat\",\"isPartOf\":{\"@id\":\"https:\\\/\\\/merk.hu\\\/#website\"},\"datePublished\":\"2023-10-26T06:00:37+00:00\",\"dateModified\":\"2024-06-19T07:42:43+00:00\",\"breadcrumb\":{\"@id\":\"https:\\\/\\\/merk.hu\\\/valasztasi-szervek\\\/#breadcrumb\"},\"inLanguage\":\"en-US\",\"potentialAction\":[{\"@type\":\"ReadAction\",\"target\":[\"https:\\\/\\\/merk.hu\\\/valasztasi-szervek\\\/\"]}]},{\"@type\":\"BreadcrumbList\",\"@id\":\"https:\\\/\\\/merk.hu\\\/valasztasi-szervek\\\/#breadcrumb\",\"itemListElement\":[{\"@type\":\"ListItem\",\"position\":1,\"name\":\"Kezd\u0151lap\",\"item\":\"https:\\\/\\\/merk.hu\\\/\"},{\"@type\":\"ListItem\",\"position\":2,\"name\":\"V\u00e1laszt\u00e1si szervek\"}]},{\"@type\":\"WebSite\",\"@id\":\"https:\\\/\\\/merk.hu\\\/#website\",\"url\":\"https:\\\/\\\/merk.hu\\\/\",\"name\":\"M\u00e9rk Nagyk\u00f6zs\u00e9g \u00d6nkorm\u00e1nyzat\",\"description\":\"M\u00e9rk Nagyk\u00f6zs\u00e9g \u00d6nkorm\u00e1nyzat\",\"publisher\":{\"@id\":\"https:\\\/\\\/merk.hu\\\/#organization\"},\"potentialAction\":[{\"@type\":\"SearchAction\",\"target\":{\"@type\":\"EntryPoint\",\"urlTemplate\":\"https:\\\/\\\/merk.hu\\\/?s={search_term_string}\"},\"query-input\":{\"@type\":\"PropertyValueSpecification\",\"valueRequired\":true,\"valueName\":\"search_term_string\"}}],\"inLanguage\":\"en-US\"},{\"@type\":\"Organization\",\"@id\":\"https:\\\/\\\/merk.hu\\\/#organization\",\"name\":\"M\u00e9rk Nagyk\u00f6zs\u00e9g \u00d6nkorm\u00e1nyzat\",\"url\":\"https:\\\/\\\/merk.hu\\\/\",\"logo\":{\"@type\":\"ImageObject\",\"inLanguage\":\"en-US\",\"@id\":\"https:\\\/\\\/merk.hu\\\/#\\\/schema\\\/logo\\\/image\\\/\",\"url\":\"https:\\\/\\\/merk.hu\\\/wp-content\\\/uploads\\\/2021\\\/02\\\/cimer.jpg\",\"contentUrl\":\"https:\\\/\\\/merk.hu\\\/wp-content\\\/uploads\\\/2021\\\/02\\\/cimer.jpg\",\"width\":200,\"height\":208,\"caption\":\"M\u00e9rk Nagyk\u00f6zs\u00e9g \u00d6nkorm\u00e1nyzat\"},\"image\":{\"@id\":\"https:\\\/\\\/merk.hu\\\/#\\\/schema\\\/logo\\\/image\\\/\"}}]}<\/script>\n<!-- \/ Yoast SEO plugin. -->","yoast_head_json":{"title":"V\u00e1laszt\u00e1si szervek - M\u00e9rk Nagyk\u00f6zs\u00e9g \u00d6nkorm\u00e1nyzat","robots":{"index":"index","follow":"follow","max-snippet":"max-snippet:-1","max-image-preview":"max-image-preview:large","max-video-preview":"max-video-preview:-1"},"canonical":"https:\/\/merk.hu\/en\/valasztasi-szervek\/","og_locale":"en_US","og_type":"article","og_title":"V\u00e1laszt\u00e1si szervek - M\u00e9rk Nagyk\u00f6zs\u00e9g \u00d6nkorm\u00e1nyzat","og_description":"a v\u00e1laszt\u00e1si iroda vezet\u0151j\u00e9nek neve: T\u00f3thn\u00e9 Dr. Nagy Anita hivatali helys\u00e9g\u00e9nek c\u00edme: 4352 M\u00e9rk Hunyadi utca 45., telefonsz\u00e1ma: 44\/554-054, elektronikus lev\u00e9lc\u00edme: jegyzo@merk.hu v\u00e1laszt\u00e1si inform\u00e1ci\u00f3s szolg\u00e1lat\u00e1nak c\u00edme: 4352 M\u00e9rk Hunyadi utca 45., telefonsz\u00e1ma: 44\/554-054, elektronikus lev\u00e9lc\u00edme: jegyzo@merk.hu a v\u00e1laszt\u00e1si iroda vezet\u0151j\u00e9nek a mand\u00e1tumok sz\u00e1m\u00e1nak meg\u00e1llap\u00edt\u00e1s\u00e1r\u00f3l sz\u00f3l\u00f3 hat\u00e1rozata a v\u00e1laszt\u00e1si bizotts\u00e1g tagjainak \u00e9s p\u00f3ttagjainak neve, el\u00e9rhet\u0151s\u00e9ge: Ol\u00e1h [&hellip;]","og_url":"https:\/\/merk.hu\/en\/valasztasi-szervek\/","og_site_name":"M\u00e9rk Nagyk\u00f6zs\u00e9g \u00d6nkorm\u00e1nyzat","article_modified_time":"2024-06-19T07:42:43+00:00","twitter_card":"summary_large_image","twitter_misc":{"Est. reading time":"1 minute"},"schema":{"@context":"https:\/\/schema.org","@graph":[{"@type":"WebPage","@id":"https:\/\/merk.hu\/valasztasi-szervek\/","url":"https:\/\/merk.hu\/valasztasi-szervek\/","name":"V\u00e1laszt\u00e1si szervek - M\u00e9rk Nagyk\u00f6zs\u00e9g \u00d6nkorm\u00e1nyzat","isPartOf":{"@id":"https:\/\/merk.hu\/#website"},"datePublished":"2023-10-26T06:00:37+00:00","dateModified":"2024-06-19T07:42:43+00:00","breadcrumb":{"@id":"https:\/\/merk.hu\/valasztasi-szervek\/#breadcrumb"},"inLanguage":"en-US","potentialAction":[{"@type":"ReadAction","target":["https:\/\/merk.hu\/valasztasi-szervek\/"]}]},{"@type":"BreadcrumbList","@id":"https:\/\/merk.hu\/valasztasi-szervek\/#breadcrumb","itemListElement":[{"@type":"ListItem","position":1,"name":"Kezd\u0151lap","item":"https:\/\/merk.hu\/"},{"@type":"ListItem","position":2,"name":"V\u00e1laszt\u00e1si szervek"}]},{"@type":"WebSite","@id":"https:\/\/merk.hu\/#website","url":"https:\/\/merk.hu\/","name":"Municipality of M\u00e9rk Nagyk\u00f6zs\u00e9g","description":"Municipality of M\u00e9rk Nagyk\u00f6zs\u00e9g","publisher":{"@id":"https:\/\/merk.hu\/#organization"},"potentialAction":[{"@type":"SearchAction","target":{"@type":"EntryPoint","urlTemplate":"https:\/\/merk.hu\/?s={search_term_string}"},"query-input":{"@type":"PropertyValueSpecification","valueRequired":true,"valueName":"search_term_string"}}],"inLanguage":"en-US"},{"@type":"Organization","@id":"https:\/\/merk.hu\/#organization","name":"Municipality of M\u00e9rk Nagyk\u00f6zs\u00e9g","url":"https:\/\/merk.hu\/","logo":{"@type":"ImageObject","inLanguage":"en-US","@id":"https:\/\/merk.hu\/#\/schema\/logo\/image\/","url":"https:\/\/merk.hu\/wp-content\/uploads\/2021\/02\/cimer.jpg","contentUrl":"https:\/\/merk.hu\/wp-content\/uploads\/2021\/02\/cimer.jpg","width":200,"height":208,"caption":"M\u00e9rk Nagyk\u00f6zs\u00e9g \u00d6nkorm\u00e1nyzat"},"image":{"@id":"https:\/\/merk.hu\/#\/schema\/logo\/image\/"}}]}},"_links":{"self":[{"href":"https:\/\/merk.hu\/en\/wp-json\/wp\/v2\/pages\/1373","targetHints":{"allow":["GET"]}}],"collection":[{"href":"https:\/\/merk.hu\/en\/wp-json\/wp\/v2\/pages"}],"about":[{"href":"https:\/\/merk.hu\/en\/wp-json\/wp\/v2\/types\/page"}],"author":[{"embeddable":true,"href":"https:\/\/merk.hu\/en\/wp-json\/wp\/v2\/users\/4"}],"replies":[{"embeddable":true,"href":"https:\/\/merk.hu\/en\/wp-json\/wp\/v2\/comments?post=1373"}],"version-history":[{"count":0,"href":"https:\/\/merk.hu\/en\/wp-json\/wp\/v2\/pages\/1373\/revisions"}],"wp:attachment":[{"href":"https:\/\/merk.hu\/en\/wp-json\/wp\/v2\/media?parent=1373"}],"curies":[{"name":"wp","href":"https:\/\/api.w.org\/{rel}","templated":true}]}}