{"id":132,"date":"2021-02-01T19:31:00","date_gmt":"2021-02-01T19:31:00","guid":{"rendered":"https:\/\/merk.hu\/?page_id=132"},"modified":"2024-01-18T08:52:18","modified_gmt":"2024-01-18T08:52:18","slug":"%f0%9f%93%8c-top-1-1-3-15-sb1-2016-00014","status":"publish","type":"page","link":"https:\/\/merk.hu\/en\/%f0%9f%93%8c-top-1-1-3-15-sb1-2016-00014\/","title":{"rendered":"\ud83d\udccc TOP-1.1.3-15-SB1-2016-00014"},"content":{"rendered":"<p><center><img fetchpriority=\"high\" decoding=\"async\" class=\"alignnone  wp-image-187\" src=\"https:\/\/merk.hu\/wp-content\/uploads\/2021\/02\/TOP-1.1.3-15-SB1-2016-00014-300x215.jpg\" alt=\"\" width=\"460\" height=\"330\" srcset=\"https:\/\/merk.hu\/wp-content\/uploads\/2021\/02\/TOP-1.1.3-15-SB1-2016-00014-300x215.jpg 300w, https:\/\/merk.hu\/wp-content\/uploads\/2021\/02\/TOP-1.1.3-15-SB1-2016-00014-1024x734.jpg 1024w, https:\/\/merk.hu\/wp-content\/uploads\/2021\/02\/TOP-1.1.3-15-SB1-2016-00014-768x551.jpg 768w, https:\/\/merk.hu\/wp-content\/uploads\/2021\/02\/TOP-1.1.3-15-SB1-2016-00014-1536x1101.jpg 1536w, https:\/\/merk.hu\/wp-content\/uploads\/2021\/02\/TOP-1.1.3-15-SB1-2016-00014-2048x1468.jpg 2048w, https:\/\/merk.hu\/wp-content\/uploads\/2021\/02\/TOP-1.1.3-15-SB1-2016-00014-84x60.jpg 84w\" sizes=\"(max-width: 460px) 100vw, 460px\" \/><\/center>Name of beneficiary: M\u00e9rk Nagyk\u00f6zs\u00e9g \u00d6nkorm\u00e1nyzata<\/p>\n<p>Project title: Development of a new market in M\u00e9rken<\/p>\n<p>Amount of aid contracted: HUF 77 826 100<\/p>\n<p>Rate of aid (in %): 100%<\/p>\n<p>&nbsp;<\/p>\n<h1>Description of the project content<\/h1>\n<p>Through the implementation of the project, the municipality's fundamental objective is to develop the economy based on internal resources, which will contribute to the retention of jobs and stimulate job creation. The investment will contribute to the municipality's small-scale production of products and the development of logistics linked to the short supply chain, which will improve the efficiency of the delivery of local agricultural products to local markets.<\/p>\n<p>The development will mainly provide improvements to the infrastructure conditions for storage and sorting, which will improve the operating environment for local businesses, support job retention and creation, and strengthen cooperation and supplier links between rural and urban areas.<\/p>\n<p>&nbsp;<\/p>\n<p>The Municipality of M\u00e9rk Nagyk\u00f6zs\u00e9g received a non-repayable EU grant of 100% under the Operational Programme for Spatial and Urban Development.<\/p>\n<p>Project ID number: TOP-1.1.3-15-SB1-2016-00014<\/p>\n<p>Project completion date: 30.06.2018.<\/p>\n<p>&nbsp;<\/p>\n<h2>Project documents<\/h2>\n<p><a href=\"https:\/\/merk.hu\/wp-content\/uploads\/2021\/02\/Ajanlattetelre-felkert-gazdasagi-szereplok-1.pdf\">\ud83d\udcbeOffered economic operators<\/a><\/p>\n<p><a href=\"https:\/\/merk.hu\/wp-content\/uploads\/2021\/02\/Bontasi-jegyzokonyv-Uj-piac-kialakitasa-Merken.pdf\">\ud83d\udcbeDemolition report<\/a><\/p>","protected":false},"excerpt":{"rendered":"<p>A kedvezm\u00e9nyezett neve: M\u00e9rk Nagyk\u00f6zs\u00e9g \u00d6nkorm\u00e1nyzata A projekt c\u00edme: \u00daj Piac Kialak\u00edt\u00e1sa M\u00e9rken A szerz\u0151d\u00f6tt t\u00e1mogat\u00e1s \u00f6sszege: 77 826 100 Ft A t\u00e1mogat\u00e1s m\u00e9rt\u00e9ke (%-ban): 100% &nbsp; A projekt tartalm\u00e1nak bemutat\u00e1sa A projekt megval\u00f3s\u00edt\u00e1s\u00e1val a telep\u00fcl\u00e9s alapvet\u0151 c\u00e9lja a bels\u0151 er\u0151forr\u00e1sokra \u00e9p\u00fcl\u0151 gazdas\u00e1gfejleszt\u00e9s, mely hozz\u00e1j\u00e1rul a munkahelyek megtart\u00e1s\u00e1hoz \u00e9s \u00f6szt\u00f6nzi a munkahelyteremt\u00e9s\u00e9t. A beruh\u00e1z\u00e1s hozz\u00e1j\u00e1rul [&hellip;]<\/p>\n","protected":false},"author":4,"featured_media":0,"parent":0,"menu_order":0,"comment_status":"closed","ping_status":"closed","template":"","meta":{"footnotes":""},"class_list":["post-132","page","type-page","status-publish","hentry"],"yoast_head":"<!-- This site is optimized with the Yoast SEO plugin v27.4 - https:\/\/yoast.com\/product\/yoast-seo-wordpress\/ -->\n<title>\ud83d\udccc TOP-1.1.3-15-SB1-2016-00014 - M\u00e9rk Nagyk\u00f6zs\u00e9g \u00d6nkorm\u00e1nyzat<\/title>\n<meta name=\"robots\" content=\"index, follow, max-snippet:-1, max-image-preview:large, max-video-preview:-1\" \/>\n<link rel=\"canonical\" href=\"https:\/\/merk.hu\/en\/\ud83d\udccc-top-1-1-3-15-sb1-2016-00014\/\" \/>\n<meta property=\"og:locale\" content=\"en_US\" \/>\n<meta property=\"og:type\" content=\"article\" \/>\n<meta property=\"og:title\" content=\"\ud83d\udccc TOP-1.1.3-15-SB1-2016-00014 - M\u00e9rk Nagyk\u00f6zs\u00e9g \u00d6nkorm\u00e1nyzat\" \/>\n<meta property=\"og:description\" content=\"A kedvezm\u00e9nyezett neve: M\u00e9rk Nagyk\u00f6zs\u00e9g \u00d6nkorm\u00e1nyzata A projekt c\u00edme: \u00daj Piac Kialak\u00edt\u00e1sa M\u00e9rken A szerz\u0151d\u00f6tt t\u00e1mogat\u00e1s \u00f6sszege: 77 826 100 Ft A t\u00e1mogat\u00e1s m\u00e9rt\u00e9ke (%-ban): 100% &nbsp; A projekt tartalm\u00e1nak bemutat\u00e1sa A projekt megval\u00f3s\u00edt\u00e1s\u00e1val a telep\u00fcl\u00e9s alapvet\u0151 c\u00e9lja a bels\u0151 er\u0151forr\u00e1sokra \u00e9p\u00fcl\u0151 gazdas\u00e1gfejleszt\u00e9s, mely hozz\u00e1j\u00e1rul a munkahelyek megtart\u00e1s\u00e1hoz \u00e9s \u00f6szt\u00f6nzi a munkahelyteremt\u00e9s\u00e9t. A beruh\u00e1z\u00e1s hozz\u00e1j\u00e1rul [&hellip;]\" \/>\n<meta property=\"og:url\" content=\"https:\/\/merk.hu\/en\/\ud83d\udccc-top-1-1-3-15-sb1-2016-00014\/\" \/>\n<meta property=\"og:site_name\" content=\"M\u00e9rk Nagyk\u00f6zs\u00e9g \u00d6nkorm\u00e1nyzat\" \/>\n<meta property=\"article:modified_time\" content=\"2024-01-18T08:52:18+00:00\" \/>\n<meta property=\"og:image\" content=\"https:\/\/merk.hu\/wp-content\/uploads\/2021\/02\/TOP-1.1.3-15-SB1-2016-00014-scaled.jpg\" \/>\n\t<meta property=\"og:image:width\" content=\"2560\" \/>\n\t<meta property=\"og:image:height\" content=\"1835\" \/>\n\t<meta property=\"og:image:type\" content=\"image\/jpeg\" \/>\n<meta name=\"twitter:card\" content=\"summary_large_image\" \/>\n<meta name=\"twitter:label1\" content=\"Est. reading time\" \/>\n\t<meta name=\"twitter:data1\" content=\"2 minutes\" \/>\n<script type=\"application\/ld+json\" class=\"yoast-schema-graph\">{\"@context\":\"https:\\\/\\\/schema.org\",\"@graph\":[{\"@type\":\"WebPage\",\"@id\":\"https:\\\/\\\/merk.hu\\\/%f0%9f%93%8c-top-1-1-3-15-sb1-2016-00014\\\/\",\"url\":\"https:\\\/\\\/merk.hu\\\/%f0%9f%93%8c-top-1-1-3-15-sb1-2016-00014\\\/\",\"name\":\"\ud83d\udccc TOP-1.1.3-15-SB1-2016-00014 - M\u00e9rk Nagyk\u00f6zs\u00e9g \u00d6nkorm\u00e1nyzat\",\"isPartOf\":{\"@id\":\"https:\\\/\\\/merk.hu\\\/#website\"},\"primaryImageOfPage\":{\"@id\":\"https:\\\/\\\/merk.hu\\\/%f0%9f%93%8c-top-1-1-3-15-sb1-2016-00014\\\/#primaryimage\"},\"image\":{\"@id\":\"https:\\\/\\\/merk.hu\\\/%f0%9f%93%8c-top-1-1-3-15-sb1-2016-00014\\\/#primaryimage\"},\"thumbnailUrl\":\"https:\\\/\\\/merk.hu\\\/wp-content\\\/uploads\\\/2021\\\/02\\\/TOP-1.1.3-15-SB1-2016-00014-300x215.jpg\",\"datePublished\":\"2021-02-01T19:31:00+00:00\",\"dateModified\":\"2024-01-18T08:52:18+00:00\",\"breadcrumb\":{\"@id\":\"https:\\\/\\\/merk.hu\\\/%f0%9f%93%8c-top-1-1-3-15-sb1-2016-00014\\\/#breadcrumb\"},\"inLanguage\":\"en-US\",\"potentialAction\":[{\"@type\":\"ReadAction\",\"target\":[\"https:\\\/\\\/merk.hu\\\/%f0%9f%93%8c-top-1-1-3-15-sb1-2016-00014\\\/\"]}]},{\"@type\":\"ImageObject\",\"inLanguage\":\"en-US\",\"@id\":\"https:\\\/\\\/merk.hu\\\/%f0%9f%93%8c-top-1-1-3-15-sb1-2016-00014\\\/#primaryimage\",\"url\":\"https:\\\/\\\/merk.hu\\\/wp-content\\\/uploads\\\/2021\\\/02\\\/TOP-1.1.3-15-SB1-2016-00014-300x215.jpg\",\"contentUrl\":\"https:\\\/\\\/merk.hu\\\/wp-content\\\/uploads\\\/2021\\\/02\\\/TOP-1.1.3-15-SB1-2016-00014-300x215.jpg\"},{\"@type\":\"BreadcrumbList\",\"@id\":\"https:\\\/\\\/merk.hu\\\/%f0%9f%93%8c-top-1-1-3-15-sb1-2016-00014\\\/#breadcrumb\",\"itemListElement\":[{\"@type\":\"ListItem\",\"position\":1,\"name\":\"Kezd\u0151lap\",\"item\":\"https:\\\/\\\/merk.hu\\\/\"},{\"@type\":\"ListItem\",\"position\":2,\"name\":\"\ud83d\udccc TOP-1.1.3-15-SB1-2016-00014\"}]},{\"@type\":\"WebSite\",\"@id\":\"https:\\\/\\\/merk.hu\\\/#website\",\"url\":\"https:\\\/\\\/merk.hu\\\/\",\"name\":\"M\u00e9rk Nagyk\u00f6zs\u00e9g \u00d6nkorm\u00e1nyzat\",\"description\":\"M\u00e9rk Nagyk\u00f6zs\u00e9g \u00d6nkorm\u00e1nyzat\",\"publisher\":{\"@id\":\"https:\\\/\\\/merk.hu\\\/#organization\"},\"potentialAction\":[{\"@type\":\"SearchAction\",\"target\":{\"@type\":\"EntryPoint\",\"urlTemplate\":\"https:\\\/\\\/merk.hu\\\/?s={search_term_string}\"},\"query-input\":{\"@type\":\"PropertyValueSpecification\",\"valueRequired\":true,\"valueName\":\"search_term_string\"}}],\"inLanguage\":\"en-US\"},{\"@type\":\"Organization\",\"@id\":\"https:\\\/\\\/merk.hu\\\/#organization\",\"name\":\"M\u00e9rk Nagyk\u00f6zs\u00e9g \u00d6nkorm\u00e1nyzat\",\"url\":\"https:\\\/\\\/merk.hu\\\/\",\"logo\":{\"@type\":\"ImageObject\",\"inLanguage\":\"en-US\",\"@id\":\"https:\\\/\\\/merk.hu\\\/#\\\/schema\\\/logo\\\/image\\\/\",\"url\":\"https:\\\/\\\/merk.hu\\\/wp-content\\\/uploads\\\/2021\\\/02\\\/cimer.jpg\",\"contentUrl\":\"https:\\\/\\\/merk.hu\\\/wp-content\\\/uploads\\\/2021\\\/02\\\/cimer.jpg\",\"width\":200,\"height\":208,\"caption\":\"M\u00e9rk Nagyk\u00f6zs\u00e9g \u00d6nkorm\u00e1nyzat\"},\"image\":{\"@id\":\"https:\\\/\\\/merk.hu\\\/#\\\/schema\\\/logo\\\/image\\\/\"}}]}<\/script>\n<!-- \/ Yoast SEO plugin. -->","yoast_head_json":{"title":"\ud83d\udccc TOP-1.1.3-15-SB1-2016-00014 - M\u00e9rk Nagyk\u00f6zs\u00e9g \u00d6nkorm\u00e1nyzat","robots":{"index":"index","follow":"follow","max-snippet":"max-snippet:-1","max-image-preview":"max-image-preview:large","max-video-preview":"max-video-preview:-1"},"canonical":"https:\/\/merk.hu\/en\/\ud83d\udccc-top-1-1-3-15-sb1-2016-00014\/","og_locale":"en_US","og_type":"article","og_title":"\ud83d\udccc TOP-1.1.3-15-SB1-2016-00014 - M\u00e9rk Nagyk\u00f6zs\u00e9g \u00d6nkorm\u00e1nyzat","og_description":"A kedvezm\u00e9nyezett neve: M\u00e9rk Nagyk\u00f6zs\u00e9g \u00d6nkorm\u00e1nyzata A projekt c\u00edme: \u00daj Piac Kialak\u00edt\u00e1sa M\u00e9rken A szerz\u0151d\u00f6tt t\u00e1mogat\u00e1s \u00f6sszege: 77 826 100 Ft A t\u00e1mogat\u00e1s m\u00e9rt\u00e9ke (%-ban): 100% &nbsp; A projekt tartalm\u00e1nak bemutat\u00e1sa A projekt megval\u00f3s\u00edt\u00e1s\u00e1val a telep\u00fcl\u00e9s alapvet\u0151 c\u00e9lja a bels\u0151 er\u0151forr\u00e1sokra \u00e9p\u00fcl\u0151 gazdas\u00e1gfejleszt\u00e9s, mely hozz\u00e1j\u00e1rul a munkahelyek megtart\u00e1s\u00e1hoz \u00e9s \u00f6szt\u00f6nzi a munkahelyteremt\u00e9s\u00e9t. A beruh\u00e1z\u00e1s hozz\u00e1j\u00e1rul [&hellip;]","og_url":"https:\/\/merk.hu\/en\/\ud83d\udccc-top-1-1-3-15-sb1-2016-00014\/","og_site_name":"M\u00e9rk Nagyk\u00f6zs\u00e9g \u00d6nkorm\u00e1nyzat","article_modified_time":"2024-01-18T08:52:18+00:00","og_image":[{"width":2560,"height":1835,"url":"https:\/\/merk.hu\/wp-content\/uploads\/2021\/02\/TOP-1.1.3-15-SB1-2016-00014-scaled.jpg","type":"image\/jpeg"}],"twitter_card":"summary_large_image","twitter_misc":{"Est. reading time":"2 minutes"},"schema":{"@context":"https:\/\/schema.org","@graph":[{"@type":"WebPage","@id":"https:\/\/merk.hu\/%f0%9f%93%8c-top-1-1-3-15-sb1-2016-00014\/","url":"https:\/\/merk.hu\/%f0%9f%93%8c-top-1-1-3-15-sb1-2016-00014\/","name":"\ud83d\udccc TOP-1.1.3-15-SB1-2016-00014 - M\u00e9rk Nagyk\u00f6zs\u00e9g \u00d6nkorm\u00e1nyzat","isPartOf":{"@id":"https:\/\/merk.hu\/#website"},"primaryImageOfPage":{"@id":"https:\/\/merk.hu\/%f0%9f%93%8c-top-1-1-3-15-sb1-2016-00014\/#primaryimage"},"image":{"@id":"https:\/\/merk.hu\/%f0%9f%93%8c-top-1-1-3-15-sb1-2016-00014\/#primaryimage"},"thumbnailUrl":"https:\/\/merk.hu\/wp-content\/uploads\/2021\/02\/TOP-1.1.3-15-SB1-2016-00014-300x215.jpg","datePublished":"2021-02-01T19:31:00+00:00","dateModified":"2024-01-18T08:52:18+00:00","breadcrumb":{"@id":"https:\/\/merk.hu\/%f0%9f%93%8c-top-1-1-3-15-sb1-2016-00014\/#breadcrumb"},"inLanguage":"en-US","potentialAction":[{"@type":"ReadAction","target":["https:\/\/merk.hu\/%f0%9f%93%8c-top-1-1-3-15-sb1-2016-00014\/"]}]},{"@type":"ImageObject","inLanguage":"en-US","@id":"https:\/\/merk.hu\/%f0%9f%93%8c-top-1-1-3-15-sb1-2016-00014\/#primaryimage","url":"https:\/\/merk.hu\/wp-content\/uploads\/2021\/02\/TOP-1.1.3-15-SB1-2016-00014-300x215.jpg","contentUrl":"https:\/\/merk.hu\/wp-content\/uploads\/2021\/02\/TOP-1.1.3-15-SB1-2016-00014-300x215.jpg"},{"@type":"BreadcrumbList","@id":"https:\/\/merk.hu\/%f0%9f%93%8c-top-1-1-3-15-sb1-2016-00014\/#breadcrumb","itemListElement":[{"@type":"ListItem","position":1,"name":"Kezd\u0151lap","item":"https:\/\/merk.hu\/"},{"@type":"ListItem","position":2,"name":"\ud83d\udccc TOP-1.1.3-15-SB1-2016-00014"}]},{"@type":"WebSite","@id":"https:\/\/merk.hu\/#website","url":"https:\/\/merk.hu\/","name":"Municipality of M\u00e9rk Nagyk\u00f6zs\u00e9g","description":"Municipality of M\u00e9rk Nagyk\u00f6zs\u00e9g","publisher":{"@id":"https:\/\/merk.hu\/#organization"},"potentialAction":[{"@type":"SearchAction","target":{"@type":"EntryPoint","urlTemplate":"https:\/\/merk.hu\/?s={search_term_string}"},"query-input":{"@type":"PropertyValueSpecification","valueRequired":true,"valueName":"search_term_string"}}],"inLanguage":"en-US"},{"@type":"Organization","@id":"https:\/\/merk.hu\/#organization","name":"Municipality of M\u00e9rk Nagyk\u00f6zs\u00e9g","url":"https:\/\/merk.hu\/","logo":{"@type":"ImageObject","inLanguage":"en-US","@id":"https:\/\/merk.hu\/#\/schema\/logo\/image\/","url":"https:\/\/merk.hu\/wp-content\/uploads\/2021\/02\/cimer.jpg","contentUrl":"https:\/\/merk.hu\/wp-content\/uploads\/2021\/02\/cimer.jpg","width":200,"height":208,"caption":"M\u00e9rk Nagyk\u00f6zs\u00e9g \u00d6nkorm\u00e1nyzat"},"image":{"@id":"https:\/\/merk.hu\/#\/schema\/logo\/image\/"}}]}},"_links":{"self":[{"href":"https:\/\/merk.hu\/en\/wp-json\/wp\/v2\/pages\/132","targetHints":{"allow":["GET"]}}],"collection":[{"href":"https:\/\/merk.hu\/en\/wp-json\/wp\/v2\/pages"}],"about":[{"href":"https:\/\/merk.hu\/en\/wp-json\/wp\/v2\/types\/page"}],"author":[{"embeddable":true,"href":"https:\/\/merk.hu\/en\/wp-json\/wp\/v2\/users\/4"}],"replies":[{"embeddable":true,"href":"https:\/\/merk.hu\/en\/wp-json\/wp\/v2\/comments?post=132"}],"version-history":[{"count":0,"href":"https:\/\/merk.hu\/en\/wp-json\/wp\/v2\/pages\/132\/revisions"}],"wp:attachment":[{"href":"https:\/\/merk.hu\/en\/wp-json\/wp\/v2\/media?parent=132"}],"curies":[{"name":"wp","href":"https:\/\/api.w.org\/{rel}","templated":true}]}}