{"id":130,"date":"2021-02-01T19:30:12","date_gmt":"2021-02-01T19:30:12","guid":{"rendered":"https:\/\/merk.hu\/?page_id=130"},"modified":"2024-01-18T08:52:18","modified_gmt":"2024-01-18T08:52:18","slug":"%f0%9f%93%8c-top-2-1-3-15-sb1-2016-00022","status":"publish","type":"page","link":"https:\/\/merk.hu\/en\/%f0%9f%93%8c-top-2-1-3-15-sb1-2016-00022\/","title":{"rendered":"\ud83d\udccc TOP-2.1.3-15-SB1-2016-00022"},"content":{"rendered":"<p><center><img fetchpriority=\"high\" decoding=\"async\" class=\"alignnone  wp-image-189\" src=\"https:\/\/merk.hu\/wp-content\/uploads\/2021\/02\/TOP-2.1.3-15-SB1-2016-00022-300x215.jpg\" alt=\"\" width=\"479\" height=\"343\" srcset=\"https:\/\/merk.hu\/wp-content\/uploads\/2021\/02\/TOP-2.1.3-15-SB1-2016-00022-300x215.jpg 300w, https:\/\/merk.hu\/wp-content\/uploads\/2021\/02\/TOP-2.1.3-15-SB1-2016-00022-1024x734.jpg 1024w, https:\/\/merk.hu\/wp-content\/uploads\/2021\/02\/TOP-2.1.3-15-SB1-2016-00022-768x551.jpg 768w, https:\/\/merk.hu\/wp-content\/uploads\/2021\/02\/TOP-2.1.3-15-SB1-2016-00022-1536x1101.jpg 1536w, https:\/\/merk.hu\/wp-content\/uploads\/2021\/02\/TOP-2.1.3-15-SB1-2016-00022-2048x1468.jpg 2048w, https:\/\/merk.hu\/wp-content\/uploads\/2021\/02\/TOP-2.1.3-15-SB1-2016-00022-84x60.jpg 84w\" sizes=\"(max-width: 479px) 100vw, 479px\" \/>\u00a0<\/center>Name of beneficiary: M\u00e9rk Nagyk\u00f6zs\u00e9g \u00d6nkorm\u00e1nyzata<\/p>\n<p>Project title: drainage in the municipality of M\u00e9rk<\/p>\n<p>Amount of aid contracted: HUF 139 883 500<\/p>\n<p>Rate of aid (in %): 100%<\/p>\n<p>&nbsp;<\/p>\n<h1>Description of the project content<\/h1>\n<p>In the framework of this tender, the Municipality of M\u00e9rk Nagyk\u00f6zs\u00e9g has set the objective of building and improving the drainage system of the settlement.<\/p>\n<p>The project will provide adequate stormwater and inland water drainage in areas of the municipality at risk of flooding. The development will ensure the drainage of rainwater from the area to prevent damage and return it to the ground.<\/p>\n<p>&nbsp;<\/p>\n<p>The length of inland and stormwater protection facilities to be built is 4133 river metres. By ensuring adequate drainage, the deterioration of roads and paved surfaces will also be eliminated. The aim of the development is to reduce the risk of flooding to residential properties, protect roads, ensure an adequate level of stormwater drainage and gradually reconstruct the existing network. The investment will contribute to improving the environmental status of the municipality and reducing local water damage.<\/p>\n<p>&nbsp;<\/p>\n<p>The Municipality of M\u00e9rk Nagyk\u00f6zs\u00e9g received a non-repayable EU grant of 100% under the Operational Programme for Spatial and Urban Development.<\/p>\n<p>&nbsp;<\/p>\n<p>Project ID number: TOP-2.1.3-15-SB1-2016-00022<\/p>\n<p>Project completion date: 30.04.2019.<\/p>\n<p>&nbsp;<\/p>\n<h1>Closing statement<\/h1>\n<p>Within the framework of this tender, the Municipality of M\u00e9rk Nagyk\u00f6zs\u00e9g has set the objective of building and improving the rainwater and inland water drainage system of the municipality. Within the framework of the project, the rainwater and inland water drainage system was built and improved in several streets in the municipality of M\u00e9rk.<\/p>\n<p>The aim of the project is to ensure the safe drainage of rainwater and stormwater to prevent damage. The area affected by the development will be able to safely retain rainwater in increasingly extreme weather conditions. Stormwater and inland water protection facilities have been installed. By ensuring adequate drainage, the deterioration of roads and paved surfaces will also be eliminated. The aim of the development is to reduce the risk of flooding to residential properties, to protect roads and to provide adequate drainage of rainwater.<\/p>\n<p>The investment will contribute to improving the environmental status of the municipality, reducing local water damage and making the municipality more liveable.<\/p>\n<p>Under the Operational Programme for Spatial and Urban Development, the Municipality of M\u00e9rk received a non-reimbursable EU grant of 100 %.<\/p>\n<p>&nbsp;<\/p>\n<p>Project ID number: TOP-2.1.3-15-SB1-2016-00022<\/p>\n<p>Project title: 'Drainage in the Municipality of M\u00e9rk'<\/p>\n<p>The amount of the contracted aid is HUF 139 883 500.<\/p>\n<p>Project implementation period starting date: 01 August 2017.<\/p>\n<p>The physical completion date of the project is scheduled for 30 September 2020.<\/p>\n<p>The project was co-financed by the European Regional Development Fund with the support of the European Union.<\/p>","protected":false},"excerpt":{"rendered":"<p>\u00a0A kedvezm\u00e9nyezett neve: M\u00e9rk Nagyk\u00f6zs\u00e9g \u00d6nkorm\u00e1nyzata A projekt c\u00edme: Belv\u00edzelvezet\u00e9s M\u00e9rk nagyk\u00f6zs\u00e9gben A szerz\u0151d\u00f6tt t\u00e1mogat\u00e1s \u00f6sszege: 139 883 500 Ft A t\u00e1mogat\u00e1s m\u00e9rt\u00e9ke (%-ban): 100% &nbsp; A projekt tartalm\u00e1nak bemutat\u00e1sa Jelen p\u00e1ly\u00e1zat keret\u00e9ben M\u00e9rk Nagyk\u00f6zs\u00e9g \u00d6nkorm\u00e1nyzata c\u00e9lk\u00e9nt t\u0171zte ki a telep\u00fcl\u00e9s csapad\u00e9kv\u00edz elvezet\u0151 rendszer\u00e9nek ki\u00e9p\u00edt\u00e9s\u00e9t \u00e9s fejleszt\u00e9s\u00e9t. A beruh\u00e1z\u00e1s sor\u00e1n megfelel\u0151 csapad\u00e9k- \u00e9s belv\u00edz elvezet\u0151 [&hellip;]<\/p>\n","protected":false},"author":4,"featured_media":0,"parent":0,"menu_order":0,"comment_status":"closed","ping_status":"closed","template":"","meta":{"footnotes":""},"class_list":["post-130","page","type-page","status-publish","hentry"],"yoast_head":"<!-- This site is optimized with the Yoast SEO plugin v27.4 - https:\/\/yoast.com\/product\/yoast-seo-wordpress\/ -->\n<title>\ud83d\udccc TOP-2.1.3-15-SB1-2016-00022 - M\u00e9rk Nagyk\u00f6zs\u00e9g \u00d6nkorm\u00e1nyzat<\/title>\n<meta name=\"robots\" content=\"index, follow, max-snippet:-1, max-image-preview:large, max-video-preview:-1\" \/>\n<link rel=\"canonical\" href=\"https:\/\/merk.hu\/en\/\ud83d\udccc-top-2-1-3-15-sb1-2016-00022\/\" \/>\n<meta property=\"og:locale\" content=\"en_US\" \/>\n<meta property=\"og:type\" content=\"article\" \/>\n<meta property=\"og:title\" content=\"\ud83d\udccc TOP-2.1.3-15-SB1-2016-00022 - M\u00e9rk Nagyk\u00f6zs\u00e9g \u00d6nkorm\u00e1nyzat\" \/>\n<meta property=\"og:description\" content=\"\u00a0A kedvezm\u00e9nyezett neve: M\u00e9rk Nagyk\u00f6zs\u00e9g \u00d6nkorm\u00e1nyzata A projekt c\u00edme: Belv\u00edzelvezet\u00e9s M\u00e9rk nagyk\u00f6zs\u00e9gben A szerz\u0151d\u00f6tt t\u00e1mogat\u00e1s \u00f6sszege: 139 883 500 Ft A t\u00e1mogat\u00e1s m\u00e9rt\u00e9ke (%-ban): 100% &nbsp; A projekt tartalm\u00e1nak bemutat\u00e1sa Jelen p\u00e1ly\u00e1zat keret\u00e9ben M\u00e9rk Nagyk\u00f6zs\u00e9g \u00d6nkorm\u00e1nyzata c\u00e9lk\u00e9nt t\u0171zte ki a telep\u00fcl\u00e9s csapad\u00e9kv\u00edz elvezet\u0151 rendszer\u00e9nek ki\u00e9p\u00edt\u00e9s\u00e9t \u00e9s fejleszt\u00e9s\u00e9t. A beruh\u00e1z\u00e1s sor\u00e1n megfelel\u0151 csapad\u00e9k- \u00e9s belv\u00edz elvezet\u0151 [&hellip;]\" \/>\n<meta property=\"og:url\" content=\"https:\/\/merk.hu\/en\/\ud83d\udccc-top-2-1-3-15-sb1-2016-00022\/\" \/>\n<meta property=\"og:site_name\" content=\"M\u00e9rk Nagyk\u00f6zs\u00e9g \u00d6nkorm\u00e1nyzat\" \/>\n<meta property=\"article:modified_time\" content=\"2024-01-18T08:52:18+00:00\" \/>\n<meta property=\"og:image\" content=\"https:\/\/merk.hu\/wp-content\/uploads\/2021\/02\/TOP-2.1.3-15-SB1-2016-00022-scaled.jpg\" \/>\n\t<meta property=\"og:image:width\" content=\"2560\" \/>\n\t<meta property=\"og:image:height\" content=\"1835\" \/>\n\t<meta property=\"og:image:type\" content=\"image\/jpeg\" \/>\n<meta name=\"twitter:card\" content=\"summary_large_image\" \/>\n<meta name=\"twitter:label1\" content=\"Est. reading time\" \/>\n\t<meta name=\"twitter:data1\" content=\"3 minutes\" \/>\n<script type=\"application\/ld+json\" class=\"yoast-schema-graph\">{\"@context\":\"https:\\\/\\\/schema.org\",\"@graph\":[{\"@type\":\"WebPage\",\"@id\":\"https:\\\/\\\/merk.hu\\\/%f0%9f%93%8c-top-2-1-3-15-sb1-2016-00022\\\/\",\"url\":\"https:\\\/\\\/merk.hu\\\/%f0%9f%93%8c-top-2-1-3-15-sb1-2016-00022\\\/\",\"name\":\"\ud83d\udccc TOP-2.1.3-15-SB1-2016-00022 - M\u00e9rk Nagyk\u00f6zs\u00e9g \u00d6nkorm\u00e1nyzat\",\"isPartOf\":{\"@id\":\"https:\\\/\\\/merk.hu\\\/#website\"},\"primaryImageOfPage\":{\"@id\":\"https:\\\/\\\/merk.hu\\\/%f0%9f%93%8c-top-2-1-3-15-sb1-2016-00022\\\/#primaryimage\"},\"image\":{\"@id\":\"https:\\\/\\\/merk.hu\\\/%f0%9f%93%8c-top-2-1-3-15-sb1-2016-00022\\\/#primaryimage\"},\"thumbnailUrl\":\"https:\\\/\\\/merk.hu\\\/wp-content\\\/uploads\\\/2021\\\/02\\\/TOP-2.1.3-15-SB1-2016-00022-300x215.jpg\",\"datePublished\":\"2021-02-01T19:30:12+00:00\",\"dateModified\":\"2024-01-18T08:52:18+00:00\",\"breadcrumb\":{\"@id\":\"https:\\\/\\\/merk.hu\\\/%f0%9f%93%8c-top-2-1-3-15-sb1-2016-00022\\\/#breadcrumb\"},\"inLanguage\":\"en-US\",\"potentialAction\":[{\"@type\":\"ReadAction\",\"target\":[\"https:\\\/\\\/merk.hu\\\/%f0%9f%93%8c-top-2-1-3-15-sb1-2016-00022\\\/\"]}]},{\"@type\":\"ImageObject\",\"inLanguage\":\"en-US\",\"@id\":\"https:\\\/\\\/merk.hu\\\/%f0%9f%93%8c-top-2-1-3-15-sb1-2016-00022\\\/#primaryimage\",\"url\":\"https:\\\/\\\/merk.hu\\\/wp-content\\\/uploads\\\/2021\\\/02\\\/TOP-2.1.3-15-SB1-2016-00022-300x215.jpg\",\"contentUrl\":\"https:\\\/\\\/merk.hu\\\/wp-content\\\/uploads\\\/2021\\\/02\\\/TOP-2.1.3-15-SB1-2016-00022-300x215.jpg\"},{\"@type\":\"BreadcrumbList\",\"@id\":\"https:\\\/\\\/merk.hu\\\/%f0%9f%93%8c-top-2-1-3-15-sb1-2016-00022\\\/#breadcrumb\",\"itemListElement\":[{\"@type\":\"ListItem\",\"position\":1,\"name\":\"Kezd\u0151lap\",\"item\":\"https:\\\/\\\/merk.hu\\\/\"},{\"@type\":\"ListItem\",\"position\":2,\"name\":\"\ud83d\udccc TOP-2.1.3-15-SB1-2016-00022\"}]},{\"@type\":\"WebSite\",\"@id\":\"https:\\\/\\\/merk.hu\\\/#website\",\"url\":\"https:\\\/\\\/merk.hu\\\/\",\"name\":\"M\u00e9rk Nagyk\u00f6zs\u00e9g \u00d6nkorm\u00e1nyzat\",\"description\":\"M\u00e9rk Nagyk\u00f6zs\u00e9g \u00d6nkorm\u00e1nyzat\",\"publisher\":{\"@id\":\"https:\\\/\\\/merk.hu\\\/#organization\"},\"potentialAction\":[{\"@type\":\"SearchAction\",\"target\":{\"@type\":\"EntryPoint\",\"urlTemplate\":\"https:\\\/\\\/merk.hu\\\/?s={search_term_string}\"},\"query-input\":{\"@type\":\"PropertyValueSpecification\",\"valueRequired\":true,\"valueName\":\"search_term_string\"}}],\"inLanguage\":\"en-US\"},{\"@type\":\"Organization\",\"@id\":\"https:\\\/\\\/merk.hu\\\/#organization\",\"name\":\"M\u00e9rk Nagyk\u00f6zs\u00e9g \u00d6nkorm\u00e1nyzat\",\"url\":\"https:\\\/\\\/merk.hu\\\/\",\"logo\":{\"@type\":\"ImageObject\",\"inLanguage\":\"en-US\",\"@id\":\"https:\\\/\\\/merk.hu\\\/#\\\/schema\\\/logo\\\/image\\\/\",\"url\":\"https:\\\/\\\/merk.hu\\\/wp-content\\\/uploads\\\/2021\\\/02\\\/cimer.jpg\",\"contentUrl\":\"https:\\\/\\\/merk.hu\\\/wp-content\\\/uploads\\\/2021\\\/02\\\/cimer.jpg\",\"width\":200,\"height\":208,\"caption\":\"M\u00e9rk Nagyk\u00f6zs\u00e9g \u00d6nkorm\u00e1nyzat\"},\"image\":{\"@id\":\"https:\\\/\\\/merk.hu\\\/#\\\/schema\\\/logo\\\/image\\\/\"}}]}<\/script>\n<!-- \/ Yoast SEO plugin. -->","yoast_head_json":{"title":"\ud83d\udccc TOP-2.1.3-15-SB1-2016-00022 - M\u00e9rk Nagyk\u00f6zs\u00e9g \u00d6nkorm\u00e1nyzat","robots":{"index":"index","follow":"follow","max-snippet":"max-snippet:-1","max-image-preview":"max-image-preview:large","max-video-preview":"max-video-preview:-1"},"canonical":"https:\/\/merk.hu\/en\/\ud83d\udccc-top-2-1-3-15-sb1-2016-00022\/","og_locale":"en_US","og_type":"article","og_title":"\ud83d\udccc TOP-2.1.3-15-SB1-2016-00022 - M\u00e9rk Nagyk\u00f6zs\u00e9g \u00d6nkorm\u00e1nyzat","og_description":"\u00a0A kedvezm\u00e9nyezett neve: M\u00e9rk Nagyk\u00f6zs\u00e9g \u00d6nkorm\u00e1nyzata A projekt c\u00edme: Belv\u00edzelvezet\u00e9s M\u00e9rk nagyk\u00f6zs\u00e9gben A szerz\u0151d\u00f6tt t\u00e1mogat\u00e1s \u00f6sszege: 139 883 500 Ft A t\u00e1mogat\u00e1s m\u00e9rt\u00e9ke (%-ban): 100% &nbsp; A projekt tartalm\u00e1nak bemutat\u00e1sa Jelen p\u00e1ly\u00e1zat keret\u00e9ben M\u00e9rk Nagyk\u00f6zs\u00e9g \u00d6nkorm\u00e1nyzata c\u00e9lk\u00e9nt t\u0171zte ki a telep\u00fcl\u00e9s csapad\u00e9kv\u00edz elvezet\u0151 rendszer\u00e9nek ki\u00e9p\u00edt\u00e9s\u00e9t \u00e9s fejleszt\u00e9s\u00e9t. A beruh\u00e1z\u00e1s sor\u00e1n megfelel\u0151 csapad\u00e9k- \u00e9s belv\u00edz elvezet\u0151 [&hellip;]","og_url":"https:\/\/merk.hu\/en\/\ud83d\udccc-top-2-1-3-15-sb1-2016-00022\/","og_site_name":"M\u00e9rk Nagyk\u00f6zs\u00e9g \u00d6nkorm\u00e1nyzat","article_modified_time":"2024-01-18T08:52:18+00:00","og_image":[{"width":2560,"height":1835,"url":"https:\/\/merk.hu\/wp-content\/uploads\/2021\/02\/TOP-2.1.3-15-SB1-2016-00022-scaled.jpg","type":"image\/jpeg"}],"twitter_card":"summary_large_image","twitter_misc":{"Est. reading time":"3 minutes"},"schema":{"@context":"https:\/\/schema.org","@graph":[{"@type":"WebPage","@id":"https:\/\/merk.hu\/%f0%9f%93%8c-top-2-1-3-15-sb1-2016-00022\/","url":"https:\/\/merk.hu\/%f0%9f%93%8c-top-2-1-3-15-sb1-2016-00022\/","name":"\ud83d\udccc TOP-2.1.3-15-SB1-2016-00022 - M\u00e9rk Nagyk\u00f6zs\u00e9g \u00d6nkorm\u00e1nyzat","isPartOf":{"@id":"https:\/\/merk.hu\/#website"},"primaryImageOfPage":{"@id":"https:\/\/merk.hu\/%f0%9f%93%8c-top-2-1-3-15-sb1-2016-00022\/#primaryimage"},"image":{"@id":"https:\/\/merk.hu\/%f0%9f%93%8c-top-2-1-3-15-sb1-2016-00022\/#primaryimage"},"thumbnailUrl":"https:\/\/merk.hu\/wp-content\/uploads\/2021\/02\/TOP-2.1.3-15-SB1-2016-00022-300x215.jpg","datePublished":"2021-02-01T19:30:12+00:00","dateModified":"2024-01-18T08:52:18+00:00","breadcrumb":{"@id":"https:\/\/merk.hu\/%f0%9f%93%8c-top-2-1-3-15-sb1-2016-00022\/#breadcrumb"},"inLanguage":"en-US","potentialAction":[{"@type":"ReadAction","target":["https:\/\/merk.hu\/%f0%9f%93%8c-top-2-1-3-15-sb1-2016-00022\/"]}]},{"@type":"ImageObject","inLanguage":"en-US","@id":"https:\/\/merk.hu\/%f0%9f%93%8c-top-2-1-3-15-sb1-2016-00022\/#primaryimage","url":"https:\/\/merk.hu\/wp-content\/uploads\/2021\/02\/TOP-2.1.3-15-SB1-2016-00022-300x215.jpg","contentUrl":"https:\/\/merk.hu\/wp-content\/uploads\/2021\/02\/TOP-2.1.3-15-SB1-2016-00022-300x215.jpg"},{"@type":"BreadcrumbList","@id":"https:\/\/merk.hu\/%f0%9f%93%8c-top-2-1-3-15-sb1-2016-00022\/#breadcrumb","itemListElement":[{"@type":"ListItem","position":1,"name":"Kezd\u0151lap","item":"https:\/\/merk.hu\/"},{"@type":"ListItem","position":2,"name":"\ud83d\udccc TOP-2.1.3-15-SB1-2016-00022"}]},{"@type":"WebSite","@id":"https:\/\/merk.hu\/#website","url":"https:\/\/merk.hu\/","name":"Municipality of M\u00e9rk Nagyk\u00f6zs\u00e9g","description":"Municipality of M\u00e9rk Nagyk\u00f6zs\u00e9g","publisher":{"@id":"https:\/\/merk.hu\/#organization"},"potentialAction":[{"@type":"SearchAction","target":{"@type":"EntryPoint","urlTemplate":"https:\/\/merk.hu\/?s={search_term_string}"},"query-input":{"@type":"PropertyValueSpecification","valueRequired":true,"valueName":"search_term_string"}}],"inLanguage":"en-US"},{"@type":"Organization","@id":"https:\/\/merk.hu\/#organization","name":"Municipality of M\u00e9rk Nagyk\u00f6zs\u00e9g","url":"https:\/\/merk.hu\/","logo":{"@type":"ImageObject","inLanguage":"en-US","@id":"https:\/\/merk.hu\/#\/schema\/logo\/image\/","url":"https:\/\/merk.hu\/wp-content\/uploads\/2021\/02\/cimer.jpg","contentUrl":"https:\/\/merk.hu\/wp-content\/uploads\/2021\/02\/cimer.jpg","width":200,"height":208,"caption":"M\u00e9rk Nagyk\u00f6zs\u00e9g \u00d6nkorm\u00e1nyzat"},"image":{"@id":"https:\/\/merk.hu\/#\/schema\/logo\/image\/"}}]}},"_links":{"self":[{"href":"https:\/\/merk.hu\/en\/wp-json\/wp\/v2\/pages\/130","targetHints":{"allow":["GET"]}}],"collection":[{"href":"https:\/\/merk.hu\/en\/wp-json\/wp\/v2\/pages"}],"about":[{"href":"https:\/\/merk.hu\/en\/wp-json\/wp\/v2\/types\/page"}],"author":[{"embeddable":true,"href":"https:\/\/merk.hu\/en\/wp-json\/wp\/v2\/users\/4"}],"replies":[{"embeddable":true,"href":"https:\/\/merk.hu\/en\/wp-json\/wp\/v2\/comments?post=130"}],"version-history":[{"count":0,"href":"https:\/\/merk.hu\/en\/wp-json\/wp\/v2\/pages\/130\/revisions"}],"wp:attachment":[{"href":"https:\/\/merk.hu\/en\/wp-json\/wp\/v2\/media?parent=130"}],"curies":[{"name":"wp","href":"https:\/\/api.w.org\/{rel}","templated":true}]}}