{"id":1266,"date":"2022-12-14T14:25:08","date_gmt":"2022-12-14T14:25:08","guid":{"rendered":"https:\/\/merk.hu\/?page_id=1266"},"modified":"2024-01-18T08:52:18","modified_gmt":"2024-01-18T08:52:18","slug":"%f0%9f%93%8c-felelos-allattartas-palyazat","status":"publish","type":"page","link":"https:\/\/merk.hu\/en\/%f0%9f%93%8c-felelos-allattartas-palyazat\/","title":{"rendered":"\ud83d\udccc Responsible pet ownership competition"},"content":{"rendered":"<p>MFP-FAE\/2021 - Promotion of Responsible Livestock Farming 2021, announced in the framework of the Hungarian Village Programme 2021<\/p>\n<p><img fetchpriority=\"high\" decoding=\"async\" class=\"alignnone size-medium wp-image-1268\" src=\"https:\/\/merk.hu\/wp-content\/uploads\/2022\/12\/b117857b01ecc200e15b420b54cc459cd2af4c8d_fhd_1920_w7h6-300x258.jpg\" alt=\"\" width=\"300\" height=\"258\" srcset=\"https:\/\/merk.hu\/wp-content\/uploads\/2022\/12\/b117857b01ecc200e15b420b54cc459cd2af4c8d_fhd_1920_w7h6-300x258.jpg 300w, https:\/\/merk.hu\/wp-content\/uploads\/2022\/12\/b117857b01ecc200e15b420b54cc459cd2af4c8d_fhd_1920_w7h6.jpg 334w\" sizes=\"(max-width: 300px) 100vw, 300px\" \/><\/p>\n<p><u>Name of beneficiary:<\/u> Local Government of M\u00e9rk Nagyk\u00f6zs\u00e9g<\/p>\n<p><u>Project title:<\/u> Promoting responsible animal husbandry in M\u00e9rken<\/p>\n<p><u>Amount of non-repayable aid:<\/u> 1.154.599 Ft<\/p>\n<p><u>Rate of support:<\/u> 100%<\/p>\n<p><u>Project implementation period:<\/u> 2021.11.24 &#8211; 2022.09.28.<\/p>\n<p><u>A short presentation of the project:<\/u> Dogs and cats can be found as pets in almost every house in the municipality. Regular compulsory vaccination of the animals is possible, but the cost of this is a significant burden for the municipality and its residents. The neutering of animals is important to prevent unwanted overpopulation, but many residents cannot afford the cost and the municipality's budget cannot support this. The project involved the neutering, vaccination against rabies and transponder tagging of pets of residents who requested it.<\/p>","protected":false},"excerpt":{"rendered":"<p>A Magyar Falu Program keret\u00e9ben 2021-ben meghirdetett Felel\u0151s \u00e1llattart\u00e1s el\u0151seg\u00edt\u00e9se-2021 c\u00edm\u0171, MFP-FAE\/2021 k\u00f3dsz\u00e1m\u00fa p\u00e1ly\u00e1zat Kedvezm\u00e9nyezett neve: M\u00e9rk Nagyk\u00f6zs\u00e9g \u00d6nkorm\u00e1nyzata Projekt c\u00edme: Felel\u0151s \u00e1llattart\u00e1s el\u0151seg\u00edt\u00e9se M\u00e9rken Vissza nem t\u00e9r\u00edtend\u0151 t\u00e1mogat\u00e1s \u00f6sszege: 1.154.599 Ft T\u00e1mogat\u00e1s m\u00e9rt\u00e9ke: 100% Projekt megval\u00f3s\u00edt\u00e1s id\u0151szaka: 2021.11.24 &#8211; 2022.09.28. Projekt r\u00f6vid bemutat\u00e1sa: A telep\u00fcl\u00e9sen szinte minden h\u00e1zn\u00e1l tal\u00e1lhat\u00f3 kutya \u00e9s macska h\u00e1zi\u00e1llatk\u00e9nt. Az [&hellip;]<\/p>\n","protected":false},"author":4,"featured_media":0,"parent":0,"menu_order":0,"comment_status":"closed","ping_status":"closed","template":"","meta":{"footnotes":""},"class_list":["post-1266","page","type-page","status-publish","hentry"],"yoast_head":"<!-- This site is optimized with the Yoast SEO plugin v27.4 - https:\/\/yoast.com\/product\/yoast-seo-wordpress\/ -->\n<title>\ud83d\udccc Felel\u0151s \u00e1llattart\u00e1s p\u00e1ly\u00e1zat - M\u00e9rk Nagyk\u00f6zs\u00e9g \u00d6nkorm\u00e1nyzat<\/title>\n<meta name=\"robots\" content=\"index, follow, max-snippet:-1, max-image-preview:large, max-video-preview:-1\" \/>\n<link rel=\"canonical\" href=\"https:\/\/merk.hu\/en\/\ud83d\udccc-felelos-allattartas-palyazat\/\" \/>\n<meta property=\"og:locale\" content=\"en_US\" \/>\n<meta property=\"og:type\" content=\"article\" \/>\n<meta property=\"og:title\" content=\"\ud83d\udccc Felel\u0151s \u00e1llattart\u00e1s p\u00e1ly\u00e1zat - M\u00e9rk Nagyk\u00f6zs\u00e9g \u00d6nkorm\u00e1nyzat\" \/>\n<meta property=\"og:description\" content=\"A Magyar Falu Program keret\u00e9ben 2021-ben meghirdetett Felel\u0151s \u00e1llattart\u00e1s el\u0151seg\u00edt\u00e9se-2021 c\u00edm\u0171, MFP-FAE\/2021 k\u00f3dsz\u00e1m\u00fa p\u00e1ly\u00e1zat Kedvezm\u00e9nyezett neve: M\u00e9rk Nagyk\u00f6zs\u00e9g \u00d6nkorm\u00e1nyzata Projekt c\u00edme: Felel\u0151s \u00e1llattart\u00e1s el\u0151seg\u00edt\u00e9se M\u00e9rken Vissza nem t\u00e9r\u00edtend\u0151 t\u00e1mogat\u00e1s \u00f6sszege: 1.154.599 Ft T\u00e1mogat\u00e1s m\u00e9rt\u00e9ke: 100% Projekt megval\u00f3s\u00edt\u00e1s id\u0151szaka: 2021.11.24 &#8211; 2022.09.28. Projekt r\u00f6vid bemutat\u00e1sa: A telep\u00fcl\u00e9sen szinte minden h\u00e1zn\u00e1l tal\u00e1lhat\u00f3 kutya \u00e9s macska h\u00e1zi\u00e1llatk\u00e9nt. Az [&hellip;]\" \/>\n<meta property=\"og:url\" content=\"https:\/\/merk.hu\/en\/\ud83d\udccc-felelos-allattartas-palyazat\/\" \/>\n<meta property=\"og:site_name\" content=\"M\u00e9rk Nagyk\u00f6zs\u00e9g \u00d6nkorm\u00e1nyzat\" \/>\n<meta property=\"article:modified_time\" content=\"2024-01-18T08:52:18+00:00\" \/>\n<meta property=\"og:image\" content=\"https:\/\/merk.hu\/wp-content\/uploads\/2022\/12\/b117857b01ecc200e15b420b54cc459cd2af4c8d_fhd_1920_w7h6.jpg\" \/>\n\t<meta property=\"og:image:width\" content=\"334\" \/>\n\t<meta property=\"og:image:height\" content=\"287\" \/>\n\t<meta property=\"og:image:type\" content=\"image\/jpeg\" \/>\n<meta name=\"twitter:card\" content=\"summary_large_image\" \/>\n<meta name=\"twitter:label1\" content=\"Est. reading time\" \/>\n\t<meta name=\"twitter:data1\" content=\"1 minute\" \/>\n<script type=\"application\/ld+json\" class=\"yoast-schema-graph\">{\"@context\":\"https:\\\/\\\/schema.org\",\"@graph\":[{\"@type\":\"WebPage\",\"@id\":\"https:\\\/\\\/merk.hu\\\/%f0%9f%93%8c-felelos-allattartas-palyazat\\\/\",\"url\":\"https:\\\/\\\/merk.hu\\\/%f0%9f%93%8c-felelos-allattartas-palyazat\\\/\",\"name\":\"\ud83d\udccc Felel\u0151s \u00e1llattart\u00e1s p\u00e1ly\u00e1zat - M\u00e9rk Nagyk\u00f6zs\u00e9g \u00d6nkorm\u00e1nyzat\",\"isPartOf\":{\"@id\":\"https:\\\/\\\/merk.hu\\\/#website\"},\"primaryImageOfPage\":{\"@id\":\"https:\\\/\\\/merk.hu\\\/%f0%9f%93%8c-felelos-allattartas-palyazat\\\/#primaryimage\"},\"image\":{\"@id\":\"https:\\\/\\\/merk.hu\\\/%f0%9f%93%8c-felelos-allattartas-palyazat\\\/#primaryimage\"},\"thumbnailUrl\":\"https:\\\/\\\/merk.hu\\\/wp-content\\\/uploads\\\/2022\\\/12\\\/b117857b01ecc200e15b420b54cc459cd2af4c8d_fhd_1920_w7h6-300x258.jpg\",\"datePublished\":\"2022-12-14T14:25:08+00:00\",\"dateModified\":\"2024-01-18T08:52:18+00:00\",\"breadcrumb\":{\"@id\":\"https:\\\/\\\/merk.hu\\\/%f0%9f%93%8c-felelos-allattartas-palyazat\\\/#breadcrumb\"},\"inLanguage\":\"en-US\",\"potentialAction\":[{\"@type\":\"ReadAction\",\"target\":[\"https:\\\/\\\/merk.hu\\\/%f0%9f%93%8c-felelos-allattartas-palyazat\\\/\"]}]},{\"@type\":\"ImageObject\",\"inLanguage\":\"en-US\",\"@id\":\"https:\\\/\\\/merk.hu\\\/%f0%9f%93%8c-felelos-allattartas-palyazat\\\/#primaryimage\",\"url\":\"https:\\\/\\\/merk.hu\\\/wp-content\\\/uploads\\\/2022\\\/12\\\/b117857b01ecc200e15b420b54cc459cd2af4c8d_fhd_1920_w7h6-300x258.jpg\",\"contentUrl\":\"https:\\\/\\\/merk.hu\\\/wp-content\\\/uploads\\\/2022\\\/12\\\/b117857b01ecc200e15b420b54cc459cd2af4c8d_fhd_1920_w7h6-300x258.jpg\"},{\"@type\":\"BreadcrumbList\",\"@id\":\"https:\\\/\\\/merk.hu\\\/%f0%9f%93%8c-felelos-allattartas-palyazat\\\/#breadcrumb\",\"itemListElement\":[{\"@type\":\"ListItem\",\"position\":1,\"name\":\"Kezd\u0151lap\",\"item\":\"https:\\\/\\\/merk.hu\\\/\"},{\"@type\":\"ListItem\",\"position\":2,\"name\":\"\ud83d\udccc Felel\u0151s \u00e1llattart\u00e1s p\u00e1ly\u00e1zat\"}]},{\"@type\":\"WebSite\",\"@id\":\"https:\\\/\\\/merk.hu\\\/#website\",\"url\":\"https:\\\/\\\/merk.hu\\\/\",\"name\":\"M\u00e9rk Nagyk\u00f6zs\u00e9g \u00d6nkorm\u00e1nyzat\",\"description\":\"M\u00e9rk Nagyk\u00f6zs\u00e9g \u00d6nkorm\u00e1nyzat\",\"publisher\":{\"@id\":\"https:\\\/\\\/merk.hu\\\/#organization\"},\"potentialAction\":[{\"@type\":\"SearchAction\",\"target\":{\"@type\":\"EntryPoint\",\"urlTemplate\":\"https:\\\/\\\/merk.hu\\\/?s={search_term_string}\"},\"query-input\":{\"@type\":\"PropertyValueSpecification\",\"valueRequired\":true,\"valueName\":\"search_term_string\"}}],\"inLanguage\":\"en-US\"},{\"@type\":\"Organization\",\"@id\":\"https:\\\/\\\/merk.hu\\\/#organization\",\"name\":\"M\u00e9rk Nagyk\u00f6zs\u00e9g \u00d6nkorm\u00e1nyzat\",\"url\":\"https:\\\/\\\/merk.hu\\\/\",\"logo\":{\"@type\":\"ImageObject\",\"inLanguage\":\"en-US\",\"@id\":\"https:\\\/\\\/merk.hu\\\/#\\\/schema\\\/logo\\\/image\\\/\",\"url\":\"https:\\\/\\\/merk.hu\\\/wp-content\\\/uploads\\\/2021\\\/02\\\/cimer.jpg\",\"contentUrl\":\"https:\\\/\\\/merk.hu\\\/wp-content\\\/uploads\\\/2021\\\/02\\\/cimer.jpg\",\"width\":200,\"height\":208,\"caption\":\"M\u00e9rk Nagyk\u00f6zs\u00e9g \u00d6nkorm\u00e1nyzat\"},\"image\":{\"@id\":\"https:\\\/\\\/merk.hu\\\/#\\\/schema\\\/logo\\\/image\\\/\"}}]}<\/script>\n<!-- \/ Yoast SEO plugin. -->","yoast_head_json":{"title":"\ud83d\udccc Responsible animal husbandry tender - M\u00e9rk Nagyk\u00f6zs\u00e9g \u00d6nkorm\u00e1nyzat","robots":{"index":"index","follow":"follow","max-snippet":"max-snippet:-1","max-image-preview":"max-image-preview:large","max-video-preview":"max-video-preview:-1"},"canonical":"https:\/\/merk.hu\/en\/\ud83d\udccc-felelos-allattartas-palyazat\/","og_locale":"en_US","og_type":"article","og_title":"\ud83d\udccc Felel\u0151s \u00e1llattart\u00e1s p\u00e1ly\u00e1zat - M\u00e9rk Nagyk\u00f6zs\u00e9g \u00d6nkorm\u00e1nyzat","og_description":"A Magyar Falu Program keret\u00e9ben 2021-ben meghirdetett Felel\u0151s \u00e1llattart\u00e1s el\u0151seg\u00edt\u00e9se-2021 c\u00edm\u0171, MFP-FAE\/2021 k\u00f3dsz\u00e1m\u00fa p\u00e1ly\u00e1zat Kedvezm\u00e9nyezett neve: M\u00e9rk Nagyk\u00f6zs\u00e9g \u00d6nkorm\u00e1nyzata Projekt c\u00edme: Felel\u0151s \u00e1llattart\u00e1s el\u0151seg\u00edt\u00e9se M\u00e9rken Vissza nem t\u00e9r\u00edtend\u0151 t\u00e1mogat\u00e1s \u00f6sszege: 1.154.599 Ft T\u00e1mogat\u00e1s m\u00e9rt\u00e9ke: 100% Projekt megval\u00f3s\u00edt\u00e1s id\u0151szaka: 2021.11.24 &#8211; 2022.09.28. Projekt r\u00f6vid bemutat\u00e1sa: A telep\u00fcl\u00e9sen szinte minden h\u00e1zn\u00e1l tal\u00e1lhat\u00f3 kutya \u00e9s macska h\u00e1zi\u00e1llatk\u00e9nt. Az [&hellip;]","og_url":"https:\/\/merk.hu\/en\/\ud83d\udccc-felelos-allattartas-palyazat\/","og_site_name":"M\u00e9rk Nagyk\u00f6zs\u00e9g \u00d6nkorm\u00e1nyzat","article_modified_time":"2024-01-18T08:52:18+00:00","og_image":[{"width":334,"height":287,"url":"https:\/\/merk.hu\/wp-content\/uploads\/2022\/12\/b117857b01ecc200e15b420b54cc459cd2af4c8d_fhd_1920_w7h6.jpg","type":"image\/jpeg"}],"twitter_card":"summary_large_image","twitter_misc":{"Est. reading time":"1 minute"},"schema":{"@context":"https:\/\/schema.org","@graph":[{"@type":"WebPage","@id":"https:\/\/merk.hu\/%f0%9f%93%8c-felelos-allattartas-palyazat\/","url":"https:\/\/merk.hu\/%f0%9f%93%8c-felelos-allattartas-palyazat\/","name":"\ud83d\udccc Responsible animal husbandry tender - M\u00e9rk Nagyk\u00f6zs\u00e9g \u00d6nkorm\u00e1nyzat","isPartOf":{"@id":"https:\/\/merk.hu\/#website"},"primaryImageOfPage":{"@id":"https:\/\/merk.hu\/%f0%9f%93%8c-felelos-allattartas-palyazat\/#primaryimage"},"image":{"@id":"https:\/\/merk.hu\/%f0%9f%93%8c-felelos-allattartas-palyazat\/#primaryimage"},"thumbnailUrl":"https:\/\/merk.hu\/wp-content\/uploads\/2022\/12\/b117857b01ecc200e15b420b54cc459cd2af4c8d_fhd_1920_w7h6-300x258.jpg","datePublished":"2022-12-14T14:25:08+00:00","dateModified":"2024-01-18T08:52:18+00:00","breadcrumb":{"@id":"https:\/\/merk.hu\/%f0%9f%93%8c-felelos-allattartas-palyazat\/#breadcrumb"},"inLanguage":"en-US","potentialAction":[{"@type":"ReadAction","target":["https:\/\/merk.hu\/%f0%9f%93%8c-felelos-allattartas-palyazat\/"]}]},{"@type":"ImageObject","inLanguage":"en-US","@id":"https:\/\/merk.hu\/%f0%9f%93%8c-felelos-allattartas-palyazat\/#primaryimage","url":"https:\/\/merk.hu\/wp-content\/uploads\/2022\/12\/b117857b01ecc200e15b420b54cc459cd2af4c8d_fhd_1920_w7h6-300x258.jpg","contentUrl":"https:\/\/merk.hu\/wp-content\/uploads\/2022\/12\/b117857b01ecc200e15b420b54cc459cd2af4c8d_fhd_1920_w7h6-300x258.jpg"},{"@type":"BreadcrumbList","@id":"https:\/\/merk.hu\/%f0%9f%93%8c-felelos-allattartas-palyazat\/#breadcrumb","itemListElement":[{"@type":"ListItem","position":1,"name":"Kezd\u0151lap","item":"https:\/\/merk.hu\/"},{"@type":"ListItem","position":2,"name":"\ud83d\udccc Felel\u0151s \u00e1llattart\u00e1s p\u00e1ly\u00e1zat"}]},{"@type":"WebSite","@id":"https:\/\/merk.hu\/#website","url":"https:\/\/merk.hu\/","name":"Municipality of M\u00e9rk Nagyk\u00f6zs\u00e9g","description":"Municipality of M\u00e9rk Nagyk\u00f6zs\u00e9g","publisher":{"@id":"https:\/\/merk.hu\/#organization"},"potentialAction":[{"@type":"SearchAction","target":{"@type":"EntryPoint","urlTemplate":"https:\/\/merk.hu\/?s={search_term_string}"},"query-input":{"@type":"PropertyValueSpecification","valueRequired":true,"valueName":"search_term_string"}}],"inLanguage":"en-US"},{"@type":"Organization","@id":"https:\/\/merk.hu\/#organization","name":"Municipality of M\u00e9rk Nagyk\u00f6zs\u00e9g","url":"https:\/\/merk.hu\/","logo":{"@type":"ImageObject","inLanguage":"en-US","@id":"https:\/\/merk.hu\/#\/schema\/logo\/image\/","url":"https:\/\/merk.hu\/wp-content\/uploads\/2021\/02\/cimer.jpg","contentUrl":"https:\/\/merk.hu\/wp-content\/uploads\/2021\/02\/cimer.jpg","width":200,"height":208,"caption":"M\u00e9rk Nagyk\u00f6zs\u00e9g \u00d6nkorm\u00e1nyzat"},"image":{"@id":"https:\/\/merk.hu\/#\/schema\/logo\/image\/"}}]}},"_links":{"self":[{"href":"https:\/\/merk.hu\/en\/wp-json\/wp\/v2\/pages\/1266","targetHints":{"allow":["GET"]}}],"collection":[{"href":"https:\/\/merk.hu\/en\/wp-json\/wp\/v2\/pages"}],"about":[{"href":"https:\/\/merk.hu\/en\/wp-json\/wp\/v2\/types\/page"}],"author":[{"embeddable":true,"href":"https:\/\/merk.hu\/en\/wp-json\/wp\/v2\/users\/4"}],"replies":[{"embeddable":true,"href":"https:\/\/merk.hu\/en\/wp-json\/wp\/v2\/comments?post=1266"}],"version-history":[{"count":0,"href":"https:\/\/merk.hu\/en\/wp-json\/wp\/v2\/pages\/1266\/revisions"}],"wp:attachment":[{"href":"https:\/\/merk.hu\/en\/wp-json\/wp\/v2\/media?parent=1266"}],"curies":[{"name":"wp","href":"https:\/\/api.w.org\/{rel}","templated":true}]}}