{"id":125,"date":"2021-02-01T19:29:28","date_gmt":"2021-02-01T19:29:28","guid":{"rendered":"https:\/\/merk.hu\/?page_id=125"},"modified":"2024-01-18T08:52:18","modified_gmt":"2024-01-18T08:52:18","slug":"%f0%9f%93%8c-top-4-1-1-15-sb1-2016-00068","status":"publish","type":"page","link":"https:\/\/merk.hu\/en\/%f0%9f%93%8c-top-4-1-1-15-sb1-2016-00068\/","title":{"rendered":"\ud83d\udccc TOP-4.1.1-15-SB1-2016-00068"},"content":{"rendered":"<p><center><img fetchpriority=\"high\" decoding=\"async\" class=\"wp-image-192 aligncenter\" src=\"https:\/\/merk.hu\/wp-content\/uploads\/2021\/02\/TOP-4.1.1-15-SB1-2016-00068-300x215.jpg\" alt=\"\" width=\"524\" height=\"376\" srcset=\"https:\/\/merk.hu\/wp-content\/uploads\/2021\/02\/TOP-4.1.1-15-SB1-2016-00068-300x215.jpg 300w, https:\/\/merk.hu\/wp-content\/uploads\/2021\/02\/TOP-4.1.1-15-SB1-2016-00068-1024x734.jpg 1024w, https:\/\/merk.hu\/wp-content\/uploads\/2021\/02\/TOP-4.1.1-15-SB1-2016-00068-768x551.jpg 768w, https:\/\/merk.hu\/wp-content\/uploads\/2021\/02\/TOP-4.1.1-15-SB1-2016-00068-1536x1101.jpg 1536w, https:\/\/merk.hu\/wp-content\/uploads\/2021\/02\/TOP-4.1.1-15-SB1-2016-00068-2048x1468.jpg 2048w, https:\/\/merk.hu\/wp-content\/uploads\/2021\/02\/TOP-4.1.1-15-SB1-2016-00068-84x60.jpg 84w\" sizes=\"(max-width: 524px) 100vw, 524px\" \/>\u00a0<\/center>Name of beneficiary: M\u00e9rk Nagyk\u00f6zs\u00e9g \u00d6nkorm\u00e1nyzata<\/p>\n<p>Project title: Infrastructural development of primary health care in M\u00e9rken<\/p>\n<p>Amount of aid contracted: HUF 59 998 657<\/p>\n<p>Rate of aid (in %): 100%<\/p>\n<p>&nbsp;<\/p>\n<h1>Description of the project content<\/h1>\n<p>The overall aim of the development of the Health Centre in the Municipality of M\u00e9rk is to make primary health care services more attractive by improving infrastructure and the quality of working conditions. The project contributes to the implementation of the principle of equal opportunities and to the accessibility of basic health care for people with disabilities and people with reduced working capacity.<\/p>\n<p>The Municipality of M\u00e9rk Nagyk\u00f6zs\u00e9g received a non-repayable EU grant of 100% under the Operational Programme for Spatial and Urban Development.<\/p>\n<p>&nbsp;<\/p>\n<p>Project ID number: TOP-4.1.1-15-SB1-2016-00068<\/p>\n<p>Project completion date: 31.10.2018.<\/p>\n<p>&nbsp;<\/p>\n<h2>Documents<\/h2>\n<p><a href=\"https:\/\/merk.hu\/wp-content\/uploads\/2021\/02\/01Ajanlatteteli-felhivas-Egeszsegugyi-alapellatas-infrastrukturalis-fejlesztese-Merken.pdf\">\ud83d\udcbeCall for proposals<\/a><\/p>\n<p><a href=\"https:\/\/merk.hu\/wp-content\/uploads\/2021\/02\/Bontasi-jegyzokonyv.pdf\">\ud83d\udcbeDemolition report<\/a><\/p>\n<p><a href=\"https:\/\/merk.hu\/wp-content\/uploads\/2021\/02\/Ajanlattetelre-felkert-gazdasagi-szereplok.pdf\">\ud83d\udcbeOffered economic operators<\/a><\/p>","protected":false},"excerpt":{"rendered":"<p>\u00a0A kedvezm\u00e9nyezett neve: M\u00e9rk Nagyk\u00f6zs\u00e9g \u00d6nkorm\u00e1nyzata A projekt c\u00edme: Eg\u00e9szs\u00e9g\u00fcgyi alapell\u00e1t\u00e1s infrastruktur\u00e1lis fejleszt\u00e9se M\u00e9rken A szerz\u0151d\u00f6tt t\u00e1mogat\u00e1s \u00f6sszege: 59 998 657 Ft A t\u00e1mogat\u00e1s m\u00e9rt\u00e9ke (%-ban): 100% &nbsp; A projekt tartalm\u00e1nak bemutat\u00e1sa Az Eg\u00e9szs\u00e9gh\u00e1z fejleszt\u00e9se M\u00e9rk Nagyk\u00f6zs\u00e9gben \u00e1ltal\u00e1nos c\u00e9lja, az eg\u00e9szs\u00e9g\u00fcgyi alapszolg\u00e1ltat\u00e1sok vonz\u00f3v\u00e1 t\u00e9tele az infrastrukt\u00farafejleszt\u00e9ssel \u00e9s a munkafelt\u00e9telek min\u0151s\u00e9g\u00e9nek jav\u00edt\u00e1s\u00e1val. A projekt hozz\u00e1j\u00e1rul az [&hellip;]<\/p>\n","protected":false},"author":4,"featured_media":0,"parent":0,"menu_order":0,"comment_status":"closed","ping_status":"closed","template":"","meta":{"footnotes":""},"class_list":["post-125","page","type-page","status-publish","hentry"],"yoast_head":"<!-- This site is optimized with the Yoast SEO plugin v27.4 - https:\/\/yoast.com\/product\/yoast-seo-wordpress\/ -->\n<title>\ud83d\udccc TOP-4.1.1-15-SB1-2016-00068 - M\u00e9rk Nagyk\u00f6zs\u00e9g \u00d6nkorm\u00e1nyzat<\/title>\n<meta name=\"robots\" content=\"index, follow, max-snippet:-1, max-image-preview:large, max-video-preview:-1\" \/>\n<link rel=\"canonical\" href=\"https:\/\/merk.hu\/en\/\ud83d\udccc-top-4-1-1-15-sb1-2016-00068\/\" \/>\n<meta property=\"og:locale\" content=\"en_US\" \/>\n<meta property=\"og:type\" content=\"article\" \/>\n<meta property=\"og:title\" content=\"\ud83d\udccc TOP-4.1.1-15-SB1-2016-00068 - M\u00e9rk Nagyk\u00f6zs\u00e9g \u00d6nkorm\u00e1nyzat\" \/>\n<meta property=\"og:description\" content=\"\u00a0A kedvezm\u00e9nyezett neve: M\u00e9rk Nagyk\u00f6zs\u00e9g \u00d6nkorm\u00e1nyzata A projekt c\u00edme: Eg\u00e9szs\u00e9g\u00fcgyi alapell\u00e1t\u00e1s infrastruktur\u00e1lis fejleszt\u00e9se M\u00e9rken A szerz\u0151d\u00f6tt t\u00e1mogat\u00e1s \u00f6sszege: 59 998 657 Ft A t\u00e1mogat\u00e1s m\u00e9rt\u00e9ke (%-ban): 100% &nbsp; A projekt tartalm\u00e1nak bemutat\u00e1sa Az Eg\u00e9szs\u00e9gh\u00e1z fejleszt\u00e9se M\u00e9rk Nagyk\u00f6zs\u00e9gben \u00e1ltal\u00e1nos c\u00e9lja, az eg\u00e9szs\u00e9g\u00fcgyi alapszolg\u00e1ltat\u00e1sok vonz\u00f3v\u00e1 t\u00e9tele az infrastrukt\u00farafejleszt\u00e9ssel \u00e9s a munkafelt\u00e9telek min\u0151s\u00e9g\u00e9nek jav\u00edt\u00e1s\u00e1val. A projekt hozz\u00e1j\u00e1rul az [&hellip;]\" \/>\n<meta property=\"og:url\" content=\"https:\/\/merk.hu\/en\/\ud83d\udccc-top-4-1-1-15-sb1-2016-00068\/\" \/>\n<meta property=\"og:site_name\" content=\"M\u00e9rk Nagyk\u00f6zs\u00e9g \u00d6nkorm\u00e1nyzat\" \/>\n<meta property=\"article:modified_time\" content=\"2024-01-18T08:52:18+00:00\" \/>\n<meta property=\"og:image\" content=\"https:\/\/merk.hu\/wp-content\/uploads\/2021\/02\/TOP-4.1.1-15-SB1-2016-00068-scaled.jpg\" \/>\n\t<meta property=\"og:image:width\" content=\"2560\" \/>\n\t<meta property=\"og:image:height\" content=\"1835\" \/>\n\t<meta property=\"og:image:type\" content=\"image\/jpeg\" \/>\n<meta name=\"twitter:card\" content=\"summary_large_image\" \/>\n<meta name=\"twitter:label1\" content=\"Est. reading time\" \/>\n\t<meta name=\"twitter:data1\" content=\"1 minute\" \/>\n<script type=\"application\/ld+json\" class=\"yoast-schema-graph\">{\"@context\":\"https:\\\/\\\/schema.org\",\"@graph\":[{\"@type\":\"WebPage\",\"@id\":\"https:\\\/\\\/merk.hu\\\/%f0%9f%93%8c-top-4-1-1-15-sb1-2016-00068\\\/\",\"url\":\"https:\\\/\\\/merk.hu\\\/%f0%9f%93%8c-top-4-1-1-15-sb1-2016-00068\\\/\",\"name\":\"\ud83d\udccc TOP-4.1.1-15-SB1-2016-00068 - M\u00e9rk Nagyk\u00f6zs\u00e9g \u00d6nkorm\u00e1nyzat\",\"isPartOf\":{\"@id\":\"https:\\\/\\\/merk.hu\\\/#website\"},\"primaryImageOfPage\":{\"@id\":\"https:\\\/\\\/merk.hu\\\/%f0%9f%93%8c-top-4-1-1-15-sb1-2016-00068\\\/#primaryimage\"},\"image\":{\"@id\":\"https:\\\/\\\/merk.hu\\\/%f0%9f%93%8c-top-4-1-1-15-sb1-2016-00068\\\/#primaryimage\"},\"thumbnailUrl\":\"https:\\\/\\\/merk.hu\\\/wp-content\\\/uploads\\\/2021\\\/02\\\/TOP-4.1.1-15-SB1-2016-00068-300x215.jpg\",\"datePublished\":\"2021-02-01T19:29:28+00:00\",\"dateModified\":\"2024-01-18T08:52:18+00:00\",\"breadcrumb\":{\"@id\":\"https:\\\/\\\/merk.hu\\\/%f0%9f%93%8c-top-4-1-1-15-sb1-2016-00068\\\/#breadcrumb\"},\"inLanguage\":\"en-US\",\"potentialAction\":[{\"@type\":\"ReadAction\",\"target\":[\"https:\\\/\\\/merk.hu\\\/%f0%9f%93%8c-top-4-1-1-15-sb1-2016-00068\\\/\"]}]},{\"@type\":\"ImageObject\",\"inLanguage\":\"en-US\",\"@id\":\"https:\\\/\\\/merk.hu\\\/%f0%9f%93%8c-top-4-1-1-15-sb1-2016-00068\\\/#primaryimage\",\"url\":\"https:\\\/\\\/merk.hu\\\/wp-content\\\/uploads\\\/2021\\\/02\\\/TOP-4.1.1-15-SB1-2016-00068-300x215.jpg\",\"contentUrl\":\"https:\\\/\\\/merk.hu\\\/wp-content\\\/uploads\\\/2021\\\/02\\\/TOP-4.1.1-15-SB1-2016-00068-300x215.jpg\"},{\"@type\":\"BreadcrumbList\",\"@id\":\"https:\\\/\\\/merk.hu\\\/%f0%9f%93%8c-top-4-1-1-15-sb1-2016-00068\\\/#breadcrumb\",\"itemListElement\":[{\"@type\":\"ListItem\",\"position\":1,\"name\":\"Kezd\u0151lap\",\"item\":\"https:\\\/\\\/merk.hu\\\/\"},{\"@type\":\"ListItem\",\"position\":2,\"name\":\"\ud83d\udccc TOP-4.1.1-15-SB1-2016-00068\"}]},{\"@type\":\"WebSite\",\"@id\":\"https:\\\/\\\/merk.hu\\\/#website\",\"url\":\"https:\\\/\\\/merk.hu\\\/\",\"name\":\"M\u00e9rk Nagyk\u00f6zs\u00e9g \u00d6nkorm\u00e1nyzat\",\"description\":\"M\u00e9rk Nagyk\u00f6zs\u00e9g \u00d6nkorm\u00e1nyzat\",\"publisher\":{\"@id\":\"https:\\\/\\\/merk.hu\\\/#organization\"},\"potentialAction\":[{\"@type\":\"SearchAction\",\"target\":{\"@type\":\"EntryPoint\",\"urlTemplate\":\"https:\\\/\\\/merk.hu\\\/?s={search_term_string}\"},\"query-input\":{\"@type\":\"PropertyValueSpecification\",\"valueRequired\":true,\"valueName\":\"search_term_string\"}}],\"inLanguage\":\"en-US\"},{\"@type\":\"Organization\",\"@id\":\"https:\\\/\\\/merk.hu\\\/#organization\",\"name\":\"M\u00e9rk Nagyk\u00f6zs\u00e9g \u00d6nkorm\u00e1nyzat\",\"url\":\"https:\\\/\\\/merk.hu\\\/\",\"logo\":{\"@type\":\"ImageObject\",\"inLanguage\":\"en-US\",\"@id\":\"https:\\\/\\\/merk.hu\\\/#\\\/schema\\\/logo\\\/image\\\/\",\"url\":\"https:\\\/\\\/merk.hu\\\/wp-content\\\/uploads\\\/2021\\\/02\\\/cimer.jpg\",\"contentUrl\":\"https:\\\/\\\/merk.hu\\\/wp-content\\\/uploads\\\/2021\\\/02\\\/cimer.jpg\",\"width\":200,\"height\":208,\"caption\":\"M\u00e9rk Nagyk\u00f6zs\u00e9g \u00d6nkorm\u00e1nyzat\"},\"image\":{\"@id\":\"https:\\\/\\\/merk.hu\\\/#\\\/schema\\\/logo\\\/image\\\/\"}}]}<\/script>\n<!-- \/ Yoast SEO plugin. -->","yoast_head_json":{"title":"\ud83d\udccc TOP-4.1.1-15-SB1-2016-00068 - M\u00e9rk Nagyk\u00f6zs\u00e9g \u00d6nkorm\u00e1nyzat","robots":{"index":"index","follow":"follow","max-snippet":"max-snippet:-1","max-image-preview":"max-image-preview:large","max-video-preview":"max-video-preview:-1"},"canonical":"https:\/\/merk.hu\/en\/\ud83d\udccc-top-4-1-1-15-sb1-2016-00068\/","og_locale":"en_US","og_type":"article","og_title":"\ud83d\udccc TOP-4.1.1-15-SB1-2016-00068 - M\u00e9rk Nagyk\u00f6zs\u00e9g \u00d6nkorm\u00e1nyzat","og_description":"\u00a0A kedvezm\u00e9nyezett neve: M\u00e9rk Nagyk\u00f6zs\u00e9g \u00d6nkorm\u00e1nyzata A projekt c\u00edme: Eg\u00e9szs\u00e9g\u00fcgyi alapell\u00e1t\u00e1s infrastruktur\u00e1lis fejleszt\u00e9se M\u00e9rken A szerz\u0151d\u00f6tt t\u00e1mogat\u00e1s \u00f6sszege: 59 998 657 Ft A t\u00e1mogat\u00e1s m\u00e9rt\u00e9ke (%-ban): 100% &nbsp; A projekt tartalm\u00e1nak bemutat\u00e1sa Az Eg\u00e9szs\u00e9gh\u00e1z fejleszt\u00e9se M\u00e9rk Nagyk\u00f6zs\u00e9gben \u00e1ltal\u00e1nos c\u00e9lja, az eg\u00e9szs\u00e9g\u00fcgyi alapszolg\u00e1ltat\u00e1sok vonz\u00f3v\u00e1 t\u00e9tele az infrastrukt\u00farafejleszt\u00e9ssel \u00e9s a munkafelt\u00e9telek min\u0151s\u00e9g\u00e9nek jav\u00edt\u00e1s\u00e1val. A projekt hozz\u00e1j\u00e1rul az [&hellip;]","og_url":"https:\/\/merk.hu\/en\/\ud83d\udccc-top-4-1-1-15-sb1-2016-00068\/","og_site_name":"M\u00e9rk Nagyk\u00f6zs\u00e9g \u00d6nkorm\u00e1nyzat","article_modified_time":"2024-01-18T08:52:18+00:00","og_image":[{"width":2560,"height":1835,"url":"https:\/\/merk.hu\/wp-content\/uploads\/2021\/02\/TOP-4.1.1-15-SB1-2016-00068-scaled.jpg","type":"image\/jpeg"}],"twitter_card":"summary_large_image","twitter_misc":{"Est. reading time":"1 minute"},"schema":{"@context":"https:\/\/schema.org","@graph":[{"@type":"WebPage","@id":"https:\/\/merk.hu\/%f0%9f%93%8c-top-4-1-1-15-sb1-2016-00068\/","url":"https:\/\/merk.hu\/%f0%9f%93%8c-top-4-1-1-15-sb1-2016-00068\/","name":"\ud83d\udccc TOP-4.1.1-15-SB1-2016-00068 - M\u00e9rk Nagyk\u00f6zs\u00e9g \u00d6nkorm\u00e1nyzat","isPartOf":{"@id":"https:\/\/merk.hu\/#website"},"primaryImageOfPage":{"@id":"https:\/\/merk.hu\/%f0%9f%93%8c-top-4-1-1-15-sb1-2016-00068\/#primaryimage"},"image":{"@id":"https:\/\/merk.hu\/%f0%9f%93%8c-top-4-1-1-15-sb1-2016-00068\/#primaryimage"},"thumbnailUrl":"https:\/\/merk.hu\/wp-content\/uploads\/2021\/02\/TOP-4.1.1-15-SB1-2016-00068-300x215.jpg","datePublished":"2021-02-01T19:29:28+00:00","dateModified":"2024-01-18T08:52:18+00:00","breadcrumb":{"@id":"https:\/\/merk.hu\/%f0%9f%93%8c-top-4-1-1-15-sb1-2016-00068\/#breadcrumb"},"inLanguage":"en-US","potentialAction":[{"@type":"ReadAction","target":["https:\/\/merk.hu\/%f0%9f%93%8c-top-4-1-1-15-sb1-2016-00068\/"]}]},{"@type":"ImageObject","inLanguage":"en-US","@id":"https:\/\/merk.hu\/%f0%9f%93%8c-top-4-1-1-15-sb1-2016-00068\/#primaryimage","url":"https:\/\/merk.hu\/wp-content\/uploads\/2021\/02\/TOP-4.1.1-15-SB1-2016-00068-300x215.jpg","contentUrl":"https:\/\/merk.hu\/wp-content\/uploads\/2021\/02\/TOP-4.1.1-15-SB1-2016-00068-300x215.jpg"},{"@type":"BreadcrumbList","@id":"https:\/\/merk.hu\/%f0%9f%93%8c-top-4-1-1-15-sb1-2016-00068\/#breadcrumb","itemListElement":[{"@type":"ListItem","position":1,"name":"Kezd\u0151lap","item":"https:\/\/merk.hu\/"},{"@type":"ListItem","position":2,"name":"\ud83d\udccc TOP-4.1.1-15-SB1-2016-00068"}]},{"@type":"WebSite","@id":"https:\/\/merk.hu\/#website","url":"https:\/\/merk.hu\/","name":"Municipality of M\u00e9rk Nagyk\u00f6zs\u00e9g","description":"Municipality of M\u00e9rk Nagyk\u00f6zs\u00e9g","publisher":{"@id":"https:\/\/merk.hu\/#organization"},"potentialAction":[{"@type":"SearchAction","target":{"@type":"EntryPoint","urlTemplate":"https:\/\/merk.hu\/?s={search_term_string}"},"query-input":{"@type":"PropertyValueSpecification","valueRequired":true,"valueName":"search_term_string"}}],"inLanguage":"en-US"},{"@type":"Organization","@id":"https:\/\/merk.hu\/#organization","name":"Municipality of M\u00e9rk Nagyk\u00f6zs\u00e9g","url":"https:\/\/merk.hu\/","logo":{"@type":"ImageObject","inLanguage":"en-US","@id":"https:\/\/merk.hu\/#\/schema\/logo\/image\/","url":"https:\/\/merk.hu\/wp-content\/uploads\/2021\/02\/cimer.jpg","contentUrl":"https:\/\/merk.hu\/wp-content\/uploads\/2021\/02\/cimer.jpg","width":200,"height":208,"caption":"M\u00e9rk Nagyk\u00f6zs\u00e9g \u00d6nkorm\u00e1nyzat"},"image":{"@id":"https:\/\/merk.hu\/#\/schema\/logo\/image\/"}}]}},"_links":{"self":[{"href":"https:\/\/merk.hu\/en\/wp-json\/wp\/v2\/pages\/125","targetHints":{"allow":["GET"]}}],"collection":[{"href":"https:\/\/merk.hu\/en\/wp-json\/wp\/v2\/pages"}],"about":[{"href":"https:\/\/merk.hu\/en\/wp-json\/wp\/v2\/types\/page"}],"author":[{"embeddable":true,"href":"https:\/\/merk.hu\/en\/wp-json\/wp\/v2\/users\/4"}],"replies":[{"embeddable":true,"href":"https:\/\/merk.hu\/en\/wp-json\/wp\/v2\/comments?post=125"}],"version-history":[{"count":0,"href":"https:\/\/merk.hu\/en\/wp-json\/wp\/v2\/pages\/125\/revisions"}],"wp:attachment":[{"href":"https:\/\/merk.hu\/en\/wp-json\/wp\/v2\/media?parent=125"}],"curies":[{"name":"wp","href":"https:\/\/api.w.org\/{rel}","templated":true}]}}