{"id":123,"date":"2021-02-01T19:15:43","date_gmt":"2021-02-01T19:15:43","guid":{"rendered":"https:\/\/merk.hu\/?page_id=123"},"modified":"2024-01-18T08:52:18","modified_gmt":"2024-01-18T08:52:18","slug":"%f0%9f%93%8c-kofop-1-2-1-vekop-16-2017-00878","status":"publish","type":"page","link":"https:\/\/merk.hu\/en\/%f0%9f%93%8c-kofop-1-2-1-vekop-16-2017-00878\/","title":{"rendered":"\ud83d\udccc K\u00d6FOP-1.2.1-VEKOP-16-2017-00878"},"content":{"rendered":"<h1>K\u00d6FOP-1.2.1-VEKOP-16-2017-00878<\/h1>\n<table class=\"it\">\n<tbody>\n<tr>\n<td>Name of the beneficiary:<\/td>\n<td>Municipality of M\u00e9rk Nagyk\u00f6zs\u00e9g<\/td>\n<\/tr>\n<tr>\n<td>The title of the project is:<\/td>\n<td>Connection of the Municipality of M\u00e9rk to the ASP Centre<\/td>\n<\/tr>\n<tr>\n<td>The contracted grant amount:<\/td>\n<td>7 000 000 Ft<\/td>\n<\/tr>\n<tr>\n<td>Rate of aid (in %):<\/td>\n<td>100%<\/td>\n<\/tr>\n<tr>\n<td>The project identification number:<\/td>\n<td>K\u00d6FOP-1.2.1-VEKOP-16-2017-00878<\/td>\n<\/tr>\n<tr>\n<td>Completion of project implementation:<\/td>\n<td>2018.06.30.<\/td>\n<\/tr>\n<\/tbody>\n<\/table>\n<p>&nbsp;<\/p>\n<h2>Presentation of the project content:<img fetchpriority=\"high\" decoding=\"async\" class=\"size-medium wp-image-218 alignright\" src=\"https:\/\/merk.hu\/wp-content\/uploads\/2021\/02\/KOFOP-1.2.1-VEKOP-16-2017-00878-1-300x207.jpg\" alt=\"\" width=\"300\" height=\"207\" srcset=\"https:\/\/merk.hu\/wp-content\/uploads\/2021\/02\/KOFOP-1.2.1-VEKOP-16-2017-00878-1-300x207.jpg 300w, https:\/\/merk.hu\/wp-content\/uploads\/2021\/02\/KOFOP-1.2.1-VEKOP-16-2017-00878-1-1024x708.jpg 1024w, https:\/\/merk.hu\/wp-content\/uploads\/2021\/02\/KOFOP-1.2.1-VEKOP-16-2017-00878-1-768x531.jpg 768w, https:\/\/merk.hu\/wp-content\/uploads\/2021\/02\/KOFOP-1.2.1-VEKOP-16-2017-00878-1.jpg 1453w\" sizes=\"(max-width: 300px) 100vw, 300px\" \/><\/h2>\n<p>The aim of the Municipality of M\u00e9rk is to run an efficient public administration system. The development will support the implementation of the obligations of the Municipality under the Government Decree 257\/2016 (VIII.31.) ASP.<\/p>\n<p>Within the framework of the project, the following municipal ASP systems will be connected: document management system, municipal portal system, electronic administration portal system, management system, real estate cadastre system, municipal tax system, industrial and commercial system, inheritance inventory system.<\/p>\n<p>&nbsp;<\/p>\n<p>The grant awarded can be used to purchase the equipment needed to operate the ASP system, to train staff and to cover the costs of services related to the implementation of other professional activities. Within the framework of the professional activities, the data quality of the municipal systems will be improved, migrated, the conditions for the electronic administration of municipalities will be created, operational development and regulatory frameworks will be developed, tested and sharpened.<\/p>\n<p>The maximum amount of aid is 100 % of the total eligible costs. The amount awarded is HUF 7 000 000, of which HUF 3 150 000 is for the purchase of equipment and HUF 3 850 000 for other professional costs.<\/p>\n<p>&nbsp;<\/p>\n<p>In the framework of the Operational Programme for the Development of Public Administration and Public Services, the Municipality of M\u00e9rk Nagyk\u00f6zk\u00f6zs\u00e9g received a non-reimbursable European Union grant of 100 %.<\/p>","protected":false},"excerpt":{"rendered":"<p>K\u00d6FOP-1.2.1-VEKOP-16-2017-00878 A kedvezm\u00e9nyezett neve: M\u00e9rk Nagyk\u00f6zs\u00e9g \u00d6nkorm\u00e1nyzat A projekt c\u00edme: M\u00e9rk Nagyk\u00f6zs\u00e9g \u00d6nkorm\u00e1nyzat ASP k\u00f6zponthoz val\u00f3 csatlakoz\u00e1sa A szerz\u0151d\u00f6tt t\u00e1mogat\u00e1si \u00f6sszeg: 7 000 000 Ft A t\u00e1mogat\u00e1s m\u00e9rt\u00e9ke (%-ban): 100% A projekt azonos\u00edt\u00f3 sz\u00e1ma: K\u00d6FOP-1.2.1-VEKOP-16-2017-00878 A projekt megval\u00f3s\u00edt\u00e1s\u00e1nak befejez\u00e9se: 2018.06.30. &nbsp; A projekt tartalm\u00e1nak bemutat\u00e1sa: M\u00e9rk Nagyk\u00f6zs\u00e9g \u00d6nkorm\u00e1nyzat c\u00e9lul t\u0171zte ki a hat\u00e9kony k\u00f6zigazgat\u00e1si rendszer [&hellip;]<\/p>\n","protected":false},"author":4,"featured_media":0,"parent":0,"menu_order":0,"comment_status":"closed","ping_status":"closed","template":"","meta":{"footnotes":""},"class_list":["post-123","page","type-page","status-publish","hentry"],"yoast_head":"<!-- This site is optimized with the Yoast SEO plugin v27.4 - https:\/\/yoast.com\/product\/yoast-seo-wordpress\/ -->\n<title>\ud83d\udccc K\u00d6FOP-1.2.1-VEKOP-16-2017-00878 - M\u00e9rk Nagyk\u00f6zs\u00e9g \u00d6nkorm\u00e1nyzat<\/title>\n<meta name=\"robots\" content=\"index, follow, max-snippet:-1, max-image-preview:large, max-video-preview:-1\" \/>\n<link rel=\"canonical\" href=\"https:\/\/merk.hu\/en\/\ud83d\udccc-kofop-1-2-1-vekop-16-2017-00878\/\" \/>\n<meta property=\"og:locale\" content=\"en_US\" \/>\n<meta property=\"og:type\" content=\"article\" \/>\n<meta property=\"og:title\" content=\"\ud83d\udccc K\u00d6FOP-1.2.1-VEKOP-16-2017-00878 - M\u00e9rk Nagyk\u00f6zs\u00e9g \u00d6nkorm\u00e1nyzat\" \/>\n<meta property=\"og:description\" content=\"K\u00d6FOP-1.2.1-VEKOP-16-2017-00878 A kedvezm\u00e9nyezett neve: M\u00e9rk Nagyk\u00f6zs\u00e9g \u00d6nkorm\u00e1nyzat A projekt c\u00edme: M\u00e9rk Nagyk\u00f6zs\u00e9g \u00d6nkorm\u00e1nyzat ASP k\u00f6zponthoz val\u00f3 csatlakoz\u00e1sa A szerz\u0151d\u00f6tt t\u00e1mogat\u00e1si \u00f6sszeg: 7 000 000 Ft A t\u00e1mogat\u00e1s m\u00e9rt\u00e9ke (%-ban): 100% A projekt azonos\u00edt\u00f3 sz\u00e1ma: K\u00d6FOP-1.2.1-VEKOP-16-2017-00878 A projekt megval\u00f3s\u00edt\u00e1s\u00e1nak befejez\u00e9se: 2018.06.30. &nbsp; A projekt tartalm\u00e1nak bemutat\u00e1sa: M\u00e9rk Nagyk\u00f6zs\u00e9g \u00d6nkorm\u00e1nyzat c\u00e9lul t\u0171zte ki a hat\u00e9kony k\u00f6zigazgat\u00e1si rendszer [&hellip;]\" \/>\n<meta property=\"og:url\" content=\"https:\/\/merk.hu\/en\/\ud83d\udccc-kofop-1-2-1-vekop-16-2017-00878\/\" \/>\n<meta property=\"og:site_name\" content=\"M\u00e9rk Nagyk\u00f6zs\u00e9g \u00d6nkorm\u00e1nyzat\" \/>\n<meta property=\"article:modified_time\" content=\"2024-01-18T08:52:18+00:00\" \/>\n<meta property=\"og:image\" content=\"https:\/\/merk.hu\/wp-content\/uploads\/2021\/02\/KOFOP-1.2.1-VEKOP-16-2017-00878-1.jpg\" \/>\n\t<meta property=\"og:image:width\" content=\"1453\" \/>\n\t<meta property=\"og:image:height\" content=\"1004\" \/>\n\t<meta property=\"og:image:type\" content=\"image\/jpeg\" \/>\n<meta name=\"twitter:card\" content=\"summary_large_image\" \/>\n<meta name=\"twitter:label1\" content=\"Est. reading time\" \/>\n\t<meta name=\"twitter:data1\" content=\"2 minutes\" \/>\n<script type=\"application\/ld+json\" class=\"yoast-schema-graph\">{\"@context\":\"https:\\\/\\\/schema.org\",\"@graph\":[{\"@type\":\"WebPage\",\"@id\":\"https:\\\/\\\/merk.hu\\\/%f0%9f%93%8c-kofop-1-2-1-vekop-16-2017-00878\\\/\",\"url\":\"https:\\\/\\\/merk.hu\\\/%f0%9f%93%8c-kofop-1-2-1-vekop-16-2017-00878\\\/\",\"name\":\"\ud83d\udccc K\u00d6FOP-1.2.1-VEKOP-16-2017-00878 - M\u00e9rk Nagyk\u00f6zs\u00e9g \u00d6nkorm\u00e1nyzat\",\"isPartOf\":{\"@id\":\"https:\\\/\\\/merk.hu\\\/#website\"},\"primaryImageOfPage\":{\"@id\":\"https:\\\/\\\/merk.hu\\\/%f0%9f%93%8c-kofop-1-2-1-vekop-16-2017-00878\\\/#primaryimage\"},\"image\":{\"@id\":\"https:\\\/\\\/merk.hu\\\/%f0%9f%93%8c-kofop-1-2-1-vekop-16-2017-00878\\\/#primaryimage\"},\"thumbnailUrl\":\"https:\\\/\\\/merk.hu\\\/wp-content\\\/uploads\\\/2021\\\/02\\\/KOFOP-1.2.1-VEKOP-16-2017-00878-1-300x207.jpg\",\"datePublished\":\"2021-02-01T19:15:43+00:00\",\"dateModified\":\"2024-01-18T08:52:18+00:00\",\"breadcrumb\":{\"@id\":\"https:\\\/\\\/merk.hu\\\/%f0%9f%93%8c-kofop-1-2-1-vekop-16-2017-00878\\\/#breadcrumb\"},\"inLanguage\":\"en-US\",\"potentialAction\":[{\"@type\":\"ReadAction\",\"target\":[\"https:\\\/\\\/merk.hu\\\/%f0%9f%93%8c-kofop-1-2-1-vekop-16-2017-00878\\\/\"]}]},{\"@type\":\"ImageObject\",\"inLanguage\":\"en-US\",\"@id\":\"https:\\\/\\\/merk.hu\\\/%f0%9f%93%8c-kofop-1-2-1-vekop-16-2017-00878\\\/#primaryimage\",\"url\":\"https:\\\/\\\/merk.hu\\\/wp-content\\\/uploads\\\/2021\\\/02\\\/KOFOP-1.2.1-VEKOP-16-2017-00878-1-300x207.jpg\",\"contentUrl\":\"https:\\\/\\\/merk.hu\\\/wp-content\\\/uploads\\\/2021\\\/02\\\/KOFOP-1.2.1-VEKOP-16-2017-00878-1-300x207.jpg\"},{\"@type\":\"BreadcrumbList\",\"@id\":\"https:\\\/\\\/merk.hu\\\/%f0%9f%93%8c-kofop-1-2-1-vekop-16-2017-00878\\\/#breadcrumb\",\"itemListElement\":[{\"@type\":\"ListItem\",\"position\":1,\"name\":\"Kezd\u0151lap\",\"item\":\"https:\\\/\\\/merk.hu\\\/\"},{\"@type\":\"ListItem\",\"position\":2,\"name\":\"\ud83d\udccc K\u00d6FOP-1.2.1-VEKOP-16-2017-00878\"}]},{\"@type\":\"WebSite\",\"@id\":\"https:\\\/\\\/merk.hu\\\/#website\",\"url\":\"https:\\\/\\\/merk.hu\\\/\",\"name\":\"M\u00e9rk Nagyk\u00f6zs\u00e9g \u00d6nkorm\u00e1nyzat\",\"description\":\"M\u00e9rk Nagyk\u00f6zs\u00e9g \u00d6nkorm\u00e1nyzat\",\"publisher\":{\"@id\":\"https:\\\/\\\/merk.hu\\\/#organization\"},\"potentialAction\":[{\"@type\":\"SearchAction\",\"target\":{\"@type\":\"EntryPoint\",\"urlTemplate\":\"https:\\\/\\\/merk.hu\\\/?s={search_term_string}\"},\"query-input\":{\"@type\":\"PropertyValueSpecification\",\"valueRequired\":true,\"valueName\":\"search_term_string\"}}],\"inLanguage\":\"en-US\"},{\"@type\":\"Organization\",\"@id\":\"https:\\\/\\\/merk.hu\\\/#organization\",\"name\":\"M\u00e9rk Nagyk\u00f6zs\u00e9g \u00d6nkorm\u00e1nyzat\",\"url\":\"https:\\\/\\\/merk.hu\\\/\",\"logo\":{\"@type\":\"ImageObject\",\"inLanguage\":\"en-US\",\"@id\":\"https:\\\/\\\/merk.hu\\\/#\\\/schema\\\/logo\\\/image\\\/\",\"url\":\"https:\\\/\\\/merk.hu\\\/wp-content\\\/uploads\\\/2021\\\/02\\\/cimer.jpg\",\"contentUrl\":\"https:\\\/\\\/merk.hu\\\/wp-content\\\/uploads\\\/2021\\\/02\\\/cimer.jpg\",\"width\":200,\"height\":208,\"caption\":\"M\u00e9rk Nagyk\u00f6zs\u00e9g \u00d6nkorm\u00e1nyzat\"},\"image\":{\"@id\":\"https:\\\/\\\/merk.hu\\\/#\\\/schema\\\/logo\\\/image\\\/\"}}]}<\/script>\n<!-- \/ Yoast SEO plugin. -->","yoast_head_json":{"title":"\ud83d\udccc K\u00d6FOP-1.2.1-VEKOP-16-2017-00878 - M\u00e9rk Nagyk\u00f6zs\u00e9g Municipality","robots":{"index":"index","follow":"follow","max-snippet":"max-snippet:-1","max-image-preview":"max-image-preview:large","max-video-preview":"max-video-preview:-1"},"canonical":"https:\/\/merk.hu\/en\/\ud83d\udccc-kofop-1-2-1-vekop-16-2017-00878\/","og_locale":"en_US","og_type":"article","og_title":"\ud83d\udccc K\u00d6FOP-1.2.1-VEKOP-16-2017-00878 - M\u00e9rk Nagyk\u00f6zs\u00e9g \u00d6nkorm\u00e1nyzat","og_description":"K\u00d6FOP-1.2.1-VEKOP-16-2017-00878 A kedvezm\u00e9nyezett neve: M\u00e9rk Nagyk\u00f6zs\u00e9g \u00d6nkorm\u00e1nyzat A projekt c\u00edme: M\u00e9rk Nagyk\u00f6zs\u00e9g \u00d6nkorm\u00e1nyzat ASP k\u00f6zponthoz val\u00f3 csatlakoz\u00e1sa A szerz\u0151d\u00f6tt t\u00e1mogat\u00e1si \u00f6sszeg: 7 000 000 Ft A t\u00e1mogat\u00e1s m\u00e9rt\u00e9ke (%-ban): 100% A projekt azonos\u00edt\u00f3 sz\u00e1ma: K\u00d6FOP-1.2.1-VEKOP-16-2017-00878 A projekt megval\u00f3s\u00edt\u00e1s\u00e1nak befejez\u00e9se: 2018.06.30. &nbsp; A projekt tartalm\u00e1nak bemutat\u00e1sa: M\u00e9rk Nagyk\u00f6zs\u00e9g \u00d6nkorm\u00e1nyzat c\u00e9lul t\u0171zte ki a hat\u00e9kony k\u00f6zigazgat\u00e1si rendszer [&hellip;]","og_url":"https:\/\/merk.hu\/en\/\ud83d\udccc-kofop-1-2-1-vekop-16-2017-00878\/","og_site_name":"M\u00e9rk Nagyk\u00f6zs\u00e9g \u00d6nkorm\u00e1nyzat","article_modified_time":"2024-01-18T08:52:18+00:00","og_image":[{"width":1453,"height":1004,"url":"https:\/\/merk.hu\/wp-content\/uploads\/2021\/02\/KOFOP-1.2.1-VEKOP-16-2017-00878-1.jpg","type":"image\/jpeg"}],"twitter_card":"summary_large_image","twitter_misc":{"Est. reading time":"2 minutes"},"schema":{"@context":"https:\/\/schema.org","@graph":[{"@type":"WebPage","@id":"https:\/\/merk.hu\/%f0%9f%93%8c-kofop-1-2-1-vekop-16-2017-00878\/","url":"https:\/\/merk.hu\/%f0%9f%93%8c-kofop-1-2-1-vekop-16-2017-00878\/","name":"\ud83d\udccc K\u00d6FOP-1.2.1-VEKOP-16-2017-00878 - M\u00e9rk Nagyk\u00f6zs\u00e9g Municipality","isPartOf":{"@id":"https:\/\/merk.hu\/#website"},"primaryImageOfPage":{"@id":"https:\/\/merk.hu\/%f0%9f%93%8c-kofop-1-2-1-vekop-16-2017-00878\/#primaryimage"},"image":{"@id":"https:\/\/merk.hu\/%f0%9f%93%8c-kofop-1-2-1-vekop-16-2017-00878\/#primaryimage"},"thumbnailUrl":"https:\/\/merk.hu\/wp-content\/uploads\/2021\/02\/KOFOP-1.2.1-VEKOP-16-2017-00878-1-300x207.jpg","datePublished":"2021-02-01T19:15:43+00:00","dateModified":"2024-01-18T08:52:18+00:00","breadcrumb":{"@id":"https:\/\/merk.hu\/%f0%9f%93%8c-kofop-1-2-1-vekop-16-2017-00878\/#breadcrumb"},"inLanguage":"en-US","potentialAction":[{"@type":"ReadAction","target":["https:\/\/merk.hu\/%f0%9f%93%8c-kofop-1-2-1-vekop-16-2017-00878\/"]}]},{"@type":"ImageObject","inLanguage":"en-US","@id":"https:\/\/merk.hu\/%f0%9f%93%8c-kofop-1-2-1-vekop-16-2017-00878\/#primaryimage","url":"https:\/\/merk.hu\/wp-content\/uploads\/2021\/02\/KOFOP-1.2.1-VEKOP-16-2017-00878-1-300x207.jpg","contentUrl":"https:\/\/merk.hu\/wp-content\/uploads\/2021\/02\/KOFOP-1.2.1-VEKOP-16-2017-00878-1-300x207.jpg"},{"@type":"BreadcrumbList","@id":"https:\/\/merk.hu\/%f0%9f%93%8c-kofop-1-2-1-vekop-16-2017-00878\/#breadcrumb","itemListElement":[{"@type":"ListItem","position":1,"name":"Kezd\u0151lap","item":"https:\/\/merk.hu\/"},{"@type":"ListItem","position":2,"name":"\ud83d\udccc K\u00d6FOP-1.2.1-VEKOP-16-2017-00878"}]},{"@type":"WebSite","@id":"https:\/\/merk.hu\/#website","url":"https:\/\/merk.hu\/","name":"Municipality of M\u00e9rk Nagyk\u00f6zs\u00e9g","description":"Municipality of M\u00e9rk Nagyk\u00f6zs\u00e9g","publisher":{"@id":"https:\/\/merk.hu\/#organization"},"potentialAction":[{"@type":"SearchAction","target":{"@type":"EntryPoint","urlTemplate":"https:\/\/merk.hu\/?s={search_term_string}"},"query-input":{"@type":"PropertyValueSpecification","valueRequired":true,"valueName":"search_term_string"}}],"inLanguage":"en-US"},{"@type":"Organization","@id":"https:\/\/merk.hu\/#organization","name":"Municipality of M\u00e9rk Nagyk\u00f6zs\u00e9g","url":"https:\/\/merk.hu\/","logo":{"@type":"ImageObject","inLanguage":"en-US","@id":"https:\/\/merk.hu\/#\/schema\/logo\/image\/","url":"https:\/\/merk.hu\/wp-content\/uploads\/2021\/02\/cimer.jpg","contentUrl":"https:\/\/merk.hu\/wp-content\/uploads\/2021\/02\/cimer.jpg","width":200,"height":208,"caption":"M\u00e9rk Nagyk\u00f6zs\u00e9g \u00d6nkorm\u00e1nyzat"},"image":{"@id":"https:\/\/merk.hu\/#\/schema\/logo\/image\/"}}]}},"_links":{"self":[{"href":"https:\/\/merk.hu\/en\/wp-json\/wp\/v2\/pages\/123","targetHints":{"allow":["GET"]}}],"collection":[{"href":"https:\/\/merk.hu\/en\/wp-json\/wp\/v2\/pages"}],"about":[{"href":"https:\/\/merk.hu\/en\/wp-json\/wp\/v2\/types\/page"}],"author":[{"embeddable":true,"href":"https:\/\/merk.hu\/en\/wp-json\/wp\/v2\/users\/4"}],"replies":[{"embeddable":true,"href":"https:\/\/merk.hu\/en\/wp-json\/wp\/v2\/comments?post=123"}],"version-history":[{"count":0,"href":"https:\/\/merk.hu\/en\/wp-json\/wp\/v2\/pages\/123\/revisions"}],"wp:attachment":[{"href":"https:\/\/merk.hu\/en\/wp-json\/wp\/v2\/media?parent=123"}],"curies":[{"name":"wp","href":"https:\/\/api.w.org\/{rel}","templated":true}]}}