{"id":121,"date":"2021-02-01T19:14:25","date_gmt":"2021-02-01T19:14:25","guid":{"rendered":"https:\/\/merk.hu\/?page_id=121"},"modified":"2024-01-18T08:52:18","modified_gmt":"2024-01-18T08:52:18","slug":"%f0%9f%93%8c-mfp-fft-2019","status":"publish","type":"page","link":"https:\/\/merk.hu\/en\/%f0%9f%93%8c-mfp-fft-2019\/","title":{"rendered":"\ud83d\udccc MFP-FFT\/2019"},"content":{"rendered":"<h1>Grants for applications<\/h1>\n<table class=\"it\">\n<tbody>\n<tr>\n<td width=\"180\">Beneficiary:<\/td>\n<td>The Municipality of M\u00e9rk Nagyk\u00f6zs\u00e9g.<\/td>\n<\/tr>\n<tr>\n<td>Identification number of the supporting document:<\/td>\n<td>3033832640<\/td>\n<\/tr>\n<tr>\n<td>Application number:<\/td>\n<td>MFP-FFT\/2019<\/td>\n<\/tr>\n<tr>\n<td>Project title:<\/td>\n<td>Cemetery development<\/td>\n<\/tr>\n<tr>\n<td>Amount of support:<\/td>\n<td>4.999.014 Ft<\/td>\n<\/tr>\n<tr>\n<td>Rate of support:<\/td>\n<td>100%<\/td>\n<\/tr>\n<\/tbody>\n<\/table>\n<h2>Presentation of the project<\/h2>\n<p>The municipality used the grant to build a new urn wall with 100 seats. The aim of the development is to extend the range of services provided to the local population.<\/p>\n<p>Address of the development site 4351 M\u00e9rk outskirts, cadastral parcel 056\/22.<\/p>\n<p><center><img fetchpriority=\"high\" decoding=\"async\" class=\"alignnone size-medium wp-image-181\" src=\"https:\/\/merk.hu\/wp-content\/uploads\/2021\/02\/mfp-300x296.png\" alt=\"\" width=\"300\" height=\"296\" srcset=\"https:\/\/merk.hu\/wp-content\/uploads\/2021\/02\/mfp-300x296.png 300w, https:\/\/merk.hu\/wp-content\/uploads\/2021\/02\/mfp-61x60.png 61w, https:\/\/merk.hu\/wp-content\/uploads\/2021\/02\/mfp.png 600w\" sizes=\"(max-width: 300px) 100vw, 300px\" \/><\/center><\/p>","protected":false},"excerpt":{"rendered":"<p>P\u00e1ly\u00e1zati t\u00e1mogat\u00e1s Kedvezm\u00e9nyezett: M\u00e9rk Nagyk\u00f6zs\u00e9g \u00d6nkorm\u00e1nyzata. T\u00e1mogat\u00f3i okirat azonos\u00edt\u00f3 sz\u00e1ma: 3033832640 P\u00e1ly\u00e1zat azonos\u00edt\u00f3 sz\u00e1ma: MFP-FFT\/2019 Projekt c\u00edme: Temet\u0151 fejleszt\u00e9se T\u00e1mogat\u00e1s \u00f6sszege: 4.999.014 Ft T\u00e1mogat\u00e1s m\u00e9rt\u00e9ke: 100% A projekt bemutat\u00e1sa Az elnyert t\u00e1mogat\u00e1st egy \u00faj, 100 f\u00e9r\u0151helyes urnafal meg\u00e9p\u00edt\u00e9s\u00e9re ford\u00edtotta az \u00f6nkorm\u00e1nyzat. A fejleszt\u00e9s c\u00e9lja a helyi lakoss\u00e1gnak ny\u00fajtott szolg\u00e1ltat\u00e1sok k\u00f6r\u00e9nek b\u0151v\u00edt\u00e9se. A fejleszt\u00e9s megval\u00f3s\u00edt\u00e1si hely\u00e9nek [&hellip;]<\/p>\n","protected":false},"author":4,"featured_media":0,"parent":0,"menu_order":0,"comment_status":"closed","ping_status":"closed","template":"","meta":{"footnotes":""},"class_list":["post-121","page","type-page","status-publish","hentry"],"yoast_head":"<!-- This site is optimized with the Yoast SEO plugin v27.4 - https:\/\/yoast.com\/product\/yoast-seo-wordpress\/ -->\n<title>\ud83d\udccc MFP-FFT\/2019 - M\u00e9rk Nagyk\u00f6zs\u00e9g \u00d6nkorm\u00e1nyzat<\/title>\n<meta name=\"robots\" content=\"index, follow, max-snippet:-1, max-image-preview:large, max-video-preview:-1\" \/>\n<link rel=\"canonical\" href=\"https:\/\/merk.hu\/en\/\ud83d\udccc-mfp-fft-2019\/\" \/>\n<meta property=\"og:locale\" content=\"en_US\" \/>\n<meta property=\"og:type\" content=\"article\" \/>\n<meta property=\"og:title\" content=\"\ud83d\udccc MFP-FFT\/2019 - M\u00e9rk Nagyk\u00f6zs\u00e9g \u00d6nkorm\u00e1nyzat\" \/>\n<meta property=\"og:description\" content=\"P\u00e1ly\u00e1zati t\u00e1mogat\u00e1s Kedvezm\u00e9nyezett: M\u00e9rk Nagyk\u00f6zs\u00e9g \u00d6nkorm\u00e1nyzata. T\u00e1mogat\u00f3i okirat azonos\u00edt\u00f3 sz\u00e1ma: 3033832640 P\u00e1ly\u00e1zat azonos\u00edt\u00f3 sz\u00e1ma: MFP-FFT\/2019 Projekt c\u00edme: Temet\u0151 fejleszt\u00e9se T\u00e1mogat\u00e1s \u00f6sszege: 4.999.014 Ft T\u00e1mogat\u00e1s m\u00e9rt\u00e9ke: 100% A projekt bemutat\u00e1sa Az elnyert t\u00e1mogat\u00e1st egy \u00faj, 100 f\u00e9r\u0151helyes urnafal meg\u00e9p\u00edt\u00e9s\u00e9re ford\u00edtotta az \u00f6nkorm\u00e1nyzat. A fejleszt\u00e9s c\u00e9lja a helyi lakoss\u00e1gnak ny\u00fajtott szolg\u00e1ltat\u00e1sok k\u00f6r\u00e9nek b\u0151v\u00edt\u00e9se. A fejleszt\u00e9s megval\u00f3s\u00edt\u00e1si hely\u00e9nek [&hellip;]\" \/>\n<meta property=\"og:url\" content=\"https:\/\/merk.hu\/en\/\ud83d\udccc-mfp-fft-2019\/\" \/>\n<meta property=\"og:site_name\" content=\"M\u00e9rk Nagyk\u00f6zs\u00e9g \u00d6nkorm\u00e1nyzat\" \/>\n<meta property=\"article:modified_time\" content=\"2024-01-18T08:52:18+00:00\" \/>\n<meta property=\"og:image\" content=\"https:\/\/merk.hu\/wp-content\/uploads\/2021\/02\/mfp.png\" \/>\n\t<meta property=\"og:image:width\" content=\"600\" \/>\n\t<meta property=\"og:image:height\" content=\"592\" \/>\n\t<meta property=\"og:image:type\" content=\"image\/png\" \/>\n<meta name=\"twitter:card\" content=\"summary_large_image\" \/>\n<meta name=\"twitter:label1\" content=\"Est. reading time\" \/>\n\t<meta name=\"twitter:data1\" content=\"1 minute\" \/>\n<script type=\"application\/ld+json\" class=\"yoast-schema-graph\">{\"@context\":\"https:\\\/\\\/schema.org\",\"@graph\":[{\"@type\":\"WebPage\",\"@id\":\"https:\\\/\\\/merk.hu\\\/%f0%9f%93%8c-mfp-fft-2019\\\/\",\"url\":\"https:\\\/\\\/merk.hu\\\/%f0%9f%93%8c-mfp-fft-2019\\\/\",\"name\":\"\ud83d\udccc MFP-FFT\\\/2019 - M\u00e9rk Nagyk\u00f6zs\u00e9g \u00d6nkorm\u00e1nyzat\",\"isPartOf\":{\"@id\":\"https:\\\/\\\/merk.hu\\\/#website\"},\"primaryImageOfPage\":{\"@id\":\"https:\\\/\\\/merk.hu\\\/%f0%9f%93%8c-mfp-fft-2019\\\/#primaryimage\"},\"image\":{\"@id\":\"https:\\\/\\\/merk.hu\\\/%f0%9f%93%8c-mfp-fft-2019\\\/#primaryimage\"},\"thumbnailUrl\":\"https:\\\/\\\/merk.hu\\\/wp-content\\\/uploads\\\/2021\\\/02\\\/mfp-300x296.png\",\"datePublished\":\"2021-02-01T19:14:25+00:00\",\"dateModified\":\"2024-01-18T08:52:18+00:00\",\"breadcrumb\":{\"@id\":\"https:\\\/\\\/merk.hu\\\/%f0%9f%93%8c-mfp-fft-2019\\\/#breadcrumb\"},\"inLanguage\":\"en-US\",\"potentialAction\":[{\"@type\":\"ReadAction\",\"target\":[\"https:\\\/\\\/merk.hu\\\/%f0%9f%93%8c-mfp-fft-2019\\\/\"]}]},{\"@type\":\"ImageObject\",\"inLanguage\":\"en-US\",\"@id\":\"https:\\\/\\\/merk.hu\\\/%f0%9f%93%8c-mfp-fft-2019\\\/#primaryimage\",\"url\":\"https:\\\/\\\/merk.hu\\\/wp-content\\\/uploads\\\/2021\\\/02\\\/mfp-300x296.png\",\"contentUrl\":\"https:\\\/\\\/merk.hu\\\/wp-content\\\/uploads\\\/2021\\\/02\\\/mfp-300x296.png\"},{\"@type\":\"BreadcrumbList\",\"@id\":\"https:\\\/\\\/merk.hu\\\/%f0%9f%93%8c-mfp-fft-2019\\\/#breadcrumb\",\"itemListElement\":[{\"@type\":\"ListItem\",\"position\":1,\"name\":\"Kezd\u0151lap\",\"item\":\"https:\\\/\\\/merk.hu\\\/\"},{\"@type\":\"ListItem\",\"position\":2,\"name\":\"\ud83d\udccc MFP-FFT\\\/2019\"}]},{\"@type\":\"WebSite\",\"@id\":\"https:\\\/\\\/merk.hu\\\/#website\",\"url\":\"https:\\\/\\\/merk.hu\\\/\",\"name\":\"M\u00e9rk Nagyk\u00f6zs\u00e9g \u00d6nkorm\u00e1nyzat\",\"description\":\"M\u00e9rk Nagyk\u00f6zs\u00e9g \u00d6nkorm\u00e1nyzat\",\"publisher\":{\"@id\":\"https:\\\/\\\/merk.hu\\\/#organization\"},\"potentialAction\":[{\"@type\":\"SearchAction\",\"target\":{\"@type\":\"EntryPoint\",\"urlTemplate\":\"https:\\\/\\\/merk.hu\\\/?s={search_term_string}\"},\"query-input\":{\"@type\":\"PropertyValueSpecification\",\"valueRequired\":true,\"valueName\":\"search_term_string\"}}],\"inLanguage\":\"en-US\"},{\"@type\":\"Organization\",\"@id\":\"https:\\\/\\\/merk.hu\\\/#organization\",\"name\":\"M\u00e9rk Nagyk\u00f6zs\u00e9g \u00d6nkorm\u00e1nyzat\",\"url\":\"https:\\\/\\\/merk.hu\\\/\",\"logo\":{\"@type\":\"ImageObject\",\"inLanguage\":\"en-US\",\"@id\":\"https:\\\/\\\/merk.hu\\\/#\\\/schema\\\/logo\\\/image\\\/\",\"url\":\"https:\\\/\\\/merk.hu\\\/wp-content\\\/uploads\\\/2021\\\/02\\\/cimer.jpg\",\"contentUrl\":\"https:\\\/\\\/merk.hu\\\/wp-content\\\/uploads\\\/2021\\\/02\\\/cimer.jpg\",\"width\":200,\"height\":208,\"caption\":\"M\u00e9rk Nagyk\u00f6zs\u00e9g \u00d6nkorm\u00e1nyzat\"},\"image\":{\"@id\":\"https:\\\/\\\/merk.hu\\\/#\\\/schema\\\/logo\\\/image\\\/\"}}]}<\/script>\n<!-- \/ Yoast SEO plugin. -->","yoast_head_json":{"title":"\ud83d\udccc MFP-FFT\/2019 - M\u00e9rk Nagyk\u00f6zs\u00e9g Municipality","robots":{"index":"index","follow":"follow","max-snippet":"max-snippet:-1","max-image-preview":"max-image-preview:large","max-video-preview":"max-video-preview:-1"},"canonical":"https:\/\/merk.hu\/en\/\ud83d\udccc-mfp-fft-2019\/","og_locale":"en_US","og_type":"article","og_title":"\ud83d\udccc MFP-FFT\/2019 - M\u00e9rk Nagyk\u00f6zs\u00e9g \u00d6nkorm\u00e1nyzat","og_description":"P\u00e1ly\u00e1zati t\u00e1mogat\u00e1s Kedvezm\u00e9nyezett: M\u00e9rk Nagyk\u00f6zs\u00e9g \u00d6nkorm\u00e1nyzata. T\u00e1mogat\u00f3i okirat azonos\u00edt\u00f3 sz\u00e1ma: 3033832640 P\u00e1ly\u00e1zat azonos\u00edt\u00f3 sz\u00e1ma: MFP-FFT\/2019 Projekt c\u00edme: Temet\u0151 fejleszt\u00e9se T\u00e1mogat\u00e1s \u00f6sszege: 4.999.014 Ft T\u00e1mogat\u00e1s m\u00e9rt\u00e9ke: 100% A projekt bemutat\u00e1sa Az elnyert t\u00e1mogat\u00e1st egy \u00faj, 100 f\u00e9r\u0151helyes urnafal meg\u00e9p\u00edt\u00e9s\u00e9re ford\u00edtotta az \u00f6nkorm\u00e1nyzat. A fejleszt\u00e9s c\u00e9lja a helyi lakoss\u00e1gnak ny\u00fajtott szolg\u00e1ltat\u00e1sok k\u00f6r\u00e9nek b\u0151v\u00edt\u00e9se. A fejleszt\u00e9s megval\u00f3s\u00edt\u00e1si hely\u00e9nek [&hellip;]","og_url":"https:\/\/merk.hu\/en\/\ud83d\udccc-mfp-fft-2019\/","og_site_name":"M\u00e9rk Nagyk\u00f6zs\u00e9g \u00d6nkorm\u00e1nyzat","article_modified_time":"2024-01-18T08:52:18+00:00","og_image":[{"width":600,"height":592,"url":"https:\/\/merk.hu\/wp-content\/uploads\/2021\/02\/mfp.png","type":"image\/png"}],"twitter_card":"summary_large_image","twitter_misc":{"Est. reading time":"1 minute"},"schema":{"@context":"https:\/\/schema.org","@graph":[{"@type":"WebPage","@id":"https:\/\/merk.hu\/%f0%9f%93%8c-mfp-fft-2019\/","url":"https:\/\/merk.hu\/%f0%9f%93%8c-mfp-fft-2019\/","name":"\ud83d\udccc MFP-FFT\/2019 - M\u00e9rk Nagyk\u00f6zs\u00e9g Municipality","isPartOf":{"@id":"https:\/\/merk.hu\/#website"},"primaryImageOfPage":{"@id":"https:\/\/merk.hu\/%f0%9f%93%8c-mfp-fft-2019\/#primaryimage"},"image":{"@id":"https:\/\/merk.hu\/%f0%9f%93%8c-mfp-fft-2019\/#primaryimage"},"thumbnailUrl":"https:\/\/merk.hu\/wp-content\/uploads\/2021\/02\/mfp-300x296.png","datePublished":"2021-02-01T19:14:25+00:00","dateModified":"2024-01-18T08:52:18+00:00","breadcrumb":{"@id":"https:\/\/merk.hu\/%f0%9f%93%8c-mfp-fft-2019\/#breadcrumb"},"inLanguage":"en-US","potentialAction":[{"@type":"ReadAction","target":["https:\/\/merk.hu\/%f0%9f%93%8c-mfp-fft-2019\/"]}]},{"@type":"ImageObject","inLanguage":"en-US","@id":"https:\/\/merk.hu\/%f0%9f%93%8c-mfp-fft-2019\/#primaryimage","url":"https:\/\/merk.hu\/wp-content\/uploads\/2021\/02\/mfp-300x296.png","contentUrl":"https:\/\/merk.hu\/wp-content\/uploads\/2021\/02\/mfp-300x296.png"},{"@type":"BreadcrumbList","@id":"https:\/\/merk.hu\/%f0%9f%93%8c-mfp-fft-2019\/#breadcrumb","itemListElement":[{"@type":"ListItem","position":1,"name":"Kezd\u0151lap","item":"https:\/\/merk.hu\/"},{"@type":"ListItem","position":2,"name":"\ud83d\udccc MFP-FFT\/2019"}]},{"@type":"WebSite","@id":"https:\/\/merk.hu\/#website","url":"https:\/\/merk.hu\/","name":"Municipality of M\u00e9rk Nagyk\u00f6zs\u00e9g","description":"Municipality of M\u00e9rk Nagyk\u00f6zs\u00e9g","publisher":{"@id":"https:\/\/merk.hu\/#organization"},"potentialAction":[{"@type":"SearchAction","target":{"@type":"EntryPoint","urlTemplate":"https:\/\/merk.hu\/?s={search_term_string}"},"query-input":{"@type":"PropertyValueSpecification","valueRequired":true,"valueName":"search_term_string"}}],"inLanguage":"en-US"},{"@type":"Organization","@id":"https:\/\/merk.hu\/#organization","name":"Municipality of M\u00e9rk Nagyk\u00f6zs\u00e9g","url":"https:\/\/merk.hu\/","logo":{"@type":"ImageObject","inLanguage":"en-US","@id":"https:\/\/merk.hu\/#\/schema\/logo\/image\/","url":"https:\/\/merk.hu\/wp-content\/uploads\/2021\/02\/cimer.jpg","contentUrl":"https:\/\/merk.hu\/wp-content\/uploads\/2021\/02\/cimer.jpg","width":200,"height":208,"caption":"M\u00e9rk Nagyk\u00f6zs\u00e9g \u00d6nkorm\u00e1nyzat"},"image":{"@id":"https:\/\/merk.hu\/#\/schema\/logo\/image\/"}}]}},"_links":{"self":[{"href":"https:\/\/merk.hu\/en\/wp-json\/wp\/v2\/pages\/121","targetHints":{"allow":["GET"]}}],"collection":[{"href":"https:\/\/merk.hu\/en\/wp-json\/wp\/v2\/pages"}],"about":[{"href":"https:\/\/merk.hu\/en\/wp-json\/wp\/v2\/types\/page"}],"author":[{"embeddable":true,"href":"https:\/\/merk.hu\/en\/wp-json\/wp\/v2\/users\/4"}],"replies":[{"embeddable":true,"href":"https:\/\/merk.hu\/en\/wp-json\/wp\/v2\/comments?post=121"}],"version-history":[{"count":0,"href":"https:\/\/merk.hu\/en\/wp-json\/wp\/v2\/pages\/121\/revisions"}],"wp:attachment":[{"href":"https:\/\/merk.hu\/en\/wp-json\/wp\/v2\/media?parent=121"}],"curies":[{"name":"wp","href":"https:\/\/api.w.org\/{rel}","templated":true}]}}