{"id":1183,"date":"2022-09-08T13:58:42","date_gmt":"2022-09-08T13:58:42","guid":{"rendered":"https:\/\/merk.hu\/?page_id=1183"},"modified":"2024-01-18T08:52:18","modified_gmt":"2024-01-18T08:52:18","slug":"%f0%9f%93%8c-mfp-otik-2021-onkormanyzati-tulajdonban-levo-ingatlanok-fejlesztese","status":"publish","type":"page","link":"https:\/\/merk.hu\/en\/%f0%9f%93%8c-mfp-otik-2021-onkormanyzati-tulajdonban-levo-ingatlanok-fejlesztese\/","title":{"rendered":"\ud83d\udccc MFP-\u00d6TIK\/2021 Development of municipally-owned properties"},"content":{"rendered":"<div dir=\"ltr\">\n<p>We have been awarded a grant for our application for the Hungarian Village Programme 2021 call for proposals under the Municipal Property Development - 2021, MFP-\u00d6TIK\/2021.<\/p>\n<p>The Municipality of M\u00e9rk Nagyk\u00f6zs\u00e9g successfully applied for the Hungarian Village Programme 2021, announced in the framework of the Municipal Property Development - 2021, MFP-\u00d6TIK\/2021, in the framework of which it received 17 270 211-Ft non-refundable grant.<\/p>\n<p>Project title: renovation of the Mayor's office in M\u00e9rken<\/p>\n<p>Project summary: The aim of the project is to create a friendly environment for the people of M\u00e9rk to do business. The existing building is in a good state of repair but the heating system is outdated. The existing radiators have failed several times in the past. 3 air conditioning units of 5 KW have been installed to cool the building.<\/p>\n<p>&nbsp;<\/p>\n<p>The grant will help the Office to perform its service functions in a more modern way, thereby increasing the comfort of the population of the municipality by facilitating the smooth running of its administration. The renovation will also significantly reduce the costs associated with maintaining the office. The improvements will also improve the working conditions of office staff, which will have a positive impact on customer interactions.<\/p>\n<p><img fetchpriority=\"high\" decoding=\"async\" class=\"size-medium wp-image-1184 aligncenter\" src=\"https:\/\/merk.hu\/wp-content\/uploads\/2022\/09\/MFP_logo_RGB-1-289x300.jpg\" alt=\"\" width=\"289\" height=\"300\" srcset=\"https:\/\/merk.hu\/wp-content\/uploads\/2022\/09\/MFP_logo_RGB-1-289x300.jpg 289w, https:\/\/merk.hu\/wp-content\/uploads\/2022\/09\/MFP_logo_RGB-1-988x1024.jpg 988w, https:\/\/merk.hu\/wp-content\/uploads\/2022\/09\/MFP_logo_RGB-1-768x796.jpg 768w, https:\/\/merk.hu\/wp-content\/uploads\/2022\/09\/MFP_logo_RGB-1-1481x1536.jpg 1481w, https:\/\/merk.hu\/wp-content\/uploads\/2022\/09\/MFP_logo_RGB-1.jpg 1929w\" sizes=\"(max-width: 289px) 100vw, 289px\" \/><\/p>\n<\/div>","protected":false},"excerpt":{"rendered":"<p>T\u00e1mogat\u00e1sban r\u00e9szes\u00fclt a Magyar Falu Program keret\u00e9ben 2021-ben meghirdetett \u00d6nkorm\u00e1nyzati tulajdonban l\u00e9v\u0151 ingatlanok fejleszt\u00e9se &#8211; 2021 c\u00edm\u0171,\u00a0MFP-\u00d6TIK\/2021 k\u00f3dsz\u00e1m\u00fa p\u00e1ly\u00e1zati ki\u00edr\u00e1sra\u00a0beny\u00fajtott t\u00e1mogat\u00e1si k\u00e9relm\u00fcnk. M\u00e9rk Nagyk\u00f6zs\u00e9g \u00d6nkorm\u00e1nyzata sikeresen p\u00e1ly\u00e1zott a\u00a0Magyar Falu Program keret\u00e9ben 2021-ben meghirdetett\u00a0\u00d6nkorm\u00e1nyzati tulajdonban l\u00e9v\u0151 ingatlanok fejleszt\u00e9se &#8211; 2021 c\u00edm\u0171,\u00a0MFP-\u00d6TIK\/2021 k\u00f3dsz\u00e1m\u00fa p\u00e1ly\u00e1zati ki\u00edr\u00e1sra, melynek keret\u00e9ben 17 270 211-Ft vissza nem t\u00e9r\u00edtend\u0151 t\u00e1mogat\u00e1sban r\u00e9szes\u00fclt. A projekt [&hellip;]<\/p>\n","protected":false},"author":4,"featured_media":0,"parent":0,"menu_order":0,"comment_status":"closed","ping_status":"closed","template":"","meta":{"footnotes":""},"class_list":["post-1183","page","type-page","status-publish","hentry"],"yoast_head":"<!-- This site is optimized with the Yoast SEO plugin v27.4 - https:\/\/yoast.com\/product\/yoast-seo-wordpress\/ -->\n<title>\ud83d\udccc MFP-\u00d6TIK\/2021 \u00d6nkorm\u00e1nyzati tulajdonban l\u00e9v\u0151 ingatlanok fejleszt\u00e9se - M\u00e9rk Nagyk\u00f6zs\u00e9g \u00d6nkorm\u00e1nyzat<\/title>\n<meta name=\"robots\" content=\"index, follow, max-snippet:-1, max-image-preview:large, max-video-preview:-1\" \/>\n<link rel=\"canonical\" href=\"https:\/\/merk.hu\/en\/\ud83d\udccc-mfp-otik-2021-onkormanyzati-tulajdonban-levo-ingatlanok-fejlesztese\/\" \/>\n<meta property=\"og:locale\" content=\"en_US\" \/>\n<meta property=\"og:type\" content=\"article\" \/>\n<meta property=\"og:title\" content=\"\ud83d\udccc MFP-\u00d6TIK\/2021 \u00d6nkorm\u00e1nyzati tulajdonban l\u00e9v\u0151 ingatlanok fejleszt\u00e9se - M\u00e9rk Nagyk\u00f6zs\u00e9g \u00d6nkorm\u00e1nyzat\" \/>\n<meta property=\"og:description\" content=\"T\u00e1mogat\u00e1sban r\u00e9szes\u00fclt a Magyar Falu Program keret\u00e9ben 2021-ben meghirdetett \u00d6nkorm\u00e1nyzati tulajdonban l\u00e9v\u0151 ingatlanok fejleszt\u00e9se &#8211; 2021 c\u00edm\u0171,\u00a0MFP-\u00d6TIK\/2021 k\u00f3dsz\u00e1m\u00fa p\u00e1ly\u00e1zati ki\u00edr\u00e1sra\u00a0beny\u00fajtott t\u00e1mogat\u00e1si k\u00e9relm\u00fcnk. M\u00e9rk Nagyk\u00f6zs\u00e9g \u00d6nkorm\u00e1nyzata sikeresen p\u00e1ly\u00e1zott a\u00a0Magyar Falu Program keret\u00e9ben 2021-ben meghirdetett\u00a0\u00d6nkorm\u00e1nyzati tulajdonban l\u00e9v\u0151 ingatlanok fejleszt\u00e9se &#8211; 2021 c\u00edm\u0171,\u00a0MFP-\u00d6TIK\/2021 k\u00f3dsz\u00e1m\u00fa p\u00e1ly\u00e1zati ki\u00edr\u00e1sra, melynek keret\u00e9ben 17 270 211-Ft vissza nem t\u00e9r\u00edtend\u0151 t\u00e1mogat\u00e1sban r\u00e9szes\u00fclt. A projekt [&hellip;]\" \/>\n<meta property=\"og:url\" content=\"https:\/\/merk.hu\/en\/\ud83d\udccc-mfp-otik-2021-onkormanyzati-tulajdonban-levo-ingatlanok-fejlesztese\/\" \/>\n<meta property=\"og:site_name\" content=\"M\u00e9rk Nagyk\u00f6zs\u00e9g \u00d6nkorm\u00e1nyzat\" \/>\n<meta property=\"article:modified_time\" content=\"2024-01-18T08:52:18+00:00\" \/>\n<meta property=\"og:image\" content=\"https:\/\/merk.hu\/wp-content\/uploads\/2022\/09\/MFP_logo_RGB-1.jpg\" \/>\n\t<meta property=\"og:image:width\" content=\"1929\" \/>\n\t<meta property=\"og:image:height\" content=\"2000\" \/>\n\t<meta property=\"og:image:type\" content=\"image\/jpeg\" \/>\n<meta name=\"twitter:card\" content=\"summary_large_image\" \/>\n<meta name=\"twitter:label1\" content=\"Est. reading time\" \/>\n\t<meta name=\"twitter:data1\" content=\"1 minute\" \/>\n<script type=\"application\/ld+json\" class=\"yoast-schema-graph\">{\"@context\":\"https:\\\/\\\/schema.org\",\"@graph\":[{\"@type\":\"WebPage\",\"@id\":\"https:\\\/\\\/merk.hu\\\/%f0%9f%93%8c-mfp-otik-2021-onkormanyzati-tulajdonban-levo-ingatlanok-fejlesztese\\\/\",\"url\":\"https:\\\/\\\/merk.hu\\\/%f0%9f%93%8c-mfp-otik-2021-onkormanyzati-tulajdonban-levo-ingatlanok-fejlesztese\\\/\",\"name\":\"\ud83d\udccc MFP-\u00d6TIK\\\/2021 \u00d6nkorm\u00e1nyzati tulajdonban l\u00e9v\u0151 ingatlanok fejleszt\u00e9se - M\u00e9rk Nagyk\u00f6zs\u00e9g \u00d6nkorm\u00e1nyzat\",\"isPartOf\":{\"@id\":\"https:\\\/\\\/merk.hu\\\/#website\"},\"primaryImageOfPage\":{\"@id\":\"https:\\\/\\\/merk.hu\\\/%f0%9f%93%8c-mfp-otik-2021-onkormanyzati-tulajdonban-levo-ingatlanok-fejlesztese\\\/#primaryimage\"},\"image\":{\"@id\":\"https:\\\/\\\/merk.hu\\\/%f0%9f%93%8c-mfp-otik-2021-onkormanyzati-tulajdonban-levo-ingatlanok-fejlesztese\\\/#primaryimage\"},\"thumbnailUrl\":\"https:\\\/\\\/merk.hu\\\/wp-content\\\/uploads\\\/2022\\\/09\\\/MFP_logo_RGB-1-289x300.jpg\",\"datePublished\":\"2022-09-08T13:58:42+00:00\",\"dateModified\":\"2024-01-18T08:52:18+00:00\",\"breadcrumb\":{\"@id\":\"https:\\\/\\\/merk.hu\\\/%f0%9f%93%8c-mfp-otik-2021-onkormanyzati-tulajdonban-levo-ingatlanok-fejlesztese\\\/#breadcrumb\"},\"inLanguage\":\"en-US\",\"potentialAction\":[{\"@type\":\"ReadAction\",\"target\":[\"https:\\\/\\\/merk.hu\\\/%f0%9f%93%8c-mfp-otik-2021-onkormanyzati-tulajdonban-levo-ingatlanok-fejlesztese\\\/\"]}]},{\"@type\":\"ImageObject\",\"inLanguage\":\"en-US\",\"@id\":\"https:\\\/\\\/merk.hu\\\/%f0%9f%93%8c-mfp-otik-2021-onkormanyzati-tulajdonban-levo-ingatlanok-fejlesztese\\\/#primaryimage\",\"url\":\"https:\\\/\\\/merk.hu\\\/wp-content\\\/uploads\\\/2022\\\/09\\\/MFP_logo_RGB-1-289x300.jpg\",\"contentUrl\":\"https:\\\/\\\/merk.hu\\\/wp-content\\\/uploads\\\/2022\\\/09\\\/MFP_logo_RGB-1-289x300.jpg\"},{\"@type\":\"BreadcrumbList\",\"@id\":\"https:\\\/\\\/merk.hu\\\/%f0%9f%93%8c-mfp-otik-2021-onkormanyzati-tulajdonban-levo-ingatlanok-fejlesztese\\\/#breadcrumb\",\"itemListElement\":[{\"@type\":\"ListItem\",\"position\":1,\"name\":\"Kezd\u0151lap\",\"item\":\"https:\\\/\\\/merk.hu\\\/\"},{\"@type\":\"ListItem\",\"position\":2,\"name\":\"\ud83d\udccc MFP-\u00d6TIK\\\/2021 \u00d6nkorm\u00e1nyzati tulajdonban l\u00e9v\u0151 ingatlanok fejleszt\u00e9se\"}]},{\"@type\":\"WebSite\",\"@id\":\"https:\\\/\\\/merk.hu\\\/#website\",\"url\":\"https:\\\/\\\/merk.hu\\\/\",\"name\":\"M\u00e9rk Nagyk\u00f6zs\u00e9g \u00d6nkorm\u00e1nyzat\",\"description\":\"M\u00e9rk Nagyk\u00f6zs\u00e9g \u00d6nkorm\u00e1nyzat\",\"publisher\":{\"@id\":\"https:\\\/\\\/merk.hu\\\/#organization\"},\"potentialAction\":[{\"@type\":\"SearchAction\",\"target\":{\"@type\":\"EntryPoint\",\"urlTemplate\":\"https:\\\/\\\/merk.hu\\\/?s={search_term_string}\"},\"query-input\":{\"@type\":\"PropertyValueSpecification\",\"valueRequired\":true,\"valueName\":\"search_term_string\"}}],\"inLanguage\":\"en-US\"},{\"@type\":\"Organization\",\"@id\":\"https:\\\/\\\/merk.hu\\\/#organization\",\"name\":\"M\u00e9rk Nagyk\u00f6zs\u00e9g \u00d6nkorm\u00e1nyzat\",\"url\":\"https:\\\/\\\/merk.hu\\\/\",\"logo\":{\"@type\":\"ImageObject\",\"inLanguage\":\"en-US\",\"@id\":\"https:\\\/\\\/merk.hu\\\/#\\\/schema\\\/logo\\\/image\\\/\",\"url\":\"https:\\\/\\\/merk.hu\\\/wp-content\\\/uploads\\\/2021\\\/02\\\/cimer.jpg\",\"contentUrl\":\"https:\\\/\\\/merk.hu\\\/wp-content\\\/uploads\\\/2021\\\/02\\\/cimer.jpg\",\"width\":200,\"height\":208,\"caption\":\"M\u00e9rk Nagyk\u00f6zs\u00e9g \u00d6nkorm\u00e1nyzat\"},\"image\":{\"@id\":\"https:\\\/\\\/merk.hu\\\/#\\\/schema\\\/logo\\\/image\\\/\"}}]}<\/script>\n<!-- \/ Yoast SEO plugin. -->","yoast_head_json":{"title":"\ud83d\udccc MFP-\u00d6TIK\/2021 Development of Municipal Property - M\u00e9rk Nagyk\u00f6zs\u00e9g Municipality","robots":{"index":"index","follow":"follow","max-snippet":"max-snippet:-1","max-image-preview":"max-image-preview:large","max-video-preview":"max-video-preview:-1"},"canonical":"https:\/\/merk.hu\/en\/\ud83d\udccc-mfp-otik-2021-onkormanyzati-tulajdonban-levo-ingatlanok-fejlesztese\/","og_locale":"en_US","og_type":"article","og_title":"\ud83d\udccc MFP-\u00d6TIK\/2021 \u00d6nkorm\u00e1nyzati tulajdonban l\u00e9v\u0151 ingatlanok fejleszt\u00e9se - M\u00e9rk Nagyk\u00f6zs\u00e9g \u00d6nkorm\u00e1nyzat","og_description":"T\u00e1mogat\u00e1sban r\u00e9szes\u00fclt a Magyar Falu Program keret\u00e9ben 2021-ben meghirdetett \u00d6nkorm\u00e1nyzati tulajdonban l\u00e9v\u0151 ingatlanok fejleszt\u00e9se &#8211; 2021 c\u00edm\u0171,\u00a0MFP-\u00d6TIK\/2021 k\u00f3dsz\u00e1m\u00fa p\u00e1ly\u00e1zati ki\u00edr\u00e1sra\u00a0beny\u00fajtott t\u00e1mogat\u00e1si k\u00e9relm\u00fcnk. M\u00e9rk Nagyk\u00f6zs\u00e9g \u00d6nkorm\u00e1nyzata sikeresen p\u00e1ly\u00e1zott a\u00a0Magyar Falu Program keret\u00e9ben 2021-ben meghirdetett\u00a0\u00d6nkorm\u00e1nyzati tulajdonban l\u00e9v\u0151 ingatlanok fejleszt\u00e9se &#8211; 2021 c\u00edm\u0171,\u00a0MFP-\u00d6TIK\/2021 k\u00f3dsz\u00e1m\u00fa p\u00e1ly\u00e1zati ki\u00edr\u00e1sra, melynek keret\u00e9ben 17 270 211-Ft vissza nem t\u00e9r\u00edtend\u0151 t\u00e1mogat\u00e1sban r\u00e9szes\u00fclt. A projekt [&hellip;]","og_url":"https:\/\/merk.hu\/en\/\ud83d\udccc-mfp-otik-2021-onkormanyzati-tulajdonban-levo-ingatlanok-fejlesztese\/","og_site_name":"M\u00e9rk Nagyk\u00f6zs\u00e9g \u00d6nkorm\u00e1nyzat","article_modified_time":"2024-01-18T08:52:18+00:00","og_image":[{"width":1929,"height":2000,"url":"https:\/\/merk.hu\/wp-content\/uploads\/2022\/09\/MFP_logo_RGB-1.jpg","type":"image\/jpeg"}],"twitter_card":"summary_large_image","twitter_misc":{"Est. reading time":"1 minute"},"schema":{"@context":"https:\/\/schema.org","@graph":[{"@type":"WebPage","@id":"https:\/\/merk.hu\/%f0%9f%93%8c-mfp-otik-2021-onkormanyzati-tulajdonban-levo-ingatlanok-fejlesztese\/","url":"https:\/\/merk.hu\/%f0%9f%93%8c-mfp-otik-2021-onkormanyzati-tulajdonban-levo-ingatlanok-fejlesztese\/","name":"\ud83d\udccc MFP-\u00d6TIK\/2021 Development of Municipal Property - M\u00e9rk Nagyk\u00f6zs\u00e9g Municipality","isPartOf":{"@id":"https:\/\/merk.hu\/#website"},"primaryImageOfPage":{"@id":"https:\/\/merk.hu\/%f0%9f%93%8c-mfp-otik-2021-onkormanyzati-tulajdonban-levo-ingatlanok-fejlesztese\/#primaryimage"},"image":{"@id":"https:\/\/merk.hu\/%f0%9f%93%8c-mfp-otik-2021-onkormanyzati-tulajdonban-levo-ingatlanok-fejlesztese\/#primaryimage"},"thumbnailUrl":"https:\/\/merk.hu\/wp-content\/uploads\/2022\/09\/MFP_logo_RGB-1-289x300.jpg","datePublished":"2022-09-08T13:58:42+00:00","dateModified":"2024-01-18T08:52:18+00:00","breadcrumb":{"@id":"https:\/\/merk.hu\/%f0%9f%93%8c-mfp-otik-2021-onkormanyzati-tulajdonban-levo-ingatlanok-fejlesztese\/#breadcrumb"},"inLanguage":"en-US","potentialAction":[{"@type":"ReadAction","target":["https:\/\/merk.hu\/%f0%9f%93%8c-mfp-otik-2021-onkormanyzati-tulajdonban-levo-ingatlanok-fejlesztese\/"]}]},{"@type":"ImageObject","inLanguage":"en-US","@id":"https:\/\/merk.hu\/%f0%9f%93%8c-mfp-otik-2021-onkormanyzati-tulajdonban-levo-ingatlanok-fejlesztese\/#primaryimage","url":"https:\/\/merk.hu\/wp-content\/uploads\/2022\/09\/MFP_logo_RGB-1-289x300.jpg","contentUrl":"https:\/\/merk.hu\/wp-content\/uploads\/2022\/09\/MFP_logo_RGB-1-289x300.jpg"},{"@type":"BreadcrumbList","@id":"https:\/\/merk.hu\/%f0%9f%93%8c-mfp-otik-2021-onkormanyzati-tulajdonban-levo-ingatlanok-fejlesztese\/#breadcrumb","itemListElement":[{"@type":"ListItem","position":1,"name":"Kezd\u0151lap","item":"https:\/\/merk.hu\/"},{"@type":"ListItem","position":2,"name":"\ud83d\udccc MFP-\u00d6TIK\/2021 \u00d6nkorm\u00e1nyzati tulajdonban l\u00e9v\u0151 ingatlanok fejleszt\u00e9se"}]},{"@type":"WebSite","@id":"https:\/\/merk.hu\/#website","url":"https:\/\/merk.hu\/","name":"Municipality of M\u00e9rk Nagyk\u00f6zs\u00e9g","description":"Municipality of M\u00e9rk Nagyk\u00f6zs\u00e9g","publisher":{"@id":"https:\/\/merk.hu\/#organization"},"potentialAction":[{"@type":"SearchAction","target":{"@type":"EntryPoint","urlTemplate":"https:\/\/merk.hu\/?s={search_term_string}"},"query-input":{"@type":"PropertyValueSpecification","valueRequired":true,"valueName":"search_term_string"}}],"inLanguage":"en-US"},{"@type":"Organization","@id":"https:\/\/merk.hu\/#organization","name":"Municipality of M\u00e9rk Nagyk\u00f6zs\u00e9g","url":"https:\/\/merk.hu\/","logo":{"@type":"ImageObject","inLanguage":"en-US","@id":"https:\/\/merk.hu\/#\/schema\/logo\/image\/","url":"https:\/\/merk.hu\/wp-content\/uploads\/2021\/02\/cimer.jpg","contentUrl":"https:\/\/merk.hu\/wp-content\/uploads\/2021\/02\/cimer.jpg","width":200,"height":208,"caption":"M\u00e9rk Nagyk\u00f6zs\u00e9g \u00d6nkorm\u00e1nyzat"},"image":{"@id":"https:\/\/merk.hu\/#\/schema\/logo\/image\/"}}]}},"_links":{"self":[{"href":"https:\/\/merk.hu\/en\/wp-json\/wp\/v2\/pages\/1183","targetHints":{"allow":["GET"]}}],"collection":[{"href":"https:\/\/merk.hu\/en\/wp-json\/wp\/v2\/pages"}],"about":[{"href":"https:\/\/merk.hu\/en\/wp-json\/wp\/v2\/types\/page"}],"author":[{"embeddable":true,"href":"https:\/\/merk.hu\/en\/wp-json\/wp\/v2\/users\/4"}],"replies":[{"embeddable":true,"href":"https:\/\/merk.hu\/en\/wp-json\/wp\/v2\/comments?post=1183"}],"version-history":[{"count":0,"href":"https:\/\/merk.hu\/en\/wp-json\/wp\/v2\/pages\/1183\/revisions"}],"wp:attachment":[{"href":"https:\/\/merk.hu\/en\/wp-json\/wp\/v2\/media?parent=1183"}],"curies":[{"name":"wp","href":"https:\/\/api.w.org\/{rel}","templated":true}]}}