{"id":109,"date":"2021-01-28T21:51:02","date_gmt":"2021-01-28T21:51:02","guid":{"rendered":"https:\/\/merk.hu\/?page_id=109"},"modified":"2025-03-10T12:20:35","modified_gmt":"2025-03-10T11:20:35","slug":"alapitvany","status":"publish","type":"page","link":"https:\/\/merk.hu\/en\/alapitvany\/","title":{"rendered":"Foundation"},"content":{"rendered":"<div data-elementor-type=\"wp-page\" data-elementor-id=\"109\" class=\"elementor elementor-109\" data-elementor-post-type=\"page\">\n\t\t\t\t<div class=\"elementor-element elementor-element-3ca3564c e-flex e-con-boxed e-con e-parent\" data-id=\"3ca3564c\" data-element_type=\"container\" data-e-type=\"container\">\n\t\t\t\t\t<div class=\"e-con-inner\">\n\t\t\t\t<div class=\"elementor-element elementor-element-69488289 elementor-widget elementor-widget-text-editor\" data-id=\"69488289\" data-element_type=\"widget\" data-e-type=\"widget\" data-widget_type=\"text-editor.default\">\n\t\t\t\t<div class=\"elementor-widget-container\">\n\t\t\t\t\t\t\t\t\t<p>\u00a0<\/p><p>\u00a0<\/p><table class=\"it\"><tbody><tr><td colspan=\"2\"><strong>\"J\u00d6V\u0150\u00c9RT \" Public Foundation<\/strong><\/td><\/tr><tr><td width=\"120\">Title:<\/td><td>4352 M\u00e9rk, B\u00e9ke utca 19.<\/td><\/tr><tr><td>Chairman of the Board of Trustees:<\/td><td>Mrs Anita Nagyn\u00e9 Szak\u00e1cs<\/td><\/tr><tr><td>Tax number:<\/td><td>18799286-1-15<\/td><\/tr><tr><td>Bank account number:<\/td><td>68000347-12000021<\/td><\/tr><tr><td>Objective:<\/td><td>Improving and supporting the conditions of disadvantaged and gifted children and their teachers, organising various events and monitoring applications.<\/td><\/tr><\/tbody><\/table><center><\/center>\t\t\t\t\t\t\t\t<\/div>\n\t\t\t\t<\/div>\n\t\t\t\t\t<\/div>\n\t\t\t\t<\/div>\n\t\t\t\t<\/div>","protected":false},"excerpt":{"rendered":"<p>\u00a0 \u00a0 \"J\u00d6V\u0150\u00c9RT\" Public Foundation Address: 4352 M\u00e9rk, B\u00e9ke utca 19.Board of Trustees Chairperson: Nagyn\u00e9 Szak\u00e1cs Anita Tax number: 18799286-1-15 Bank account number: 68000347-12000021 Purpose: To improve the conditions of disadvantaged and talented children and their teachers, to support them, to organize various events, to monitor applications.<\/p>","protected":false},"author":4,"featured_media":0,"parent":0,"menu_order":0,"comment_status":"closed","ping_status":"closed","template":"","meta":{"footnotes":""},"class_list":["post-109","page","type-page","status-publish","hentry"],"yoast_head":"<!-- This site is optimized with the Yoast SEO plugin v27.4 - https:\/\/yoast.com\/product\/yoast-seo-wordpress\/ -->\n<title>Alap\u00edtv\u00e1ny - M\u00e9rk Nagyk\u00f6zs\u00e9g \u00d6nkorm\u00e1nyzat<\/title>\n<meta name=\"robots\" content=\"index, follow, max-snippet:-1, max-image-preview:large, max-video-preview:-1\" \/>\n<link rel=\"canonical\" href=\"https:\/\/merk.hu\/en\/alapitvany\/\" \/>\n<meta property=\"og:locale\" content=\"en_US\" \/>\n<meta property=\"og:type\" content=\"article\" \/>\n<meta property=\"og:title\" content=\"Alap\u00edtv\u00e1ny - M\u00e9rk Nagyk\u00f6zs\u00e9g \u00d6nkorm\u00e1nyzat\" \/>\n<meta property=\"og:description\" content=\"\u00a0 \u00a0 &#8222;J\u00d6V\u0150\u00c9RT &#8221; K\u00f6zalap\u00edtv\u00e1ny C\u00edm: 4352 M\u00e9rk, B\u00e9ke utca 19. Kurat\u00f3rium eln\u00f6ke: Nagyn\u00e9 Szak\u00e1cs Anita Ad\u00f3sz\u00e1m: 18799286-1-15 Banksz\u00e1mlasz\u00e1m: 68000347-12000021 C\u00e9l: A h\u00e1tr\u00e1nyos helyzetben l\u00e9v\u0151, valamint tehets\u00e9ges gyermekek, azokkal foglalkoz\u00f3 pedag\u00f3gusok k\u00f6r\u00fclm\u00e9nyeinek jav\u00edt\u00e1sa, t\u00e1mogat\u00e1sa, k\u00fcl\u00f6nf\u00e9le rendezv\u00e9nyek lebonyol\u00edt\u00e1sa, p\u00e1ly\u00e1zatok figyelemmel k\u00eds\u00e9r\u00e9se.\" \/>\n<meta property=\"og:url\" content=\"https:\/\/merk.hu\/en\/alapitvany\/\" \/>\n<meta property=\"og:site_name\" content=\"M\u00e9rk Nagyk\u00f6zs\u00e9g \u00d6nkorm\u00e1nyzat\" \/>\n<meta property=\"article:modified_time\" content=\"2025-03-10T11:20:35+00:00\" \/>\n<meta name=\"twitter:card\" content=\"summary_large_image\" \/>\n<meta name=\"twitter:label1\" content=\"Est. reading time\" \/>\n\t<meta name=\"twitter:data1\" content=\"1 minute\" \/>\n<script type=\"application\/ld+json\" class=\"yoast-schema-graph\">{\"@context\":\"https:\\\/\\\/schema.org\",\"@graph\":[{\"@type\":\"WebPage\",\"@id\":\"https:\\\/\\\/merk.hu\\\/alapitvany\\\/\",\"url\":\"https:\\\/\\\/merk.hu\\\/alapitvany\\\/\",\"name\":\"Alap\u00edtv\u00e1ny - M\u00e9rk Nagyk\u00f6zs\u00e9g \u00d6nkorm\u00e1nyzat\",\"isPartOf\":{\"@id\":\"https:\\\/\\\/merk.hu\\\/#website\"},\"datePublished\":\"2021-01-28T21:51:02+00:00\",\"dateModified\":\"2025-03-10T11:20:35+00:00\",\"breadcrumb\":{\"@id\":\"https:\\\/\\\/merk.hu\\\/alapitvany\\\/#breadcrumb\"},\"inLanguage\":\"en-US\",\"potentialAction\":[{\"@type\":\"ReadAction\",\"target\":[\"https:\\\/\\\/merk.hu\\\/alapitvany\\\/\"]}]},{\"@type\":\"BreadcrumbList\",\"@id\":\"https:\\\/\\\/merk.hu\\\/alapitvany\\\/#breadcrumb\",\"itemListElement\":[{\"@type\":\"ListItem\",\"position\":1,\"name\":\"Kezd\u0151lap\",\"item\":\"https:\\\/\\\/merk.hu\\\/\"},{\"@type\":\"ListItem\",\"position\":2,\"name\":\"Alap\u00edtv\u00e1ny\"}]},{\"@type\":\"WebSite\",\"@id\":\"https:\\\/\\\/merk.hu\\\/#website\",\"url\":\"https:\\\/\\\/merk.hu\\\/\",\"name\":\"M\u00e9rk Nagyk\u00f6zs\u00e9g \u00d6nkorm\u00e1nyzat\",\"description\":\"M\u00e9rk Nagyk\u00f6zs\u00e9g \u00d6nkorm\u00e1nyzat\",\"publisher\":{\"@id\":\"https:\\\/\\\/merk.hu\\\/#organization\"},\"potentialAction\":[{\"@type\":\"SearchAction\",\"target\":{\"@type\":\"EntryPoint\",\"urlTemplate\":\"https:\\\/\\\/merk.hu\\\/?s={search_term_string}\"},\"query-input\":{\"@type\":\"PropertyValueSpecification\",\"valueRequired\":true,\"valueName\":\"search_term_string\"}}],\"inLanguage\":\"en-US\"},{\"@type\":\"Organization\",\"@id\":\"https:\\\/\\\/merk.hu\\\/#organization\",\"name\":\"M\u00e9rk Nagyk\u00f6zs\u00e9g \u00d6nkorm\u00e1nyzat\",\"url\":\"https:\\\/\\\/merk.hu\\\/\",\"logo\":{\"@type\":\"ImageObject\",\"inLanguage\":\"en-US\",\"@id\":\"https:\\\/\\\/merk.hu\\\/#\\\/schema\\\/logo\\\/image\\\/\",\"url\":\"https:\\\/\\\/merk.hu\\\/wp-content\\\/uploads\\\/2021\\\/02\\\/cimer.jpg\",\"contentUrl\":\"https:\\\/\\\/merk.hu\\\/wp-content\\\/uploads\\\/2021\\\/02\\\/cimer.jpg\",\"width\":200,\"height\":208,\"caption\":\"M\u00e9rk Nagyk\u00f6zs\u00e9g \u00d6nkorm\u00e1nyzat\"},\"image\":{\"@id\":\"https:\\\/\\\/merk.hu\\\/#\\\/schema\\\/logo\\\/image\\\/\"}}]}<\/script>\n<!-- \/ Yoast SEO plugin. -->","yoast_head_json":{"title":"Alap\u00edtv\u00e1ny - M\u00e9rk Nagyk\u00f6zs\u00e9g \u00d6nkorm\u00e1nyzat","robots":{"index":"index","follow":"follow","max-snippet":"max-snippet:-1","max-image-preview":"max-image-preview:large","max-video-preview":"max-video-preview:-1"},"canonical":"https:\/\/merk.hu\/en\/alapitvany\/","og_locale":"en_US","og_type":"article","og_title":"Alap\u00edtv\u00e1ny - M\u00e9rk Nagyk\u00f6zs\u00e9g \u00d6nkorm\u00e1nyzat","og_description":"\u00a0 \u00a0 &#8222;J\u00d6V\u0150\u00c9RT &#8221; K\u00f6zalap\u00edtv\u00e1ny C\u00edm: 4352 M\u00e9rk, B\u00e9ke utca 19. Kurat\u00f3rium eln\u00f6ke: Nagyn\u00e9 Szak\u00e1cs Anita Ad\u00f3sz\u00e1m: 18799286-1-15 Banksz\u00e1mlasz\u00e1m: 68000347-12000021 C\u00e9l: A h\u00e1tr\u00e1nyos helyzetben l\u00e9v\u0151, valamint tehets\u00e9ges gyermekek, azokkal foglalkoz\u00f3 pedag\u00f3gusok k\u00f6r\u00fclm\u00e9nyeinek jav\u00edt\u00e1sa, t\u00e1mogat\u00e1sa, k\u00fcl\u00f6nf\u00e9le rendezv\u00e9nyek lebonyol\u00edt\u00e1sa, p\u00e1ly\u00e1zatok figyelemmel k\u00eds\u00e9r\u00e9se.","og_url":"https:\/\/merk.hu\/en\/alapitvany\/","og_site_name":"M\u00e9rk Nagyk\u00f6zs\u00e9g \u00d6nkorm\u00e1nyzat","article_modified_time":"2025-03-10T11:20:35+00:00","twitter_card":"summary_large_image","twitter_misc":{"Est. reading time":"1 minute"},"schema":{"@context":"https:\/\/schema.org","@graph":[{"@type":"WebPage","@id":"https:\/\/merk.hu\/alapitvany\/","url":"https:\/\/merk.hu\/alapitvany\/","name":"Alap\u00edtv\u00e1ny - M\u00e9rk Nagyk\u00f6zs\u00e9g \u00d6nkorm\u00e1nyzat","isPartOf":{"@id":"https:\/\/merk.hu\/#website"},"datePublished":"2021-01-28T21:51:02+00:00","dateModified":"2025-03-10T11:20:35+00:00","breadcrumb":{"@id":"https:\/\/merk.hu\/alapitvany\/#breadcrumb"},"inLanguage":"en-US","potentialAction":[{"@type":"ReadAction","target":["https:\/\/merk.hu\/alapitvany\/"]}]},{"@type":"BreadcrumbList","@id":"https:\/\/merk.hu\/alapitvany\/#breadcrumb","itemListElement":[{"@type":"ListItem","position":1,"name":"Kezd\u0151lap","item":"https:\/\/merk.hu\/"},{"@type":"ListItem","position":2,"name":"Alap\u00edtv\u00e1ny"}]},{"@type":"WebSite","@id":"https:\/\/merk.hu\/#website","url":"https:\/\/merk.hu\/","name":"Municipality of M\u00e9rk Nagyk\u00f6zs\u00e9g","description":"Municipality of M\u00e9rk Nagyk\u00f6zs\u00e9g","publisher":{"@id":"https:\/\/merk.hu\/#organization"},"potentialAction":[{"@type":"SearchAction","target":{"@type":"EntryPoint","urlTemplate":"https:\/\/merk.hu\/?s={search_term_string}"},"query-input":{"@type":"PropertyValueSpecification","valueRequired":true,"valueName":"search_term_string"}}],"inLanguage":"en-US"},{"@type":"Organization","@id":"https:\/\/merk.hu\/#organization","name":"Municipality of M\u00e9rk Nagyk\u00f6zs\u00e9g","url":"https:\/\/merk.hu\/","logo":{"@type":"ImageObject","inLanguage":"en-US","@id":"https:\/\/merk.hu\/#\/schema\/logo\/image\/","url":"https:\/\/merk.hu\/wp-content\/uploads\/2021\/02\/cimer.jpg","contentUrl":"https:\/\/merk.hu\/wp-content\/uploads\/2021\/02\/cimer.jpg","width":200,"height":208,"caption":"M\u00e9rk Nagyk\u00f6zs\u00e9g \u00d6nkorm\u00e1nyzat"},"image":{"@id":"https:\/\/merk.hu\/#\/schema\/logo\/image\/"}}]}},"_links":{"self":[{"href":"https:\/\/merk.hu\/en\/wp-json\/wp\/v2\/pages\/109","targetHints":{"allow":["GET"]}}],"collection":[{"href":"https:\/\/merk.hu\/en\/wp-json\/wp\/v2\/pages"}],"about":[{"href":"https:\/\/merk.hu\/en\/wp-json\/wp\/v2\/types\/page"}],"author":[{"embeddable":true,"href":"https:\/\/merk.hu\/en\/wp-json\/wp\/v2\/users\/4"}],"replies":[{"embeddable":true,"href":"https:\/\/merk.hu\/en\/wp-json\/wp\/v2\/comments?post=109"}],"version-history":[{"count":0,"href":"https:\/\/merk.hu\/en\/wp-json\/wp\/v2\/pages\/109\/revisions"}],"wp:attachment":[{"href":"https:\/\/merk.hu\/en\/wp-json\/wp\/v2\/media?parent=109"}],"curies":[{"name":"wp","href":"https:\/\/api.w.org\/{rel}","templated":true}]}}