{"id":1070,"date":"2021-10-25T07:23:02","date_gmt":"2021-10-25T07:23:02","guid":{"rendered":"https:\/\/merk.hu\/?page_id=1070"},"modified":"2024-01-18T08:52:18","modified_gmt":"2024-01-18T08:52:18","slug":"mfp-otu-2020","status":"publish","type":"page","link":"https:\/\/merk.hu\/en\/mfp-otu-2020\/","title":{"rendered":"\ud83d\udccc MFP-\u00d6TU\/2020"},"content":{"rendered":"<div class=\"moz-text-html\" lang=\"x-unicode\">\n<div dir=\"ltr\">\n<div>\n<div class=\"gmail_quote\">\n<div dir=\"ltr\">\n<p><b>We have been awarded a grant under the Hungarian Village Programme, MFP-\u00d6TU\/2020, call for proposals for the construction\/renovation of roads and bridges owned by the municipality - 2020<\/b><\/p>\n<div><b>\u00a0<\/b><\/div>\n<p>The Municipality of M\u00e9rk Nagyk\u00f6zs\u00e9g successfully applied for the Hungarian Village Programme au Municipality-owned road and bridge construction\/renovation - 2020, MFP-\u00d6TU\/2020, under which it received 17 378 125.-Ft non-refundable grant.<\/p>\n<div><\/div>\n<div>Project title: road rehabilitation of M\u00e9rk, Bem and \u00c9desany\u00e1k streets<\/div>\n<div><\/div>\n<div>The project aims to rehabilitate the road between M\u00e9rk Bem (cadastral parcel 382) and \u00c9desmat\u00e1k (cadastral parcel 996).  The pavement of the streets to be reconstructed was built in the 1980s on a spread base roadbed with a rolled asphalt wearing course. The pavement edges are covered with soil due to the heaving of the embankment, pavement edges are broken off, the roadway is potholed and cracked in several places.<br \/>\nNo tiling has been done since construction. The planned streets are largely<br \/>\nare worn out and in need of renovation. Our aim is to improve the transport infrastructure by rehabilitating the two poor quality roads, thus improving the accessibility of basic services and the townscape, thus contributing to the improvement of the quality of life of the population. Due to the high through traffic in our municipality, there is a great need to ensure the permanent passability of the roads and to preserve their condition.<\/div>\n<\/div>\n<\/div>\n<div style=\"text-align: center;\"><img decoding=\"async\" class=\"alignnone wp-image-1071 lazyload\" data-src=\"https:\/\/merk.hu\/wp-content\/uploads\/2021\/10\/MFP_logo_RGB-1-289x300.jpg\" alt=\"\" width=\"189\" height=\"196\" data-srcset=\"https:\/\/merk.hu\/wp-content\/uploads\/2021\/10\/MFP_logo_RGB-1-289x300.jpg 289w, https:\/\/merk.hu\/wp-content\/uploads\/2021\/10\/MFP_logo_RGB-1-988x1024.jpg 988w, https:\/\/merk.hu\/wp-content\/uploads\/2021\/10\/MFP_logo_RGB-1-768x796.jpg 768w, https:\/\/merk.hu\/wp-content\/uploads\/2021\/10\/MFP_logo_RGB-1-1481x1536.jpg 1481w, https:\/\/merk.hu\/wp-content\/uploads\/2021\/10\/MFP_logo_RGB-1.jpg 1929w\" data-sizes=\"(max-width: 189px) 100vw, 189px\" src=\"data:image\/svg+xml;base64,PHN2ZyB3aWR0aD0iMSIgaGVpZ2h0PSIxIiB4bWxucz0iaHR0cDovL3d3dy53My5vcmcvMjAwMC9zdmciPjwvc3ZnPg==\" style=\"--smush-placeholder-width: 189px; --smush-placeholder-aspect-ratio: 189\/196;\" \/><\/div>\n<\/div>\n<\/div>\n<\/div>","protected":false},"excerpt":{"rendered":"<p>T\u00e1mogat\u00e1sban r\u00e9szes\u00fclt a Magyar Falu Program keret\u00e9ben meghirdetett,\u00a0\u00d6nkorm\u00e1nyzati tulajdonban l\u00e9v\u0151 \u00fat-,\u00a0h\u00edd\u00e9p\u00edt\u00e9s\/fel\u00faj\u00edt\u00e1s &#8211; 2020 c\u00edm\u0171, MFP-\u00d6TU\/2020\u00a0k\u00f3dsz\u00e1m\u00fa ki\u00edr\u00e1sra beny\u00fajtott t\u00e1mogat\u00e1si k\u00e9relm\u00fcnk \u00a0 M\u00e9rk Nagyk\u00f6zs\u00e9g \u00d6nkorm\u00e1nyzata sikeresen p\u00e1ly\u00e1zott a Magyar Falu Program keret\u00e9ben au \u00d6nkorm\u00e1nyzati tulajdonban l\u00e9v\u0151 \u00fat-,\u00a0h\u00edd\u00e9p\u00edt\u00e9s\/fel\u00faj\u00edt\u00e1s\u00a0&#8211;\u00a02020 c\u00edm\u0171, MFP-\u00d6TU\/2020 k\u00f3dsz\u00e1m\u00fa ki\u00edr\u00e1sra, melynek keret\u00e9ben 17 378 125.-Ft vissza nem t\u00e9r\u00edtend\u0151 t\u00e1mogat\u00e1sban r\u00e9szes\u00fclt. A projekt c\u00edme: M\u00e9rk, Bem \u00e9s [&hellip;]<\/p>\n","protected":false},"author":4,"featured_media":0,"parent":0,"menu_order":0,"comment_status":"closed","ping_status":"closed","template":"","meta":{"footnotes":""},"class_list":["post-1070","page","type-page","status-publish","hentry"],"yoast_head":"<!-- This site is optimized with the Yoast SEO plugin v27.3 - https:\/\/yoast.com\/product\/yoast-seo-wordpress\/ -->\n<title>\ud83d\udccc MFP-\u00d6TU\/2020 - M\u00e9rk Nagyk\u00f6zs\u00e9g \u00d6nkorm\u00e1nyzat<\/title>\n<meta name=\"robots\" content=\"index, follow, max-snippet:-1, max-image-preview:large, max-video-preview:-1\" \/>\n<link rel=\"canonical\" href=\"https:\/\/merk.hu\/en\/mfp-otu-2020\/\" \/>\n<meta property=\"og:locale\" content=\"en_US\" \/>\n<meta property=\"og:type\" content=\"article\" \/>\n<meta property=\"og:title\" content=\"\ud83d\udccc MFP-\u00d6TU\/2020 - M\u00e9rk Nagyk\u00f6zs\u00e9g \u00d6nkorm\u00e1nyzat\" \/>\n<meta property=\"og:description\" content=\"T\u00e1mogat\u00e1sban r\u00e9szes\u00fclt a Magyar Falu Program keret\u00e9ben meghirdetett,\u00a0\u00d6nkorm\u00e1nyzati tulajdonban l\u00e9v\u0151 \u00fat-,\u00a0h\u00edd\u00e9p\u00edt\u00e9s\/fel\u00faj\u00edt\u00e1s &#8211; 2020 c\u00edm\u0171, MFP-\u00d6TU\/2020\u00a0k\u00f3dsz\u00e1m\u00fa ki\u00edr\u00e1sra beny\u00fajtott t\u00e1mogat\u00e1si k\u00e9relm\u00fcnk \u00a0 M\u00e9rk Nagyk\u00f6zs\u00e9g \u00d6nkorm\u00e1nyzata sikeresen p\u00e1ly\u00e1zott a Magyar Falu Program keret\u00e9ben au \u00d6nkorm\u00e1nyzati tulajdonban l\u00e9v\u0151 \u00fat-,\u00a0h\u00edd\u00e9p\u00edt\u00e9s\/fel\u00faj\u00edt\u00e1s\u00a0&#8211;\u00a02020 c\u00edm\u0171, MFP-\u00d6TU\/2020 k\u00f3dsz\u00e1m\u00fa ki\u00edr\u00e1sra, melynek keret\u00e9ben 17 378 125.-Ft vissza nem t\u00e9r\u00edtend\u0151 t\u00e1mogat\u00e1sban r\u00e9szes\u00fclt. A projekt c\u00edme: M\u00e9rk, Bem \u00e9s [&hellip;]\" \/>\n<meta property=\"og:url\" content=\"https:\/\/merk.hu\/en\/mfp-otu-2020\/\" \/>\n<meta property=\"og:site_name\" content=\"M\u00e9rk Nagyk\u00f6zs\u00e9g \u00d6nkorm\u00e1nyzat\" \/>\n<meta property=\"article:modified_time\" content=\"2024-01-18T08:52:18+00:00\" \/>\n<meta property=\"og:image\" content=\"https:\/\/merk.hu\/wp-content\/uploads\/2021\/10\/MFP_logo_RGB-1.jpg\" \/>\n\t<meta property=\"og:image:width\" content=\"1929\" \/>\n\t<meta property=\"og:image:height\" content=\"2000\" \/>\n\t<meta property=\"og:image:type\" content=\"image\/jpeg\" \/>\n<meta name=\"twitter:card\" content=\"summary_large_image\" \/>\n<meta name=\"twitter:label1\" content=\"Est. reading time\" \/>\n\t<meta name=\"twitter:data1\" content=\"2 minutes\" \/>\n<script type=\"application\/ld+json\" class=\"yoast-schema-graph\">{\"@context\":\"https:\\\/\\\/schema.org\",\"@graph\":[{\"@type\":\"WebPage\",\"@id\":\"https:\\\/\\\/merk.hu\\\/mfp-otu-2020\\\/\",\"url\":\"https:\\\/\\\/merk.hu\\\/mfp-otu-2020\\\/\",\"name\":\"\ud83d\udccc MFP-\u00d6TU\\\/2020 - M\u00e9rk Nagyk\u00f6zs\u00e9g \u00d6nkorm\u00e1nyzat\",\"isPartOf\":{\"@id\":\"https:\\\/\\\/merk.hu\\\/#website\"},\"primaryImageOfPage\":{\"@id\":\"https:\\\/\\\/merk.hu\\\/mfp-otu-2020\\\/#primaryimage\"},\"image\":{\"@id\":\"https:\\\/\\\/merk.hu\\\/mfp-otu-2020\\\/#primaryimage\"},\"thumbnailUrl\":\"https:\\\/\\\/merk.hu\\\/wp-content\\\/uploads\\\/2021\\\/10\\\/MFP_logo_RGB-1-289x300.jpg\",\"datePublished\":\"2021-10-25T07:23:02+00:00\",\"dateModified\":\"2024-01-18T08:52:18+00:00\",\"breadcrumb\":{\"@id\":\"https:\\\/\\\/merk.hu\\\/mfp-otu-2020\\\/#breadcrumb\"},\"inLanguage\":\"en-US\",\"potentialAction\":[{\"@type\":\"ReadAction\",\"target\":[\"https:\\\/\\\/merk.hu\\\/mfp-otu-2020\\\/\"]}]},{\"@type\":\"ImageObject\",\"inLanguage\":\"en-US\",\"@id\":\"https:\\\/\\\/merk.hu\\\/mfp-otu-2020\\\/#primaryimage\",\"url\":\"https:\\\/\\\/merk.hu\\\/wp-content\\\/uploads\\\/2021\\\/10\\\/MFP_logo_RGB-1-289x300.jpg\",\"contentUrl\":\"https:\\\/\\\/merk.hu\\\/wp-content\\\/uploads\\\/2021\\\/10\\\/MFP_logo_RGB-1-289x300.jpg\"},{\"@type\":\"BreadcrumbList\",\"@id\":\"https:\\\/\\\/merk.hu\\\/mfp-otu-2020\\\/#breadcrumb\",\"itemListElement\":[{\"@type\":\"ListItem\",\"position\":1,\"name\":\"Kezd\u0151lap\",\"item\":\"https:\\\/\\\/merk.hu\\\/\"},{\"@type\":\"ListItem\",\"position\":2,\"name\":\"\ud83d\udccc MFP-\u00d6TU\\\/2020\"}]},{\"@type\":\"WebSite\",\"@id\":\"https:\\\/\\\/merk.hu\\\/#website\",\"url\":\"https:\\\/\\\/merk.hu\\\/\",\"name\":\"M\u00e9rk Nagyk\u00f6zs\u00e9g \u00d6nkorm\u00e1nyzat\",\"description\":\"M\u00e9rk Nagyk\u00f6zs\u00e9g \u00d6nkorm\u00e1nyzat\",\"publisher\":{\"@id\":\"https:\\\/\\\/merk.hu\\\/#organization\"},\"potentialAction\":[{\"@type\":\"SearchAction\",\"target\":{\"@type\":\"EntryPoint\",\"urlTemplate\":\"https:\\\/\\\/merk.hu\\\/?s={search_term_string}\"},\"query-input\":{\"@type\":\"PropertyValueSpecification\",\"valueRequired\":true,\"valueName\":\"search_term_string\"}}],\"inLanguage\":\"en-US\"},{\"@type\":\"Organization\",\"@id\":\"https:\\\/\\\/merk.hu\\\/#organization\",\"name\":\"M\u00e9rk Nagyk\u00f6zs\u00e9g \u00d6nkorm\u00e1nyzat\",\"url\":\"https:\\\/\\\/merk.hu\\\/\",\"logo\":{\"@type\":\"ImageObject\",\"inLanguage\":\"en-US\",\"@id\":\"https:\\\/\\\/merk.hu\\\/#\\\/schema\\\/logo\\\/image\\\/\",\"url\":\"https:\\\/\\\/merk.hu\\\/wp-content\\\/uploads\\\/2021\\\/02\\\/cimer.jpg\",\"contentUrl\":\"https:\\\/\\\/merk.hu\\\/wp-content\\\/uploads\\\/2021\\\/02\\\/cimer.jpg\",\"width\":200,\"height\":208,\"caption\":\"M\u00e9rk Nagyk\u00f6zs\u00e9g \u00d6nkorm\u00e1nyzat\"},\"image\":{\"@id\":\"https:\\\/\\\/merk.hu\\\/#\\\/schema\\\/logo\\\/image\\\/\"}}]}<\/script>\n<!-- \/ Yoast SEO plugin. -->","yoast_head_json":{"title":"\ud83d\udccc MFP-\u00d6TU\/2020 - M\u00e9rk Nagyk\u00f6zs\u00e9g Municipality","robots":{"index":"index","follow":"follow","max-snippet":"max-snippet:-1","max-image-preview":"max-image-preview:large","max-video-preview":"max-video-preview:-1"},"canonical":"https:\/\/merk.hu\/en\/mfp-otu-2020\/","og_locale":"en_US","og_type":"article","og_title":"\ud83d\udccc MFP-\u00d6TU\/2020 - M\u00e9rk Nagyk\u00f6zs\u00e9g \u00d6nkorm\u00e1nyzat","og_description":"T\u00e1mogat\u00e1sban r\u00e9szes\u00fclt a Magyar Falu Program keret\u00e9ben meghirdetett,\u00a0\u00d6nkorm\u00e1nyzati tulajdonban l\u00e9v\u0151 \u00fat-,\u00a0h\u00edd\u00e9p\u00edt\u00e9s\/fel\u00faj\u00edt\u00e1s &#8211; 2020 c\u00edm\u0171, MFP-\u00d6TU\/2020\u00a0k\u00f3dsz\u00e1m\u00fa ki\u00edr\u00e1sra beny\u00fajtott t\u00e1mogat\u00e1si k\u00e9relm\u00fcnk \u00a0 M\u00e9rk Nagyk\u00f6zs\u00e9g \u00d6nkorm\u00e1nyzata sikeresen p\u00e1ly\u00e1zott a Magyar Falu Program keret\u00e9ben au \u00d6nkorm\u00e1nyzati tulajdonban l\u00e9v\u0151 \u00fat-,\u00a0h\u00edd\u00e9p\u00edt\u00e9s\/fel\u00faj\u00edt\u00e1s\u00a0&#8211;\u00a02020 c\u00edm\u0171, MFP-\u00d6TU\/2020 k\u00f3dsz\u00e1m\u00fa ki\u00edr\u00e1sra, melynek keret\u00e9ben 17 378 125.-Ft vissza nem t\u00e9r\u00edtend\u0151 t\u00e1mogat\u00e1sban r\u00e9szes\u00fclt. A projekt c\u00edme: M\u00e9rk, Bem \u00e9s [&hellip;]","og_url":"https:\/\/merk.hu\/en\/mfp-otu-2020\/","og_site_name":"M\u00e9rk Nagyk\u00f6zs\u00e9g \u00d6nkorm\u00e1nyzat","article_modified_time":"2024-01-18T08:52:18+00:00","og_image":[{"width":1929,"height":2000,"url":"https:\/\/merk.hu\/wp-content\/uploads\/2021\/10\/MFP_logo_RGB-1.jpg","type":"image\/jpeg"}],"twitter_card":"summary_large_image","twitter_misc":{"Est. reading time":"2 minutes"},"schema":{"@context":"https:\/\/schema.org","@graph":[{"@type":"WebPage","@id":"https:\/\/merk.hu\/mfp-otu-2020\/","url":"https:\/\/merk.hu\/mfp-otu-2020\/","name":"\ud83d\udccc MFP-\u00d6TU\/2020 - M\u00e9rk Nagyk\u00f6zs\u00e9g Municipality","isPartOf":{"@id":"https:\/\/merk.hu\/#website"},"primaryImageOfPage":{"@id":"https:\/\/merk.hu\/mfp-otu-2020\/#primaryimage"},"image":{"@id":"https:\/\/merk.hu\/mfp-otu-2020\/#primaryimage"},"thumbnailUrl":"https:\/\/merk.hu\/wp-content\/uploads\/2021\/10\/MFP_logo_RGB-1-289x300.jpg","datePublished":"2021-10-25T07:23:02+00:00","dateModified":"2024-01-18T08:52:18+00:00","breadcrumb":{"@id":"https:\/\/merk.hu\/mfp-otu-2020\/#breadcrumb"},"inLanguage":"en-US","potentialAction":[{"@type":"ReadAction","target":["https:\/\/merk.hu\/mfp-otu-2020\/"]}]},{"@type":"ImageObject","inLanguage":"en-US","@id":"https:\/\/merk.hu\/mfp-otu-2020\/#primaryimage","url":"https:\/\/merk.hu\/wp-content\/uploads\/2021\/10\/MFP_logo_RGB-1-289x300.jpg","contentUrl":"https:\/\/merk.hu\/wp-content\/uploads\/2021\/10\/MFP_logo_RGB-1-289x300.jpg"},{"@type":"BreadcrumbList","@id":"https:\/\/merk.hu\/mfp-otu-2020\/#breadcrumb","itemListElement":[{"@type":"ListItem","position":1,"name":"Kezd\u0151lap","item":"https:\/\/merk.hu\/"},{"@type":"ListItem","position":2,"name":"\ud83d\udccc MFP-\u00d6TU\/2020"}]},{"@type":"WebSite","@id":"https:\/\/merk.hu\/#website","url":"https:\/\/merk.hu\/","name":"Municipality of M\u00e9rk Nagyk\u00f6zs\u00e9g","description":"Municipality of M\u00e9rk Nagyk\u00f6zs\u00e9g","publisher":{"@id":"https:\/\/merk.hu\/#organization"},"potentialAction":[{"@type":"SearchAction","target":{"@type":"EntryPoint","urlTemplate":"https:\/\/merk.hu\/?s={search_term_string}"},"query-input":{"@type":"PropertyValueSpecification","valueRequired":true,"valueName":"search_term_string"}}],"inLanguage":"en-US"},{"@type":"Organization","@id":"https:\/\/merk.hu\/#organization","name":"Municipality of M\u00e9rk Nagyk\u00f6zs\u00e9g","url":"https:\/\/merk.hu\/","logo":{"@type":"ImageObject","inLanguage":"en-US","@id":"https:\/\/merk.hu\/#\/schema\/logo\/image\/","url":"https:\/\/merk.hu\/wp-content\/uploads\/2021\/02\/cimer.jpg","contentUrl":"https:\/\/merk.hu\/wp-content\/uploads\/2021\/02\/cimer.jpg","width":200,"height":208,"caption":"M\u00e9rk Nagyk\u00f6zs\u00e9g \u00d6nkorm\u00e1nyzat"},"image":{"@id":"https:\/\/merk.hu\/#\/schema\/logo\/image\/"}}]}},"_links":{"self":[{"href":"https:\/\/merk.hu\/en\/wp-json\/wp\/v2\/pages\/1070","targetHints":{"allow":["GET"]}}],"collection":[{"href":"https:\/\/merk.hu\/en\/wp-json\/wp\/v2\/pages"}],"about":[{"href":"https:\/\/merk.hu\/en\/wp-json\/wp\/v2\/types\/page"}],"author":[{"embeddable":true,"href":"https:\/\/merk.hu\/en\/wp-json\/wp\/v2\/users\/4"}],"replies":[{"embeddable":true,"href":"https:\/\/merk.hu\/en\/wp-json\/wp\/v2\/comments?post=1070"}],"version-history":[{"count":0,"href":"https:\/\/merk.hu\/en\/wp-json\/wp\/v2\/pages\/1070\/revisions"}],"wp:attachment":[{"href":"https:\/\/merk.hu\/en\/wp-json\/wp\/v2\/media?parent=1070"}],"curies":[{"name":"wp","href":"https:\/\/api.w.org\/{rel}","templated":true}]}}