{"id":1039,"date":"2021-08-13T06:30:53","date_gmt":"2021-08-13T06:30:53","guid":{"rendered":"https:\/\/merk.hu\/?page_id=1039"},"modified":"2024-01-18T08:52:18","modified_gmt":"2024-01-18T08:52:18","slug":"%f0%9f%93%8c-mfp-ojf-2020-ovodai-jatszoudvar-es-kozteruleti-jatszoter-fejlesztese","status":"publish","type":"page","link":"https:\/\/merk.hu\/en\/%f0%9f%93%8c-mfp-ojf-2020-ovodai-jatszoudvar-es-kozteruleti-jatszoter-fejlesztese\/","title":{"rendered":"\ud83d\udccc MFP-OJF\/2020 Development of a kindergarten playground and public playground"},"content":{"rendered":"<div><b>Our application for support under the Hungarian Village Programme, entitled Development of a kindergarten playground and public playground - 2020, MFP-OJF\/2020, has been awarded.<\/b><\/p>\n<div><b>\u00a0<\/b><\/div>\n<p>The Municipality of M\u00e9rk Nagyk\u00f6zs\u00e9g successfully applied for the Hungarian Village Programme for the development of the kindergarten playground and public playground - 2020, MFP-OJF\/2020, under which it received 4 652 762.-Ft non-refundable grant.<\/p>\n<div><\/div>\n<div>Project title: Construction of a public playground in M\u00e9rken<\/div>\n<div><\/div>\n<div>The aim of the project is to support the healthy physical and mental development of children living in small settlements by providing them with the appropriate tools and equipment, which are essential for the effective development of early childhood education. As a result, a playground and development equipment will help to improve the development opportunities of young children. With the help of the tender, modern toys complying with EU standards and all safety requirements have been purchased.<\/div>\n<div>The following toys have been installed: 1. Tower with COMBO climbing frame, 2. Two-seater wooden seesaw, 3. Tower II Hanna, 4. Two-seater spring seesaw, 5. Chain balancer with curved handrail, 6. Spring toy with several designs, 7. Metal swing with leaf swing, 8. Rook I, 9. Eight-seater spinning wheel, 10. Squirrel wheel.<\/div>\n<\/div>\n<div><\/div>\n<div style=\"text-align: center;\"><img decoding=\"async\" class=\"alignnone  wp-image-1040 lazyload\" data-src=\"https:\/\/merk.hu\/wp-content\/uploads\/2021\/08\/MFP_logo_RGB-1-289x300.jpg\" alt=\"\" width=\"147\" height=\"152\" data-srcset=\"https:\/\/merk.hu\/wp-content\/uploads\/2021\/08\/MFP_logo_RGB-1-289x300.jpg 289w, https:\/\/merk.hu\/wp-content\/uploads\/2021\/08\/MFP_logo_RGB-1-988x1024.jpg 988w, https:\/\/merk.hu\/wp-content\/uploads\/2021\/08\/MFP_logo_RGB-1-768x796.jpg 768w, https:\/\/merk.hu\/wp-content\/uploads\/2021\/08\/MFP_logo_RGB-1-1481x1536.jpg 1481w, https:\/\/merk.hu\/wp-content\/uploads\/2021\/08\/MFP_logo_RGB-1.jpg 1929w\" data-sizes=\"(max-width: 147px) 100vw, 147px\" src=\"data:image\/svg+xml;base64,PHN2ZyB3aWR0aD0iMSIgaGVpZ2h0PSIxIiB4bWxucz0iaHR0cDovL3d3dy53My5vcmcvMjAwMC9zdmciPjwvc3ZnPg==\" style=\"--smush-placeholder-width: 147px; --smush-placeholder-aspect-ratio: 147\/152;\" \/><\/div>","protected":false},"excerpt":{"rendered":"<p>T\u00e1mogat\u00e1sban r\u00e9szes\u00fclt a Magyar Falu Program keret\u00e9ben meghirdetett,\u00a0\u00d3vodai j\u00e1tsz\u00f3udvar \u00e9s k\u00f6zter\u00fcleti j\u00e1tsz\u00f3t\u00e9r fejleszt\u00e9se &#8211; 2020 c\u00edm\u0171, MFP-OJF\/2020\u00a0k\u00f3dsz\u00e1m\u00fa ki\u00edr\u00e1sra beny\u00fajtott t\u00e1mogat\u00e1si k\u00e9relm\u00fcnk \u00a0 M\u00e9rk Nagyk\u00f6zs\u00e9g \u00d6nkorm\u00e1nyzata sikeresen p\u00e1ly\u00e1zott a Magyar Falu Program keret\u00e9ben az \u00d3vodai j\u00e1tsz\u00f3udvar \u00e9s k\u00f6zter\u00fcleti j\u00e1tsz\u00f3t\u00e9r\u00a0fejleszt\u00e9se &#8211; 2020 c\u00edm\u0171, MFP-OJF\/2020\u00a0k\u00f3dsz\u00e1m\u00fa ki\u00edr\u00e1sra, melynek keret\u00e9ben 4 652 762.-Ft vissza nem t\u00e9r\u00edtend\u0151 t\u00e1mogat\u00e1sban r\u00e9szes\u00fclt. A projekt [&hellip;]<\/p>\n","protected":false},"author":4,"featured_media":0,"parent":0,"menu_order":0,"comment_status":"closed","ping_status":"closed","template":"","meta":{"footnotes":""},"class_list":["post-1039","page","type-page","status-publish","hentry"],"yoast_head":"<!-- This site is optimized with the Yoast SEO plugin v27.4 - https:\/\/yoast.com\/product\/yoast-seo-wordpress\/ -->\n<title>\ud83d\udccc MFP-OJF\/2020 \u00d3vodai j\u00e1tsz\u00f3udvar \u00e9s k\u00f6zter\u00fcleti j\u00e1tsz\u00f3t\u00e9r fejleszt\u00e9se - M\u00e9rk Nagyk\u00f6zs\u00e9g \u00d6nkorm\u00e1nyzat<\/title>\n<meta name=\"robots\" content=\"index, follow, max-snippet:-1, max-image-preview:large, max-video-preview:-1\" \/>\n<link rel=\"canonical\" href=\"https:\/\/merk.hu\/en\/\ud83d\udccc-mfp-ojf-2020-ovodai-jatszoudvar-es-kozteruleti-jatszoter-fejlesztese\/\" \/>\n<meta property=\"og:locale\" content=\"en_US\" \/>\n<meta property=\"og:type\" content=\"article\" \/>\n<meta property=\"og:title\" content=\"\ud83d\udccc MFP-OJF\/2020 \u00d3vodai j\u00e1tsz\u00f3udvar \u00e9s k\u00f6zter\u00fcleti j\u00e1tsz\u00f3t\u00e9r fejleszt\u00e9se - M\u00e9rk Nagyk\u00f6zs\u00e9g \u00d6nkorm\u00e1nyzat\" \/>\n<meta property=\"og:description\" content=\"T\u00e1mogat\u00e1sban r\u00e9szes\u00fclt a Magyar Falu Program keret\u00e9ben meghirdetett,\u00a0\u00d3vodai j\u00e1tsz\u00f3udvar \u00e9s k\u00f6zter\u00fcleti j\u00e1tsz\u00f3t\u00e9r fejleszt\u00e9se &#8211; 2020 c\u00edm\u0171, MFP-OJF\/2020\u00a0k\u00f3dsz\u00e1m\u00fa ki\u00edr\u00e1sra beny\u00fajtott t\u00e1mogat\u00e1si k\u00e9relm\u00fcnk \u00a0 M\u00e9rk Nagyk\u00f6zs\u00e9g \u00d6nkorm\u00e1nyzata sikeresen p\u00e1ly\u00e1zott a Magyar Falu Program keret\u00e9ben az \u00d3vodai j\u00e1tsz\u00f3udvar \u00e9s k\u00f6zter\u00fcleti j\u00e1tsz\u00f3t\u00e9r\u00a0fejleszt\u00e9se &#8211; 2020 c\u00edm\u0171, MFP-OJF\/2020\u00a0k\u00f3dsz\u00e1m\u00fa ki\u00edr\u00e1sra, melynek keret\u00e9ben 4 652 762.-Ft vissza nem t\u00e9r\u00edtend\u0151 t\u00e1mogat\u00e1sban r\u00e9szes\u00fclt. A projekt [&hellip;]\" \/>\n<meta property=\"og:url\" content=\"https:\/\/merk.hu\/en\/\ud83d\udccc-mfp-ojf-2020-ovodai-jatszoudvar-es-kozteruleti-jatszoter-fejlesztese\/\" \/>\n<meta property=\"og:site_name\" content=\"M\u00e9rk Nagyk\u00f6zs\u00e9g \u00d6nkorm\u00e1nyzat\" \/>\n<meta property=\"article:modified_time\" content=\"2024-01-18T08:52:18+00:00\" \/>\n<meta property=\"og:image\" content=\"https:\/\/merk.hu\/wp-content\/uploads\/2021\/08\/MFP_logo_RGB-1.jpg\" \/>\n\t<meta property=\"og:image:width\" content=\"1929\" \/>\n\t<meta property=\"og:image:height\" content=\"2000\" \/>\n\t<meta property=\"og:image:type\" content=\"image\/jpeg\" \/>\n<meta name=\"twitter:card\" content=\"summary_large_image\" \/>\n<meta name=\"twitter:label1\" content=\"Est. reading time\" \/>\n\t<meta name=\"twitter:data1\" content=\"2 minutes\" \/>\n<script type=\"application\/ld+json\" class=\"yoast-schema-graph\">{\"@context\":\"https:\\\/\\\/schema.org\",\"@graph\":[{\"@type\":\"WebPage\",\"@id\":\"https:\\\/\\\/merk.hu\\\/%f0%9f%93%8c-mfp-ojf-2020-ovodai-jatszoudvar-es-kozteruleti-jatszoter-fejlesztese\\\/\",\"url\":\"https:\\\/\\\/merk.hu\\\/%f0%9f%93%8c-mfp-ojf-2020-ovodai-jatszoudvar-es-kozteruleti-jatszoter-fejlesztese\\\/\",\"name\":\"\ud83d\udccc MFP-OJF\\\/2020 \u00d3vodai j\u00e1tsz\u00f3udvar \u00e9s k\u00f6zter\u00fcleti j\u00e1tsz\u00f3t\u00e9r fejleszt\u00e9se - M\u00e9rk Nagyk\u00f6zs\u00e9g \u00d6nkorm\u00e1nyzat\",\"isPartOf\":{\"@id\":\"https:\\\/\\\/merk.hu\\\/#website\"},\"primaryImageOfPage\":{\"@id\":\"https:\\\/\\\/merk.hu\\\/%f0%9f%93%8c-mfp-ojf-2020-ovodai-jatszoudvar-es-kozteruleti-jatszoter-fejlesztese\\\/#primaryimage\"},\"image\":{\"@id\":\"https:\\\/\\\/merk.hu\\\/%f0%9f%93%8c-mfp-ojf-2020-ovodai-jatszoudvar-es-kozteruleti-jatszoter-fejlesztese\\\/#primaryimage\"},\"thumbnailUrl\":\"https:\\\/\\\/merk.hu\\\/wp-content\\\/uploads\\\/2021\\\/08\\\/MFP_logo_RGB-1-289x300.jpg\",\"datePublished\":\"2021-08-13T06:30:53+00:00\",\"dateModified\":\"2024-01-18T08:52:18+00:00\",\"breadcrumb\":{\"@id\":\"https:\\\/\\\/merk.hu\\\/%f0%9f%93%8c-mfp-ojf-2020-ovodai-jatszoudvar-es-kozteruleti-jatszoter-fejlesztese\\\/#breadcrumb\"},\"inLanguage\":\"en-US\",\"potentialAction\":[{\"@type\":\"ReadAction\",\"target\":[\"https:\\\/\\\/merk.hu\\\/%f0%9f%93%8c-mfp-ojf-2020-ovodai-jatszoudvar-es-kozteruleti-jatszoter-fejlesztese\\\/\"]}]},{\"@type\":\"ImageObject\",\"inLanguage\":\"en-US\",\"@id\":\"https:\\\/\\\/merk.hu\\\/%f0%9f%93%8c-mfp-ojf-2020-ovodai-jatszoudvar-es-kozteruleti-jatszoter-fejlesztese\\\/#primaryimage\",\"url\":\"https:\\\/\\\/merk.hu\\\/wp-content\\\/uploads\\\/2021\\\/08\\\/MFP_logo_RGB-1-289x300.jpg\",\"contentUrl\":\"https:\\\/\\\/merk.hu\\\/wp-content\\\/uploads\\\/2021\\\/08\\\/MFP_logo_RGB-1-289x300.jpg\"},{\"@type\":\"BreadcrumbList\",\"@id\":\"https:\\\/\\\/merk.hu\\\/%f0%9f%93%8c-mfp-ojf-2020-ovodai-jatszoudvar-es-kozteruleti-jatszoter-fejlesztese\\\/#breadcrumb\",\"itemListElement\":[{\"@type\":\"ListItem\",\"position\":1,\"name\":\"Kezd\u0151lap\",\"item\":\"https:\\\/\\\/merk.hu\\\/\"},{\"@type\":\"ListItem\",\"position\":2,\"name\":\"\ud83d\udccc MFP-OJF\\\/2020 \u00d3vodai j\u00e1tsz\u00f3udvar \u00e9s k\u00f6zter\u00fcleti j\u00e1tsz\u00f3t\u00e9r fejleszt\u00e9se\"}]},{\"@type\":\"WebSite\",\"@id\":\"https:\\\/\\\/merk.hu\\\/#website\",\"url\":\"https:\\\/\\\/merk.hu\\\/\",\"name\":\"M\u00e9rk Nagyk\u00f6zs\u00e9g \u00d6nkorm\u00e1nyzat\",\"description\":\"M\u00e9rk Nagyk\u00f6zs\u00e9g \u00d6nkorm\u00e1nyzat\",\"publisher\":{\"@id\":\"https:\\\/\\\/merk.hu\\\/#organization\"},\"potentialAction\":[{\"@type\":\"SearchAction\",\"target\":{\"@type\":\"EntryPoint\",\"urlTemplate\":\"https:\\\/\\\/merk.hu\\\/?s={search_term_string}\"},\"query-input\":{\"@type\":\"PropertyValueSpecification\",\"valueRequired\":true,\"valueName\":\"search_term_string\"}}],\"inLanguage\":\"en-US\"},{\"@type\":\"Organization\",\"@id\":\"https:\\\/\\\/merk.hu\\\/#organization\",\"name\":\"M\u00e9rk Nagyk\u00f6zs\u00e9g \u00d6nkorm\u00e1nyzat\",\"url\":\"https:\\\/\\\/merk.hu\\\/\",\"logo\":{\"@type\":\"ImageObject\",\"inLanguage\":\"en-US\",\"@id\":\"https:\\\/\\\/merk.hu\\\/#\\\/schema\\\/logo\\\/image\\\/\",\"url\":\"https:\\\/\\\/merk.hu\\\/wp-content\\\/uploads\\\/2021\\\/02\\\/cimer.jpg\",\"contentUrl\":\"https:\\\/\\\/merk.hu\\\/wp-content\\\/uploads\\\/2021\\\/02\\\/cimer.jpg\",\"width\":200,\"height\":208,\"caption\":\"M\u00e9rk Nagyk\u00f6zs\u00e9g \u00d6nkorm\u00e1nyzat\"},\"image\":{\"@id\":\"https:\\\/\\\/merk.hu\\\/#\\\/schema\\\/logo\\\/image\\\/\"}}]}<\/script>\n<!-- \/ Yoast SEO plugin. -->","yoast_head_json":{"title":"\ud83d\udccc MFP-OJF\/2020 Development of a kindergarten playground and public playground - M\u00e9rk Nagyk\u00f6zs\u00e9g Municipality","robots":{"index":"index","follow":"follow","max-snippet":"max-snippet:-1","max-image-preview":"max-image-preview:large","max-video-preview":"max-video-preview:-1"},"canonical":"https:\/\/merk.hu\/en\/\ud83d\udccc-mfp-ojf-2020-ovodai-jatszoudvar-es-kozteruleti-jatszoter-fejlesztese\/","og_locale":"en_US","og_type":"article","og_title":"\ud83d\udccc MFP-OJF\/2020 \u00d3vodai j\u00e1tsz\u00f3udvar \u00e9s k\u00f6zter\u00fcleti j\u00e1tsz\u00f3t\u00e9r fejleszt\u00e9se - M\u00e9rk Nagyk\u00f6zs\u00e9g \u00d6nkorm\u00e1nyzat","og_description":"T\u00e1mogat\u00e1sban r\u00e9szes\u00fclt a Magyar Falu Program keret\u00e9ben meghirdetett,\u00a0\u00d3vodai j\u00e1tsz\u00f3udvar \u00e9s k\u00f6zter\u00fcleti j\u00e1tsz\u00f3t\u00e9r fejleszt\u00e9se &#8211; 2020 c\u00edm\u0171, MFP-OJF\/2020\u00a0k\u00f3dsz\u00e1m\u00fa ki\u00edr\u00e1sra beny\u00fajtott t\u00e1mogat\u00e1si k\u00e9relm\u00fcnk \u00a0 M\u00e9rk Nagyk\u00f6zs\u00e9g \u00d6nkorm\u00e1nyzata sikeresen p\u00e1ly\u00e1zott a Magyar Falu Program keret\u00e9ben az \u00d3vodai j\u00e1tsz\u00f3udvar \u00e9s k\u00f6zter\u00fcleti j\u00e1tsz\u00f3t\u00e9r\u00a0fejleszt\u00e9se &#8211; 2020 c\u00edm\u0171, MFP-OJF\/2020\u00a0k\u00f3dsz\u00e1m\u00fa ki\u00edr\u00e1sra, melynek keret\u00e9ben 4 652 762.-Ft vissza nem t\u00e9r\u00edtend\u0151 t\u00e1mogat\u00e1sban r\u00e9szes\u00fclt. A projekt [&hellip;]","og_url":"https:\/\/merk.hu\/en\/\ud83d\udccc-mfp-ojf-2020-ovodai-jatszoudvar-es-kozteruleti-jatszoter-fejlesztese\/","og_site_name":"M\u00e9rk Nagyk\u00f6zs\u00e9g \u00d6nkorm\u00e1nyzat","article_modified_time":"2024-01-18T08:52:18+00:00","og_image":[{"width":1929,"height":2000,"url":"https:\/\/merk.hu\/wp-content\/uploads\/2021\/08\/MFP_logo_RGB-1.jpg","type":"image\/jpeg"}],"twitter_card":"summary_large_image","twitter_misc":{"Est. reading time":"2 minutes"},"schema":{"@context":"https:\/\/schema.org","@graph":[{"@type":"WebPage","@id":"https:\/\/merk.hu\/%f0%9f%93%8c-mfp-ojf-2020-ovodai-jatszoudvar-es-kozteruleti-jatszoter-fejlesztese\/","url":"https:\/\/merk.hu\/%f0%9f%93%8c-mfp-ojf-2020-ovodai-jatszoudvar-es-kozteruleti-jatszoter-fejlesztese\/","name":"\ud83d\udccc MFP-OJF\/2020 Development of a kindergarten playground and public playground - M\u00e9rk Nagyk\u00f6zs\u00e9g Municipality","isPartOf":{"@id":"https:\/\/merk.hu\/#website"},"primaryImageOfPage":{"@id":"https:\/\/merk.hu\/%f0%9f%93%8c-mfp-ojf-2020-ovodai-jatszoudvar-es-kozteruleti-jatszoter-fejlesztese\/#primaryimage"},"image":{"@id":"https:\/\/merk.hu\/%f0%9f%93%8c-mfp-ojf-2020-ovodai-jatszoudvar-es-kozteruleti-jatszoter-fejlesztese\/#primaryimage"},"thumbnailUrl":"https:\/\/merk.hu\/wp-content\/uploads\/2021\/08\/MFP_logo_RGB-1-289x300.jpg","datePublished":"2021-08-13T06:30:53+00:00","dateModified":"2024-01-18T08:52:18+00:00","breadcrumb":{"@id":"https:\/\/merk.hu\/%f0%9f%93%8c-mfp-ojf-2020-ovodai-jatszoudvar-es-kozteruleti-jatszoter-fejlesztese\/#breadcrumb"},"inLanguage":"en-US","potentialAction":[{"@type":"ReadAction","target":["https:\/\/merk.hu\/%f0%9f%93%8c-mfp-ojf-2020-ovodai-jatszoudvar-es-kozteruleti-jatszoter-fejlesztese\/"]}]},{"@type":"ImageObject","inLanguage":"en-US","@id":"https:\/\/merk.hu\/%f0%9f%93%8c-mfp-ojf-2020-ovodai-jatszoudvar-es-kozteruleti-jatszoter-fejlesztese\/#primaryimage","url":"https:\/\/merk.hu\/wp-content\/uploads\/2021\/08\/MFP_logo_RGB-1-289x300.jpg","contentUrl":"https:\/\/merk.hu\/wp-content\/uploads\/2021\/08\/MFP_logo_RGB-1-289x300.jpg"},{"@type":"BreadcrumbList","@id":"https:\/\/merk.hu\/%f0%9f%93%8c-mfp-ojf-2020-ovodai-jatszoudvar-es-kozteruleti-jatszoter-fejlesztese\/#breadcrumb","itemListElement":[{"@type":"ListItem","position":1,"name":"Kezd\u0151lap","item":"https:\/\/merk.hu\/"},{"@type":"ListItem","position":2,"name":"\ud83d\udccc MFP-OJF\/2020 \u00d3vodai j\u00e1tsz\u00f3udvar \u00e9s k\u00f6zter\u00fcleti j\u00e1tsz\u00f3t\u00e9r fejleszt\u00e9se"}]},{"@type":"WebSite","@id":"https:\/\/merk.hu\/#website","url":"https:\/\/merk.hu\/","name":"Municipality of M\u00e9rk Nagyk\u00f6zs\u00e9g","description":"Municipality of M\u00e9rk Nagyk\u00f6zs\u00e9g","publisher":{"@id":"https:\/\/merk.hu\/#organization"},"potentialAction":[{"@type":"SearchAction","target":{"@type":"EntryPoint","urlTemplate":"https:\/\/merk.hu\/?s={search_term_string}"},"query-input":{"@type":"PropertyValueSpecification","valueRequired":true,"valueName":"search_term_string"}}],"inLanguage":"en-US"},{"@type":"Organization","@id":"https:\/\/merk.hu\/#organization","name":"Municipality of M\u00e9rk Nagyk\u00f6zs\u00e9g","url":"https:\/\/merk.hu\/","logo":{"@type":"ImageObject","inLanguage":"en-US","@id":"https:\/\/merk.hu\/#\/schema\/logo\/image\/","url":"https:\/\/merk.hu\/wp-content\/uploads\/2021\/02\/cimer.jpg","contentUrl":"https:\/\/merk.hu\/wp-content\/uploads\/2021\/02\/cimer.jpg","width":200,"height":208,"caption":"M\u00e9rk Nagyk\u00f6zs\u00e9g \u00d6nkorm\u00e1nyzat"},"image":{"@id":"https:\/\/merk.hu\/#\/schema\/logo\/image\/"}}]}},"_links":{"self":[{"href":"https:\/\/merk.hu\/en\/wp-json\/wp\/v2\/pages\/1039","targetHints":{"allow":["GET"]}}],"collection":[{"href":"https:\/\/merk.hu\/en\/wp-json\/wp\/v2\/pages"}],"about":[{"href":"https:\/\/merk.hu\/en\/wp-json\/wp\/v2\/types\/page"}],"author":[{"embeddable":true,"href":"https:\/\/merk.hu\/en\/wp-json\/wp\/v2\/users\/4"}],"replies":[{"embeddable":true,"href":"https:\/\/merk.hu\/en\/wp-json\/wp\/v2\/comments?post=1039"}],"version-history":[{"count":0,"href":"https:\/\/merk.hu\/en\/wp-json\/wp\/v2\/pages\/1039\/revisions"}],"wp:attachment":[{"href":"https:\/\/merk.hu\/en\/wp-json\/wp\/v2\/media?parent=1039"}],"curies":[{"name":"wp","href":"https:\/\/api.w.org\/{rel}","templated":true}]}}